{"id":7946,"date":"2021-06-16T11:15:08","date_gmt":"2021-06-16T09:15:08","guid":{"rendered":"https:\/\/maisonmasse.jk2agenceweb.com\/?post_type=product&#038;p=7946"},"modified":"2026-04-15T09:10:17","modified_gmt":"2026-04-15T07:10:17","slug":"caviar-aquitaine-bte-200g","status":"publish","type":"product","link":"https:\/\/www.maison-masse.com\/en\/produit\/caviar-aquitaine-bte-200g\/","title":{"rendered":"CAVIAR D&#8217;AQUITAINE BOITE DE 200G"},"content":{"rendered":"<p>Ce caviar Aquitaine bte 200g \u00e0 la couleur ambr\u00e9e presque brune se d\u00e9marque par sa texture soyeuse et sa longueur en bouche o\u00f9 les notes d&#8217;amande dominent lorsqu&#8217;il est jeune, et de noisette une fois affin\u00e9.<\/p>\n<p>Origine caviar Aquitaine bte 200g : France, r\u00e9gion bordelaise.<\/p>\n<p>DLC : minimum 2 mois.<\/p>\n<p>Masse s\u00e9lectionne avec exigence les fermes d&#8217;\u00e9levage d&#8217;esturgeon, afin de proposer le meilleur de chaque r\u00e9gion. Nous sommes particuli\u00e8rement vigilants aux diff\u00e9rents crit\u00e8res qui donneront toutes ses sp\u00e9cificit\u00e9s \u00e0 un caviar. Le go\u00fbt d\u00e9pendra de : l\u2019esp\u00e8ce d\u2019esturgeon, le niveau et le type de salage, la dur\u00e9e d\u2019affinage, le savoir-faire du pisciculteur et du producteur, la qualit\u00e9 de l\u2019environnement\u2026<\/p>\n<p>Le processus de production de caviar dure au moins sept ans. Les femelles ne deviennent matures qu&#8217;\u00e0 l\u2019\u00e2ge de 7-8 ans, puis la reproduction est r\u00e9alis\u00e9e in vitro. La maturation des oeufs est suivie r\u00e9guli\u00e8rement par \u00e9chographie afin de d\u00e9terminer le moment optimal pour les pr\u00e9lever. Une fois pr\u00e9lev\u00e9s en laboratoire, les oeufs sont tamis\u00e9s, afin de les s\u00e9parer des membranes, rinc\u00e9s et tri\u00e9s en fonction de la fermet\u00e9 de leur membrane, de leur couleur, taille, odeur et saveur, afin d\u2019assurer l\u2019homog\u00e9n\u00e9it\u00e9 des bo\u00eetes. Ils sont ensuite sal\u00e9s finement, afin que m\u00e9lange entre le sel et les oeufs r\u00e9v\u00e8le le go\u00fbt unique de chaque caviar ainsi que sa complexit\u00e9 en bouche.<\/p>\n<p>La ferme Caviar d&#8217;Aquitaine dans la r\u00e9gion de Bordeaux est fournisseuse d&#8217;alevins. Elle poss\u00e8de \u00e9galement sa propre \u00e9closerie d&#8217;esturgeons russes aussi appel\u00e9s esturgeons sib\u00e9riens.<\/p>\n<div class=\"woocommerce-tabs wc-tabs-wrapper full-width-tabs\" data-tab-style=\"fullwidth\">\n<div id=\"tab-description\" class=\"woocommerce-Tabs-panel woocommerce-Tabs-panel--description panel entry-content wc-tab\" role=\"tabpanel\" aria-labelledby=\"tab-title-description\">\n<p>D\u00e9couvrez la carte de caviar de la Maison Masse :\u00a0<a href=\"https:\/\/www.maison-masse.com\/la-carte-des-caviars-de-la-maison-masse\/\">https:\/\/www.maison-masse.com\/la-carte-des-caviars-de-la-maison-masse\/<\/a><\/p>\n<div class=\"woocommerce-tabs wc-tabs-wrapper full-width-tabs\" data-tab-style=\"fullwidth\">\n<div id=\"tab-description\" class=\"woocommerce-Tabs-panel woocommerce-Tabs-panel--description panel entry-content wc-tab\" role=\"tabpanel\" aria-labelledby=\"tab-title-description\">\n<p>Suivez-nous sur notre Instagram :\u00a0<a href=\"https:\/\/www.instagram.com\/maisonmasse\/\">https:\/\/www.instagram.com\/maisonmasse\/<\/a><\/p>\n<\/div>\n<\/div>\n<\/div>\n<\/div>\n","protected":false},"excerpt":{"rendered":"<div id=\"-product-excerpt-100-181\" class=\"oxy-product-excerpt masse-body-text oxy-woo-element\">\n<div class=\"woocommerce-product-details__short-description\">\n<p>Ce caviar \u00e0 la couleur ambr\u00e9e presque brune se d\u00e9marque par sa texture soyeuse et sa longueur en bouche o\u00f9 les notes d&#8217;amande dominent lorsqu&#8217;il est jeune, et de noisette une fois affin\u00e9.<\/p>\n<\/div>\n<\/div>\n","protected":false},"featured_media":8941,"comment_status":"open","ping_status":"closed","template":"","meta":{"_acf_changed":false,"wprm-recipe-roundup-name":"","wprm-recipe-roundup-description":""},"product_brand":[],"product_cat":[573],"product_tag":[1049,1080],"class_list":{"0":"post-7946","1":"product","2":"type-product","3":"status-publish","4":"has-post-thumbnail","6":"product_cat-caviar","7":"product_tag-caviar","8":"product_tag-caviar-daquitaine","10":"first","11":"instock","12":"taxable","13":"shipping-taxable","14":"purchasable","15":"product-type-simple"},"acf":[],"yoast_head":"<!-- This site is optimized with the Yoast SEO Premium plugin v26.8 (Yoast SEO v26.8) - https:\/\/yoast.com\/product\/yoast-seo-premium-wordpress\/ -->\n<title>CAVIAR D&#039;AQUITAINE BOITE DE 200G - Maison Masse<\/title>\n<meta name=\"description\" content=\"D\u00e9couvrez le caviar Aquitaine bte 200g. Ce caviar \u00e0 la couleur ambr\u00e9e presque brune se d\u00e9marque par sa texture soyeuse et sa longueur en bouche.\" \/>\n<meta name=\"robots\" content=\"index, follow, max-snippet:-1, max-image-preview:large, max-video-preview:-1\" \/>\n<link rel=\"canonical\" href=\"https:\/\/www.maison-masse.com\/produit\/caviar-aquitaine-bte-200g\/\" \/>\n<meta property=\"og:locale\" content=\"en_US\" \/>\n<meta property=\"og:type\" content=\"article\" \/>\n<meta property=\"og:title\" content=\"CAVIAR D&#039;AQUITAINE BOITE DE 200G\" \/>\n<meta property=\"og:description\" content=\"D\u00e9couvrez le caviar Aquitaine bte 200g. Ce caviar \u00e0 la couleur ambr\u00e9e presque brune se d\u00e9marque par sa texture soyeuse et sa longueur en bouche.\" \/>\n<meta property=\"og:url\" content=\"https:\/\/www.maison-masse.com\/produit\/caviar-aquitaine-bte-200g\/\" \/>\n<meta property=\"og:site_name\" content=\"Maison Masse\" \/>\n<meta property=\"article:modified_time\" content=\"2026-04-15T07:10:17+00:00\" \/>\n<meta property=\"og:image\" content=\"https:\/\/www.maison-masse.com\/wp-content\/uploads\/2021\/06\/logo-maisonmasse.png\" \/>\n\t<meta property=\"og:image:width\" content=\"246\" \/>\n\t<meta property=\"og:image:height\" content=\"100\" \/>\n\t<meta property=\"og:image:type\" content=\"image\/png\" \/>\n<meta name=\"twitter:card\" content=\"summary_large_image\" \/>\n<meta name=\"twitter:label1\" content=\"Est. reading time\" \/>\n\t<meta name=\"twitter:data1\" content=\"2 minutes\" \/>\n<script type=\"application\/ld+json\" class=\"yoast-schema-graph\">{\"@context\":\"https:\/\/schema.org\",\"@graph\":[{\"@type\":\"WebPage\",\"@id\":\"https:\/\/www.maison-masse.com\/produit\/caviar-aquitaine-bte-200g\/\",\"url\":\"https:\/\/www.maison-masse.com\/produit\/caviar-aquitaine-bte-200g\/\",\"name\":\"CAVIAR D'AQUITAINE BOITE DE 200G - Maison Masse\",\"isPartOf\":{\"@id\":\"https:\/\/www.maison-masse.com\/en\/#website\"},\"primaryImageOfPage\":{\"@id\":\"https:\/\/www.maison-masse.com\/produit\/caviar-aquitaine-bte-200g\/#primaryimage\"},\"image\":{\"@id\":\"https:\/\/www.maison-masse.com\/produit\/caviar-aquitaine-bte-200g\/#primaryimage\"},\"thumbnailUrl\":\"https:\/\/www.maison-masse.com\/wp-content\/uploads\/2021\/06\/PDM0025.bmp\",\"datePublished\":\"2021-06-16T09:15:08+00:00\",\"dateModified\":\"2026-04-15T07:10:17+00:00\",\"description\":\"D\u00e9couvrez le caviar Aquitaine bte 200g. Ce caviar \u00e0 la couleur ambr\u00e9e presque brune se d\u00e9marque par sa texture soyeuse et sa longueur en bouche.\",\"breadcrumb\":{\"@id\":\"https:\/\/www.maison-masse.com\/produit\/caviar-aquitaine-bte-200g\/#breadcrumb\"},\"inLanguage\":\"en-US\",\"potentialAction\":[{\"@type\":\"ReadAction\",\"target\":[\"https:\/\/www.maison-masse.com\/produit\/caviar-aquitaine-bte-200g\/\"]}]},{\"@type\":\"ImageObject\",\"inLanguage\":\"en-US\",\"@id\":\"https:\/\/www.maison-masse.com\/produit\/caviar-aquitaine-bte-200g\/#primaryimage\",\"url\":\"https:\/\/www.maison-masse.com\/wp-content\/uploads\/2021\/06\/PDM0025.bmp\",\"contentUrl\":\"https:\/\/www.maison-masse.com\/wp-content\/uploads\/2021\/06\/PDM0025.bmp\",\"width\":245,\"height\":326,\"caption\":\"CAVIAR AQUITAINE BTE 50G\"},{\"@type\":\"BreadcrumbList\",\"@id\":\"https:\/\/www.maison-masse.com\/produit\/caviar-aquitaine-bte-200g\/#breadcrumb\",\"itemListElement\":[{\"@type\":\"ListItem\",\"position\":1,\"name\":\"Accueil\",\"item\":\"https:\/\/www.maison-masse.com\/en\/\"},{\"@type\":\"ListItem\",\"position\":2,\"name\":\"Boutique\",\"item\":\"https:\/\/www.maison-masse.com\/boutique\/\"},{\"@type\":\"ListItem\",\"position\":3,\"name\":\"CAVIAR D&rsquo;AQUITAINE BOITE DE 200G\"}]},{\"@type\":\"WebSite\",\"@id\":\"https:\/\/www.maison-masse.com\/en\/#website\",\"url\":\"https:\/\/www.maison-masse.com\/en\/\",\"name\":\"Maison Masse\",\"description\":\"La maison du foie gras depuis 1884\",\"publisher\":{\"@id\":\"https:\/\/www.maison-masse.com\/en\/#organization\"},\"potentialAction\":[{\"@type\":\"SearchAction\",\"target\":{\"@type\":\"EntryPoint\",\"urlTemplate\":\"https:\/\/www.maison-masse.com\/en\/?s={search_term_string}\"},\"query-input\":{\"@type\":\"PropertyValueSpecification\",\"valueRequired\":true,\"valueName\":\"search_term_string\"}}],\"inLanguage\":\"en-US\"},{\"@type\":\"Organization\",\"@id\":\"https:\/\/www.maison-masse.com\/en\/#organization\",\"name\":\"Maison Masse\",\"url\":\"https:\/\/www.maison-masse.com\/en\/\",\"logo\":{\"@type\":\"ImageObject\",\"inLanguage\":\"en-US\",\"@id\":\"https:\/\/www.maison-masse.com\/en\/#\/schema\/logo\/image\/\",\"url\":\"https:\/\/www.maison-masse.com\/wp-content\/uploads\/2021\/06\/favicon.png\",\"contentUrl\":\"https:\/\/www.maison-masse.com\/wp-content\/uploads\/2021\/06\/favicon.png\",\"width\":71,\"height\":72,\"caption\":\"Maison Masse\"},\"image\":{\"@id\":\"https:\/\/www.maison-masse.com\/en\/#\/schema\/logo\/image\/\"}}]}<\/script>\n<!-- \/ Yoast SEO Premium plugin. -->","yoast_head_json":{"title":"CAVIAR D'AQUITAINE BOITE DE 200G - Maison Masse","description":"D\u00e9couvrez le caviar Aquitaine bte 200g. Ce caviar \u00e0 la couleur ambr\u00e9e presque brune se d\u00e9marque par sa texture soyeuse et sa longueur en bouche.","robots":{"index":"index","follow":"follow","max-snippet":"max-snippet:-1","max-image-preview":"max-image-preview:large","max-video-preview":"max-video-preview:-1"},"canonical":"https:\/\/www.maison-masse.com\/produit\/caviar-aquitaine-bte-200g\/","og_locale":"en_US","og_type":"article","og_title":"CAVIAR D'AQUITAINE BOITE DE 200G","og_description":"D\u00e9couvrez le caviar Aquitaine bte 200g. Ce caviar \u00e0 la couleur ambr\u00e9e presque brune se d\u00e9marque par sa texture soyeuse et sa longueur en bouche.","og_url":"https:\/\/www.maison-masse.com\/produit\/caviar-aquitaine-bte-200g\/","og_site_name":"Maison Masse","article_modified_time":"2026-04-15T07:10:17+00:00","og_image":[{"width":246,"height":100,"url":"https:\/\/www.maison-masse.com\/wp-content\/uploads\/2021\/06\/logo-maisonmasse.png","type":"image\/png"}],"twitter_card":"summary_large_image","twitter_misc":{"Est. reading time":"2 minutes"},"schema":{"@context":"https:\/\/schema.org","@graph":[{"@type":"WebPage","@id":"https:\/\/www.maison-masse.com\/produit\/caviar-aquitaine-bte-200g\/","url":"https:\/\/www.maison-masse.com\/produit\/caviar-aquitaine-bte-200g\/","name":"CAVIAR D'AQUITAINE BOITE DE 200G - Maison Masse","isPartOf":{"@id":"https:\/\/www.maison-masse.com\/en\/#website"},"primaryImageOfPage":{"@id":"https:\/\/www.maison-masse.com\/produit\/caviar-aquitaine-bte-200g\/#primaryimage"},"image":{"@id":"https:\/\/www.maison-masse.com\/produit\/caviar-aquitaine-bte-200g\/#primaryimage"},"thumbnailUrl":"https:\/\/www.maison-masse.com\/wp-content\/uploads\/2021\/06\/PDM0025.bmp","datePublished":"2021-06-16T09:15:08+00:00","dateModified":"2026-04-15T07:10:17+00:00","description":"D\u00e9couvrez le caviar Aquitaine bte 200g. Ce caviar \u00e0 la couleur ambr\u00e9e presque brune se d\u00e9marque par sa texture soyeuse et sa longueur en bouche.","breadcrumb":{"@id":"https:\/\/www.maison-masse.com\/produit\/caviar-aquitaine-bte-200g\/#breadcrumb"},"inLanguage":"en-US","potentialAction":[{"@type":"ReadAction","target":["https:\/\/www.maison-masse.com\/produit\/caviar-aquitaine-bte-200g\/"]}]},{"@type":"ImageObject","inLanguage":"en-US","@id":"https:\/\/www.maison-masse.com\/produit\/caviar-aquitaine-bte-200g\/#primaryimage","url":"https:\/\/www.maison-masse.com\/wp-content\/uploads\/2021\/06\/PDM0025.bmp","contentUrl":"https:\/\/www.maison-masse.com\/wp-content\/uploads\/2021\/06\/PDM0025.bmp","width":245,"height":326,"caption":"CAVIAR AQUITAINE BTE 50G"},{"@type":"BreadcrumbList","@id":"https:\/\/www.maison-masse.com\/produit\/caviar-aquitaine-bte-200g\/#breadcrumb","itemListElement":[{"@type":"ListItem","position":1,"name":"Accueil","item":"https:\/\/www.maison-masse.com\/en\/"},{"@type":"ListItem","position":2,"name":"Boutique","item":"https:\/\/www.maison-masse.com\/boutique\/"},{"@type":"ListItem","position":3,"name":"CAVIAR D&rsquo;AQUITAINE BOITE DE 200G"}]},{"@type":"WebSite","@id":"https:\/\/www.maison-masse.com\/en\/#website","url":"https:\/\/www.maison-masse.com\/en\/","name":"Maison Masse","description":"La maison du foie gras depuis 1884","publisher":{"@id":"https:\/\/www.maison-masse.com\/en\/#organization"},"potentialAction":[{"@type":"SearchAction","target":{"@type":"EntryPoint","urlTemplate":"https:\/\/www.maison-masse.com\/en\/?s={search_term_string}"},"query-input":{"@type":"PropertyValueSpecification","valueRequired":true,"valueName":"search_term_string"}}],"inLanguage":"en-US"},{"@type":"Organization","@id":"https:\/\/www.maison-masse.com\/en\/#organization","name":"Maison Masse","url":"https:\/\/www.maison-masse.com\/en\/","logo":{"@type":"ImageObject","inLanguage":"en-US","@id":"https:\/\/www.maison-masse.com\/en\/#\/schema\/logo\/image\/","url":"https:\/\/www.maison-masse.com\/wp-content\/uploads\/2021\/06\/favicon.png","contentUrl":"https:\/\/www.maison-masse.com\/wp-content\/uploads\/2021\/06\/favicon.png","width":71,"height":72,"caption":"Maison Masse"},"image":{"@id":"https:\/\/www.maison-masse.com\/en\/#\/schema\/logo\/image\/"}}]}},"_links":{"self":[{"href":"https:\/\/www.maison-masse.com\/en\/wp-json\/wp\/v2\/product\/7946","targetHints":{"allow":["GET"]}}],"collection":[{"href":"https:\/\/www.maison-masse.com\/en\/wp-json\/wp\/v2\/product"}],"about":[{"href":"https:\/\/www.maison-masse.com\/en\/wp-json\/wp\/v2\/types\/product"}],"replies":[{"embeddable":true,"href":"https:\/\/www.maison-masse.com\/en\/wp-json\/wp\/v2\/comments?post=7946"}],"wp:featuredmedia":[{"embeddable":true,"href":"https:\/\/www.maison-masse.com\/en\/wp-json\/wp\/v2\/media\/8941"}],"wp:attachment":[{"href":"https:\/\/www.maison-masse.com\/en\/wp-json\/wp\/v2\/media?parent=7946"}],"wp:term":[{"taxonomy":"product_brand","embeddable":true,"href":"https:\/\/www.maison-masse.com\/en\/wp-json\/wp\/v2\/product_brand?post=7946"},{"taxonomy":"product_cat","embeddable":true,"href":"https:\/\/www.maison-masse.com\/en\/wp-json\/wp\/v2\/product_cat?post=7946"},{"taxonomy":"product_tag","embeddable":true,"href":"https:\/\/www.maison-masse.com\/en\/wp-json\/wp\/v2\/product_tag?post=7946"}],"curies":[{"name":"wp","href":"https:\/\/api.w.org\/{rel}","templated":true}]}}