{"id":7893,"date":"2021-06-16T11:14:34","date_gmt":"2021-06-16T09:14:34","guid":{"rendered":"https:\/\/maisonmasse.jk2agenceweb.com\/?post_type=product&#038;p=7893"},"modified":"2026-04-30T08:53:51","modified_gmt":"2026-04-30T06:53:51","slug":"sauce-champ-truffe-magna-500g","status":"publish","type":"product","link":"https:\/\/www.maison-masse.com\/en\/produit\/sauce-champ-truffe-magna-500g\/","title":{"rendered":"SAUCE AUX CHAMPIGNONS ET A LA TRUFFE MAGNATUM 500G"},"content":{"rendered":"<p>Cette sauce \u00e0 la truffe blanche <em>(tuber magnatum pico<\/em>, 3%) et aux champignons est \u00e0 utiliser directement pour agr\u00e9menter de mani\u00e8re raffin\u00e9e vos plats : p\u00e2tes, risottos\u2026<\/p>\n<div class=\"avatar-gutter ng-tns-c3130943564-41 ng-star-inserted\">\n<div>Envie d&#8217;ajouter une touche d&#8217;opulence \u00e0 vos plats ? Notre sauce \u00e0 la truffe blanche magnatum et aux champignons est con\u00e7ue pour ravir les papilles les plus exigeantes. Elabor\u00e9e avec des ingr\u00e9dients de la plus haute qualit\u00e9, cette sauce onctueuse et savoureuse est l&#8217;incarnation du raffinement culinaire.<\/div>\n<\/div>\n<div>Notre sauce \u00e0 la truffe blanche s&#8217;adapte \u00e0 toutes vos envies. Parfaite pour sublimer vos p\u00e2tes fra\u00eeches, elle se marie \u00e9galement \u00e0 merveille avec le risotto, les ris de veau, les tournedos de b\u0153uf ou encore les pommes de terre saut\u00e9es. Laissez votre imagination vous guider et explorez de nouvelles combinaisons gustatives pour des moments gastronomiques inoubliables.<\/div>\n<p>D\u00e9couvrez nos autres pr\u00e9parations \u00e0 la truffe : <a href=\"https:\/\/www.maison-masse.com\/categorie-produit\/024-conserves-de-truffes\/preparation-024-conserves-de-truffes\/\">https:\/\/www.maison-masse.com\/categorie-produit\/024-conserves-de-truffes\/preparation-024-conserves-de-truffes\/<\/a><\/p>\n<p>Suivez-nous sur Instagram : <a href=\"https:\/\/www.instagram.com\/maisonmasse\/?hl=fr\">https:\/\/www.instagram.com\/maisonmasse\/?hl=fr<\/a><\/p>\n","protected":false},"excerpt":{"rendered":"<div id=\"-product-excerpt-100-181\" class=\"oxy-product-excerpt masse-body-text oxy-woo-element\">\n<div class=\"woocommerce-product-details__short-description\">\n<div id=\"-product-excerpt-100-181\" class=\"oxy-product-excerpt masse-body-text oxy-woo-element\">\n<div class=\"woocommerce-product-details__short-description\">\n<p>Sauce \u00e0 la truffe blanche et aux champignons pour un assaisonnement raffin\u00e9 !<\/p>\n<\/div>\n<\/div>\n<\/div>\n<\/div>\n","protected":false},"featured_media":8855,"comment_status":"open","ping_status":"closed","template":"","meta":{"_acf_changed":false,"wprm-recipe-roundup-name":"","wprm-recipe-roundup-description":""},"product_brand":[],"product_cat":[559],"product_tag":[1088],"class_list":{"0":"post-7893","1":"product","2":"type-product","3":"status-publish","4":"has-post-thumbnail","6":"product_cat-preparation-024-conserves-de-truffes","7":"product_tag-sauce","9":"first","10":"instock","11":"taxable","12":"shipping-taxable","13":"purchasable","14":"product-type-simple"},"acf":[],"yoast_head":"<!-- This site is optimized with the Yoast SEO Premium plugin v26.8 (Yoast SEO v26.8) - https:\/\/yoast.com\/product\/yoast-seo-premium-wordpress\/ -->\n<title>Sauce truffe magnatum - Maison Masse<\/title>\n<meta name=\"description\" content=\"Sublimez vos plats avec notre sauce truffe magnatum et champignons, un d\u00e9lice raffin\u00e9 pour ravir les palais de vos invit\u00e9s.\" \/>\n<meta name=\"robots\" content=\"index, follow, max-snippet:-1, max-image-preview:large, max-video-preview:-1\" \/>\n<link rel=\"canonical\" href=\"https:\/\/www.maison-masse.com\/produit\/sauce-champ-truffe-magna-500g\/\" \/>\n<meta property=\"og:locale\" content=\"en_US\" \/>\n<meta property=\"og:type\" content=\"article\" \/>\n<meta property=\"og:title\" content=\"SAUCE AUX CHAMPIGNONS ET A LA TRUFFE MAGNATUM 500G\" \/>\n<meta property=\"og:description\" content=\"Sublimez vos plats avec notre sauce truffe magnatum et champignons, un d\u00e9lice raffin\u00e9 pour ravir les palais de vos invit\u00e9s.\" \/>\n<meta property=\"og:url\" content=\"https:\/\/www.maison-masse.com\/produit\/sauce-champ-truffe-magna-500g\/\" \/>\n<meta property=\"og:site_name\" content=\"Maison Masse\" \/>\n<meta property=\"article:modified_time\" content=\"2026-04-30T06:53:51+00:00\" \/>\n<meta property=\"og:image\" content=\"https:\/\/www.maison-masse.com\/wp-content\/uploads\/2021\/06\/logo-maisonmasse.png\" \/>\n\t<meta property=\"og:image:width\" content=\"246\" \/>\n\t<meta property=\"og:image:height\" content=\"100\" \/>\n\t<meta property=\"og:image:type\" content=\"image\/png\" \/>\n<meta name=\"twitter:card\" content=\"summary_large_image\" \/>\n<meta name=\"twitter:label1\" content=\"Est. reading time\" \/>\n\t<meta name=\"twitter:data1\" content=\"1 minute\" \/>\n<script type=\"application\/ld+json\" class=\"yoast-schema-graph\">{\"@context\":\"https:\/\/schema.org\",\"@graph\":[{\"@type\":\"WebPage\",\"@id\":\"https:\/\/www.maison-masse.com\/produit\/sauce-champ-truffe-magna-500g\/\",\"url\":\"https:\/\/www.maison-masse.com\/produit\/sauce-champ-truffe-magna-500g\/\",\"name\":\"Sauce truffe magnatum - Maison Masse\",\"isPartOf\":{\"@id\":\"https:\/\/www.maison-masse.com\/en\/#website\"},\"primaryImageOfPage\":{\"@id\":\"https:\/\/www.maison-masse.com\/produit\/sauce-champ-truffe-magna-500g\/#primaryimage\"},\"image\":{\"@id\":\"https:\/\/www.maison-masse.com\/produit\/sauce-champ-truffe-magna-500g\/#primaryimage\"},\"thumbnailUrl\":\"https:\/\/www.maison-masse.com\/wp-content\/uploads\/2021\/06\/TRUP029.bmp\",\"datePublished\":\"2021-06-16T09:14:34+00:00\",\"dateModified\":\"2026-04-30T06:53:51+00:00\",\"description\":\"Sublimez vos plats avec notre sauce truffe magnatum et champignons, un d\u00e9lice raffin\u00e9 pour ravir les palais de vos invit\u00e9s.\",\"breadcrumb\":{\"@id\":\"https:\/\/www.maison-masse.com\/produit\/sauce-champ-truffe-magna-500g\/#breadcrumb\"},\"inLanguage\":\"en-US\",\"potentialAction\":[{\"@type\":\"ReadAction\",\"target\":[\"https:\/\/www.maison-masse.com\/produit\/sauce-champ-truffe-magna-500g\/\"]}]},{\"@type\":\"ImageObject\",\"inLanguage\":\"en-US\",\"@id\":\"https:\/\/www.maison-masse.com\/produit\/sauce-champ-truffe-magna-500g\/#primaryimage\",\"url\":\"https:\/\/www.maison-masse.com\/wp-content\/uploads\/2021\/06\/TRUP029.bmp\",\"contentUrl\":\"https:\/\/www.maison-masse.com\/wp-content\/uploads\/2021\/06\/TRUP029.bmp\",\"width\":565,\"height\":347,\"caption\":\"SAUCE CHAMP.\/TRUFFE MAGNA 500G\"},{\"@type\":\"BreadcrumbList\",\"@id\":\"https:\/\/www.maison-masse.com\/produit\/sauce-champ-truffe-magna-500g\/#breadcrumb\",\"itemListElement\":[{\"@type\":\"ListItem\",\"position\":1,\"name\":\"Accueil\",\"item\":\"https:\/\/www.maison-masse.com\/en\/\"},{\"@type\":\"ListItem\",\"position\":2,\"name\":\"Boutique\",\"item\":\"https:\/\/www.maison-masse.com\/boutique\/\"},{\"@type\":\"ListItem\",\"position\":3,\"name\":\"SAUCE CHAMP.\/TRUFFE MAGNA 500G\"}]},{\"@type\":\"WebSite\",\"@id\":\"https:\/\/www.maison-masse.com\/en\/#website\",\"url\":\"https:\/\/www.maison-masse.com\/en\/\",\"name\":\"Maison Masse\",\"description\":\"La maison du foie gras depuis 1884\",\"publisher\":{\"@id\":\"https:\/\/www.maison-masse.com\/en\/#organization\"},\"potentialAction\":[{\"@type\":\"SearchAction\",\"target\":{\"@type\":\"EntryPoint\",\"urlTemplate\":\"https:\/\/www.maison-masse.com\/en\/?s={search_term_string}\"},\"query-input\":{\"@type\":\"PropertyValueSpecification\",\"valueRequired\":true,\"valueName\":\"search_term_string\"}}],\"inLanguage\":\"en-US\"},{\"@type\":\"Organization\",\"@id\":\"https:\/\/www.maison-masse.com\/en\/#organization\",\"name\":\"Maison Masse\",\"url\":\"https:\/\/www.maison-masse.com\/en\/\",\"logo\":{\"@type\":\"ImageObject\",\"inLanguage\":\"en-US\",\"@id\":\"https:\/\/www.maison-masse.com\/en\/#\/schema\/logo\/image\/\",\"url\":\"https:\/\/www.maison-masse.com\/wp-content\/uploads\/2021\/06\/favicon.png\",\"contentUrl\":\"https:\/\/www.maison-masse.com\/wp-content\/uploads\/2021\/06\/favicon.png\",\"width\":71,\"height\":72,\"caption\":\"Maison Masse\"},\"image\":{\"@id\":\"https:\/\/www.maison-masse.com\/en\/#\/schema\/logo\/image\/\"}}]}<\/script>\n<!-- \/ Yoast SEO Premium plugin. -->","yoast_head_json":{"title":"Sauce truffe magnatum - Maison Masse","description":"Sublimez vos plats avec notre sauce truffe magnatum et champignons, un d\u00e9lice raffin\u00e9 pour ravir les palais de vos invit\u00e9s.","robots":{"index":"index","follow":"follow","max-snippet":"max-snippet:-1","max-image-preview":"max-image-preview:large","max-video-preview":"max-video-preview:-1"},"canonical":"https:\/\/www.maison-masse.com\/produit\/sauce-champ-truffe-magna-500g\/","og_locale":"en_US","og_type":"article","og_title":"SAUCE AUX CHAMPIGNONS ET A LA TRUFFE MAGNATUM 500G","og_description":"Sublimez vos plats avec notre sauce truffe magnatum et champignons, un d\u00e9lice raffin\u00e9 pour ravir les palais de vos invit\u00e9s.","og_url":"https:\/\/www.maison-masse.com\/produit\/sauce-champ-truffe-magna-500g\/","og_site_name":"Maison Masse","article_modified_time":"2026-04-30T06:53:51+00:00","og_image":[{"width":246,"height":100,"url":"https:\/\/www.maison-masse.com\/wp-content\/uploads\/2021\/06\/logo-maisonmasse.png","type":"image\/png"}],"twitter_card":"summary_large_image","twitter_misc":{"Est. reading time":"1 minute"},"schema":{"@context":"https:\/\/schema.org","@graph":[{"@type":"WebPage","@id":"https:\/\/www.maison-masse.com\/produit\/sauce-champ-truffe-magna-500g\/","url":"https:\/\/www.maison-masse.com\/produit\/sauce-champ-truffe-magna-500g\/","name":"Sauce truffe magnatum - Maison Masse","isPartOf":{"@id":"https:\/\/www.maison-masse.com\/en\/#website"},"primaryImageOfPage":{"@id":"https:\/\/www.maison-masse.com\/produit\/sauce-champ-truffe-magna-500g\/#primaryimage"},"image":{"@id":"https:\/\/www.maison-masse.com\/produit\/sauce-champ-truffe-magna-500g\/#primaryimage"},"thumbnailUrl":"https:\/\/www.maison-masse.com\/wp-content\/uploads\/2021\/06\/TRUP029.bmp","datePublished":"2021-06-16T09:14:34+00:00","dateModified":"2026-04-30T06:53:51+00:00","description":"Sublimez vos plats avec notre sauce truffe magnatum et champignons, un d\u00e9lice raffin\u00e9 pour ravir les palais de vos invit\u00e9s.","breadcrumb":{"@id":"https:\/\/www.maison-masse.com\/produit\/sauce-champ-truffe-magna-500g\/#breadcrumb"},"inLanguage":"en-US","potentialAction":[{"@type":"ReadAction","target":["https:\/\/www.maison-masse.com\/produit\/sauce-champ-truffe-magna-500g\/"]}]},{"@type":"ImageObject","inLanguage":"en-US","@id":"https:\/\/www.maison-masse.com\/produit\/sauce-champ-truffe-magna-500g\/#primaryimage","url":"https:\/\/www.maison-masse.com\/wp-content\/uploads\/2021\/06\/TRUP029.bmp","contentUrl":"https:\/\/www.maison-masse.com\/wp-content\/uploads\/2021\/06\/TRUP029.bmp","width":565,"height":347,"caption":"SAUCE CHAMP.\/TRUFFE MAGNA 500G"},{"@type":"BreadcrumbList","@id":"https:\/\/www.maison-masse.com\/produit\/sauce-champ-truffe-magna-500g\/#breadcrumb","itemListElement":[{"@type":"ListItem","position":1,"name":"Accueil","item":"https:\/\/www.maison-masse.com\/en\/"},{"@type":"ListItem","position":2,"name":"Boutique","item":"https:\/\/www.maison-masse.com\/boutique\/"},{"@type":"ListItem","position":3,"name":"SAUCE CHAMP.\/TRUFFE MAGNA 500G"}]},{"@type":"WebSite","@id":"https:\/\/www.maison-masse.com\/en\/#website","url":"https:\/\/www.maison-masse.com\/en\/","name":"Maison Masse","description":"La maison du foie gras depuis 1884","publisher":{"@id":"https:\/\/www.maison-masse.com\/en\/#organization"},"potentialAction":[{"@type":"SearchAction","target":{"@type":"EntryPoint","urlTemplate":"https:\/\/www.maison-masse.com\/en\/?s={search_term_string}"},"query-input":{"@type":"PropertyValueSpecification","valueRequired":true,"valueName":"search_term_string"}}],"inLanguage":"en-US"},{"@type":"Organization","@id":"https:\/\/www.maison-masse.com\/en\/#organization","name":"Maison Masse","url":"https:\/\/www.maison-masse.com\/en\/","logo":{"@type":"ImageObject","inLanguage":"en-US","@id":"https:\/\/www.maison-masse.com\/en\/#\/schema\/logo\/image\/","url":"https:\/\/www.maison-masse.com\/wp-content\/uploads\/2021\/06\/favicon.png","contentUrl":"https:\/\/www.maison-masse.com\/wp-content\/uploads\/2021\/06\/favicon.png","width":71,"height":72,"caption":"Maison Masse"},"image":{"@id":"https:\/\/www.maison-masse.com\/en\/#\/schema\/logo\/image\/"}}]}},"_links":{"self":[{"href":"https:\/\/www.maison-masse.com\/en\/wp-json\/wp\/v2\/product\/7893","targetHints":{"allow":["GET"]}}],"collection":[{"href":"https:\/\/www.maison-masse.com\/en\/wp-json\/wp\/v2\/product"}],"about":[{"href":"https:\/\/www.maison-masse.com\/en\/wp-json\/wp\/v2\/types\/product"}],"replies":[{"embeddable":true,"href":"https:\/\/www.maison-masse.com\/en\/wp-json\/wp\/v2\/comments?post=7893"}],"wp:featuredmedia":[{"embeddable":true,"href":"https:\/\/www.maison-masse.com\/en\/wp-json\/wp\/v2\/media\/8855"}],"wp:attachment":[{"href":"https:\/\/www.maison-masse.com\/en\/wp-json\/wp\/v2\/media?parent=7893"}],"wp:term":[{"taxonomy":"product_brand","embeddable":true,"href":"https:\/\/www.maison-masse.com\/en\/wp-json\/wp\/v2\/product_brand?post=7893"},{"taxonomy":"product_cat","embeddable":true,"href":"https:\/\/www.maison-masse.com\/en\/wp-json\/wp\/v2\/product_cat?post=7893"},{"taxonomy":"product_tag","embeddable":true,"href":"https:\/\/www.maison-masse.com\/en\/wp-json\/wp\/v2\/product_tag?post=7893"}],"curies":[{"name":"wp","href":"https:\/\/api.w.org\/{rel}","templated":true}]}}