{"id":7892,"date":"2021-06-16T11:14:34","date_gmt":"2021-06-16T09:14:34","guid":{"rendered":"https:\/\/maisonmasse.jk2agenceweb.com\/?post_type=product&#038;p=7892"},"modified":"2026-04-16T08:30:58","modified_gmt":"2026-04-16T06:30:58","slug":"carpaccio-de-truffes-aestivum","status":"publish","type":"product","link":"https:\/\/www.maison-masse.com\/en\/produit\/carpaccio-de-truffes-aestivum\/","title":{"rendered":"CARPACCIO DE TRUFFE AESTIVUM 100G"},"content":{"rendered":"<p>Carpaccio de truffe aestivum en 100g<\/p>\n<p>Cette truffe blanche d&#8217;\u00e9t\u00e9 coup\u00e9e en fines tranches fa\u00e7on carpaccio est id\u00e9ale pour agr\u00e9menter un plat de p\u00e2tes. Elle accompagnera un plateau de fromages, des toasts pour un ap\u00e9ritif original\u2026 afin de leur ajouter une touche parfum\u00e9e et raffin\u00e9e.<\/p>\n<p>Origine : Espagne<\/p>\n<p>Ingr\u00e9dients du carpaccio de truffe aestivum : pelures de tuber aestivum pelures 75%, huile d&#8217;olive aromatis\u00e9e de truffe noire (tuber melanosporum) et sel. <span class=\"s1\">Les pelures de truffe sont le m\u00e9lange de peau provenant de truffes pel\u00e9es et de truffes de 2\u00e8me choix hach\u00e9es en petites bandelettes.\u00a0<\/span><\/p>\n<p class=\"p1\"><span class=\"s1\">Route de Terre (Laumont) est une entreprise espagnole sp\u00e9cialis\u00e9e dans le commerce de truffes depuis 40 ans. Les truffes sont r\u00e9colt\u00e9es dans les for\u00eats d&#8217;Espagne avant d&#8217;\u00eatre envoy\u00e9es dans les centres de Tarrega et Valladolid.<\/span><\/p>\n<p>D\u00e9couvrez nos autres pr\u00e9parations \u00e0 la truffe : <a href=\"https:\/\/www.maison-masse.com\/categorie-produit\/024-conserves-de-truffes\/preparation-024-conserves-de-truffes\/\">https:\/\/www.maison-masse.com\/categorie-produit\/024-conserves-de-truffes\/preparation-024-conserves-de-truffes\/<\/a><\/p>\n<p>Suivez-nous sur Instagram : <a href=\"https:\/\/www.instagram.com\/maisonmasse\/?hl=fr\">https:\/\/www.instagram.com\/maisonmasse\/?hl=fr<\/a><\/p>\n","protected":false},"excerpt":{"rendered":"<p>Cette truffe blanche d&#8217;\u00e9t\u00e9 coup\u00e9e en fines tranches fa\u00e7on carpaccio est id\u00e9ale pour agr\u00e9menter un plat de p\u00e2tes, accompagner un plateau de fromages, sur des toasts pour un ap\u00e9ritif original\u2026, afin de leur ajouter une touche parfum\u00e9e et raffin\u00e9e.<\/p>\n","protected":false},"featured_media":8853,"comment_status":"open","ping_status":"closed","template":"","meta":{"_acf_changed":false,"wprm-recipe-roundup-name":"","wprm-recipe-roundup-description":""},"product_brand":[],"product_cat":[559],"product_tag":[1083,1087],"class_list":{"0":"post-7892","1":"product","2":"type-product","3":"status-publish","4":"has-post-thumbnail","6":"product_cat-preparation-024-conserves-de-truffes","7":"product_tag-carpaccio","8":"product_tag-routes-de-terre","10":"first","11":"instock","12":"taxable","13":"shipping-taxable","14":"purchasable","15":"product-type-simple"},"acf":[],"yoast_head":"<!-- This site is optimized with the Yoast SEO Premium plugin v26.8 (Yoast SEO v26.8) - https:\/\/yoast.com\/product\/yoast-seo-premium-wordpress\/ -->\n<title>CARPACCIO DE TRUFFE AESTIVUM 100G - Maison Masse<\/title>\n<meta name=\"description\" content=\"Savourez l&#039;harmonie des saveurs avec notre carpaccio de truffe aestivum. Sublimez vos r\u00e9alisations avec l&#039;ar\u00f4me intense de la truffe.\" \/>\n<meta name=\"robots\" content=\"index, follow, max-snippet:-1, max-image-preview:large, max-video-preview:-1\" \/>\n<link rel=\"canonical\" href=\"https:\/\/www.maison-masse.com\/produit\/carpaccio-de-truffes-aestivum\/\" \/>\n<meta property=\"og:locale\" content=\"en_US\" \/>\n<meta property=\"og:type\" content=\"article\" \/>\n<meta property=\"og:title\" content=\"CARPACCIO DE TRUFFE AESTIVUM 100G\" \/>\n<meta property=\"og:description\" content=\"Savourez l&#039;harmonie des saveurs avec notre carpaccio de truffe aestivum. Sublimez vos r\u00e9alisations avec l&#039;ar\u00f4me intense de la truffe.\" \/>\n<meta property=\"og:url\" content=\"https:\/\/www.maison-masse.com\/produit\/carpaccio-de-truffes-aestivum\/\" \/>\n<meta property=\"og:site_name\" content=\"Maison Masse\" \/>\n<meta property=\"article:modified_time\" content=\"2026-04-16T06:30:58+00:00\" \/>\n<meta property=\"og:image\" content=\"https:\/\/www.maison-masse.com\/wp-content\/uploads\/2021\/06\/logo-maisonmasse.png\" \/>\n\t<meta property=\"og:image:width\" content=\"246\" \/>\n\t<meta property=\"og:image:height\" content=\"100\" \/>\n\t<meta property=\"og:image:type\" content=\"image\/png\" \/>\n<meta name=\"twitter:card\" content=\"summary_large_image\" \/>\n<meta name=\"twitter:label1\" content=\"Est. reading time\" \/>\n\t<meta name=\"twitter:data1\" content=\"1 minute\" \/>\n<script type=\"application\/ld+json\" class=\"yoast-schema-graph\">{\"@context\":\"https:\/\/schema.org\",\"@graph\":[{\"@type\":\"WebPage\",\"@id\":\"https:\/\/www.maison-masse.com\/produit\/carpaccio-de-truffes-aestivum\/\",\"url\":\"https:\/\/www.maison-masse.com\/produit\/carpaccio-de-truffes-aestivum\/\",\"name\":\"CARPACCIO DE TRUFFE AESTIVUM 100G - Maison Masse\",\"isPartOf\":{\"@id\":\"https:\/\/www.maison-masse.com\/en\/#website\"},\"primaryImageOfPage\":{\"@id\":\"https:\/\/www.maison-masse.com\/produit\/carpaccio-de-truffes-aestivum\/#primaryimage\"},\"image\":{\"@id\":\"https:\/\/www.maison-masse.com\/produit\/carpaccio-de-truffes-aestivum\/#primaryimage\"},\"thumbnailUrl\":\"https:\/\/www.maison-masse.com\/wp-content\/uploads\/2021\/06\/TRUP027.bmp\",\"datePublished\":\"2021-06-16T09:14:34+00:00\",\"dateModified\":\"2026-04-16T06:30:58+00:00\",\"description\":\"Savourez l'harmonie des saveurs avec notre carpaccio de truffe aestivum. Sublimez vos r\u00e9alisations avec l'ar\u00f4me intense de la truffe.\",\"breadcrumb\":{\"@id\":\"https:\/\/www.maison-masse.com\/produit\/carpaccio-de-truffes-aestivum\/#breadcrumb\"},\"inLanguage\":\"en-US\",\"potentialAction\":[{\"@type\":\"ReadAction\",\"target\":[\"https:\/\/www.maison-masse.com\/produit\/carpaccio-de-truffes-aestivum\/\"]}]},{\"@type\":\"ImageObject\",\"inLanguage\":\"en-US\",\"@id\":\"https:\/\/www.maison-masse.com\/produit\/carpaccio-de-truffes-aestivum\/#primaryimage\",\"url\":\"https:\/\/www.maison-masse.com\/wp-content\/uploads\/2021\/06\/TRUP027.bmp\",\"contentUrl\":\"https:\/\/www.maison-masse.com\/wp-content\/uploads\/2021\/06\/TRUP027.bmp\",\"width\":312,\"height\":381,\"caption\":\"CARPACCIO DE TRUFFES AESTIVUM\"},{\"@type\":\"BreadcrumbList\",\"@id\":\"https:\/\/www.maison-masse.com\/produit\/carpaccio-de-truffes-aestivum\/#breadcrumb\",\"itemListElement\":[{\"@type\":\"ListItem\",\"position\":1,\"name\":\"Accueil\",\"item\":\"https:\/\/www.maison-masse.com\/en\/\"},{\"@type\":\"ListItem\",\"position\":2,\"name\":\"Boutique\",\"item\":\"https:\/\/www.maison-masse.com\/boutique\/\"},{\"@type\":\"ListItem\",\"position\":3,\"name\":\"CARPACCIO TRUFFE AESTIVUM 100G\"}]},{\"@type\":\"WebSite\",\"@id\":\"https:\/\/www.maison-masse.com\/en\/#website\",\"url\":\"https:\/\/www.maison-masse.com\/en\/\",\"name\":\"Maison Masse\",\"description\":\"La maison du foie gras depuis 1884\",\"publisher\":{\"@id\":\"https:\/\/www.maison-masse.com\/en\/#organization\"},\"potentialAction\":[{\"@type\":\"SearchAction\",\"target\":{\"@type\":\"EntryPoint\",\"urlTemplate\":\"https:\/\/www.maison-masse.com\/en\/?s={search_term_string}\"},\"query-input\":{\"@type\":\"PropertyValueSpecification\",\"valueRequired\":true,\"valueName\":\"search_term_string\"}}],\"inLanguage\":\"en-US\"},{\"@type\":\"Organization\",\"@id\":\"https:\/\/www.maison-masse.com\/en\/#organization\",\"name\":\"Maison Masse\",\"url\":\"https:\/\/www.maison-masse.com\/en\/\",\"logo\":{\"@type\":\"ImageObject\",\"inLanguage\":\"en-US\",\"@id\":\"https:\/\/www.maison-masse.com\/en\/#\/schema\/logo\/image\/\",\"url\":\"https:\/\/www.maison-masse.com\/wp-content\/uploads\/2021\/06\/favicon.png\",\"contentUrl\":\"https:\/\/www.maison-masse.com\/wp-content\/uploads\/2021\/06\/favicon.png\",\"width\":71,\"height\":72,\"caption\":\"Maison Masse\"},\"image\":{\"@id\":\"https:\/\/www.maison-masse.com\/en\/#\/schema\/logo\/image\/\"}}]}<\/script>\n<!-- \/ Yoast SEO Premium plugin. -->","yoast_head_json":{"title":"CARPACCIO DE TRUFFE AESTIVUM 100G - Maison Masse","description":"Savourez l'harmonie des saveurs avec notre carpaccio de truffe aestivum. Sublimez vos r\u00e9alisations avec l'ar\u00f4me intense de la truffe.","robots":{"index":"index","follow":"follow","max-snippet":"max-snippet:-1","max-image-preview":"max-image-preview:large","max-video-preview":"max-video-preview:-1"},"canonical":"https:\/\/www.maison-masse.com\/produit\/carpaccio-de-truffes-aestivum\/","og_locale":"en_US","og_type":"article","og_title":"CARPACCIO DE TRUFFE AESTIVUM 100G","og_description":"Savourez l'harmonie des saveurs avec notre carpaccio de truffe aestivum. Sublimez vos r\u00e9alisations avec l'ar\u00f4me intense de la truffe.","og_url":"https:\/\/www.maison-masse.com\/produit\/carpaccio-de-truffes-aestivum\/","og_site_name":"Maison Masse","article_modified_time":"2026-04-16T06:30:58+00:00","og_image":[{"width":246,"height":100,"url":"https:\/\/www.maison-masse.com\/wp-content\/uploads\/2021\/06\/logo-maisonmasse.png","type":"image\/png"}],"twitter_card":"summary_large_image","twitter_misc":{"Est. reading time":"1 minute"},"schema":{"@context":"https:\/\/schema.org","@graph":[{"@type":"WebPage","@id":"https:\/\/www.maison-masse.com\/produit\/carpaccio-de-truffes-aestivum\/","url":"https:\/\/www.maison-masse.com\/produit\/carpaccio-de-truffes-aestivum\/","name":"CARPACCIO DE TRUFFE AESTIVUM 100G - Maison Masse","isPartOf":{"@id":"https:\/\/www.maison-masse.com\/en\/#website"},"primaryImageOfPage":{"@id":"https:\/\/www.maison-masse.com\/produit\/carpaccio-de-truffes-aestivum\/#primaryimage"},"image":{"@id":"https:\/\/www.maison-masse.com\/produit\/carpaccio-de-truffes-aestivum\/#primaryimage"},"thumbnailUrl":"https:\/\/www.maison-masse.com\/wp-content\/uploads\/2021\/06\/TRUP027.bmp","datePublished":"2021-06-16T09:14:34+00:00","dateModified":"2026-04-16T06:30:58+00:00","description":"Savourez l'harmonie des saveurs avec notre carpaccio de truffe aestivum. Sublimez vos r\u00e9alisations avec l'ar\u00f4me intense de la truffe.","breadcrumb":{"@id":"https:\/\/www.maison-masse.com\/produit\/carpaccio-de-truffes-aestivum\/#breadcrumb"},"inLanguage":"en-US","potentialAction":[{"@type":"ReadAction","target":["https:\/\/www.maison-masse.com\/produit\/carpaccio-de-truffes-aestivum\/"]}]},{"@type":"ImageObject","inLanguage":"en-US","@id":"https:\/\/www.maison-masse.com\/produit\/carpaccio-de-truffes-aestivum\/#primaryimage","url":"https:\/\/www.maison-masse.com\/wp-content\/uploads\/2021\/06\/TRUP027.bmp","contentUrl":"https:\/\/www.maison-masse.com\/wp-content\/uploads\/2021\/06\/TRUP027.bmp","width":312,"height":381,"caption":"CARPACCIO DE TRUFFES AESTIVUM"},{"@type":"BreadcrumbList","@id":"https:\/\/www.maison-masse.com\/produit\/carpaccio-de-truffes-aestivum\/#breadcrumb","itemListElement":[{"@type":"ListItem","position":1,"name":"Accueil","item":"https:\/\/www.maison-masse.com\/en\/"},{"@type":"ListItem","position":2,"name":"Boutique","item":"https:\/\/www.maison-masse.com\/boutique\/"},{"@type":"ListItem","position":3,"name":"CARPACCIO TRUFFE AESTIVUM 100G"}]},{"@type":"WebSite","@id":"https:\/\/www.maison-masse.com\/en\/#website","url":"https:\/\/www.maison-masse.com\/en\/","name":"Maison Masse","description":"La maison du foie gras depuis 1884","publisher":{"@id":"https:\/\/www.maison-masse.com\/en\/#organization"},"potentialAction":[{"@type":"SearchAction","target":{"@type":"EntryPoint","urlTemplate":"https:\/\/www.maison-masse.com\/en\/?s={search_term_string}"},"query-input":{"@type":"PropertyValueSpecification","valueRequired":true,"valueName":"search_term_string"}}],"inLanguage":"en-US"},{"@type":"Organization","@id":"https:\/\/www.maison-masse.com\/en\/#organization","name":"Maison Masse","url":"https:\/\/www.maison-masse.com\/en\/","logo":{"@type":"ImageObject","inLanguage":"en-US","@id":"https:\/\/www.maison-masse.com\/en\/#\/schema\/logo\/image\/","url":"https:\/\/www.maison-masse.com\/wp-content\/uploads\/2021\/06\/favicon.png","contentUrl":"https:\/\/www.maison-masse.com\/wp-content\/uploads\/2021\/06\/favicon.png","width":71,"height":72,"caption":"Maison Masse"},"image":{"@id":"https:\/\/www.maison-masse.com\/en\/#\/schema\/logo\/image\/"}}]}},"_links":{"self":[{"href":"https:\/\/www.maison-masse.com\/en\/wp-json\/wp\/v2\/product\/7892","targetHints":{"allow":["GET"]}}],"collection":[{"href":"https:\/\/www.maison-masse.com\/en\/wp-json\/wp\/v2\/product"}],"about":[{"href":"https:\/\/www.maison-masse.com\/en\/wp-json\/wp\/v2\/types\/product"}],"replies":[{"embeddable":true,"href":"https:\/\/www.maison-masse.com\/en\/wp-json\/wp\/v2\/comments?post=7892"}],"wp:featuredmedia":[{"embeddable":true,"href":"https:\/\/www.maison-masse.com\/en\/wp-json\/wp\/v2\/media\/8853"}],"wp:attachment":[{"href":"https:\/\/www.maison-masse.com\/en\/wp-json\/wp\/v2\/media?parent=7892"}],"wp:term":[{"taxonomy":"product_brand","embeddable":true,"href":"https:\/\/www.maison-masse.com\/en\/wp-json\/wp\/v2\/product_brand?post=7892"},{"taxonomy":"product_cat","embeddable":true,"href":"https:\/\/www.maison-masse.com\/en\/wp-json\/wp\/v2\/product_cat?post=7892"},{"taxonomy":"product_tag","embeddable":true,"href":"https:\/\/www.maison-masse.com\/en\/wp-json\/wp\/v2\/product_tag?post=7892"}],"curies":[{"name":"wp","href":"https:\/\/api.w.org\/{rel}","templated":true}]}}