{"id":7887,"date":"2021-06-16T11:14:32","date_gmt":"2021-06-16T09:14:32","guid":{"rendered":"https:\/\/maisonmasse.jk2agenceweb.com\/?post_type=product&#038;p=7887"},"modified":"2026-04-29T10:25:27","modified_gmt":"2026-04-29T08:25:27","slug":"huile-olive-arome-truffe-noire-2","status":"publish","type":"product","link":"https:\/\/www.maison-masse.com\/en\/produit\/huile-olive-arome-truffe-noire-2\/","title":{"rendered":"HUILE A L&#8217;AROME DE TRUFFE MELANOSPORUM 25CL"},"content":{"rendered":"<div id=\"-product-excerpt-100-181\" class=\"oxy-product-excerpt masse-body-text oxy-woo-element\">\n<p>L&#8217;huile olive arome truffe noire 75ml<\/p>\n<p class=\"woocommerce-product-details__short-description\"><span class=\"s1\">Elle exprime la fragrance intense des olives unie \u00e0 l&#8217;ar\u00f4me unique et pr\u00e9cieux de la truffe noire. Condiment \u00e0 base d&#8217;huile aromatis\u00e9 \u00e0 la truffe noire.<\/span><\/p>\n<p class=\"woocommerce-product-details__short-description\"><span class=\"s1\">D\u00e9gustation : aj<\/span>oute une saveur incomparable \u00e0 tous vos plats, p\u00e2tes, risottos, viandes, poissons\u2026<\/p>\n<\/div>\n<p>Ingr\u00e9dients : huile d&#8217;olive extra vierge 99,8 %, ar\u00f4me de truffe noire 0,2%.<\/p>\n<p>Origine : Espagne<\/p>\n<p><span class=\"s1\">Routes de Terre (Laumont) est une entreprise espagnole sp\u00e9cialis\u00e9e dans le commerce de truffes depuis 40 ans. Les truffes sont r\u00e9colt\u00e9es dans les for\u00eats d&#8217;Espagne avant d&#8217;\u00eatre envoy\u00e9es dans les centres de Tarrega et Valladolid.<\/span><\/p>\n<p>Pour d\u00e9couvrir nos autres huiles aromatis\u00e9es \u00e0 la truffe : <a href=\"https:\/\/www.maison-masse.com\/categorie-produit\/024-conserves-de-truffes\/les-huiles-024-conserves-de-truffes\/\">https:\/\/www.maison-masse.com\/categorie-produit\/024-conserves-de-truffes\/les-huiles-024-conserves-de-truffes\/<\/a><\/p>\n<p>Suivez-nous sur Instagram : <a href=\"https:\/\/www.instagram.com\/maisonmasse\/\">https:\/\/www.instagram.com\/maisonmasse\/<\/a><\/p>\n","protected":false},"excerpt":{"rendered":"<div id=\"-product-excerpt-100-181\" class=\"oxy-product-excerpt masse-body-text oxy-woo-element\">&amp;lt;div class=&#8221;woocommerce-product-details__short-description&#8221;&gt;<span class=\"s1\">Cette huile exprime la fragrance intense des olives unie \u00e0 l&#8217;ar\u00f4me unique et pr\u00e9cieux de la truffe noire. Condiment \u00e0 base d&#8217;huile aromatis\u00e9 \u00e0 la truffe noire.\u00a0<\/span><\/p>\n<\/div>\n<div id=\"-product-meta-235-181\" class=\"oxy-product-meta oxy-woo-element\">\n<div class=\"product_meta\"><\/div>\n<\/div>\n","protected":false},"featured_media":8843,"comment_status":"open","ping_status":"closed","template":"","meta":{"_acf_changed":false,"wprm-recipe-roundup-name":"","wprm-recipe-roundup-description":""},"product_brand":[],"product_cat":[560],"product_tag":[1042,1085,1087],"class_list":{"0":"post-7887","1":"product","2":"type-product","3":"status-publish","4":"has-post-thumbnail","6":"product_cat-les-huiles-024-conserves-de-truffes","7":"product_tag-huile","8":"product_tag-huile-aromatisee-a-la-truffe","9":"product_tag-routes-de-terre","11":"first","12":"instock","13":"taxable","14":"shipping-taxable","15":"purchasable","16":"product-type-simple"},"acf":[],"yoast_head":"<!-- This site is optimized with the Yoast SEO Premium plugin v26.8 (Yoast SEO v26.8) - https:\/\/yoast.com\/product\/yoast-seo-premium-wordpress\/ -->\n<title>Huile olive truffe noire - Maison Masse<\/title>\n<meta name=\"description\" content=\"Explorez la fusion exquise de l&#039;huile d&#039;olive arome truffe noire, un parfum envo\u00fbtant pour cr\u00e9er une cuisine d&#039;exception.\" \/>\n<meta name=\"robots\" content=\"index, follow, max-snippet:-1, max-image-preview:large, max-video-preview:-1\" \/>\n<link rel=\"canonical\" href=\"https:\/\/www.maison-masse.com\/produit\/huile-olive-arome-truffe-noire-2\/\" \/>\n<meta property=\"og:locale\" content=\"en_US\" \/>\n<meta property=\"og:type\" content=\"article\" \/>\n<meta property=\"og:title\" content=\"HUILE A L&#039;AROME DE TRUFFE MELANOSPORUM 25CL\" \/>\n<meta property=\"og:description\" content=\"Explorez la fusion exquise de l&#039;huile d&#039;olive arome truffe noire, un parfum envo\u00fbtant pour cr\u00e9er une cuisine d&#039;exception.\" \/>\n<meta property=\"og:url\" content=\"https:\/\/www.maison-masse.com\/produit\/huile-olive-arome-truffe-noire-2\/\" \/>\n<meta property=\"og:site_name\" content=\"Maison Masse\" \/>\n<meta property=\"article:modified_time\" content=\"2026-04-29T08:25:27+00:00\" \/>\n<meta property=\"og:image\" content=\"https:\/\/www.maison-masse.com\/wp-content\/uploads\/2021\/06\/logo-maisonmasse.png\" \/>\n\t<meta property=\"og:image:width\" content=\"246\" \/>\n\t<meta property=\"og:image:height\" content=\"100\" \/>\n\t<meta property=\"og:image:type\" content=\"image\/png\" \/>\n<meta name=\"twitter:card\" content=\"summary_large_image\" \/>\n<meta name=\"twitter:label1\" content=\"Est. reading time\" \/>\n\t<meta name=\"twitter:data1\" content=\"1 minute\" \/>\n<script type=\"application\/ld+json\" class=\"yoast-schema-graph\">{\"@context\":\"https:\/\/schema.org\",\"@graph\":[{\"@type\":\"WebPage\",\"@id\":\"https:\/\/www.maison-masse.com\/produit\/huile-olive-arome-truffe-noire-2\/\",\"url\":\"https:\/\/www.maison-masse.com\/produit\/huile-olive-arome-truffe-noire-2\/\",\"name\":\"Huile olive truffe noire - Maison Masse\",\"isPartOf\":{\"@id\":\"https:\/\/www.maison-masse.com\/en\/#website\"},\"primaryImageOfPage\":{\"@id\":\"https:\/\/www.maison-masse.com\/produit\/huile-olive-arome-truffe-noire-2\/#primaryimage\"},\"image\":{\"@id\":\"https:\/\/www.maison-masse.com\/produit\/huile-olive-arome-truffe-noire-2\/#primaryimage\"},\"thumbnailUrl\":\"https:\/\/www.maison-masse.com\/wp-content\/uploads\/2021\/06\/TRUP020.bmp\",\"datePublished\":\"2021-06-16T09:14:32+00:00\",\"dateModified\":\"2026-04-29T08:25:27+00:00\",\"description\":\"Explorez la fusion exquise de l'huile d'olive arome truffe noire, un parfum envo\u00fbtant pour cr\u00e9er une cuisine d'exception.\",\"breadcrumb\":{\"@id\":\"https:\/\/www.maison-masse.com\/produit\/huile-olive-arome-truffe-noire-2\/#breadcrumb\"},\"inLanguage\":\"en-US\",\"potentialAction\":[{\"@type\":\"ReadAction\",\"target\":[\"https:\/\/www.maison-masse.com\/produit\/huile-olive-arome-truffe-noire-2\/\"]}]},{\"@type\":\"ImageObject\",\"inLanguage\":\"en-US\",\"@id\":\"https:\/\/www.maison-masse.com\/produit\/huile-olive-arome-truffe-noire-2\/#primaryimage\",\"url\":\"https:\/\/www.maison-masse.com\/wp-content\/uploads\/2021\/06\/TRUP020.bmp\",\"contentUrl\":\"https:\/\/www.maison-masse.com\/wp-content\/uploads\/2021\/06\/TRUP020.bmp\",\"width\":922,\"height\":519,\"caption\":\"HUILE OLIVE AROME TRUFFE NOIRE\"},{\"@type\":\"BreadcrumbList\",\"@id\":\"https:\/\/www.maison-masse.com\/produit\/huile-olive-arome-truffe-noire-2\/#breadcrumb\",\"itemListElement\":[{\"@type\":\"ListItem\",\"position\":1,\"name\":\"Accueil\",\"item\":\"https:\/\/www.maison-masse.com\/en\/\"},{\"@type\":\"ListItem\",\"position\":2,\"name\":\"Boutique\",\"item\":\"https:\/\/www.maison-masse.com\/boutique\/\"},{\"@type\":\"ListItem\",\"position\":3,\"name\":\"HUILE OLIVE AROME TRUFFE NOIRE\"}]},{\"@type\":\"WebSite\",\"@id\":\"https:\/\/www.maison-masse.com\/en\/#website\",\"url\":\"https:\/\/www.maison-masse.com\/en\/\",\"name\":\"Maison Masse\",\"description\":\"La maison du foie gras depuis 1884\",\"publisher\":{\"@id\":\"https:\/\/www.maison-masse.com\/en\/#organization\"},\"potentialAction\":[{\"@type\":\"SearchAction\",\"target\":{\"@type\":\"EntryPoint\",\"urlTemplate\":\"https:\/\/www.maison-masse.com\/en\/?s={search_term_string}\"},\"query-input\":{\"@type\":\"PropertyValueSpecification\",\"valueRequired\":true,\"valueName\":\"search_term_string\"}}],\"inLanguage\":\"en-US\"},{\"@type\":\"Organization\",\"@id\":\"https:\/\/www.maison-masse.com\/en\/#organization\",\"name\":\"Maison Masse\",\"url\":\"https:\/\/www.maison-masse.com\/en\/\",\"logo\":{\"@type\":\"ImageObject\",\"inLanguage\":\"en-US\",\"@id\":\"https:\/\/www.maison-masse.com\/en\/#\/schema\/logo\/image\/\",\"url\":\"https:\/\/www.maison-masse.com\/wp-content\/uploads\/2021\/06\/favicon.png\",\"contentUrl\":\"https:\/\/www.maison-masse.com\/wp-content\/uploads\/2021\/06\/favicon.png\",\"width\":71,\"height\":72,\"caption\":\"Maison Masse\"},\"image\":{\"@id\":\"https:\/\/www.maison-masse.com\/en\/#\/schema\/logo\/image\/\"}}]}<\/script>\n<!-- \/ Yoast SEO Premium plugin. -->","yoast_head_json":{"title":"Huile olive truffe noire - Maison Masse","description":"Explorez la fusion exquise de l'huile d'olive arome truffe noire, un parfum envo\u00fbtant pour cr\u00e9er une cuisine d'exception.","robots":{"index":"index","follow":"follow","max-snippet":"max-snippet:-1","max-image-preview":"max-image-preview:large","max-video-preview":"max-video-preview:-1"},"canonical":"https:\/\/www.maison-masse.com\/produit\/huile-olive-arome-truffe-noire-2\/","og_locale":"en_US","og_type":"article","og_title":"HUILE A L'AROME DE TRUFFE MELANOSPORUM 25CL","og_description":"Explorez la fusion exquise de l'huile d'olive arome truffe noire, un parfum envo\u00fbtant pour cr\u00e9er une cuisine d'exception.","og_url":"https:\/\/www.maison-masse.com\/produit\/huile-olive-arome-truffe-noire-2\/","og_site_name":"Maison Masse","article_modified_time":"2026-04-29T08:25:27+00:00","og_image":[{"width":246,"height":100,"url":"https:\/\/www.maison-masse.com\/wp-content\/uploads\/2021\/06\/logo-maisonmasse.png","type":"image\/png"}],"twitter_card":"summary_large_image","twitter_misc":{"Est. reading time":"1 minute"},"schema":{"@context":"https:\/\/schema.org","@graph":[{"@type":"WebPage","@id":"https:\/\/www.maison-masse.com\/produit\/huile-olive-arome-truffe-noire-2\/","url":"https:\/\/www.maison-masse.com\/produit\/huile-olive-arome-truffe-noire-2\/","name":"Huile olive truffe noire - Maison Masse","isPartOf":{"@id":"https:\/\/www.maison-masse.com\/en\/#website"},"primaryImageOfPage":{"@id":"https:\/\/www.maison-masse.com\/produit\/huile-olive-arome-truffe-noire-2\/#primaryimage"},"image":{"@id":"https:\/\/www.maison-masse.com\/produit\/huile-olive-arome-truffe-noire-2\/#primaryimage"},"thumbnailUrl":"https:\/\/www.maison-masse.com\/wp-content\/uploads\/2021\/06\/TRUP020.bmp","datePublished":"2021-06-16T09:14:32+00:00","dateModified":"2026-04-29T08:25:27+00:00","description":"Explorez la fusion exquise de l'huile d'olive arome truffe noire, un parfum envo\u00fbtant pour cr\u00e9er une cuisine d'exception.","breadcrumb":{"@id":"https:\/\/www.maison-masse.com\/produit\/huile-olive-arome-truffe-noire-2\/#breadcrumb"},"inLanguage":"en-US","potentialAction":[{"@type":"ReadAction","target":["https:\/\/www.maison-masse.com\/produit\/huile-olive-arome-truffe-noire-2\/"]}]},{"@type":"ImageObject","inLanguage":"en-US","@id":"https:\/\/www.maison-masse.com\/produit\/huile-olive-arome-truffe-noire-2\/#primaryimage","url":"https:\/\/www.maison-masse.com\/wp-content\/uploads\/2021\/06\/TRUP020.bmp","contentUrl":"https:\/\/www.maison-masse.com\/wp-content\/uploads\/2021\/06\/TRUP020.bmp","width":922,"height":519,"caption":"HUILE OLIVE AROME TRUFFE NOIRE"},{"@type":"BreadcrumbList","@id":"https:\/\/www.maison-masse.com\/produit\/huile-olive-arome-truffe-noire-2\/#breadcrumb","itemListElement":[{"@type":"ListItem","position":1,"name":"Accueil","item":"https:\/\/www.maison-masse.com\/en\/"},{"@type":"ListItem","position":2,"name":"Boutique","item":"https:\/\/www.maison-masse.com\/boutique\/"},{"@type":"ListItem","position":3,"name":"HUILE OLIVE AROME TRUFFE NOIRE"}]},{"@type":"WebSite","@id":"https:\/\/www.maison-masse.com\/en\/#website","url":"https:\/\/www.maison-masse.com\/en\/","name":"Maison Masse","description":"La maison du foie gras depuis 1884","publisher":{"@id":"https:\/\/www.maison-masse.com\/en\/#organization"},"potentialAction":[{"@type":"SearchAction","target":{"@type":"EntryPoint","urlTemplate":"https:\/\/www.maison-masse.com\/en\/?s={search_term_string}"},"query-input":{"@type":"PropertyValueSpecification","valueRequired":true,"valueName":"search_term_string"}}],"inLanguage":"en-US"},{"@type":"Organization","@id":"https:\/\/www.maison-masse.com\/en\/#organization","name":"Maison Masse","url":"https:\/\/www.maison-masse.com\/en\/","logo":{"@type":"ImageObject","inLanguage":"en-US","@id":"https:\/\/www.maison-masse.com\/en\/#\/schema\/logo\/image\/","url":"https:\/\/www.maison-masse.com\/wp-content\/uploads\/2021\/06\/favicon.png","contentUrl":"https:\/\/www.maison-masse.com\/wp-content\/uploads\/2021\/06\/favicon.png","width":71,"height":72,"caption":"Maison Masse"},"image":{"@id":"https:\/\/www.maison-masse.com\/en\/#\/schema\/logo\/image\/"}}]}},"_links":{"self":[{"href":"https:\/\/www.maison-masse.com\/en\/wp-json\/wp\/v2\/product\/7887","targetHints":{"allow":["GET"]}}],"collection":[{"href":"https:\/\/www.maison-masse.com\/en\/wp-json\/wp\/v2\/product"}],"about":[{"href":"https:\/\/www.maison-masse.com\/en\/wp-json\/wp\/v2\/types\/product"}],"replies":[{"embeddable":true,"href":"https:\/\/www.maison-masse.com\/en\/wp-json\/wp\/v2\/comments?post=7887"}],"wp:featuredmedia":[{"embeddable":true,"href":"https:\/\/www.maison-masse.com\/en\/wp-json\/wp\/v2\/media\/8843"}],"wp:attachment":[{"href":"https:\/\/www.maison-masse.com\/en\/wp-json\/wp\/v2\/media?parent=7887"}],"wp:term":[{"taxonomy":"product_brand","embeddable":true,"href":"https:\/\/www.maison-masse.com\/en\/wp-json\/wp\/v2\/product_brand?post=7887"},{"taxonomy":"product_cat","embeddable":true,"href":"https:\/\/www.maison-masse.com\/en\/wp-json\/wp\/v2\/product_cat?post=7887"},{"taxonomy":"product_tag","embeddable":true,"href":"https:\/\/www.maison-masse.com\/en\/wp-json\/wp\/v2\/product_tag?post=7887"}],"curies":[{"name":"wp","href":"https:\/\/api.w.org\/{rel}","templated":true}]}}