{"id":7874,"date":"2021-06-16T11:14:27","date_gmt":"2021-06-16T09:14:27","guid":{"rendered":"https:\/\/maisonmasse.jk2agenceweb.com\/?post_type=product&#038;p=7874"},"modified":"2026-04-30T08:53:15","modified_gmt":"2026-04-30T06:53:15","slug":"truffe-pelure-melano-cons-50g","status":"publish","type":"product","link":"https:\/\/www.maison-masse.com\/en\/produit\/truffe-pelure-melano-cons-50g\/","title":{"rendered":"PELURE DE TRUFFE MELANOSPORUM EN CONSERVE 50G"},"content":{"rendered":"<div id=\"-product-excerpt-100-181\" class=\"oxy-product-excerpt masse-body-text oxy-woo-element\">\n<div class=\"woocommerce-product-details__short-description\">\n<div id=\"-product-excerpt-100-181\" class=\"oxy-product-excerpt masse-body-text oxy-woo-element\">\n<div class=\"woocommerce-product-details__short-description\">\n<div id=\"-product-excerpt-100-181\" class=\"oxy-product-excerpt masse-body-text oxy-woo-element\">\n<div class=\"woocommerce-product-details__short-description\">\n<p>Pelures de truffe m\u00e9lanosporum en conserve de 50g.<\/p>\n<p>Pelures de truffe noire\u00a0<em>(tuber melanosporum)\u00a0<\/em>en conserve ! <span class=\"s1\">Les pelures de truffe sont le m\u00e9lange de peaux provenant de truffes pel\u00e9es et de truffes de deuxi\u00e8me choix hach\u00e9es en petites bandelettes. Les pelures de truffe permettent une cuisine raffin\u00e9e et savoureuse et accompagnent \u00e0 merveille m<\/span>ayonnaises, vinaigrettes, farces, p\u00e2tes, pur\u00e9es, risottos, omelettes et brouillades.<\/p>\n<p>Ingr\u00e9dients :\u00a0<em>Tuber melanosporum<\/em>, jus de\u00a0<em>Tuber melanosporum<\/em>, sel.<\/p>\n<p>Routes de Terre (Laumont) est une entreprise espagnole sp\u00e9cialis\u00e9e dans le commerce de truffes depuis 40 ans. Les truffes sont r\u00e9colt\u00e9es dans les for\u00eats d&#8217;Espagne avant d&#8217;\u00eatre envoy\u00e9es dans les centres de Tarrega et Valladolid.<\/p>\n<p>D\u00e9couvrez nos autres conserves de truffes :<a href=\"https:\/\/www.maison-masse.com\/categorie-produit\/024-conserves-de-truffes\/\"> https:\/\/www.maison-masse.com\/categorie-produit\/024-conserves-de-truffes\/<\/a><\/p>\n<p>Suivez-nous sur Instagram : <a href=\"https:\/\/www.instagram.com\/maisonmasse\/?hl=fr\">https:\/\/www.instagram.com\/maisonmasse\/?hl=fr<\/a><\/p>\n<p>&nbsp;<\/p>\n<\/div>\n<\/div>\n<\/div>\n<\/div>\n<\/div>\n<\/div>\n","protected":false},"excerpt":{"rendered":"<div id=\"-product-excerpt-100-181\" class=\"oxy-product-excerpt masse-body-text oxy-woo-element\">\n<div class=\"woocommerce-product-details__short-description\">\n<p>Pelures de truffe noire<em>\u00a0<\/em>en conserve, pr\u00eates \u00e0 \u00eatre utilis\u00e9es toute l&#8217;ann\u00e9e !\u00a0<span class=\"s1\">Elles permettent une cuisine raffin\u00e9e et savoureuse et accompagnent \u00e0 merveille m<\/span>ayonnaises, vinaigrettes, farces, p\u00e2tes, pur\u00e9es, risottos, omelettes et brouillades.<\/p>\n<\/div>\n<\/div>\n","protected":false},"featured_media":8817,"comment_status":"open","ping_status":"closed","template":"","meta":{"_acf_changed":false,"wprm-recipe-roundup-name":"","wprm-recipe-roundup-description":""},"product_brand":[],"product_cat":[556],"product_tag":[],"class_list":{"0":"post-7874","1":"product","2":"type-product","3":"status-publish","4":"has-post-thumbnail","6":"product_cat-pelure","8":"first","9":"instock","10":"taxable","11":"shipping-taxable","12":"purchasable","13":"product-type-simple"},"acf":[],"yoast_head":"<!-- This site is optimized with the Yoast SEO Premium plugin v26.8 (Yoast SEO v26.8) - https:\/\/yoast.com\/product\/yoast-seo-premium-wordpress\/ -->\n<title>Pelure de truffe M\u00e9lanosporum - Maison Masse<\/title>\n<meta name=\"description\" content=\"Transformez chaque repas en exp\u00e9rience gourmet avec nos pelures de truffe m\u00e9lanosporum le secret bien gard\u00e9 des chefs \u00e9toil\u00e9s.\" \/>\n<meta name=\"robots\" content=\"index, follow, max-snippet:-1, max-image-preview:large, max-video-preview:-1\" \/>\n<link rel=\"canonical\" href=\"https:\/\/www.maison-masse.com\/produit\/truffe-pelure-melano-cons-50g\/\" \/>\n<meta property=\"og:locale\" content=\"en_US\" \/>\n<meta property=\"og:type\" content=\"article\" \/>\n<meta property=\"og:title\" content=\"PELURE DE TRUFFE MELANOSPORUM EN CONSERVE 50G\" \/>\n<meta property=\"og:description\" content=\"Transformez chaque repas en exp\u00e9rience gourmet avec nos pelures de truffe m\u00e9lanosporum le secret bien gard\u00e9 des chefs \u00e9toil\u00e9s.\" \/>\n<meta property=\"og:url\" content=\"https:\/\/www.maison-masse.com\/produit\/truffe-pelure-melano-cons-50g\/\" \/>\n<meta property=\"og:site_name\" content=\"Maison Masse\" \/>\n<meta property=\"article:modified_time\" content=\"2026-04-30T06:53:15+00:00\" \/>\n<meta property=\"og:image\" content=\"https:\/\/www.maison-masse.com\/wp-content\/uploads\/2021\/06\/logo-maisonmasse.png\" \/>\n\t<meta property=\"og:image:width\" content=\"246\" \/>\n\t<meta property=\"og:image:height\" content=\"100\" \/>\n\t<meta property=\"og:image:type\" content=\"image\/png\" \/>\n<meta name=\"twitter:card\" content=\"summary_large_image\" \/>\n<meta name=\"twitter:label1\" content=\"Est. reading time\" \/>\n\t<meta name=\"twitter:data1\" content=\"1 minute\" \/>\n<script type=\"application\/ld+json\" class=\"yoast-schema-graph\">{\"@context\":\"https:\/\/schema.org\",\"@graph\":[{\"@type\":\"WebPage\",\"@id\":\"https:\/\/www.maison-masse.com\/produit\/truffe-pelure-melano-cons-50g\/\",\"url\":\"https:\/\/www.maison-masse.com\/produit\/truffe-pelure-melano-cons-50g\/\",\"name\":\"Pelure de truffe M\u00e9lanosporum - Maison Masse\",\"isPartOf\":{\"@id\":\"https:\/\/www.maison-masse.com\/en\/#website\"},\"primaryImageOfPage\":{\"@id\":\"https:\/\/www.maison-masse.com\/produit\/truffe-pelure-melano-cons-50g\/#primaryimage\"},\"image\":{\"@id\":\"https:\/\/www.maison-masse.com\/produit\/truffe-pelure-melano-cons-50g\/#primaryimage\"},\"thumbnailUrl\":\"https:\/\/www.maison-masse.com\/wp-content\/uploads\/2021\/06\/TRUC044.bmp\",\"datePublished\":\"2021-06-16T09:14:27+00:00\",\"dateModified\":\"2026-04-30T06:53:15+00:00\",\"description\":\"Transformez chaque repas en exp\u00e9rience gourmet avec nos pelures de truffe m\u00e9lanosporum le secret bien gard\u00e9 des chefs \u00e9toil\u00e9s.\",\"breadcrumb\":{\"@id\":\"https:\/\/www.maison-masse.com\/produit\/truffe-pelure-melano-cons-50g\/#breadcrumb\"},\"inLanguage\":\"en-US\",\"potentialAction\":[{\"@type\":\"ReadAction\",\"target\":[\"https:\/\/www.maison-masse.com\/produit\/truffe-pelure-melano-cons-50g\/\"]}]},{\"@type\":\"ImageObject\",\"inLanguage\":\"en-US\",\"@id\":\"https:\/\/www.maison-masse.com\/produit\/truffe-pelure-melano-cons-50g\/#primaryimage\",\"url\":\"https:\/\/www.maison-masse.com\/wp-content\/uploads\/2021\/06\/TRUC044.bmp\",\"contentUrl\":\"https:\/\/www.maison-masse.com\/wp-content\/uploads\/2021\/06\/TRUC044.bmp\",\"width\":922,\"height\":519,\"caption\":\"TRUFFE PELURE MELANO CONS. 50G\"},{\"@type\":\"BreadcrumbList\",\"@id\":\"https:\/\/www.maison-masse.com\/produit\/truffe-pelure-melano-cons-50g\/#breadcrumb\",\"itemListElement\":[{\"@type\":\"ListItem\",\"position\":1,\"name\":\"Accueil\",\"item\":\"https:\/\/www.maison-masse.com\/en\/\"},{\"@type\":\"ListItem\",\"position\":2,\"name\":\"Boutique\",\"item\":\"https:\/\/www.maison-masse.com\/boutique\/\"},{\"@type\":\"ListItem\",\"position\":3,\"name\":\"TRUFFE PELURE MELANO CONS. 50G\"}]},{\"@type\":\"WebSite\",\"@id\":\"https:\/\/www.maison-masse.com\/en\/#website\",\"url\":\"https:\/\/www.maison-masse.com\/en\/\",\"name\":\"Maison Masse\",\"description\":\"La maison du foie gras depuis 1884\",\"publisher\":{\"@id\":\"https:\/\/www.maison-masse.com\/en\/#organization\"},\"potentialAction\":[{\"@type\":\"SearchAction\",\"target\":{\"@type\":\"EntryPoint\",\"urlTemplate\":\"https:\/\/www.maison-masse.com\/en\/?s={search_term_string}\"},\"query-input\":{\"@type\":\"PropertyValueSpecification\",\"valueRequired\":true,\"valueName\":\"search_term_string\"}}],\"inLanguage\":\"en-US\"},{\"@type\":\"Organization\",\"@id\":\"https:\/\/www.maison-masse.com\/en\/#organization\",\"name\":\"Maison Masse\",\"url\":\"https:\/\/www.maison-masse.com\/en\/\",\"logo\":{\"@type\":\"ImageObject\",\"inLanguage\":\"en-US\",\"@id\":\"https:\/\/www.maison-masse.com\/en\/#\/schema\/logo\/image\/\",\"url\":\"https:\/\/www.maison-masse.com\/wp-content\/uploads\/2021\/06\/favicon.png\",\"contentUrl\":\"https:\/\/www.maison-masse.com\/wp-content\/uploads\/2021\/06\/favicon.png\",\"width\":71,\"height\":72,\"caption\":\"Maison Masse\"},\"image\":{\"@id\":\"https:\/\/www.maison-masse.com\/en\/#\/schema\/logo\/image\/\"}}]}<\/script>\n<!-- \/ Yoast SEO Premium plugin. -->","yoast_head_json":{"title":"Pelure de truffe M\u00e9lanosporum - Maison Masse","description":"Transformez chaque repas en exp\u00e9rience gourmet avec nos pelures de truffe m\u00e9lanosporum le secret bien gard\u00e9 des chefs \u00e9toil\u00e9s.","robots":{"index":"index","follow":"follow","max-snippet":"max-snippet:-1","max-image-preview":"max-image-preview:large","max-video-preview":"max-video-preview:-1"},"canonical":"https:\/\/www.maison-masse.com\/produit\/truffe-pelure-melano-cons-50g\/","og_locale":"en_US","og_type":"article","og_title":"PELURE DE TRUFFE MELANOSPORUM EN CONSERVE 50G","og_description":"Transformez chaque repas en exp\u00e9rience gourmet avec nos pelures de truffe m\u00e9lanosporum le secret bien gard\u00e9 des chefs \u00e9toil\u00e9s.","og_url":"https:\/\/www.maison-masse.com\/produit\/truffe-pelure-melano-cons-50g\/","og_site_name":"Maison Masse","article_modified_time":"2026-04-30T06:53:15+00:00","og_image":[{"width":246,"height":100,"url":"https:\/\/www.maison-masse.com\/wp-content\/uploads\/2021\/06\/logo-maisonmasse.png","type":"image\/png"}],"twitter_card":"summary_large_image","twitter_misc":{"Est. reading time":"1 minute"},"schema":{"@context":"https:\/\/schema.org","@graph":[{"@type":"WebPage","@id":"https:\/\/www.maison-masse.com\/produit\/truffe-pelure-melano-cons-50g\/","url":"https:\/\/www.maison-masse.com\/produit\/truffe-pelure-melano-cons-50g\/","name":"Pelure de truffe M\u00e9lanosporum - Maison Masse","isPartOf":{"@id":"https:\/\/www.maison-masse.com\/en\/#website"},"primaryImageOfPage":{"@id":"https:\/\/www.maison-masse.com\/produit\/truffe-pelure-melano-cons-50g\/#primaryimage"},"image":{"@id":"https:\/\/www.maison-masse.com\/produit\/truffe-pelure-melano-cons-50g\/#primaryimage"},"thumbnailUrl":"https:\/\/www.maison-masse.com\/wp-content\/uploads\/2021\/06\/TRUC044.bmp","datePublished":"2021-06-16T09:14:27+00:00","dateModified":"2026-04-30T06:53:15+00:00","description":"Transformez chaque repas en exp\u00e9rience gourmet avec nos pelures de truffe m\u00e9lanosporum le secret bien gard\u00e9 des chefs \u00e9toil\u00e9s.","breadcrumb":{"@id":"https:\/\/www.maison-masse.com\/produit\/truffe-pelure-melano-cons-50g\/#breadcrumb"},"inLanguage":"en-US","potentialAction":[{"@type":"ReadAction","target":["https:\/\/www.maison-masse.com\/produit\/truffe-pelure-melano-cons-50g\/"]}]},{"@type":"ImageObject","inLanguage":"en-US","@id":"https:\/\/www.maison-masse.com\/produit\/truffe-pelure-melano-cons-50g\/#primaryimage","url":"https:\/\/www.maison-masse.com\/wp-content\/uploads\/2021\/06\/TRUC044.bmp","contentUrl":"https:\/\/www.maison-masse.com\/wp-content\/uploads\/2021\/06\/TRUC044.bmp","width":922,"height":519,"caption":"TRUFFE PELURE MELANO CONS. 50G"},{"@type":"BreadcrumbList","@id":"https:\/\/www.maison-masse.com\/produit\/truffe-pelure-melano-cons-50g\/#breadcrumb","itemListElement":[{"@type":"ListItem","position":1,"name":"Accueil","item":"https:\/\/www.maison-masse.com\/en\/"},{"@type":"ListItem","position":2,"name":"Boutique","item":"https:\/\/www.maison-masse.com\/boutique\/"},{"@type":"ListItem","position":3,"name":"TRUFFE PELURE MELANO CONS. 50G"}]},{"@type":"WebSite","@id":"https:\/\/www.maison-masse.com\/en\/#website","url":"https:\/\/www.maison-masse.com\/en\/","name":"Maison Masse","description":"La maison du foie gras depuis 1884","publisher":{"@id":"https:\/\/www.maison-masse.com\/en\/#organization"},"potentialAction":[{"@type":"SearchAction","target":{"@type":"EntryPoint","urlTemplate":"https:\/\/www.maison-masse.com\/en\/?s={search_term_string}"},"query-input":{"@type":"PropertyValueSpecification","valueRequired":true,"valueName":"search_term_string"}}],"inLanguage":"en-US"},{"@type":"Organization","@id":"https:\/\/www.maison-masse.com\/en\/#organization","name":"Maison Masse","url":"https:\/\/www.maison-masse.com\/en\/","logo":{"@type":"ImageObject","inLanguage":"en-US","@id":"https:\/\/www.maison-masse.com\/en\/#\/schema\/logo\/image\/","url":"https:\/\/www.maison-masse.com\/wp-content\/uploads\/2021\/06\/favicon.png","contentUrl":"https:\/\/www.maison-masse.com\/wp-content\/uploads\/2021\/06\/favicon.png","width":71,"height":72,"caption":"Maison Masse"},"image":{"@id":"https:\/\/www.maison-masse.com\/en\/#\/schema\/logo\/image\/"}}]}},"_links":{"self":[{"href":"https:\/\/www.maison-masse.com\/en\/wp-json\/wp\/v2\/product\/7874","targetHints":{"allow":["GET"]}}],"collection":[{"href":"https:\/\/www.maison-masse.com\/en\/wp-json\/wp\/v2\/product"}],"about":[{"href":"https:\/\/www.maison-masse.com\/en\/wp-json\/wp\/v2\/types\/product"}],"replies":[{"embeddable":true,"href":"https:\/\/www.maison-masse.com\/en\/wp-json\/wp\/v2\/comments?post=7874"}],"wp:featuredmedia":[{"embeddable":true,"href":"https:\/\/www.maison-masse.com\/en\/wp-json\/wp\/v2\/media\/8817"}],"wp:attachment":[{"href":"https:\/\/www.maison-masse.com\/en\/wp-json\/wp\/v2\/media?parent=7874"}],"wp:term":[{"taxonomy":"product_brand","embeddable":true,"href":"https:\/\/www.maison-masse.com\/en\/wp-json\/wp\/v2\/product_brand?post=7874"},{"taxonomy":"product_cat","embeddable":true,"href":"https:\/\/www.maison-masse.com\/en\/wp-json\/wp\/v2\/product_cat?post=7874"},{"taxonomy":"product_tag","embeddable":true,"href":"https:\/\/www.maison-masse.com\/en\/wp-json\/wp\/v2\/product_tag?post=7874"}],"curies":[{"name":"wp","href":"https:\/\/api.w.org\/{rel}","templated":true}]}}