{"id":7812,"date":"2021-06-16T11:13:47","date_gmt":"2021-06-16T09:13:47","guid":{"rendered":"https:\/\/maisonmasse.jk2agenceweb.com\/?post_type=product&#038;p=7812"},"modified":"2026-04-17T08:59:31","modified_gmt":"2026-04-17T06:59:31","slug":"roti-de-porc-confit-360g","status":"publish","type":"product","link":"https:\/\/www.maison-masse.com\/en\/produit\/roti-de-porc-confit-360g\/","title":{"rendered":"ROTI DE PORC CONFIT 360G"},"content":{"rendered":"<p>Le roti de porc confit se d\u00e9guste froid accompagn\u00e9 de salade ou chaud avec des pommes de terre ou haricots selon vos envies et en fonction de la saison.<\/p>\n<p>Les conseils d&#8217;utilisation :<\/p>\n<ul>\n<li>A conserver \u00e0 temp\u00e9rature ambiante<\/li>\n<li>A consommer rapidement apr\u00e8s ouverture<\/li>\n<li>A consommer de pr\u00e9f\u00e9rence avant la date figurant sur l&#8217;emballage<\/li>\n<\/ul>\n<p>Ingr\u00e9dients : viande porc origine France 99%, sel, ail, poivre<\/p>\n<p>Quelles sont les valeurs nutritionnelles du roti de porc confit ?<\/p>\n<p>Energie : 705kj \/ 169kal<br \/>\nGraisse: 9,7g dont acides gras satur\u00e9s : 3,7g<br \/>\nGlucides : 0,3g dont sucres 0,2g<br \/>\nProt\u00e9ines : 19,8g<br \/>\nSel : 1,7g<\/p>\n<div class=\"woocommerce-tabs wc-tabs-wrapper full-width-tabs\" data-tab-style=\"fullwidth\">\n<div id=\"tab-description\" class=\"woocommerce-Tabs-panel woocommerce-Tabs-panel--description panel entry-content wc-tab\" role=\"tabpanel\" aria-labelledby=\"tab-title-description\">\n<p>D\u00e9couvrez les autres plats cuisin\u00e9s :\u00a0<a href=\"https:\/\/www.maison-masse.com\/categorie-produit\/014-pates-plats-cuisines-conserve\/\">https:\/\/www.maison-masse.com\/categorie-produit\/014-pates-plats-cuisines-conserve\/<\/a><\/p>\n<p>Suivez-nous sur notre Instagram :\u00a0<a href=\"https:\/\/www.instagram.com\/maisonmasse\/\">https:\/\/www.instagram.com\/maisonmasse\/<\/a><\/p>\n<\/div>\n<\/div>\n","protected":false},"excerpt":{"rendered":"<p>Le r\u00f4ti de porc confit se d\u00e9guste froid accompagn\u00e9 de salade ou chaud avec des pommes de terre ou haricots selon vos envies et en fonction de la saison.<\/p>\n","protected":false},"featured_media":8695,"comment_status":"open","ping_status":"closed","template":"","meta":{"_acf_changed":false,"wprm-recipe-roundup-name":"","wprm-recipe-roundup-description":""},"product_brand":[],"product_cat":[543],"product_tag":[1027],"class_list":{"0":"post-7812","1":"product","2":"type-product","3":"status-publish","4":"has-post-thumbnail","6":"product_cat-les-plats-cuisines","7":"product_tag-masse","9":"first","10":"instock","11":"taxable","12":"shipping-taxable","13":"purchasable","14":"product-type-simple"},"acf":[],"yoast_head":"<!-- This site is optimized with the Yoast SEO Premium plugin v26.8 (Yoast SEO v26.8) - https:\/\/yoast.com\/product\/yoast-seo-premium-wordpress\/ -->\n<title>ROTI DE PORC CONFIT 360G - Maison Masse<\/title>\n<meta name=\"description\" content=\"Le roti de porc confit se d\u00e9guste froid accompagn\u00e9 de salade ou chaud avec des pommes de terre ou haricots selon vos envies et en fonction de la saison.\" \/>\n<meta name=\"robots\" content=\"index, follow, max-snippet:-1, max-image-preview:large, max-video-preview:-1\" \/>\n<link rel=\"canonical\" href=\"https:\/\/www.maison-masse.com\/produit\/roti-de-porc-confit-360g\/\" \/>\n<meta property=\"og:locale\" content=\"en_US\" \/>\n<meta property=\"og:type\" content=\"article\" \/>\n<meta property=\"og:title\" content=\"ROTI DE PORC CONFIT 360G\" \/>\n<meta property=\"og:description\" content=\"Le roti de porc confit se d\u00e9guste froid accompagn\u00e9 de salade ou chaud avec des pommes de terre ou haricots selon vos envies et en fonction de la saison.\" \/>\n<meta property=\"og:url\" content=\"https:\/\/www.maison-masse.com\/produit\/roti-de-porc-confit-360g\/\" \/>\n<meta property=\"og:site_name\" content=\"Maison Masse\" \/>\n<meta property=\"article:modified_time\" content=\"2026-04-17T06:59:31+00:00\" \/>\n<meta property=\"og:image\" content=\"https:\/\/www.maison-masse.com\/wp-content\/uploads\/2021\/06\/logo-maisonmasse.png\" \/>\n\t<meta property=\"og:image:width\" content=\"246\" \/>\n\t<meta property=\"og:image:height\" content=\"100\" \/>\n\t<meta property=\"og:image:type\" content=\"image\/png\" \/>\n<meta name=\"twitter:card\" content=\"summary_large_image\" \/>\n<meta name=\"twitter:label1\" content=\"Est. reading time\" \/>\n\t<meta name=\"twitter:data1\" content=\"1 minute\" \/>\n<script type=\"application\/ld+json\" class=\"yoast-schema-graph\">{\"@context\":\"https:\/\/schema.org\",\"@graph\":[{\"@type\":\"WebPage\",\"@id\":\"https:\/\/www.maison-masse.com\/produit\/roti-de-porc-confit-360g\/\",\"url\":\"https:\/\/www.maison-masse.com\/produit\/roti-de-porc-confit-360g\/\",\"name\":\"ROTI DE PORC CONFIT 360G - Maison Masse\",\"isPartOf\":{\"@id\":\"https:\/\/www.maison-masse.com\/en\/#website\"},\"primaryImageOfPage\":{\"@id\":\"https:\/\/www.maison-masse.com\/produit\/roti-de-porc-confit-360g\/#primaryimage\"},\"image\":{\"@id\":\"https:\/\/www.maison-masse.com\/produit\/roti-de-porc-confit-360g\/#primaryimage\"},\"thumbnailUrl\":\"https:\/\/www.maison-masse.com\/wp-content\/uploads\/2021\/06\/PFVP014.bmp\",\"datePublished\":\"2021-06-16T09:13:47+00:00\",\"dateModified\":\"2026-04-17T06:59:31+00:00\",\"description\":\"Le roti de porc confit se d\u00e9guste froid accompagn\u00e9 de salade ou chaud avec des pommes de terre ou haricots selon vos envies et en fonction de la saison.\",\"breadcrumb\":{\"@id\":\"https:\/\/www.maison-masse.com\/produit\/roti-de-porc-confit-360g\/#breadcrumb\"},\"inLanguage\":\"en-US\",\"potentialAction\":[{\"@type\":\"ReadAction\",\"target\":[\"https:\/\/www.maison-masse.com\/produit\/roti-de-porc-confit-360g\/\"]}]},{\"@type\":\"ImageObject\",\"inLanguage\":\"en-US\",\"@id\":\"https:\/\/www.maison-masse.com\/produit\/roti-de-porc-confit-360g\/#primaryimage\",\"url\":\"https:\/\/www.maison-masse.com\/wp-content\/uploads\/2021\/06\/PFVP014.bmp\",\"contentUrl\":\"https:\/\/www.maison-masse.com\/wp-content\/uploads\/2021\/06\/PFVP014.bmp\",\"width\":786,\"height\":507,\"caption\":\"ROTI DE PORC CONFIT 360G\"},{\"@type\":\"BreadcrumbList\",\"@id\":\"https:\/\/www.maison-masse.com\/produit\/roti-de-porc-confit-360g\/#breadcrumb\",\"itemListElement\":[{\"@type\":\"ListItem\",\"position\":1,\"name\":\"Accueil\",\"item\":\"https:\/\/www.maison-masse.com\/en\/\"},{\"@type\":\"ListItem\",\"position\":2,\"name\":\"Boutique\",\"item\":\"https:\/\/www.maison-masse.com\/boutique\/\"},{\"@type\":\"ListItem\",\"position\":3,\"name\":\"ROTI DE PORC CONFIT 360G\"}]},{\"@type\":\"WebSite\",\"@id\":\"https:\/\/www.maison-masse.com\/en\/#website\",\"url\":\"https:\/\/www.maison-masse.com\/en\/\",\"name\":\"Maison Masse\",\"description\":\"La maison du foie gras depuis 1884\",\"publisher\":{\"@id\":\"https:\/\/www.maison-masse.com\/en\/#organization\"},\"potentialAction\":[{\"@type\":\"SearchAction\",\"target\":{\"@type\":\"EntryPoint\",\"urlTemplate\":\"https:\/\/www.maison-masse.com\/en\/?s={search_term_string}\"},\"query-input\":{\"@type\":\"PropertyValueSpecification\",\"valueRequired\":true,\"valueName\":\"search_term_string\"}}],\"inLanguage\":\"en-US\"},{\"@type\":\"Organization\",\"@id\":\"https:\/\/www.maison-masse.com\/en\/#organization\",\"name\":\"Maison Masse\",\"url\":\"https:\/\/www.maison-masse.com\/en\/\",\"logo\":{\"@type\":\"ImageObject\",\"inLanguage\":\"en-US\",\"@id\":\"https:\/\/www.maison-masse.com\/en\/#\/schema\/logo\/image\/\",\"url\":\"https:\/\/www.maison-masse.com\/wp-content\/uploads\/2021\/06\/favicon.png\",\"contentUrl\":\"https:\/\/www.maison-masse.com\/wp-content\/uploads\/2021\/06\/favicon.png\",\"width\":71,\"height\":72,\"caption\":\"Maison Masse\"},\"image\":{\"@id\":\"https:\/\/www.maison-masse.com\/en\/#\/schema\/logo\/image\/\"}}]}<\/script>\n<!-- \/ Yoast SEO Premium plugin. -->","yoast_head_json":{"title":"ROTI DE PORC CONFIT 360G - Maison Masse","description":"Le roti de porc confit se d\u00e9guste froid accompagn\u00e9 de salade ou chaud avec des pommes de terre ou haricots selon vos envies et en fonction de la saison.","robots":{"index":"index","follow":"follow","max-snippet":"max-snippet:-1","max-image-preview":"max-image-preview:large","max-video-preview":"max-video-preview:-1"},"canonical":"https:\/\/www.maison-masse.com\/produit\/roti-de-porc-confit-360g\/","og_locale":"en_US","og_type":"article","og_title":"ROTI DE PORC CONFIT 360G","og_description":"Le roti de porc confit se d\u00e9guste froid accompagn\u00e9 de salade ou chaud avec des pommes de terre ou haricots selon vos envies et en fonction de la saison.","og_url":"https:\/\/www.maison-masse.com\/produit\/roti-de-porc-confit-360g\/","og_site_name":"Maison Masse","article_modified_time":"2026-04-17T06:59:31+00:00","og_image":[{"width":246,"height":100,"url":"https:\/\/www.maison-masse.com\/wp-content\/uploads\/2021\/06\/logo-maisonmasse.png","type":"image\/png"}],"twitter_card":"summary_large_image","twitter_misc":{"Est. reading time":"1 minute"},"schema":{"@context":"https:\/\/schema.org","@graph":[{"@type":"WebPage","@id":"https:\/\/www.maison-masse.com\/produit\/roti-de-porc-confit-360g\/","url":"https:\/\/www.maison-masse.com\/produit\/roti-de-porc-confit-360g\/","name":"ROTI DE PORC CONFIT 360G - Maison Masse","isPartOf":{"@id":"https:\/\/www.maison-masse.com\/en\/#website"},"primaryImageOfPage":{"@id":"https:\/\/www.maison-masse.com\/produit\/roti-de-porc-confit-360g\/#primaryimage"},"image":{"@id":"https:\/\/www.maison-masse.com\/produit\/roti-de-porc-confit-360g\/#primaryimage"},"thumbnailUrl":"https:\/\/www.maison-masse.com\/wp-content\/uploads\/2021\/06\/PFVP014.bmp","datePublished":"2021-06-16T09:13:47+00:00","dateModified":"2026-04-17T06:59:31+00:00","description":"Le roti de porc confit se d\u00e9guste froid accompagn\u00e9 de salade ou chaud avec des pommes de terre ou haricots selon vos envies et en fonction de la saison.","breadcrumb":{"@id":"https:\/\/www.maison-masse.com\/produit\/roti-de-porc-confit-360g\/#breadcrumb"},"inLanguage":"en-US","potentialAction":[{"@type":"ReadAction","target":["https:\/\/www.maison-masse.com\/produit\/roti-de-porc-confit-360g\/"]}]},{"@type":"ImageObject","inLanguage":"en-US","@id":"https:\/\/www.maison-masse.com\/produit\/roti-de-porc-confit-360g\/#primaryimage","url":"https:\/\/www.maison-masse.com\/wp-content\/uploads\/2021\/06\/PFVP014.bmp","contentUrl":"https:\/\/www.maison-masse.com\/wp-content\/uploads\/2021\/06\/PFVP014.bmp","width":786,"height":507,"caption":"ROTI DE PORC CONFIT 360G"},{"@type":"BreadcrumbList","@id":"https:\/\/www.maison-masse.com\/produit\/roti-de-porc-confit-360g\/#breadcrumb","itemListElement":[{"@type":"ListItem","position":1,"name":"Accueil","item":"https:\/\/www.maison-masse.com\/en\/"},{"@type":"ListItem","position":2,"name":"Boutique","item":"https:\/\/www.maison-masse.com\/boutique\/"},{"@type":"ListItem","position":3,"name":"ROTI DE PORC CONFIT 360G"}]},{"@type":"WebSite","@id":"https:\/\/www.maison-masse.com\/en\/#website","url":"https:\/\/www.maison-masse.com\/en\/","name":"Maison Masse","description":"La maison du foie gras depuis 1884","publisher":{"@id":"https:\/\/www.maison-masse.com\/en\/#organization"},"potentialAction":[{"@type":"SearchAction","target":{"@type":"EntryPoint","urlTemplate":"https:\/\/www.maison-masse.com\/en\/?s={search_term_string}"},"query-input":{"@type":"PropertyValueSpecification","valueRequired":true,"valueName":"search_term_string"}}],"inLanguage":"en-US"},{"@type":"Organization","@id":"https:\/\/www.maison-masse.com\/en\/#organization","name":"Maison Masse","url":"https:\/\/www.maison-masse.com\/en\/","logo":{"@type":"ImageObject","inLanguage":"en-US","@id":"https:\/\/www.maison-masse.com\/en\/#\/schema\/logo\/image\/","url":"https:\/\/www.maison-masse.com\/wp-content\/uploads\/2021\/06\/favicon.png","contentUrl":"https:\/\/www.maison-masse.com\/wp-content\/uploads\/2021\/06\/favicon.png","width":71,"height":72,"caption":"Maison Masse"},"image":{"@id":"https:\/\/www.maison-masse.com\/en\/#\/schema\/logo\/image\/"}}]}},"_links":{"self":[{"href":"https:\/\/www.maison-masse.com\/en\/wp-json\/wp\/v2\/product\/7812","targetHints":{"allow":["GET"]}}],"collection":[{"href":"https:\/\/www.maison-masse.com\/en\/wp-json\/wp\/v2\/product"}],"about":[{"href":"https:\/\/www.maison-masse.com\/en\/wp-json\/wp\/v2\/types\/product"}],"replies":[{"embeddable":true,"href":"https:\/\/www.maison-masse.com\/en\/wp-json\/wp\/v2\/comments?post=7812"}],"wp:featuredmedia":[{"embeddable":true,"href":"https:\/\/www.maison-masse.com\/en\/wp-json\/wp\/v2\/media\/8695"}],"wp:attachment":[{"href":"https:\/\/www.maison-masse.com\/en\/wp-json\/wp\/v2\/media?parent=7812"}],"wp:term":[{"taxonomy":"product_brand","embeddable":true,"href":"https:\/\/www.maison-masse.com\/en\/wp-json\/wp\/v2\/product_brand?post=7812"},{"taxonomy":"product_cat","embeddable":true,"href":"https:\/\/www.maison-masse.com\/en\/wp-json\/wp\/v2\/product_cat?post=7812"},{"taxonomy":"product_tag","embeddable":true,"href":"https:\/\/www.maison-masse.com\/en\/wp-json\/wp\/v2\/product_tag?post=7812"}],"curies":[{"name":"wp","href":"https:\/\/api.w.org\/{rel}","templated":true}]}}