{"id":7805,"date":"2021-06-16T11:13:45","date_gmt":"2021-06-16T09:13:45","guid":{"rendered":"https:\/\/maisonmasse.jk2agenceweb.com\/?post_type=product&#038;p=7805"},"modified":"2026-04-16T08:22:27","modified_gmt":"2026-04-16T06:22:27","slug":"fluteau-jambon-foie-gras-200g","status":"publish","type":"product","link":"https:\/\/www.maison-masse.com\/en\/produit\/fluteau-jambon-foie-gras-200g\/","title":{"rendered":"FLUTEAU DE JAMBON ET FOIE GRAS 200G"},"content":{"rendered":"<p>Les fluteaux de jambon sont de fines tranches de jambon roul\u00e9es renfermant dans leur c\u0153ur un bloc de foie gras de canard, le tout enrob\u00e9 d\u2019une fine gel\u00e9e.<\/p>\n<p>D\u00e9gustation:<br \/>\nA l&#8217;ap\u00e9ritif ou en entr\u00e9e, les fluteaux de jambon au foie se d\u00e9gustent nature ou en salade. Ils sont g\u00e9n\u00e9ralement pr\u00e9sent\u00e9s coup\u00e9s en tranches d&#8217;environ 1 cm d&#8217;\u00e9paisseur. Ils peuvent \u00eatre servis nature, accompagn\u00e9s de toasts grill\u00e9s, de salade verte ou de chutney. Les fluteaux de jambon au foie gras peuvent \u00e9galement \u00eatre utilis\u00e9s pour garnir des canap\u00e9s ou des verrines.<\/p>\n<section class=\"page-product-box\"><\/section>\n<p>Valeurs nutritionnelles <strong>pour 100g<\/strong>\u00a0:<br \/>\nEnergie : 934kj \/ 225kal<br \/>\nGraisse de fluteau : 18,6G dont acides gras satur\u00e9s : 7,7g<br \/>\nGlucides : 1,0g dont sucres 0,60g<br \/>\nProt\u00e9ines : 13,0g<br \/>\nSel : 1,8g<\/p>\n<p>D\u00e9couvrez nos autres p\u00e2t\u00e9s : <a href=\"https:\/\/www.maison-masse.com\/categorie-produit\/014-pates-plats-cuisines-conserve\/\">https:\/\/www.maison-masse.com\/categorie-produit\/014-pates-plats-cuisines-conserve\/<\/a><\/p>\n<p>Suivez-nous sur Instagram : <a href=\"https:\/\/www.instagram.com\/maisonmasse\/?hl=fr\">https:\/\/www.instagram.com\/maisonmasse\/?hl=fr<\/a><\/p>\n","protected":false},"excerpt":{"rendered":"<p>Les fluteaux de jambon sont de fines tranches de jambon roul\u00e9es renfermant dans leur c\u0153ur un bloc de foie gras de canard, le tout enrob\u00e9 d\u2019une fine gel\u00e9e.<\/p>\n","protected":false},"featured_media":8681,"comment_status":"open","ping_status":"closed","template":"","meta":{"_acf_changed":false,"wprm-recipe-roundup-name":"","wprm-recipe-roundup-description":""},"product_brand":[],"product_cat":[543],"product_tag":[3052,1029,1036,1027],"class_list":{"0":"post-7805","1":"product","2":"type-product","3":"status-publish","4":"has-post-thumbnail","6":"product_cat-les-plats-cuisines","7":"product_tag-fluteau","8":"product_tag-foie-gras","9":"product_tag-jambon","10":"product_tag-masse","12":"first","13":"instock","14":"taxable","15":"shipping-taxable","16":"purchasable","17":"product-type-simple"},"acf":[],"yoast_head":"<!-- This site is optimized with the Yoast SEO Premium plugin v26.8 (Yoast SEO v26.8) - https:\/\/yoast.com\/product\/yoast-seo-premium-wordpress\/ -->\n<title>FLUTEAU DE JAMBON ET FOIE GRAS 200G - Maison Masse<\/title>\n<meta name=\"description\" content=\"Un fluteau de jambon est une fine tranche de jambon roul\u00e9e renfermant dans leur c\u0153ur un bloc de foie gras de canard, le tout enrob\u00e9 d\u2019une fine gel\u00e9e.\" \/>\n<meta name=\"robots\" content=\"index, follow, max-snippet:-1, max-image-preview:large, max-video-preview:-1\" \/>\n<link rel=\"canonical\" href=\"https:\/\/www.maison-masse.com\/produit\/fluteau-jambon-foie-gras-200g\/\" \/>\n<meta property=\"og:locale\" content=\"en_US\" \/>\n<meta property=\"og:type\" content=\"article\" \/>\n<meta property=\"og:title\" content=\"FLUTEAU DE JAMBON ET FOIE GRAS 200G\" \/>\n<meta property=\"og:description\" content=\"Un fluteau de jambon est une fine tranche de jambon roul\u00e9e renfermant dans leur c\u0153ur un bloc de foie gras de canard, le tout enrob\u00e9 d\u2019une fine gel\u00e9e.\" \/>\n<meta property=\"og:url\" content=\"https:\/\/www.maison-masse.com\/produit\/fluteau-jambon-foie-gras-200g\/\" \/>\n<meta property=\"og:site_name\" content=\"Maison Masse\" \/>\n<meta property=\"article:modified_time\" content=\"2026-04-16T06:22:27+00:00\" \/>\n<meta property=\"og:image\" content=\"https:\/\/www.maison-masse.com\/wp-content\/uploads\/2021\/06\/logo-maisonmasse.png\" \/>\n\t<meta property=\"og:image:width\" content=\"246\" \/>\n\t<meta property=\"og:image:height\" content=\"100\" \/>\n\t<meta property=\"og:image:type\" content=\"image\/png\" \/>\n<meta name=\"twitter:card\" content=\"summary_large_image\" \/>\n<meta name=\"twitter:label1\" content=\"Est. reading time\" \/>\n\t<meta name=\"twitter:data1\" content=\"1 minute\" \/>\n<script type=\"application\/ld+json\" class=\"yoast-schema-graph\">{\"@context\":\"https:\/\/schema.org\",\"@graph\":[{\"@type\":\"WebPage\",\"@id\":\"https:\/\/www.maison-masse.com\/produit\/fluteau-jambon-foie-gras-200g\/\",\"url\":\"https:\/\/www.maison-masse.com\/produit\/fluteau-jambon-foie-gras-200g\/\",\"name\":\"FLUTEAU DE JAMBON ET FOIE GRAS 200G - Maison Masse\",\"isPartOf\":{\"@id\":\"https:\/\/www.maison-masse.com\/en\/#website\"},\"primaryImageOfPage\":{\"@id\":\"https:\/\/www.maison-masse.com\/produit\/fluteau-jambon-foie-gras-200g\/#primaryimage\"},\"image\":{\"@id\":\"https:\/\/www.maison-masse.com\/produit\/fluteau-jambon-foie-gras-200g\/#primaryimage\"},\"thumbnailUrl\":\"https:\/\/www.maison-masse.com\/wp-content\/uploads\/2021\/06\/PFVC142.bmp\",\"datePublished\":\"2021-06-16T09:13:45+00:00\",\"dateModified\":\"2026-04-16T06:22:27+00:00\",\"description\":\"Un fluteau de jambon est une fine tranche de jambon roul\u00e9e renfermant dans leur c\u0153ur un bloc de foie gras de canard, le tout enrob\u00e9 d\u2019une fine gel\u00e9e.\",\"breadcrumb\":{\"@id\":\"https:\/\/www.maison-masse.com\/produit\/fluteau-jambon-foie-gras-200g\/#breadcrumb\"},\"inLanguage\":\"en-US\",\"potentialAction\":[{\"@type\":\"ReadAction\",\"target\":[\"https:\/\/www.maison-masse.com\/produit\/fluteau-jambon-foie-gras-200g\/\"]}]},{\"@type\":\"ImageObject\",\"inLanguage\":\"en-US\",\"@id\":\"https:\/\/www.maison-masse.com\/produit\/fluteau-jambon-foie-gras-200g\/#primaryimage\",\"url\":\"https:\/\/www.maison-masse.com\/wp-content\/uploads\/2021\/06\/PFVC142.bmp\",\"contentUrl\":\"https:\/\/www.maison-masse.com\/wp-content\/uploads\/2021\/06\/PFVC142.bmp\",\"width\":400,\"height\":400,\"caption\":\"FLUTEAU JAMBON FOIE GRAS 200G\"},{\"@type\":\"BreadcrumbList\",\"@id\":\"https:\/\/www.maison-masse.com\/produit\/fluteau-jambon-foie-gras-200g\/#breadcrumb\",\"itemListElement\":[{\"@type\":\"ListItem\",\"position\":1,\"name\":\"Accueil\",\"item\":\"https:\/\/www.maison-masse.com\/en\/\"},{\"@type\":\"ListItem\",\"position\":2,\"name\":\"Boutique\",\"item\":\"https:\/\/www.maison-masse.com\/boutique\/\"},{\"@type\":\"ListItem\",\"position\":3,\"name\":\"FLUTEAU JAMBON FOIE GRAS 200G\"}]},{\"@type\":\"WebSite\",\"@id\":\"https:\/\/www.maison-masse.com\/en\/#website\",\"url\":\"https:\/\/www.maison-masse.com\/en\/\",\"name\":\"Maison Masse\",\"description\":\"La maison du foie gras depuis 1884\",\"publisher\":{\"@id\":\"https:\/\/www.maison-masse.com\/en\/#organization\"},\"potentialAction\":[{\"@type\":\"SearchAction\",\"target\":{\"@type\":\"EntryPoint\",\"urlTemplate\":\"https:\/\/www.maison-masse.com\/en\/?s={search_term_string}\"},\"query-input\":{\"@type\":\"PropertyValueSpecification\",\"valueRequired\":true,\"valueName\":\"search_term_string\"}}],\"inLanguage\":\"en-US\"},{\"@type\":\"Organization\",\"@id\":\"https:\/\/www.maison-masse.com\/en\/#organization\",\"name\":\"Maison Masse\",\"url\":\"https:\/\/www.maison-masse.com\/en\/\",\"logo\":{\"@type\":\"ImageObject\",\"inLanguage\":\"en-US\",\"@id\":\"https:\/\/www.maison-masse.com\/en\/#\/schema\/logo\/image\/\",\"url\":\"https:\/\/www.maison-masse.com\/wp-content\/uploads\/2021\/06\/favicon.png\",\"contentUrl\":\"https:\/\/www.maison-masse.com\/wp-content\/uploads\/2021\/06\/favicon.png\",\"width\":71,\"height\":72,\"caption\":\"Maison Masse\"},\"image\":{\"@id\":\"https:\/\/www.maison-masse.com\/en\/#\/schema\/logo\/image\/\"}}]}<\/script>\n<!-- \/ Yoast SEO Premium plugin. -->","yoast_head_json":{"title":"FLUTEAU DE JAMBON ET FOIE GRAS 200G - Maison Masse","description":"Un fluteau de jambon est une fine tranche de jambon roul\u00e9e renfermant dans leur c\u0153ur un bloc de foie gras de canard, le tout enrob\u00e9 d\u2019une fine gel\u00e9e.","robots":{"index":"index","follow":"follow","max-snippet":"max-snippet:-1","max-image-preview":"max-image-preview:large","max-video-preview":"max-video-preview:-1"},"canonical":"https:\/\/www.maison-masse.com\/produit\/fluteau-jambon-foie-gras-200g\/","og_locale":"en_US","og_type":"article","og_title":"FLUTEAU DE JAMBON ET FOIE GRAS 200G","og_description":"Un fluteau de jambon est une fine tranche de jambon roul\u00e9e renfermant dans leur c\u0153ur un bloc de foie gras de canard, le tout enrob\u00e9 d\u2019une fine gel\u00e9e.","og_url":"https:\/\/www.maison-masse.com\/produit\/fluteau-jambon-foie-gras-200g\/","og_site_name":"Maison Masse","article_modified_time":"2026-04-16T06:22:27+00:00","og_image":[{"width":246,"height":100,"url":"https:\/\/www.maison-masse.com\/wp-content\/uploads\/2021\/06\/logo-maisonmasse.png","type":"image\/png"}],"twitter_card":"summary_large_image","twitter_misc":{"Est. reading time":"1 minute"},"schema":{"@context":"https:\/\/schema.org","@graph":[{"@type":"WebPage","@id":"https:\/\/www.maison-masse.com\/produit\/fluteau-jambon-foie-gras-200g\/","url":"https:\/\/www.maison-masse.com\/produit\/fluteau-jambon-foie-gras-200g\/","name":"FLUTEAU DE JAMBON ET FOIE GRAS 200G - Maison Masse","isPartOf":{"@id":"https:\/\/www.maison-masse.com\/en\/#website"},"primaryImageOfPage":{"@id":"https:\/\/www.maison-masse.com\/produit\/fluteau-jambon-foie-gras-200g\/#primaryimage"},"image":{"@id":"https:\/\/www.maison-masse.com\/produit\/fluteau-jambon-foie-gras-200g\/#primaryimage"},"thumbnailUrl":"https:\/\/www.maison-masse.com\/wp-content\/uploads\/2021\/06\/PFVC142.bmp","datePublished":"2021-06-16T09:13:45+00:00","dateModified":"2026-04-16T06:22:27+00:00","description":"Un fluteau de jambon est une fine tranche de jambon roul\u00e9e renfermant dans leur c\u0153ur un bloc de foie gras de canard, le tout enrob\u00e9 d\u2019une fine gel\u00e9e.","breadcrumb":{"@id":"https:\/\/www.maison-masse.com\/produit\/fluteau-jambon-foie-gras-200g\/#breadcrumb"},"inLanguage":"en-US","potentialAction":[{"@type":"ReadAction","target":["https:\/\/www.maison-masse.com\/produit\/fluteau-jambon-foie-gras-200g\/"]}]},{"@type":"ImageObject","inLanguage":"en-US","@id":"https:\/\/www.maison-masse.com\/produit\/fluteau-jambon-foie-gras-200g\/#primaryimage","url":"https:\/\/www.maison-masse.com\/wp-content\/uploads\/2021\/06\/PFVC142.bmp","contentUrl":"https:\/\/www.maison-masse.com\/wp-content\/uploads\/2021\/06\/PFVC142.bmp","width":400,"height":400,"caption":"FLUTEAU JAMBON FOIE GRAS 200G"},{"@type":"BreadcrumbList","@id":"https:\/\/www.maison-masse.com\/produit\/fluteau-jambon-foie-gras-200g\/#breadcrumb","itemListElement":[{"@type":"ListItem","position":1,"name":"Accueil","item":"https:\/\/www.maison-masse.com\/en\/"},{"@type":"ListItem","position":2,"name":"Boutique","item":"https:\/\/www.maison-masse.com\/boutique\/"},{"@type":"ListItem","position":3,"name":"FLUTEAU JAMBON FOIE GRAS 200G"}]},{"@type":"WebSite","@id":"https:\/\/www.maison-masse.com\/en\/#website","url":"https:\/\/www.maison-masse.com\/en\/","name":"Maison Masse","description":"La maison du foie gras depuis 1884","publisher":{"@id":"https:\/\/www.maison-masse.com\/en\/#organization"},"potentialAction":[{"@type":"SearchAction","target":{"@type":"EntryPoint","urlTemplate":"https:\/\/www.maison-masse.com\/en\/?s={search_term_string}"},"query-input":{"@type":"PropertyValueSpecification","valueRequired":true,"valueName":"search_term_string"}}],"inLanguage":"en-US"},{"@type":"Organization","@id":"https:\/\/www.maison-masse.com\/en\/#organization","name":"Maison Masse","url":"https:\/\/www.maison-masse.com\/en\/","logo":{"@type":"ImageObject","inLanguage":"en-US","@id":"https:\/\/www.maison-masse.com\/en\/#\/schema\/logo\/image\/","url":"https:\/\/www.maison-masse.com\/wp-content\/uploads\/2021\/06\/favicon.png","contentUrl":"https:\/\/www.maison-masse.com\/wp-content\/uploads\/2021\/06\/favicon.png","width":71,"height":72,"caption":"Maison Masse"},"image":{"@id":"https:\/\/www.maison-masse.com\/en\/#\/schema\/logo\/image\/"}}]}},"_links":{"self":[{"href":"https:\/\/www.maison-masse.com\/en\/wp-json\/wp\/v2\/product\/7805","targetHints":{"allow":["GET"]}}],"collection":[{"href":"https:\/\/www.maison-masse.com\/en\/wp-json\/wp\/v2\/product"}],"about":[{"href":"https:\/\/www.maison-masse.com\/en\/wp-json\/wp\/v2\/types\/product"}],"replies":[{"embeddable":true,"href":"https:\/\/www.maison-masse.com\/en\/wp-json\/wp\/v2\/comments?post=7805"}],"wp:featuredmedia":[{"embeddable":true,"href":"https:\/\/www.maison-masse.com\/en\/wp-json\/wp\/v2\/media\/8681"}],"wp:attachment":[{"href":"https:\/\/www.maison-masse.com\/en\/wp-json\/wp\/v2\/media?parent=7805"}],"wp:term":[{"taxonomy":"product_brand","embeddable":true,"href":"https:\/\/www.maison-masse.com\/en\/wp-json\/wp\/v2\/product_brand?post=7805"},{"taxonomy":"product_cat","embeddable":true,"href":"https:\/\/www.maison-masse.com\/en\/wp-json\/wp\/v2\/product_cat?post=7805"},{"taxonomy":"product_tag","embeddable":true,"href":"https:\/\/www.maison-masse.com\/en\/wp-json\/wp\/v2\/product_tag?post=7805"}],"curies":[{"name":"wp","href":"https:\/\/api.w.org\/{rel}","templated":true}]}}