{"id":7804,"date":"2021-06-16T11:13:44","date_gmt":"2021-06-16T09:13:44","guid":{"rendered":"https:\/\/maisonmasse.jk2agenceweb.com\/?post_type=product&#038;p=7804"},"modified":"2026-04-19T09:44:28","modified_gmt":"2026-04-19T07:44:28","slug":"civet-de-canard-bergerac-700g","status":"publish","type":"product","link":"https:\/\/www.maison-masse.com\/en\/produit\/civet-de-canard-bergerac-700g\/","title":{"rendered":"CIVET DE CANARD AU VIN DE BERGERAC 700G"},"content":{"rendered":"<p>Le civet de canard au vin de bergerac est 100% fran\u00e7ais. Sa sauce au vin prononc\u00e9e et g\u00e9n\u00e9reuse fait de ce plat un r\u00e9gal pour les amoureux de canard et de vin.<\/p>\n<p>D\u00e9gustation :<br \/>\nFaire r\u00e9chauffer le civet sans le faire bouillir. Il peut \u00eatre accompagn\u00e9 de riz (tha\u00ef ou basmati), de p\u00e2tes, de pommes vapeur &#8230;<\/p>\n<p>Valeurs nutritionnelles du civet de canard :<br \/>\nEnergie : 659kj \/ 157kal<br \/>\nGraisse: 6,7Gg dont acides gras satur\u00e9s : 3,1g<br \/>\nGlucides : 3,4G dont sucres 0,8g<br \/>\nProt\u00e9ines : 20g<br \/>\nSel : 1,90g<\/p>\n<p>Ingr\u00e9dients du civet :<br \/>\nViande de canard origine France, sauce (eau, vin rouge 13%, ar\u00f4mes, amidon modifi\u00e9, sucre, plantes aromatiques, tomates, \u00e9paississant: E415, \u00e9pices, Cognac), sel.<\/p>\n<p>D\u00e9couvrez nos autres plats cuisin\u00e9s : <a href=\"https:\/\/www.maison-masse.com\/categorie-produit\/014-pates-plats-cuisines-conserve\/\">https:\/\/www.maison-masse.com\/categorie-produit\/014-pates-plats-cuisines-conserve\/<\/a><\/p>\n<p>Suivez-nous sur Instagram : <a href=\"https:\/\/www.instagram.com\/maisonmasse\/?hl=fr\">https:\/\/www.instagram.com\/maisonmasse\/?hl=fr<\/a><\/p>\n","protected":false},"excerpt":{"rendered":"<p>Le civet de canard au vin de bergerac est 100% fran\u00e7ais. Sa sauce au vin prononc\u00e9e et g\u00e9n\u00e9reuse fait de ce plat un r\u00e9gal pour les amoureux de canard et de vin.<\/p>\n","protected":false},"featured_media":8679,"comment_status":"open","ping_status":"closed","template":"","meta":{"_acf_changed":false,"wprm-recipe-roundup-name":"","wprm-recipe-roundup-description":""},"product_brand":[],"product_cat":[543],"product_tag":[1033,1027],"class_list":{"0":"post-7804","1":"product","2":"type-product","3":"status-publish","4":"has-post-thumbnail","6":"product_cat-les-plats-cuisines","7":"product_tag-canard","8":"product_tag-masse","10":"first","11":"instock","12":"taxable","13":"shipping-taxable","14":"purchasable","15":"product-type-simple"},"acf":[],"yoast_head":"<!-- This site is optimized with the Yoast SEO Premium plugin v26.8 (Yoast SEO v26.8) - https:\/\/yoast.com\/product\/yoast-seo-premium-wordpress\/ -->\n<title>CIVET DE CANARD AU VIN DE BERGERAC 700G - Maison Masse<\/title>\n<meta name=\"description\" content=\"Le civet de canard au vin de bergerac est 100% fran\u00e7ais. Sa sauce au vin prononc\u00e9e et g\u00e9n\u00e9reuse fait de ce plat un r\u00e9gal.\" \/>\n<meta name=\"robots\" content=\"index, follow, max-snippet:-1, max-image-preview:large, max-video-preview:-1\" \/>\n<link rel=\"canonical\" href=\"https:\/\/www.maison-masse.com\/produit\/civet-de-canard-bergerac-700g\/\" \/>\n<meta property=\"og:locale\" content=\"en_US\" \/>\n<meta property=\"og:type\" content=\"article\" \/>\n<meta property=\"og:title\" content=\"CIVET DE CANARD AU VIN DE BERGERAC 700G\" \/>\n<meta property=\"og:description\" content=\"Le civet de canard au vin de bergerac est 100% fran\u00e7ais. Sa sauce au vin prononc\u00e9e et g\u00e9n\u00e9reuse fait de ce plat un r\u00e9gal.\" \/>\n<meta property=\"og:url\" content=\"https:\/\/www.maison-masse.com\/produit\/civet-de-canard-bergerac-700g\/\" \/>\n<meta property=\"og:site_name\" content=\"Maison Masse\" \/>\n<meta property=\"article:modified_time\" content=\"2026-04-19T07:44:28+00:00\" \/>\n<meta property=\"og:image\" content=\"https:\/\/www.maison-masse.com\/wp-content\/uploads\/2021\/06\/logo-maisonmasse.png\" \/>\n\t<meta property=\"og:image:width\" content=\"246\" \/>\n\t<meta property=\"og:image:height\" content=\"100\" \/>\n\t<meta property=\"og:image:type\" content=\"image\/png\" \/>\n<meta name=\"twitter:card\" content=\"summary_large_image\" \/>\n<meta name=\"twitter:label1\" content=\"Est. reading time\" \/>\n\t<meta name=\"twitter:data1\" content=\"1 minute\" \/>\n<script type=\"application\/ld+json\" class=\"yoast-schema-graph\">{\"@context\":\"https:\/\/schema.org\",\"@graph\":[{\"@type\":\"WebPage\",\"@id\":\"https:\/\/www.maison-masse.com\/produit\/civet-de-canard-bergerac-700g\/\",\"url\":\"https:\/\/www.maison-masse.com\/produit\/civet-de-canard-bergerac-700g\/\",\"name\":\"CIVET DE CANARD AU VIN DE BERGERAC 700G - Maison Masse\",\"isPartOf\":{\"@id\":\"https:\/\/www.maison-masse.com\/en\/#website\"},\"primaryImageOfPage\":{\"@id\":\"https:\/\/www.maison-masse.com\/produit\/civet-de-canard-bergerac-700g\/#primaryimage\"},\"image\":{\"@id\":\"https:\/\/www.maison-masse.com\/produit\/civet-de-canard-bergerac-700g\/#primaryimage\"},\"thumbnailUrl\":\"https:\/\/www.maison-masse.com\/wp-content\/uploads\/2021\/06\/PFVC141.bmp\",\"datePublished\":\"2021-06-16T09:13:44+00:00\",\"dateModified\":\"2026-04-19T07:44:28+00:00\",\"description\":\"Le civet de canard au vin de bergerac est 100% fran\u00e7ais. Sa sauce au vin prononc\u00e9e et g\u00e9n\u00e9reuse fait de ce plat un r\u00e9gal.\",\"breadcrumb\":{\"@id\":\"https:\/\/www.maison-masse.com\/produit\/civet-de-canard-bergerac-700g\/#breadcrumb\"},\"inLanguage\":\"en-US\",\"potentialAction\":[{\"@type\":\"ReadAction\",\"target\":[\"https:\/\/www.maison-masse.com\/produit\/civet-de-canard-bergerac-700g\/\"]}]},{\"@type\":\"ImageObject\",\"inLanguage\":\"en-US\",\"@id\":\"https:\/\/www.maison-masse.com\/produit\/civet-de-canard-bergerac-700g\/#primaryimage\",\"url\":\"https:\/\/www.maison-masse.com\/wp-content\/uploads\/2021\/06\/PFVC141.bmp\",\"contentUrl\":\"https:\/\/www.maison-masse.com\/wp-content\/uploads\/2021\/06\/PFVC141.bmp\",\"width\":618,\"height\":366,\"caption\":\"CIVET DE CANARD\/BERGERAC 700G\"},{\"@type\":\"BreadcrumbList\",\"@id\":\"https:\/\/www.maison-masse.com\/produit\/civet-de-canard-bergerac-700g\/#breadcrumb\",\"itemListElement\":[{\"@type\":\"ListItem\",\"position\":1,\"name\":\"Accueil\",\"item\":\"https:\/\/www.maison-masse.com\/en\/\"},{\"@type\":\"ListItem\",\"position\":2,\"name\":\"Boutique\",\"item\":\"https:\/\/www.maison-masse.com\/boutique\/\"},{\"@type\":\"ListItem\",\"position\":3,\"name\":\"CIVET DE CANARD\/BERGERAC 700G\"}]},{\"@type\":\"WebSite\",\"@id\":\"https:\/\/www.maison-masse.com\/en\/#website\",\"url\":\"https:\/\/www.maison-masse.com\/en\/\",\"name\":\"Maison Masse\",\"description\":\"La maison du foie gras depuis 1884\",\"publisher\":{\"@id\":\"https:\/\/www.maison-masse.com\/en\/#organization\"},\"potentialAction\":[{\"@type\":\"SearchAction\",\"target\":{\"@type\":\"EntryPoint\",\"urlTemplate\":\"https:\/\/www.maison-masse.com\/en\/?s={search_term_string}\"},\"query-input\":{\"@type\":\"PropertyValueSpecification\",\"valueRequired\":true,\"valueName\":\"search_term_string\"}}],\"inLanguage\":\"en-US\"},{\"@type\":\"Organization\",\"@id\":\"https:\/\/www.maison-masse.com\/en\/#organization\",\"name\":\"Maison Masse\",\"url\":\"https:\/\/www.maison-masse.com\/en\/\",\"logo\":{\"@type\":\"ImageObject\",\"inLanguage\":\"en-US\",\"@id\":\"https:\/\/www.maison-masse.com\/en\/#\/schema\/logo\/image\/\",\"url\":\"https:\/\/www.maison-masse.com\/wp-content\/uploads\/2021\/06\/favicon.png\",\"contentUrl\":\"https:\/\/www.maison-masse.com\/wp-content\/uploads\/2021\/06\/favicon.png\",\"width\":71,\"height\":72,\"caption\":\"Maison Masse\"},\"image\":{\"@id\":\"https:\/\/www.maison-masse.com\/en\/#\/schema\/logo\/image\/\"}}]}<\/script>\n<!-- \/ Yoast SEO Premium plugin. -->","yoast_head_json":{"title":"CIVET DE CANARD AU VIN DE BERGERAC 700G - Maison Masse","description":"Le civet de canard au vin de bergerac est 100% fran\u00e7ais. Sa sauce au vin prononc\u00e9e et g\u00e9n\u00e9reuse fait de ce plat un r\u00e9gal.","robots":{"index":"index","follow":"follow","max-snippet":"max-snippet:-1","max-image-preview":"max-image-preview:large","max-video-preview":"max-video-preview:-1"},"canonical":"https:\/\/www.maison-masse.com\/produit\/civet-de-canard-bergerac-700g\/","og_locale":"en_US","og_type":"article","og_title":"CIVET DE CANARD AU VIN DE BERGERAC 700G","og_description":"Le civet de canard au vin de bergerac est 100% fran\u00e7ais. Sa sauce au vin prononc\u00e9e et g\u00e9n\u00e9reuse fait de ce plat un r\u00e9gal.","og_url":"https:\/\/www.maison-masse.com\/produit\/civet-de-canard-bergerac-700g\/","og_site_name":"Maison Masse","article_modified_time":"2026-04-19T07:44:28+00:00","og_image":[{"width":246,"height":100,"url":"https:\/\/www.maison-masse.com\/wp-content\/uploads\/2021\/06\/logo-maisonmasse.png","type":"image\/png"}],"twitter_card":"summary_large_image","twitter_misc":{"Est. reading time":"1 minute"},"schema":{"@context":"https:\/\/schema.org","@graph":[{"@type":"WebPage","@id":"https:\/\/www.maison-masse.com\/produit\/civet-de-canard-bergerac-700g\/","url":"https:\/\/www.maison-masse.com\/produit\/civet-de-canard-bergerac-700g\/","name":"CIVET DE CANARD AU VIN DE BERGERAC 700G - Maison Masse","isPartOf":{"@id":"https:\/\/www.maison-masse.com\/en\/#website"},"primaryImageOfPage":{"@id":"https:\/\/www.maison-masse.com\/produit\/civet-de-canard-bergerac-700g\/#primaryimage"},"image":{"@id":"https:\/\/www.maison-masse.com\/produit\/civet-de-canard-bergerac-700g\/#primaryimage"},"thumbnailUrl":"https:\/\/www.maison-masse.com\/wp-content\/uploads\/2021\/06\/PFVC141.bmp","datePublished":"2021-06-16T09:13:44+00:00","dateModified":"2026-04-19T07:44:28+00:00","description":"Le civet de canard au vin de bergerac est 100% fran\u00e7ais. Sa sauce au vin prononc\u00e9e et g\u00e9n\u00e9reuse fait de ce plat un r\u00e9gal.","breadcrumb":{"@id":"https:\/\/www.maison-masse.com\/produit\/civet-de-canard-bergerac-700g\/#breadcrumb"},"inLanguage":"en-US","potentialAction":[{"@type":"ReadAction","target":["https:\/\/www.maison-masse.com\/produit\/civet-de-canard-bergerac-700g\/"]}]},{"@type":"ImageObject","inLanguage":"en-US","@id":"https:\/\/www.maison-masse.com\/produit\/civet-de-canard-bergerac-700g\/#primaryimage","url":"https:\/\/www.maison-masse.com\/wp-content\/uploads\/2021\/06\/PFVC141.bmp","contentUrl":"https:\/\/www.maison-masse.com\/wp-content\/uploads\/2021\/06\/PFVC141.bmp","width":618,"height":366,"caption":"CIVET DE CANARD\/BERGERAC 700G"},{"@type":"BreadcrumbList","@id":"https:\/\/www.maison-masse.com\/produit\/civet-de-canard-bergerac-700g\/#breadcrumb","itemListElement":[{"@type":"ListItem","position":1,"name":"Accueil","item":"https:\/\/www.maison-masse.com\/en\/"},{"@type":"ListItem","position":2,"name":"Boutique","item":"https:\/\/www.maison-masse.com\/boutique\/"},{"@type":"ListItem","position":3,"name":"CIVET DE CANARD\/BERGERAC 700G"}]},{"@type":"WebSite","@id":"https:\/\/www.maison-masse.com\/en\/#website","url":"https:\/\/www.maison-masse.com\/en\/","name":"Maison Masse","description":"La maison du foie gras depuis 1884","publisher":{"@id":"https:\/\/www.maison-masse.com\/en\/#organization"},"potentialAction":[{"@type":"SearchAction","target":{"@type":"EntryPoint","urlTemplate":"https:\/\/www.maison-masse.com\/en\/?s={search_term_string}"},"query-input":{"@type":"PropertyValueSpecification","valueRequired":true,"valueName":"search_term_string"}}],"inLanguage":"en-US"},{"@type":"Organization","@id":"https:\/\/www.maison-masse.com\/en\/#organization","name":"Maison Masse","url":"https:\/\/www.maison-masse.com\/en\/","logo":{"@type":"ImageObject","inLanguage":"en-US","@id":"https:\/\/www.maison-masse.com\/en\/#\/schema\/logo\/image\/","url":"https:\/\/www.maison-masse.com\/wp-content\/uploads\/2021\/06\/favicon.png","contentUrl":"https:\/\/www.maison-masse.com\/wp-content\/uploads\/2021\/06\/favicon.png","width":71,"height":72,"caption":"Maison Masse"},"image":{"@id":"https:\/\/www.maison-masse.com\/en\/#\/schema\/logo\/image\/"}}]}},"_links":{"self":[{"href":"https:\/\/www.maison-masse.com\/en\/wp-json\/wp\/v2\/product\/7804","targetHints":{"allow":["GET"]}}],"collection":[{"href":"https:\/\/www.maison-masse.com\/en\/wp-json\/wp\/v2\/product"}],"about":[{"href":"https:\/\/www.maison-masse.com\/en\/wp-json\/wp\/v2\/types\/product"}],"replies":[{"embeddable":true,"href":"https:\/\/www.maison-masse.com\/en\/wp-json\/wp\/v2\/comments?post=7804"}],"wp:featuredmedia":[{"embeddable":true,"href":"https:\/\/www.maison-masse.com\/en\/wp-json\/wp\/v2\/media\/8679"}],"wp:attachment":[{"href":"https:\/\/www.maison-masse.com\/en\/wp-json\/wp\/v2\/media?parent=7804"}],"wp:term":[{"taxonomy":"product_brand","embeddable":true,"href":"https:\/\/www.maison-masse.com\/en\/wp-json\/wp\/v2\/product_brand?post=7804"},{"taxonomy":"product_cat","embeddable":true,"href":"https:\/\/www.maison-masse.com\/en\/wp-json\/wp\/v2\/product_cat?post=7804"},{"taxonomy":"product_tag","embeddable":true,"href":"https:\/\/www.maison-masse.com\/en\/wp-json\/wp\/v2\/product_tag?post=7804"}],"curies":[{"name":"wp","href":"https:\/\/api.w.org\/{rel}","templated":true}]}}