{"id":7784,"date":"2021-06-16T11:13:36","date_gmt":"2021-06-16T09:13:36","guid":{"rendered":"https:\/\/maisonmasse.jk2agenceweb.com\/?post_type=product&#038;p=7784"},"modified":"2026-04-19T09:43:36","modified_gmt":"2026-04-19T07:43:36","slug":"rillette-canard-bocal-190g","status":"publish","type":"product","link":"https:\/\/www.maison-masse.com\/en\/produit\/rillette-canard-bocal-190g\/","title":{"rendered":"RILLETTE DE CANARD EN BOCAL DE 190G"},"content":{"rendered":"<div class=\"ProductMeta\">\n<div class=\"ProductMeta__Description\">\n<div class=\"Rte\">\n<div class=\"epicure-product-tabs\">\n<div id=\"tab-0\" class=\"tab-content current\">\n<p>Les rillettes de canard sont constitu\u00e9es de viande de canard 100% fran\u00e7aise. Gr\u00e2ce \u00e0 une cuisson lente, ces rillettes d\u00e9veloppent une saveur longue en bouche et fondante.<\/p>\n<p>D\u00e9gustation :<br \/>\nCes rillettes de canard sont parfaites pour accompagner vos ap\u00e9ritifs ou entr\u00e9es, tartin\u00e9es sur du pain de campagne et accompagn\u00e9 de salade<\/p>\n<div class=\"TableWrapper\">\n<table>\n<tbody>\n<tr>\n<td>Valeurs nutritionnelles moyennes pour 100g<\/td>\n<td>2005 kJ (485 kcal)<\/td>\n<\/tr>\n<tr>\n<td>Mati\u00e8res grasses<\/td>\n<td>46,1 g<\/td>\n<\/tr>\n<tr>\n<td>Dont acides gras satur\u00e9s<\/td>\n<td>16,4 g<\/td>\n<\/tr>\n<tr>\n<td>Glucides<\/td>\n<td>0,3 g<\/td>\n<\/tr>\n<tr>\n<td>Dont sucres<\/td>\n<td>0,2 g<\/td>\n<\/tr>\n<tr>\n<td>Prot\u00e9ines<\/td>\n<td>17,1 g<\/td>\n<\/tr>\n<tr>\n<td>Sel<\/td>\n<td>2,2 g<\/td>\n<\/tr>\n<\/tbody>\n<\/table>\n<\/div>\n<p>Ingr\u00e9dients : Maigre et gras de canard (origine France) 98%, sel, poivre, \u00e9pices.<\/p>\n<p>D\u00e9couvrez les autres p\u00e2t\u00e9s et rillettes de la Maison Masse : <a href=\"https:\/\/www.maison-masse.com\/categorie-produit\/014-pates-plats-cuisines-conserve\/les-pates-rillettes\/\">https:\/\/www.maison-masse.com\/categorie-produit\/014-pates-plats-cuisines-conserve\/les-pates-rillettes\/<\/a><\/p>\n<p>Suivez-nous sur Instagram : <a href=\"https:\/\/www.instagram.com\/maisonmasse\/?hl=fr\">https:\/\/www.instagram.com\/maisonmasse\/?hl=fr<\/a><\/p>\n<\/div>\n<\/div>\n<\/div>\n<\/div>\n<\/div>\n","protected":false},"excerpt":{"rendered":"<p>Les rillettes de canard sont constitu\u00e9es de viande de canard 100% fran\u00e7aise. Gr\u00e2ce \u00e0 une cuisson lente, ces rillettes d\u00e9veloppent une saveur longue en bouche et fondante.<\/p>\n","protected":false},"featured_media":8639,"comment_status":"open","ping_status":"closed","template":"","meta":{"_acf_changed":false,"wprm-recipe-roundup-name":"","wprm-recipe-roundup-description":""},"product_brand":[],"product_cat":[541],"product_tag":[1033,1027,1069],"class_list":{"0":"post-7784","1":"product","2":"type-product","3":"status-publish","4":"has-post-thumbnail","6":"product_cat-les-pates-rillettes","7":"product_tag-canard","8":"product_tag-masse","9":"product_tag-rillette","11":"first","12":"instock","13":"taxable","14":"shipping-taxable","15":"purchasable","16":"product-type-simple"},"acf":[],"yoast_head":"<!-- This site is optimized with the Yoast SEO Premium plugin v26.8 (Yoast SEO v26.8) - https:\/\/yoast.com\/product\/yoast-seo-premium-wordpress\/ -->\n<title>Rillettes de canard - Vente en ligne - Maison Masse<\/title>\n<meta name=\"description\" content=\"Nos rillettes de canard sont 100% viande fran\u00e7aise, parfaites pour accompagner ap\u00e9ritifs, entr\u00e9es. Vente en ligne, livraison \u00e0 domicile.\" \/>\n<meta name=\"robots\" content=\"index, follow, max-snippet:-1, max-image-preview:large, max-video-preview:-1\" \/>\n<link rel=\"canonical\" href=\"https:\/\/www.maison-masse.com\/produit\/rillette-canard-bocal-190g\/\" \/>\n<meta property=\"og:locale\" content=\"en_US\" \/>\n<meta property=\"og:type\" content=\"article\" \/>\n<meta property=\"og:title\" content=\"RILLETTE DE CANARD EN BOCAL DE 190G\" \/>\n<meta property=\"og:description\" content=\"Nos rillettes de canard sont 100% viande fran\u00e7aise, parfaites pour accompagner ap\u00e9ritifs, entr\u00e9es. Vente en ligne, livraison \u00e0 domicile.\" \/>\n<meta property=\"og:url\" content=\"https:\/\/www.maison-masse.com\/produit\/rillette-canard-bocal-190g\/\" \/>\n<meta property=\"og:site_name\" content=\"Maison Masse\" \/>\n<meta property=\"article:modified_time\" content=\"2026-04-19T07:43:36+00:00\" \/>\n<meta property=\"og:image\" content=\"https:\/\/www.maison-masse.com\/wp-content\/uploads\/2021\/06\/logo-maisonmasse.png\" \/>\n\t<meta property=\"og:image:width\" content=\"246\" \/>\n\t<meta property=\"og:image:height\" content=\"100\" \/>\n\t<meta property=\"og:image:type\" content=\"image\/png\" \/>\n<meta name=\"twitter:card\" content=\"summary_large_image\" \/>\n<meta name=\"twitter:label1\" content=\"Est. reading time\" \/>\n\t<meta name=\"twitter:data1\" content=\"1 minute\" \/>\n<script type=\"application\/ld+json\" class=\"yoast-schema-graph\">{\"@context\":\"https:\/\/schema.org\",\"@graph\":[{\"@type\":\"WebPage\",\"@id\":\"https:\/\/www.maison-masse.com\/produit\/rillette-canard-bocal-190g\/\",\"url\":\"https:\/\/www.maison-masse.com\/produit\/rillette-canard-bocal-190g\/\",\"name\":\"Rillettes de canard - Vente en ligne - Maison Masse\",\"isPartOf\":{\"@id\":\"https:\/\/www.maison-masse.com\/en\/#website\"},\"primaryImageOfPage\":{\"@id\":\"https:\/\/www.maison-masse.com\/produit\/rillette-canard-bocal-190g\/#primaryimage\"},\"image\":{\"@id\":\"https:\/\/www.maison-masse.com\/produit\/rillette-canard-bocal-190g\/#primaryimage\"},\"thumbnailUrl\":\"https:\/\/www.maison-masse.com\/wp-content\/uploads\/2021\/06\/PFVC084.bmp\",\"datePublished\":\"2021-06-16T09:13:36+00:00\",\"dateModified\":\"2026-04-19T07:43:36+00:00\",\"description\":\"Nos rillettes de canard sont 100% viande fran\u00e7aise, parfaites pour accompagner ap\u00e9ritifs, entr\u00e9es. Vente en ligne, livraison \u00e0 domicile.\",\"breadcrumb\":{\"@id\":\"https:\/\/www.maison-masse.com\/produit\/rillette-canard-bocal-190g\/#breadcrumb\"},\"inLanguage\":\"en-US\",\"potentialAction\":[{\"@type\":\"ReadAction\",\"target\":[\"https:\/\/www.maison-masse.com\/produit\/rillette-canard-bocal-190g\/\"]}]},{\"@type\":\"ImageObject\",\"inLanguage\":\"en-US\",\"@id\":\"https:\/\/www.maison-masse.com\/produit\/rillette-canard-bocal-190g\/#primaryimage\",\"url\":\"https:\/\/www.maison-masse.com\/wp-content\/uploads\/2021\/06\/PFVC084.bmp\",\"contentUrl\":\"https:\/\/www.maison-masse.com\/wp-content\/uploads\/2021\/06\/PFVC084.bmp\",\"width\":456,\"height\":603,\"caption\":\"RILLETTE CANARD BOCAL 190G\"},{\"@type\":\"BreadcrumbList\",\"@id\":\"https:\/\/www.maison-masse.com\/produit\/rillette-canard-bocal-190g\/#breadcrumb\",\"itemListElement\":[{\"@type\":\"ListItem\",\"position\":1,\"name\":\"Accueil\",\"item\":\"https:\/\/www.maison-masse.com\/en\/\"},{\"@type\":\"ListItem\",\"position\":2,\"name\":\"Boutique\",\"item\":\"https:\/\/www.maison-masse.com\/boutique\/\"},{\"@type\":\"ListItem\",\"position\":3,\"name\":\"RILLETTE CANARD BOCAL 190G\"}]},{\"@type\":\"WebSite\",\"@id\":\"https:\/\/www.maison-masse.com\/en\/#website\",\"url\":\"https:\/\/www.maison-masse.com\/en\/\",\"name\":\"Maison Masse\",\"description\":\"La maison du foie gras depuis 1884\",\"publisher\":{\"@id\":\"https:\/\/www.maison-masse.com\/en\/#organization\"},\"potentialAction\":[{\"@type\":\"SearchAction\",\"target\":{\"@type\":\"EntryPoint\",\"urlTemplate\":\"https:\/\/www.maison-masse.com\/en\/?s={search_term_string}\"},\"query-input\":{\"@type\":\"PropertyValueSpecification\",\"valueRequired\":true,\"valueName\":\"search_term_string\"}}],\"inLanguage\":\"en-US\"},{\"@type\":\"Organization\",\"@id\":\"https:\/\/www.maison-masse.com\/en\/#organization\",\"name\":\"Maison Masse\",\"url\":\"https:\/\/www.maison-masse.com\/en\/\",\"logo\":{\"@type\":\"ImageObject\",\"inLanguage\":\"en-US\",\"@id\":\"https:\/\/www.maison-masse.com\/en\/#\/schema\/logo\/image\/\",\"url\":\"https:\/\/www.maison-masse.com\/wp-content\/uploads\/2021\/06\/favicon.png\",\"contentUrl\":\"https:\/\/www.maison-masse.com\/wp-content\/uploads\/2021\/06\/favicon.png\",\"width\":71,\"height\":72,\"caption\":\"Maison Masse\"},\"image\":{\"@id\":\"https:\/\/www.maison-masse.com\/en\/#\/schema\/logo\/image\/\"}}]}<\/script>\n<!-- \/ Yoast SEO Premium plugin. -->","yoast_head_json":{"title":"Rillettes de canard - Vente en ligne - Maison Masse","description":"Nos rillettes de canard sont 100% viande fran\u00e7aise, parfaites pour accompagner ap\u00e9ritifs, entr\u00e9es. Vente en ligne, livraison \u00e0 domicile.","robots":{"index":"index","follow":"follow","max-snippet":"max-snippet:-1","max-image-preview":"max-image-preview:large","max-video-preview":"max-video-preview:-1"},"canonical":"https:\/\/www.maison-masse.com\/produit\/rillette-canard-bocal-190g\/","og_locale":"en_US","og_type":"article","og_title":"RILLETTE DE CANARD EN BOCAL DE 190G","og_description":"Nos rillettes de canard sont 100% viande fran\u00e7aise, parfaites pour accompagner ap\u00e9ritifs, entr\u00e9es. Vente en ligne, livraison \u00e0 domicile.","og_url":"https:\/\/www.maison-masse.com\/produit\/rillette-canard-bocal-190g\/","og_site_name":"Maison Masse","article_modified_time":"2026-04-19T07:43:36+00:00","og_image":[{"width":246,"height":100,"url":"https:\/\/www.maison-masse.com\/wp-content\/uploads\/2021\/06\/logo-maisonmasse.png","type":"image\/png"}],"twitter_card":"summary_large_image","twitter_misc":{"Est. reading time":"1 minute"},"schema":{"@context":"https:\/\/schema.org","@graph":[{"@type":"WebPage","@id":"https:\/\/www.maison-masse.com\/produit\/rillette-canard-bocal-190g\/","url":"https:\/\/www.maison-masse.com\/produit\/rillette-canard-bocal-190g\/","name":"Rillettes de canard - Vente en ligne - Maison Masse","isPartOf":{"@id":"https:\/\/www.maison-masse.com\/en\/#website"},"primaryImageOfPage":{"@id":"https:\/\/www.maison-masse.com\/produit\/rillette-canard-bocal-190g\/#primaryimage"},"image":{"@id":"https:\/\/www.maison-masse.com\/produit\/rillette-canard-bocal-190g\/#primaryimage"},"thumbnailUrl":"https:\/\/www.maison-masse.com\/wp-content\/uploads\/2021\/06\/PFVC084.bmp","datePublished":"2021-06-16T09:13:36+00:00","dateModified":"2026-04-19T07:43:36+00:00","description":"Nos rillettes de canard sont 100% viande fran\u00e7aise, parfaites pour accompagner ap\u00e9ritifs, entr\u00e9es. Vente en ligne, livraison \u00e0 domicile.","breadcrumb":{"@id":"https:\/\/www.maison-masse.com\/produit\/rillette-canard-bocal-190g\/#breadcrumb"},"inLanguage":"en-US","potentialAction":[{"@type":"ReadAction","target":["https:\/\/www.maison-masse.com\/produit\/rillette-canard-bocal-190g\/"]}]},{"@type":"ImageObject","inLanguage":"en-US","@id":"https:\/\/www.maison-masse.com\/produit\/rillette-canard-bocal-190g\/#primaryimage","url":"https:\/\/www.maison-masse.com\/wp-content\/uploads\/2021\/06\/PFVC084.bmp","contentUrl":"https:\/\/www.maison-masse.com\/wp-content\/uploads\/2021\/06\/PFVC084.bmp","width":456,"height":603,"caption":"RILLETTE CANARD BOCAL 190G"},{"@type":"BreadcrumbList","@id":"https:\/\/www.maison-masse.com\/produit\/rillette-canard-bocal-190g\/#breadcrumb","itemListElement":[{"@type":"ListItem","position":1,"name":"Accueil","item":"https:\/\/www.maison-masse.com\/en\/"},{"@type":"ListItem","position":2,"name":"Boutique","item":"https:\/\/www.maison-masse.com\/boutique\/"},{"@type":"ListItem","position":3,"name":"RILLETTE CANARD BOCAL 190G"}]},{"@type":"WebSite","@id":"https:\/\/www.maison-masse.com\/en\/#website","url":"https:\/\/www.maison-masse.com\/en\/","name":"Maison Masse","description":"La maison du foie gras depuis 1884","publisher":{"@id":"https:\/\/www.maison-masse.com\/en\/#organization"},"potentialAction":[{"@type":"SearchAction","target":{"@type":"EntryPoint","urlTemplate":"https:\/\/www.maison-masse.com\/en\/?s={search_term_string}"},"query-input":{"@type":"PropertyValueSpecification","valueRequired":true,"valueName":"search_term_string"}}],"inLanguage":"en-US"},{"@type":"Organization","@id":"https:\/\/www.maison-masse.com\/en\/#organization","name":"Maison Masse","url":"https:\/\/www.maison-masse.com\/en\/","logo":{"@type":"ImageObject","inLanguage":"en-US","@id":"https:\/\/www.maison-masse.com\/en\/#\/schema\/logo\/image\/","url":"https:\/\/www.maison-masse.com\/wp-content\/uploads\/2021\/06\/favicon.png","contentUrl":"https:\/\/www.maison-masse.com\/wp-content\/uploads\/2021\/06\/favicon.png","width":71,"height":72,"caption":"Maison Masse"},"image":{"@id":"https:\/\/www.maison-masse.com\/en\/#\/schema\/logo\/image\/"}}]}},"_links":{"self":[{"href":"https:\/\/www.maison-masse.com\/en\/wp-json\/wp\/v2\/product\/7784","targetHints":{"allow":["GET"]}}],"collection":[{"href":"https:\/\/www.maison-masse.com\/en\/wp-json\/wp\/v2\/product"}],"about":[{"href":"https:\/\/www.maison-masse.com\/en\/wp-json\/wp\/v2\/types\/product"}],"replies":[{"embeddable":true,"href":"https:\/\/www.maison-masse.com\/en\/wp-json\/wp\/v2\/comments?post=7784"}],"wp:featuredmedia":[{"embeddable":true,"href":"https:\/\/www.maison-masse.com\/en\/wp-json\/wp\/v2\/media\/8639"}],"wp:attachment":[{"href":"https:\/\/www.maison-masse.com\/en\/wp-json\/wp\/v2\/media?parent=7784"}],"wp:term":[{"taxonomy":"product_brand","embeddable":true,"href":"https:\/\/www.maison-masse.com\/en\/wp-json\/wp\/v2\/product_brand?post=7784"},{"taxonomy":"product_cat","embeddable":true,"href":"https:\/\/www.maison-masse.com\/en\/wp-json\/wp\/v2\/product_cat?post=7784"},{"taxonomy":"product_tag","embeddable":true,"href":"https:\/\/www.maison-masse.com\/en\/wp-json\/wp\/v2\/product_tag?post=7784"}],"curies":[{"name":"wp","href":"https:\/\/api.w.org\/{rel}","templated":true}]}}