{"id":7770,"date":"2021-06-16T11:13:27","date_gmt":"2021-06-16T09:13:27","guid":{"rendered":"https:\/\/maisonmasse.jk2agenceweb.com\/?post_type=product&#038;p=7770"},"modified":"2026-04-15T09:10:46","modified_gmt":"2026-04-15T07:10:46","slug":"coeur-saumon-fume-500g-norvege","status":"publish","type":"product","link":"https:\/\/www.maison-masse.com\/en\/produit\/coeur-saumon-fume-500g-norvege\/","title":{"rendered":"COEUR DE SAUMON FUME NORVEGIEN 500G"},"content":{"rendered":"<p>Le c\u0153ur de saumon est un morceau d&#8217;exception du muscle dorsal du poisson. Ce morceau \u00e9pais est \u00e0 la fois moelleux, tendre mais aussi fondant.<\/p>\n<p>Il est peu gras et tr\u00e8s riche en vitamines ainsi qu&#8217;en om\u00e9ga 3.<\/p>\n<p>Comment se d\u00e9guste ce saumon ?<\/p>\n<ul>\n<li>A couper en lamelles ou en cubes et \u00e0 d\u00e9guster sans mod\u00e9ration !<\/li>\n<\/ul>\n<p>Comment l&#8217;accompagner ?<\/p>\n<ul>\n<li>Il est d\u00e9licieux lorsqu&#8217;il est accompagn\u00e9 de c\u00e2pres \u00e0 queue.<\/li>\n<\/ul>\n<p>Origine du coeur de saumon : Norv\u00e8ge<\/p>\n<p>La DLC du coeur de saumon\u00a0 : entre 8 et 15 jours.<\/p>\n<p>D\u00e9couvrez les autres saumons de la Maison Masse : <a href=\"https:\/\/www.maison-masse.com\/categorie-produit\/015-saumon-caviar-oeufs-de-poisson\/saumons\/\">https:\/\/www.maison-masse.com\/categorie-produit\/015-saumon-caviar-oeufs-de-poisson\/saumons\/<\/a><\/p>\n<p>Suivez-nous sur notre Instagram :\u00a0<a href=\"https:\/\/www.instagram.com\/maisonmasse\/\">https:\/\/www.instagram.com\/maisonmasse\/<\/a><\/p>\n","protected":false},"excerpt":{"rendered":"<div id=\"-product-excerpt-100-181\" class=\"oxy-product-excerpt masse-body-text oxy-woo-element\">\n<div class=\"woocommerce-product-details__short-description\">\n<p>Ce morceau \u00e9pais de c\u0153ur de saumon est \u00e0 la fois moelleux, tendre et fondant. A couper en lamelles ou en cubes et \u00e0 d\u00e9guster sans mod\u00e9ration ! D\u00e9licieux accompagn\u00e9 de c\u00e2pres \u00e0 queue.<\/p>\n<\/div>\n<\/div>\n","protected":false},"featured_media":8613,"comment_status":"open","ping_status":"closed","template":"","meta":{"_acf_changed":false,"wprm-recipe-roundup-name":"","wprm-recipe-roundup-description":""},"product_brand":[],"product_cat":[325,533],"product_tag":[1031],"class_list":{"0":"post-7770","1":"product","2":"type-product","3":"status-publish","4":"has-post-thumbnail","6":"product_cat-les-produits-de-la-mer","7":"product_cat-saumons","8":"product_tag-saumon","10":"first","11":"instock","12":"taxable","13":"shipping-taxable","14":"purchasable","15":"product-type-simple"},"acf":[],"yoast_head":"<!-- This site is optimized with the Yoast SEO Premium plugin v26.8 (Yoast SEO v26.8) - https:\/\/yoast.com\/product\/yoast-seo-premium-wordpress\/ -->\n<title>COEUR DE SAUMON FUME NORVEGIEN 500G - Maison Masse<\/title>\n<meta name=\"description\" content=\"Le c\u0153ur de saumon est un morceau d&#039;exception du muscle dorsal du poisson. Ce morceau \u00e9pais est \u00e0 la fois moelleux, tendre et fondant.\" \/>\n<meta name=\"robots\" content=\"index, follow, max-snippet:-1, max-image-preview:large, max-video-preview:-1\" \/>\n<link rel=\"canonical\" href=\"https:\/\/www.maison-masse.com\/produit\/coeur-saumon-fume-500g-norvege\/\" \/>\n<meta property=\"og:locale\" content=\"en_US\" \/>\n<meta property=\"og:type\" content=\"article\" \/>\n<meta property=\"og:title\" content=\"COEUR DE SAUMON FUME NORVEGIEN 500G\" \/>\n<meta property=\"og:description\" content=\"Le c\u0153ur de saumon est un morceau d&#039;exception du muscle dorsal du poisson. Ce morceau \u00e9pais est \u00e0 la fois moelleux, tendre et fondant.\" \/>\n<meta property=\"og:url\" content=\"https:\/\/www.maison-masse.com\/produit\/coeur-saumon-fume-500g-norvege\/\" \/>\n<meta property=\"og:site_name\" content=\"Maison Masse\" \/>\n<meta property=\"article:modified_time\" content=\"2026-04-15T07:10:46+00:00\" \/>\n<meta property=\"og:image\" content=\"https:\/\/www.maison-masse.com\/wp-content\/uploads\/2021\/06\/logo-maisonmasse.png\" \/>\n\t<meta property=\"og:image:width\" content=\"246\" \/>\n\t<meta property=\"og:image:height\" content=\"100\" \/>\n\t<meta property=\"og:image:type\" content=\"image\/png\" \/>\n<meta name=\"twitter:card\" content=\"summary_large_image\" \/>\n<meta name=\"twitter:label1\" content=\"Est. reading time\" \/>\n\t<meta name=\"twitter:data1\" content=\"1 minute\" \/>\n<script type=\"application\/ld+json\" class=\"yoast-schema-graph\">{\"@context\":\"https:\/\/schema.org\",\"@graph\":[{\"@type\":\"WebPage\",\"@id\":\"https:\/\/www.maison-masse.com\/produit\/coeur-saumon-fume-500g-norvege\/\",\"url\":\"https:\/\/www.maison-masse.com\/produit\/coeur-saumon-fume-500g-norvege\/\",\"name\":\"COEUR DE SAUMON FUME NORVEGIEN 500G - Maison Masse\",\"isPartOf\":{\"@id\":\"https:\/\/www.maison-masse.com\/en\/#website\"},\"primaryImageOfPage\":{\"@id\":\"https:\/\/www.maison-masse.com\/produit\/coeur-saumon-fume-500g-norvege\/#primaryimage\"},\"image\":{\"@id\":\"https:\/\/www.maison-masse.com\/produit\/coeur-saumon-fume-500g-norvege\/#primaryimage\"},\"thumbnailUrl\":\"https:\/\/www.maison-masse.com\/wp-content\/uploads\/2021\/06\/PDM0109.bmp\",\"datePublished\":\"2021-06-16T09:13:27+00:00\",\"dateModified\":\"2026-04-15T07:10:46+00:00\",\"description\":\"Le c\u0153ur de saumon est un morceau d'exception du muscle dorsal du poisson. Ce morceau \u00e9pais est \u00e0 la fois moelleux, tendre et fondant.\",\"breadcrumb\":{\"@id\":\"https:\/\/www.maison-masse.com\/produit\/coeur-saumon-fume-500g-norvege\/#breadcrumb\"},\"inLanguage\":\"en-US\",\"potentialAction\":[{\"@type\":\"ReadAction\",\"target\":[\"https:\/\/www.maison-masse.com\/produit\/coeur-saumon-fume-500g-norvege\/\"]}]},{\"@type\":\"ImageObject\",\"inLanguage\":\"en-US\",\"@id\":\"https:\/\/www.maison-masse.com\/produit\/coeur-saumon-fume-500g-norvege\/#primaryimage\",\"url\":\"https:\/\/www.maison-masse.com\/wp-content\/uploads\/2021\/06\/PDM0109.bmp\",\"contentUrl\":\"https:\/\/www.maison-masse.com\/wp-content\/uploads\/2021\/06\/PDM0109.bmp\",\"width\":652,\"height\":326,\"caption\":\"COEUR SAUMON FUME 500G NORVEGE\"},{\"@type\":\"BreadcrumbList\",\"@id\":\"https:\/\/www.maison-masse.com\/produit\/coeur-saumon-fume-500g-norvege\/#breadcrumb\",\"itemListElement\":[{\"@type\":\"ListItem\",\"position\":1,\"name\":\"Accueil\",\"item\":\"https:\/\/www.maison-masse.com\/en\/\"},{\"@type\":\"ListItem\",\"position\":2,\"name\":\"Boutique\",\"item\":\"https:\/\/www.maison-masse.com\/boutique\/\"},{\"@type\":\"ListItem\",\"position\":3,\"name\":\"COEUR SAUMON FUME 500G NORVEGE\"}]},{\"@type\":\"WebSite\",\"@id\":\"https:\/\/www.maison-masse.com\/en\/#website\",\"url\":\"https:\/\/www.maison-masse.com\/en\/\",\"name\":\"Maison Masse\",\"description\":\"La maison du foie gras depuis 1884\",\"publisher\":{\"@id\":\"https:\/\/www.maison-masse.com\/en\/#organization\"},\"potentialAction\":[{\"@type\":\"SearchAction\",\"target\":{\"@type\":\"EntryPoint\",\"urlTemplate\":\"https:\/\/www.maison-masse.com\/en\/?s={search_term_string}\"},\"query-input\":{\"@type\":\"PropertyValueSpecification\",\"valueRequired\":true,\"valueName\":\"search_term_string\"}}],\"inLanguage\":\"en-US\"},{\"@type\":\"Organization\",\"@id\":\"https:\/\/www.maison-masse.com\/en\/#organization\",\"name\":\"Maison Masse\",\"url\":\"https:\/\/www.maison-masse.com\/en\/\",\"logo\":{\"@type\":\"ImageObject\",\"inLanguage\":\"en-US\",\"@id\":\"https:\/\/www.maison-masse.com\/en\/#\/schema\/logo\/image\/\",\"url\":\"https:\/\/www.maison-masse.com\/wp-content\/uploads\/2021\/06\/favicon.png\",\"contentUrl\":\"https:\/\/www.maison-masse.com\/wp-content\/uploads\/2021\/06\/favicon.png\",\"width\":71,\"height\":72,\"caption\":\"Maison Masse\"},\"image\":{\"@id\":\"https:\/\/www.maison-masse.com\/en\/#\/schema\/logo\/image\/\"}}]}<\/script>\n<!-- \/ Yoast SEO Premium plugin. -->","yoast_head_json":{"title":"COEUR DE SAUMON FUME NORVEGIEN 500G - Maison Masse","description":"Le c\u0153ur de saumon est un morceau d'exception du muscle dorsal du poisson. Ce morceau \u00e9pais est \u00e0 la fois moelleux, tendre et fondant.","robots":{"index":"index","follow":"follow","max-snippet":"max-snippet:-1","max-image-preview":"max-image-preview:large","max-video-preview":"max-video-preview:-1"},"canonical":"https:\/\/www.maison-masse.com\/produit\/coeur-saumon-fume-500g-norvege\/","og_locale":"en_US","og_type":"article","og_title":"COEUR DE SAUMON FUME NORVEGIEN 500G","og_description":"Le c\u0153ur de saumon est un morceau d'exception du muscle dorsal du poisson. Ce morceau \u00e9pais est \u00e0 la fois moelleux, tendre et fondant.","og_url":"https:\/\/www.maison-masse.com\/produit\/coeur-saumon-fume-500g-norvege\/","og_site_name":"Maison Masse","article_modified_time":"2026-04-15T07:10:46+00:00","og_image":[{"width":246,"height":100,"url":"https:\/\/www.maison-masse.com\/wp-content\/uploads\/2021\/06\/logo-maisonmasse.png","type":"image\/png"}],"twitter_card":"summary_large_image","twitter_misc":{"Est. reading time":"1 minute"},"schema":{"@context":"https:\/\/schema.org","@graph":[{"@type":"WebPage","@id":"https:\/\/www.maison-masse.com\/produit\/coeur-saumon-fume-500g-norvege\/","url":"https:\/\/www.maison-masse.com\/produit\/coeur-saumon-fume-500g-norvege\/","name":"COEUR DE SAUMON FUME NORVEGIEN 500G - Maison Masse","isPartOf":{"@id":"https:\/\/www.maison-masse.com\/en\/#website"},"primaryImageOfPage":{"@id":"https:\/\/www.maison-masse.com\/produit\/coeur-saumon-fume-500g-norvege\/#primaryimage"},"image":{"@id":"https:\/\/www.maison-masse.com\/produit\/coeur-saumon-fume-500g-norvege\/#primaryimage"},"thumbnailUrl":"https:\/\/www.maison-masse.com\/wp-content\/uploads\/2021\/06\/PDM0109.bmp","datePublished":"2021-06-16T09:13:27+00:00","dateModified":"2026-04-15T07:10:46+00:00","description":"Le c\u0153ur de saumon est un morceau d'exception du muscle dorsal du poisson. Ce morceau \u00e9pais est \u00e0 la fois moelleux, tendre et fondant.","breadcrumb":{"@id":"https:\/\/www.maison-masse.com\/produit\/coeur-saumon-fume-500g-norvege\/#breadcrumb"},"inLanguage":"en-US","potentialAction":[{"@type":"ReadAction","target":["https:\/\/www.maison-masse.com\/produit\/coeur-saumon-fume-500g-norvege\/"]}]},{"@type":"ImageObject","inLanguage":"en-US","@id":"https:\/\/www.maison-masse.com\/produit\/coeur-saumon-fume-500g-norvege\/#primaryimage","url":"https:\/\/www.maison-masse.com\/wp-content\/uploads\/2021\/06\/PDM0109.bmp","contentUrl":"https:\/\/www.maison-masse.com\/wp-content\/uploads\/2021\/06\/PDM0109.bmp","width":652,"height":326,"caption":"COEUR SAUMON FUME 500G NORVEGE"},{"@type":"BreadcrumbList","@id":"https:\/\/www.maison-masse.com\/produit\/coeur-saumon-fume-500g-norvege\/#breadcrumb","itemListElement":[{"@type":"ListItem","position":1,"name":"Accueil","item":"https:\/\/www.maison-masse.com\/en\/"},{"@type":"ListItem","position":2,"name":"Boutique","item":"https:\/\/www.maison-masse.com\/boutique\/"},{"@type":"ListItem","position":3,"name":"COEUR SAUMON FUME 500G NORVEGE"}]},{"@type":"WebSite","@id":"https:\/\/www.maison-masse.com\/en\/#website","url":"https:\/\/www.maison-masse.com\/en\/","name":"Maison Masse","description":"La maison du foie gras depuis 1884","publisher":{"@id":"https:\/\/www.maison-masse.com\/en\/#organization"},"potentialAction":[{"@type":"SearchAction","target":{"@type":"EntryPoint","urlTemplate":"https:\/\/www.maison-masse.com\/en\/?s={search_term_string}"},"query-input":{"@type":"PropertyValueSpecification","valueRequired":true,"valueName":"search_term_string"}}],"inLanguage":"en-US"},{"@type":"Organization","@id":"https:\/\/www.maison-masse.com\/en\/#organization","name":"Maison Masse","url":"https:\/\/www.maison-masse.com\/en\/","logo":{"@type":"ImageObject","inLanguage":"en-US","@id":"https:\/\/www.maison-masse.com\/en\/#\/schema\/logo\/image\/","url":"https:\/\/www.maison-masse.com\/wp-content\/uploads\/2021\/06\/favicon.png","contentUrl":"https:\/\/www.maison-masse.com\/wp-content\/uploads\/2021\/06\/favicon.png","width":71,"height":72,"caption":"Maison Masse"},"image":{"@id":"https:\/\/www.maison-masse.com\/en\/#\/schema\/logo\/image\/"}}]}},"_links":{"self":[{"href":"https:\/\/www.maison-masse.com\/en\/wp-json\/wp\/v2\/product\/7770","targetHints":{"allow":["GET"]}}],"collection":[{"href":"https:\/\/www.maison-masse.com\/en\/wp-json\/wp\/v2\/product"}],"about":[{"href":"https:\/\/www.maison-masse.com\/en\/wp-json\/wp\/v2\/types\/product"}],"replies":[{"embeddable":true,"href":"https:\/\/www.maison-masse.com\/en\/wp-json\/wp\/v2\/comments?post=7770"}],"wp:featuredmedia":[{"embeddable":true,"href":"https:\/\/www.maison-masse.com\/en\/wp-json\/wp\/v2\/media\/8613"}],"wp:attachment":[{"href":"https:\/\/www.maison-masse.com\/en\/wp-json\/wp\/v2\/media?parent=7770"}],"wp:term":[{"taxonomy":"product_brand","embeddable":true,"href":"https:\/\/www.maison-masse.com\/en\/wp-json\/wp\/v2\/product_brand?post=7770"},{"taxonomy":"product_cat","embeddable":true,"href":"https:\/\/www.maison-masse.com\/en\/wp-json\/wp\/v2\/product_cat?post=7770"},{"taxonomy":"product_tag","embeddable":true,"href":"https:\/\/www.maison-masse.com\/en\/wp-json\/wp\/v2\/product_tag?post=7770"}],"curies":[{"name":"wp","href":"https:\/\/api.w.org\/{rel}","templated":true}]}}