{"id":7763,"date":"2021-06-16T11:13:22","date_gmt":"2021-06-16T09:13:22","guid":{"rendered":"https:\/\/maisonmasse.jk2agenceweb.com\/?post_type=product&#038;p=7763"},"modified":"2026-04-15T09:10:22","modified_gmt":"2026-04-15T07:10:22","slug":"oeufs-de-truite-pot-90g","status":"publish","type":"product","link":"https:\/\/www.maison-masse.com\/en\/produit\/oeufs-de-truite-pot-90g\/","title":{"rendered":"OEUF DE TRUITE POT DE 90G"},"content":{"rendered":"<p>Ces oeufs de truite \u00e0 la fois fermes et moelleux, allient finesse de peau et couleur orange \u00e9clatante. Les \u0153ufs sont issus d&#8217;\u00e9levages europ\u00e9ens de truites Arc-en-ciel. A d\u00e9guster, accompagn\u00e9s d&#8217;un lit de cr\u00e8me sur un blini, en agr\u00e9ment de pommes de terre cuites \u00e0 la vapeur ou pour finir en beaut\u00e9 la pr\u00e9sentation d&#8217;une assiette.<\/p>\n<div class=\"product-description\">\n<div class=\"elementor elementor-9030101\">\n<div class=\"elementor-inner\">\n<div class=\"elementor-section-wrap\">\n<div class=\"elementor-section elementor-element elementor-element-8wq7nuu elementor-top-section elementor-section-boxed elementor-section-height-default elementor-section-height-default\" data-element_type=\"section\">\n<div class=\"elementor-container elementor-column-gap-default\">\n<div class=\"elementor-row\">\n<div class=\"elementor-column elementor-element elementor-element-yz1cn0v elementor-col-100 elementor-top-column\" data-element_type=\"column\">\n<div class=\"elementor-column-wrap elementor-element-populated\">\n<div class=\"elementor-widget-wrap\">\n<div class=\"elementor-widget elementor-element elementor-element-5m0robb elementor-widget-text-editor\" data-element_type=\"text-editor.default\">\n<div class=\"elementor-widget-container\">\n<div class=\"elementor-text-editor elementor-clearfix rte-content\">\n<p>Conservation des oeufs de truite : entre 0\u00b0C et +4\u00b0C. A consommer 48 h apr\u00e8s ouverture.<br \/>\nDLC : 3 semaines.<\/p>\n<\/div>\n<\/div>\n<\/div>\n<\/div>\n<\/div>\n<\/div>\n<\/div>\n<\/div>\n<\/div>\n<\/div>\n<\/div>\n<\/div>\n<\/div>\n<div class=\"product-additional-info\">\n<div class=\"elementor-section elementor-element elementor-element-v2a4wdy elementor-top-section elementor-section-boxed elementor-section-height-default elementor-section-height-default product-block degustation block-flip-flop\" data-element_type=\"section\">\n<div class=\"elementor-container elementor-column-gap-default\">\n<div class=\"elementor-row\">\n<div class=\"elementor-column elementor-element elementor-element-sutyfaz elementor-col-100 elementor-top-column\" data-element_type=\"column\">\n<div class=\"elementor-column-wrap elementor-element-populated\">\n<div class=\"elementor-widget-wrap\">\n<div class=\"elementor-widget elementor-element elementor-element-0n7spte elementor-widget-text-editor active\" data-element_type=\"text-editor.default\">\n<div class=\"elementor-widget-container\">\n<div class=\"elementor-text-editor elementor-clearfix rte-content\">\n<p>Valeurs nutritionnelles pour 100g :<\/p>\n<p>Valeur Energ\u00e9tique : 847kJ\/202kcal<\/p>\n<p>Mati\u00e8res grasses : 9.9g dont acides gras satur\u00e9s : 3.1g<\/p>\n<p>Glucides : 1.9g dont sucres : 0.6g<\/p>\n<p>Prot\u00e9ines : 27.7g<\/p>\n<p>Sel : 3.5g<\/p>\n<\/div>\n<\/div>\n<\/div>\n<\/div>\n<\/div>\n<\/div>\n<\/div>\n<\/div>\n<\/div>\n<div class=\"elementor-section elementor-element elementor-element-fiwdvkf elementor-top-section elementor-section-boxed elementor-section-height-default elementor-section-height-default product-block degustation block-flip-flop\" data-element_type=\"section\">\n<div class=\"elementor-container elementor-column-gap-default\">\n<div class=\"elementor-row\">\n<div class=\"elementor-column elementor-element elementor-element-qtpzssy elementor-col-100 elementor-top-column\" data-element_type=\"column\">\n<div class=\"elementor-column-wrap elementor-element-populated\">\n<div class=\"elementor-widget-wrap\">\n<div class=\"elementor-widget elementor-element elementor-element-fnledhp elementor-widget-heading\" data-element_type=\"heading.default\">\n<div class=\"elementor-widget-container\">\n<p>Ingr\u00e9dients : \u0153ufs de truite 96.5% (oncorhynchus mykiss), sel.<\/p>\n<p>Allerg\u00e8ne : poisson.<\/p>\n<\/div>\n<\/div>\n<\/div>\n<\/div>\n<\/div>\n<\/div>\n<\/div>\n<\/div>\n<\/div>\n<div class=\"product-additional-info\">\n<div class=\"product-additional-info\">\n<div class=\"social-sharing\">\n<div class=\"elementor-section elementor-element elementor-element-da74gbq elementor-top-section elementor-section-boxed elementor-section-height-default elementor-section-height-default product-block degustation block-flip-flop\" data-element_type=\"section\">\n<div class=\"elementor-container elementor-column-gap-default\">\n<div class=\"elementor-row\">\n<div class=\"elementor-column elementor-element elementor-element-dikq9eq elementor-col-100 elementor-top-column\" data-element_type=\"column\">\n<div class=\"elementor-column-wrap elementor-element-populated\">\n<div class=\"elementor-widget-wrap\">\n<div class=\"elementor-widget elementor-element elementor-element-ducf47l elementor-widget-heading\" data-element_type=\"heading.default\">\n<div class=\"elementor-widget-container\">\n<div class=\"elementor-section elementor-element elementor-element-ncrhprq elementor-top-section elementor-section-boxed elementor-section-height-default elementor-section-height-default product-block degustation block-flip-flop\" data-element_type=\"section\">\n<div class=\"elementor-container elementor-column-gap-default\">\n<div class=\"elementor-row\">\n<div class=\"elementor-column elementor-element elementor-element-codnoca elementor-col-100 elementor-top-column\" data-element_type=\"column\">\n<div class=\"elementor-column-wrap elementor-element-populated\">\n<div class=\"elementor-widget-wrap\">\n<div class=\"elementor-widget elementor-element elementor-element-mvxpihw elementor-widget-heading\" data-element_type=\"heading.default\">\n<p>La gamme Le Comptoir du Caviar :<\/p>\n<p>Le Comptoir du Caviar s\u00e9lectionne depuis plus de 30 ans son caviar dans les meilleures fermes du monde et fabrique son tarama pour les professionnels de la restauration. Suivant une philosophie engag\u00e9e, la marque est soucieuse de l&#8217;environnement, du respect et de la p\u00e9rennit\u00e9 des diff\u00e9rentes esp\u00e8ces d\u2019esturgeons. Son savoir-faire, son expertise et son exp\u00e9rience permettent de garantir le meilleur traitement apport\u00e9 aux \u0153ufs de poissons lors de leur conditionnement en s\u00e9lectionnant les grains et \u00e9vitant toute oxydation et alt\u00e9ration du produit.<\/p>\n<p><a href=\"https:\/\/www.maison-masse.com\/categorie-produit\/015-saumon-caviar-oeufs-de-poisson\/\">D\u00e9couvrez les autres produits de la mer de la Maison Masse<\/a><\/p>\n<div class=\"woocommerce-tabs wc-tabs-wrapper full-width-tabs\" data-tab-style=\"fullwidth\">\n<div id=\"tab-description\" class=\"woocommerce-Tabs-panel woocommerce-Tabs-panel--description panel entry-content wc-tab\" role=\"tabpanel\" aria-labelledby=\"tab-title-description\">\n<p>Suivez-nous sur notre Instagram :\u00a0<a href=\"https:\/\/www.instagram.com\/maisonmasse\/\">https:\/\/www.instagram.com\/maisonmasse\/<\/a><\/p>\n<\/div>\n<\/div>\n<\/div>\n<\/div>\n<\/div>\n<\/div>\n<\/div>\n<\/div>\n<\/div>\n<\/div>\n<\/div>\n<\/div>\n<\/div>\n<\/div>\n<\/div>\n<\/div>\n<\/div>\n<\/div>\n<\/div>\n<\/div>\n","protected":false},"excerpt":{"rendered":"<p>Ces \u0153ufs de truite \u00e0 la fois fermes et moelleux, allient finesse de peau et couleur orange \u00e9clatante. Les \u0153ufs sont issus d&#8217;\u00e9levages europ\u00e9ens de truites Arc-en-ciel. A d\u00e9guster, accompagn\u00e9s d&#8217;un lit de cr\u00e8me sur un blini, en agr\u00e9ment de pommes de terre cuites \u00e0 la vapeur ou pour finir en beaut\u00e9 la pr\u00e9sentation d&#8217;une assiette.<\/p>\n","protected":false},"featured_media":8599,"comment_status":"open","ping_status":"closed","template":"","meta":{"_acf_changed":false,"wprm-recipe-roundup-name":"","wprm-recipe-roundup-description":""},"product_brand":[],"product_cat":[325,534],"product_tag":[1079,2020,1082],"class_list":{"0":"post-7763","1":"product","2":"type-product","3":"status-publish","4":"has-post-thumbnail","6":"product_cat-les-produits-de-la-mer","7":"product_cat-oeufs","8":"product_tag-le-comptoir-du-caviar","9":"product_tag-oeufs","10":"product_tag-truite","12":"first","13":"instock","14":"taxable","15":"shipping-taxable","16":"purchasable","17":"product-type-simple"},"acf":[],"yoast_head":"<!-- This site is optimized with the Yoast SEO Premium plugin v26.8 (Yoast SEO v26.8) - https:\/\/yoast.com\/product\/yoast-seo-premium-wordpress\/ -->\n<title>OEUF DE TRUITE POT DE 90G - Maison Masse<\/title>\n<meta name=\"description\" content=\"D\u00e9couvrez les oeufs de truite \u00e0 la fois fermes et moelleux, allient finesse de peau et couleur orange \u00e9clatante. En pot de 90 grammes\" \/>\n<meta name=\"robots\" content=\"index, follow, max-snippet:-1, max-image-preview:large, max-video-preview:-1\" \/>\n<link rel=\"canonical\" href=\"https:\/\/www.maison-masse.com\/produit\/oeufs-de-truite-pot-90g\/\" \/>\n<meta property=\"og:locale\" content=\"en_US\" \/>\n<meta property=\"og:type\" content=\"article\" \/>\n<meta property=\"og:title\" content=\"OEUF DE TRUITE POT DE 90G\" \/>\n<meta property=\"og:description\" content=\"D\u00e9couvrez les oeufs de truite \u00e0 la fois fermes et moelleux, allient finesse de peau et couleur orange \u00e9clatante. En pot de 90 grammes\" \/>\n<meta property=\"og:url\" content=\"https:\/\/www.maison-masse.com\/produit\/oeufs-de-truite-pot-90g\/\" \/>\n<meta property=\"og:site_name\" content=\"Maison Masse\" \/>\n<meta property=\"article:modified_time\" content=\"2026-04-15T07:10:22+00:00\" \/>\n<meta property=\"og:image\" content=\"https:\/\/www.maison-masse.com\/wp-content\/uploads\/2021\/06\/logo-maisonmasse.png\" \/>\n\t<meta property=\"og:image:width\" content=\"246\" \/>\n\t<meta property=\"og:image:height\" content=\"100\" \/>\n\t<meta property=\"og:image:type\" content=\"image\/png\" \/>\n<meta name=\"twitter:card\" content=\"summary_large_image\" \/>\n<meta name=\"twitter:label1\" content=\"Est. reading time\" \/>\n\t<meta name=\"twitter:data1\" content=\"2 minutes\" \/>\n<script type=\"application\/ld+json\" class=\"yoast-schema-graph\">{\"@context\":\"https:\/\/schema.org\",\"@graph\":[{\"@type\":\"WebPage\",\"@id\":\"https:\/\/www.maison-masse.com\/produit\/oeufs-de-truite-pot-90g\/\",\"url\":\"https:\/\/www.maison-masse.com\/produit\/oeufs-de-truite-pot-90g\/\",\"name\":\"OEUF DE TRUITE POT DE 90G - Maison Masse\",\"isPartOf\":{\"@id\":\"https:\/\/www.maison-masse.com\/en\/#website\"},\"primaryImageOfPage\":{\"@id\":\"https:\/\/www.maison-masse.com\/produit\/oeufs-de-truite-pot-90g\/#primaryimage\"},\"image\":{\"@id\":\"https:\/\/www.maison-masse.com\/produit\/oeufs-de-truite-pot-90g\/#primaryimage\"},\"thumbnailUrl\":\"https:\/\/www.maison-masse.com\/wp-content\/uploads\/2021\/06\/PDM0038.bmp\",\"datePublished\":\"2021-06-16T09:13:22+00:00\",\"dateModified\":\"2026-04-15T07:10:22+00:00\",\"description\":\"D\u00e9couvrez les oeufs de truite \u00e0 la fois fermes et moelleux, allient finesse de peau et couleur orange \u00e9clatante. En pot de 90 grammes\",\"breadcrumb\":{\"@id\":\"https:\/\/www.maison-masse.com\/produit\/oeufs-de-truite-pot-90g\/#breadcrumb\"},\"inLanguage\":\"en-US\",\"potentialAction\":[{\"@type\":\"ReadAction\",\"target\":[\"https:\/\/www.maison-masse.com\/produit\/oeufs-de-truite-pot-90g\/\"]}]},{\"@type\":\"ImageObject\",\"inLanguage\":\"en-US\",\"@id\":\"https:\/\/www.maison-masse.com\/produit\/oeufs-de-truite-pot-90g\/#primaryimage\",\"url\":\"https:\/\/www.maison-masse.com\/wp-content\/uploads\/2021\/06\/PDM0038.bmp\",\"contentUrl\":\"https:\/\/www.maison-masse.com\/wp-content\/uploads\/2021\/06\/PDM0038.bmp\",\"width\":810,\"height\":1080,\"caption\":\"OEUF DE TRUITE POT 90G\"},{\"@type\":\"BreadcrumbList\",\"@id\":\"https:\/\/www.maison-masse.com\/produit\/oeufs-de-truite-pot-90g\/#breadcrumb\",\"itemListElement\":[{\"@type\":\"ListItem\",\"position\":1,\"name\":\"Accueil\",\"item\":\"https:\/\/www.maison-masse.com\/en\/\"},{\"@type\":\"ListItem\",\"position\":2,\"name\":\"Boutique\",\"item\":\"https:\/\/www.maison-masse.com\/boutique\/\"},{\"@type\":\"ListItem\",\"position\":3,\"name\":\"OEUFS DE TRUITE POT 90G\"}]},{\"@type\":\"WebSite\",\"@id\":\"https:\/\/www.maison-masse.com\/en\/#website\",\"url\":\"https:\/\/www.maison-masse.com\/en\/\",\"name\":\"Maison Masse\",\"description\":\"La maison du foie gras depuis 1884\",\"publisher\":{\"@id\":\"https:\/\/www.maison-masse.com\/en\/#organization\"},\"potentialAction\":[{\"@type\":\"SearchAction\",\"target\":{\"@type\":\"EntryPoint\",\"urlTemplate\":\"https:\/\/www.maison-masse.com\/en\/?s={search_term_string}\"},\"query-input\":{\"@type\":\"PropertyValueSpecification\",\"valueRequired\":true,\"valueName\":\"search_term_string\"}}],\"inLanguage\":\"en-US\"},{\"@type\":\"Organization\",\"@id\":\"https:\/\/www.maison-masse.com\/en\/#organization\",\"name\":\"Maison Masse\",\"url\":\"https:\/\/www.maison-masse.com\/en\/\",\"logo\":{\"@type\":\"ImageObject\",\"inLanguage\":\"en-US\",\"@id\":\"https:\/\/www.maison-masse.com\/en\/#\/schema\/logo\/image\/\",\"url\":\"https:\/\/www.maison-masse.com\/wp-content\/uploads\/2021\/06\/favicon.png\",\"contentUrl\":\"https:\/\/www.maison-masse.com\/wp-content\/uploads\/2021\/06\/favicon.png\",\"width\":71,\"height\":72,\"caption\":\"Maison Masse\"},\"image\":{\"@id\":\"https:\/\/www.maison-masse.com\/en\/#\/schema\/logo\/image\/\"}}]}<\/script>\n<!-- \/ Yoast SEO Premium plugin. -->","yoast_head_json":{"title":"OEUF DE TRUITE POT DE 90G - Maison Masse","description":"D\u00e9couvrez les oeufs de truite \u00e0 la fois fermes et moelleux, allient finesse de peau et couleur orange \u00e9clatante. En pot de 90 grammes","robots":{"index":"index","follow":"follow","max-snippet":"max-snippet:-1","max-image-preview":"max-image-preview:large","max-video-preview":"max-video-preview:-1"},"canonical":"https:\/\/www.maison-masse.com\/produit\/oeufs-de-truite-pot-90g\/","og_locale":"en_US","og_type":"article","og_title":"OEUF DE TRUITE POT DE 90G","og_description":"D\u00e9couvrez les oeufs de truite \u00e0 la fois fermes et moelleux, allient finesse de peau et couleur orange \u00e9clatante. En pot de 90 grammes","og_url":"https:\/\/www.maison-masse.com\/produit\/oeufs-de-truite-pot-90g\/","og_site_name":"Maison Masse","article_modified_time":"2026-04-15T07:10:22+00:00","og_image":[{"width":246,"height":100,"url":"https:\/\/www.maison-masse.com\/wp-content\/uploads\/2021\/06\/logo-maisonmasse.png","type":"image\/png"}],"twitter_card":"summary_large_image","twitter_misc":{"Est. reading time":"2 minutes"},"schema":{"@context":"https:\/\/schema.org","@graph":[{"@type":"WebPage","@id":"https:\/\/www.maison-masse.com\/produit\/oeufs-de-truite-pot-90g\/","url":"https:\/\/www.maison-masse.com\/produit\/oeufs-de-truite-pot-90g\/","name":"OEUF DE TRUITE POT DE 90G - Maison Masse","isPartOf":{"@id":"https:\/\/www.maison-masse.com\/en\/#website"},"primaryImageOfPage":{"@id":"https:\/\/www.maison-masse.com\/produit\/oeufs-de-truite-pot-90g\/#primaryimage"},"image":{"@id":"https:\/\/www.maison-masse.com\/produit\/oeufs-de-truite-pot-90g\/#primaryimage"},"thumbnailUrl":"https:\/\/www.maison-masse.com\/wp-content\/uploads\/2021\/06\/PDM0038.bmp","datePublished":"2021-06-16T09:13:22+00:00","dateModified":"2026-04-15T07:10:22+00:00","description":"D\u00e9couvrez les oeufs de truite \u00e0 la fois fermes et moelleux, allient finesse de peau et couleur orange \u00e9clatante. En pot de 90 grammes","breadcrumb":{"@id":"https:\/\/www.maison-masse.com\/produit\/oeufs-de-truite-pot-90g\/#breadcrumb"},"inLanguage":"en-US","potentialAction":[{"@type":"ReadAction","target":["https:\/\/www.maison-masse.com\/produit\/oeufs-de-truite-pot-90g\/"]}]},{"@type":"ImageObject","inLanguage":"en-US","@id":"https:\/\/www.maison-masse.com\/produit\/oeufs-de-truite-pot-90g\/#primaryimage","url":"https:\/\/www.maison-masse.com\/wp-content\/uploads\/2021\/06\/PDM0038.bmp","contentUrl":"https:\/\/www.maison-masse.com\/wp-content\/uploads\/2021\/06\/PDM0038.bmp","width":810,"height":1080,"caption":"OEUF DE TRUITE POT 90G"},{"@type":"BreadcrumbList","@id":"https:\/\/www.maison-masse.com\/produit\/oeufs-de-truite-pot-90g\/#breadcrumb","itemListElement":[{"@type":"ListItem","position":1,"name":"Accueil","item":"https:\/\/www.maison-masse.com\/en\/"},{"@type":"ListItem","position":2,"name":"Boutique","item":"https:\/\/www.maison-masse.com\/boutique\/"},{"@type":"ListItem","position":3,"name":"OEUFS DE TRUITE POT 90G"}]},{"@type":"WebSite","@id":"https:\/\/www.maison-masse.com\/en\/#website","url":"https:\/\/www.maison-masse.com\/en\/","name":"Maison Masse","description":"La maison du foie gras depuis 1884","publisher":{"@id":"https:\/\/www.maison-masse.com\/en\/#organization"},"potentialAction":[{"@type":"SearchAction","target":{"@type":"EntryPoint","urlTemplate":"https:\/\/www.maison-masse.com\/en\/?s={search_term_string}"},"query-input":{"@type":"PropertyValueSpecification","valueRequired":true,"valueName":"search_term_string"}}],"inLanguage":"en-US"},{"@type":"Organization","@id":"https:\/\/www.maison-masse.com\/en\/#organization","name":"Maison Masse","url":"https:\/\/www.maison-masse.com\/en\/","logo":{"@type":"ImageObject","inLanguage":"en-US","@id":"https:\/\/www.maison-masse.com\/en\/#\/schema\/logo\/image\/","url":"https:\/\/www.maison-masse.com\/wp-content\/uploads\/2021\/06\/favicon.png","contentUrl":"https:\/\/www.maison-masse.com\/wp-content\/uploads\/2021\/06\/favicon.png","width":71,"height":72,"caption":"Maison Masse"},"image":{"@id":"https:\/\/www.maison-masse.com\/en\/#\/schema\/logo\/image\/"}}]}},"_links":{"self":[{"href":"https:\/\/www.maison-masse.com\/en\/wp-json\/wp\/v2\/product\/7763","targetHints":{"allow":["GET"]}}],"collection":[{"href":"https:\/\/www.maison-masse.com\/en\/wp-json\/wp\/v2\/product"}],"about":[{"href":"https:\/\/www.maison-masse.com\/en\/wp-json\/wp\/v2\/types\/product"}],"replies":[{"embeddable":true,"href":"https:\/\/www.maison-masse.com\/en\/wp-json\/wp\/v2\/comments?post=7763"}],"wp:featuredmedia":[{"embeddable":true,"href":"https:\/\/www.maison-masse.com\/en\/wp-json\/wp\/v2\/media\/8599"}],"wp:attachment":[{"href":"https:\/\/www.maison-masse.com\/en\/wp-json\/wp\/v2\/media?parent=7763"}],"wp:term":[{"taxonomy":"product_brand","embeddable":true,"href":"https:\/\/www.maison-masse.com\/en\/wp-json\/wp\/v2\/product_brand?post=7763"},{"taxonomy":"product_cat","embeddable":true,"href":"https:\/\/www.maison-masse.com\/en\/wp-json\/wp\/v2\/product_cat?post=7763"},{"taxonomy":"product_tag","embeddable":true,"href":"https:\/\/www.maison-masse.com\/en\/wp-json\/wp\/v2\/product_tag?post=7763"}],"curies":[{"name":"wp","href":"https:\/\/api.w.org\/{rel}","templated":true}]}}