{"id":7762,"date":"2021-06-16T11:13:22","date_gmt":"2021-06-16T09:13:22","guid":{"rendered":"https:\/\/maisonmasse.jk2agenceweb.com\/?post_type=product&#038;p=7762"},"modified":"2026-04-05T09:06:10","modified_gmt":"2026-04-05T07:06:10","slug":"oeuf-de-saumon-pot-100g","status":"publish","type":"product","link":"https:\/\/www.maison-masse.com\/en\/produit\/oeuf-de-saumon-pot-100g\/","title":{"rendered":"OEUF DE SAUMON POT DE 100G"},"content":{"rendered":"<p>Oeuf de saumon \u00e0 la fois fermes et moelleux, allient finesse de peau et couleur orange \u00e9clatante. A d\u00e9guster, accompagn\u00e9s d&#8217;un lit de cr\u00e8me sur un blini, en agr\u00e9ment de pommes de terre cuites \u00e0 la vapeur ou pour finir en beaut\u00e9 la pr\u00e9sentation d&#8217;une assiette.<\/p>\n<p>Conservation : entre 0\u00b0C et +4\u00b0C. A consommer 48 h apr\u00e8s ouverture.<br \/>\nDLC : 3 semaines.<\/p>\n<div class=\"product-description\">\n<div class=\"elementor elementor-32030101\">\n<div class=\"elementor-inner\">\n<div class=\"elementor-section-wrap\">\n<div class=\"elementor-section elementor-element elementor-element-cg767zj elementor-top-section elementor-section-boxed elementor-section-height-default elementor-section-height-default\" data-element_type=\"section\">\n<div class=\"elementor-container elementor-column-gap-default\">\n<div class=\"elementor-row\">\n<div class=\"elementor-column elementor-element elementor-element-1m3436f elementor-col-100 elementor-top-column\" data-element_type=\"column\">\n<div class=\"elementor-column-wrap elementor-element-populated\">\n<div class=\"elementor-widget-wrap\">\n<div class=\"elementor-widget elementor-element elementor-element-wnshx4d elementor-widget-text-editor\" data-element_type=\"text-editor.default\">\n<div class=\"elementor-widget-container\">\n<div class=\"elementor-text-editor elementor-clearfix rte-content\">\n<p>Valeurs nutritionnelles pour 100g :<\/p>\n<\/div>\n<\/div>\n<\/div>\n<\/div>\n<\/div>\n<\/div>\n<\/div>\n<\/div>\n<\/div>\n<\/div>\n<\/div>\n<\/div>\n<\/div>\n<div class=\"product-additional-info\">\n<div class=\"social-sharing\">\n<p>Energie : 1030kJ \/ 246kcal<br \/>\nMati\u00e8res grasses : 13g dont acides gras. satur\u00e9s : 3.2g<br \/>\nGlucides : 2.6g dont sucres : &lt;0.5g<br \/>\nProt\u00e9ines : 29.7g<br \/>\nSel : 3g<\/p>\n<p>Ingr\u00e9dients des oeuf de saumon : \u0153ufs de saumon Keta du pacifique 97% (oncorhynchus keta), sel.<\/p>\n<p>Allerg\u00e8ne : poisson.<\/p>\n<\/div>\n<div class=\"product-additional-info\">\n<div class=\"social-sharing\">\n<div class=\"elementor-section elementor-element elementor-element-da74gbq elementor-top-section elementor-section-boxed elementor-section-height-default elementor-section-height-default product-block degustation block-flip-flop\" data-element_type=\"section\">\n<div class=\"elementor-container elementor-column-gap-default\">\n<div class=\"elementor-row\">\n<div class=\"elementor-column elementor-element elementor-element-dikq9eq elementor-col-100 elementor-top-column\" data-element_type=\"column\">\n<div class=\"elementor-column-wrap elementor-element-populated\">\n<div class=\"elementor-widget-wrap\">\n<div class=\"elementor-widget elementor-element elementor-element-ducf47l elementor-widget-heading\" data-element_type=\"heading.default\">\n<div class=\"elementor-widget-container\">\n<div class=\"elementor-section elementor-element elementor-element-ncrhprq elementor-top-section elementor-section-boxed elementor-section-height-default elementor-section-height-default product-block degustation block-flip-flop\" data-element_type=\"section\">\n<div class=\"elementor-container elementor-column-gap-default\">\n<div class=\"elementor-row\">\n<div class=\"elementor-column elementor-element elementor-element-codnoca elementor-col-100 elementor-top-column\" data-element_type=\"column\">\n<div class=\"elementor-column-wrap elementor-element-populated\">\n<div class=\"elementor-widget-wrap\">\n<div class=\"elementor-widget elementor-element elementor-element-mvxpihw elementor-widget-heading\" data-element_type=\"heading.default\">\n<p>La gamme Le Comptoir du Caviar :<\/p>\n<p>Le Comptoir du Caviar s\u00e9lectionne depuis plus de 30 ans son caviar dans les meilleures fermes du monde et fabrique son tarama pour les professionnels de la restauration. Suivant une philosophie engag\u00e9e, la marque est soucieuse de l&#8217;environnement, du respect et de la p\u00e9rennit\u00e9 des diff\u00e9rentes esp\u00e8ces d\u2019esturgeons. Son savoir-faire, son expertise et son exp\u00e9rience permettent de garantir le meilleur traitement apport\u00e9 aux \u0153ufs de poissons lors de leur conditionnement en s\u00e9lectionnant les grains et \u00e9vitant toute oxydation et alt\u00e9ration du produit.<\/p>\n<p>D\u00e9couvrez les autres produits de la mer : <a href=\"https:\/\/www.maison-masse.com\/categorie-produit\/015-saumon-caviar-oeufs-de-poisson\/oeufs\/\">https:\/\/www.maison-masse.com\/categorie-produit\/015-saumon-caviar-oeufs-de-poisson\/oeufs\/<\/a><\/p>\n<p>Suivez-nous sur notre Instagram :\u00a0<a href=\"https:\/\/www.instagram.com\/maisonmasse\/\">https:\/\/www.instagram.com\/maisonmasse\/<\/a><\/p>\n<\/div>\n<\/div>\n<\/div>\n<\/div>\n<\/div>\n<\/div>\n<\/div>\n<\/div>\n<\/div>\n<\/div>\n<\/div>\n<\/div>\n<\/div>\n<\/div>\n<\/div>\n<\/div>\n<\/div>\n<\/div>\n","protected":false},"excerpt":{"rendered":"<p>Ces \u0153ufs de saumon \u00e0 la fois fermes et moelleux, allient finesse de peau et couleur orange \u00e9clatante. A d\u00e9guster, accompagn\u00e9s d&#8217;un lit de cr\u00e8me sur un blini, en agr\u00e9ment de pommes de terre cuites \u00e0 la vapeur ou pour finir en beaut\u00e9 la pr\u00e9sentation d&#8217;une assiette.<\/p>\n","protected":false},"featured_media":8597,"comment_status":"open","ping_status":"closed","template":"","meta":{"_acf_changed":false,"wprm-recipe-roundup-name":"","wprm-recipe-roundup-description":""},"product_brand":[],"product_cat":[325,534],"product_tag":[1079,1031],"class_list":{"0":"post-7762","1":"product","2":"type-product","3":"status-publish","4":"has-post-thumbnail","6":"product_cat-les-produits-de-la-mer","7":"product_cat-oeufs","8":"product_tag-le-comptoir-du-caviar","9":"product_tag-saumon","11":"first","12":"instock","13":"taxable","14":"shipping-taxable","15":"purchasable","16":"product-type-simple"},"acf":[],"yoast_head":"<!-- This site is optimized with the Yoast SEO Premium plugin v26.8 (Yoast SEO v26.8) - https:\/\/yoast.com\/product\/yoast-seo-premium-wordpress\/ -->\n<title>OEUF DE SAUMON POT DE 100G - Maison Masse<\/title>\n<meta name=\"description\" content=\"Ces \u0153uf de saumon \u00e0 la fois fermes et moelleux, allient finesse de peau et couleur orange \u00e9clatante. A d\u00e9guster, accompagn\u00e9s d&#039;un lit de cr\u00e8me sur un blini.\" \/>\n<meta name=\"robots\" content=\"index, follow, max-snippet:-1, max-image-preview:large, max-video-preview:-1\" \/>\n<link rel=\"canonical\" href=\"https:\/\/www.maison-masse.com\/produit\/oeuf-de-saumon-pot-100g\/\" \/>\n<meta property=\"og:locale\" content=\"en_US\" \/>\n<meta property=\"og:type\" content=\"article\" \/>\n<meta property=\"og:title\" content=\"OEUF DE SAUMON POT DE 100G\" \/>\n<meta property=\"og:description\" content=\"Ces \u0153uf de saumon \u00e0 la fois fermes et moelleux, allient finesse de peau et couleur orange \u00e9clatante. A d\u00e9guster, accompagn\u00e9s d&#039;un lit de cr\u00e8me sur un blini.\" \/>\n<meta property=\"og:url\" content=\"https:\/\/www.maison-masse.com\/produit\/oeuf-de-saumon-pot-100g\/\" \/>\n<meta property=\"og:site_name\" content=\"Maison Masse\" \/>\n<meta property=\"article:modified_time\" content=\"2026-04-05T07:06:10+00:00\" \/>\n<meta property=\"og:image\" content=\"https:\/\/www.maison-masse.com\/wp-content\/uploads\/2021\/06\/logo-maisonmasse.png\" \/>\n\t<meta property=\"og:image:width\" content=\"246\" \/>\n\t<meta property=\"og:image:height\" content=\"100\" \/>\n\t<meta property=\"og:image:type\" content=\"image\/png\" \/>\n<meta name=\"twitter:card\" content=\"summary_large_image\" \/>\n<meta name=\"twitter:label1\" content=\"Est. reading time\" \/>\n\t<meta name=\"twitter:data1\" content=\"2 minutes\" \/>\n<script type=\"application\/ld+json\" class=\"yoast-schema-graph\">{\"@context\":\"https:\/\/schema.org\",\"@graph\":[{\"@type\":\"WebPage\",\"@id\":\"https:\/\/www.maison-masse.com\/produit\/oeuf-de-saumon-pot-100g\/\",\"url\":\"https:\/\/www.maison-masse.com\/produit\/oeuf-de-saumon-pot-100g\/\",\"name\":\"OEUF DE SAUMON POT DE 100G - Maison Masse\",\"isPartOf\":{\"@id\":\"https:\/\/www.maison-masse.com\/en\/#website\"},\"primaryImageOfPage\":{\"@id\":\"https:\/\/www.maison-masse.com\/produit\/oeuf-de-saumon-pot-100g\/#primaryimage\"},\"image\":{\"@id\":\"https:\/\/www.maison-masse.com\/produit\/oeuf-de-saumon-pot-100g\/#primaryimage\"},\"thumbnailUrl\":\"https:\/\/www.maison-masse.com\/wp-content\/uploads\/2021\/06\/PDM0037.bmp\",\"datePublished\":\"2021-06-16T09:13:22+00:00\",\"dateModified\":\"2026-04-05T07:06:10+00:00\",\"description\":\"Ces \u0153uf de saumon \u00e0 la fois fermes et moelleux, allient finesse de peau et couleur orange \u00e9clatante. A d\u00e9guster, accompagn\u00e9s d'un lit de cr\u00e8me sur un blini.\",\"breadcrumb\":{\"@id\":\"https:\/\/www.maison-masse.com\/produit\/oeuf-de-saumon-pot-100g\/#breadcrumb\"},\"inLanguage\":\"en-US\",\"potentialAction\":[{\"@type\":\"ReadAction\",\"target\":[\"https:\/\/www.maison-masse.com\/produit\/oeuf-de-saumon-pot-100g\/\"]}]},{\"@type\":\"ImageObject\",\"inLanguage\":\"en-US\",\"@id\":\"https:\/\/www.maison-masse.com\/produit\/oeuf-de-saumon-pot-100g\/#primaryimage\",\"url\":\"https:\/\/www.maison-masse.com\/wp-content\/uploads\/2021\/06\/PDM0037.bmp\",\"contentUrl\":\"https:\/\/www.maison-masse.com\/wp-content\/uploads\/2021\/06\/PDM0037.bmp\",\"width\":605,\"height\":580,\"caption\":\"OEUF DE SAUMON POT 100G\"},{\"@type\":\"BreadcrumbList\",\"@id\":\"https:\/\/www.maison-masse.com\/produit\/oeuf-de-saumon-pot-100g\/#breadcrumb\",\"itemListElement\":[{\"@type\":\"ListItem\",\"position\":1,\"name\":\"Accueil\",\"item\":\"https:\/\/www.maison-masse.com\/en\/\"},{\"@type\":\"ListItem\",\"position\":2,\"name\":\"Boutique\",\"item\":\"https:\/\/www.maison-masse.com\/boutique\/\"},{\"@type\":\"ListItem\",\"position\":3,\"name\":\"OEUF DE SAUMON POT 100G\"}]},{\"@type\":\"WebSite\",\"@id\":\"https:\/\/www.maison-masse.com\/en\/#website\",\"url\":\"https:\/\/www.maison-masse.com\/en\/\",\"name\":\"Maison Masse\",\"description\":\"La maison du foie gras depuis 1884\",\"publisher\":{\"@id\":\"https:\/\/www.maison-masse.com\/en\/#organization\"},\"potentialAction\":[{\"@type\":\"SearchAction\",\"target\":{\"@type\":\"EntryPoint\",\"urlTemplate\":\"https:\/\/www.maison-masse.com\/en\/?s={search_term_string}\"},\"query-input\":{\"@type\":\"PropertyValueSpecification\",\"valueRequired\":true,\"valueName\":\"search_term_string\"}}],\"inLanguage\":\"en-US\"},{\"@type\":\"Organization\",\"@id\":\"https:\/\/www.maison-masse.com\/en\/#organization\",\"name\":\"Maison Masse\",\"url\":\"https:\/\/www.maison-masse.com\/en\/\",\"logo\":{\"@type\":\"ImageObject\",\"inLanguage\":\"en-US\",\"@id\":\"https:\/\/www.maison-masse.com\/en\/#\/schema\/logo\/image\/\",\"url\":\"https:\/\/www.maison-masse.com\/wp-content\/uploads\/2021\/06\/favicon.png\",\"contentUrl\":\"https:\/\/www.maison-masse.com\/wp-content\/uploads\/2021\/06\/favicon.png\",\"width\":71,\"height\":72,\"caption\":\"Maison Masse\"},\"image\":{\"@id\":\"https:\/\/www.maison-masse.com\/en\/#\/schema\/logo\/image\/\"}}]}<\/script>\n<!-- \/ Yoast SEO Premium plugin. -->","yoast_head_json":{"title":"OEUF DE SAUMON POT DE 100G - Maison Masse","description":"Ces \u0153uf de saumon \u00e0 la fois fermes et moelleux, allient finesse de peau et couleur orange \u00e9clatante. A d\u00e9guster, accompagn\u00e9s d'un lit de cr\u00e8me sur un blini.","robots":{"index":"index","follow":"follow","max-snippet":"max-snippet:-1","max-image-preview":"max-image-preview:large","max-video-preview":"max-video-preview:-1"},"canonical":"https:\/\/www.maison-masse.com\/produit\/oeuf-de-saumon-pot-100g\/","og_locale":"en_US","og_type":"article","og_title":"OEUF DE SAUMON POT DE 100G","og_description":"Ces \u0153uf de saumon \u00e0 la fois fermes et moelleux, allient finesse de peau et couleur orange \u00e9clatante. A d\u00e9guster, accompagn\u00e9s d'un lit de cr\u00e8me sur un blini.","og_url":"https:\/\/www.maison-masse.com\/produit\/oeuf-de-saumon-pot-100g\/","og_site_name":"Maison Masse","article_modified_time":"2026-04-05T07:06:10+00:00","og_image":[{"width":246,"height":100,"url":"https:\/\/www.maison-masse.com\/wp-content\/uploads\/2021\/06\/logo-maisonmasse.png","type":"image\/png"}],"twitter_card":"summary_large_image","twitter_misc":{"Est. reading time":"2 minutes"},"schema":{"@context":"https:\/\/schema.org","@graph":[{"@type":"WebPage","@id":"https:\/\/www.maison-masse.com\/produit\/oeuf-de-saumon-pot-100g\/","url":"https:\/\/www.maison-masse.com\/produit\/oeuf-de-saumon-pot-100g\/","name":"OEUF DE SAUMON POT DE 100G - Maison Masse","isPartOf":{"@id":"https:\/\/www.maison-masse.com\/en\/#website"},"primaryImageOfPage":{"@id":"https:\/\/www.maison-masse.com\/produit\/oeuf-de-saumon-pot-100g\/#primaryimage"},"image":{"@id":"https:\/\/www.maison-masse.com\/produit\/oeuf-de-saumon-pot-100g\/#primaryimage"},"thumbnailUrl":"https:\/\/www.maison-masse.com\/wp-content\/uploads\/2021\/06\/PDM0037.bmp","datePublished":"2021-06-16T09:13:22+00:00","dateModified":"2026-04-05T07:06:10+00:00","description":"Ces \u0153uf de saumon \u00e0 la fois fermes et moelleux, allient finesse de peau et couleur orange \u00e9clatante. A d\u00e9guster, accompagn\u00e9s d'un lit de cr\u00e8me sur un blini.","breadcrumb":{"@id":"https:\/\/www.maison-masse.com\/produit\/oeuf-de-saumon-pot-100g\/#breadcrumb"},"inLanguage":"en-US","potentialAction":[{"@type":"ReadAction","target":["https:\/\/www.maison-masse.com\/produit\/oeuf-de-saumon-pot-100g\/"]}]},{"@type":"ImageObject","inLanguage":"en-US","@id":"https:\/\/www.maison-masse.com\/produit\/oeuf-de-saumon-pot-100g\/#primaryimage","url":"https:\/\/www.maison-masse.com\/wp-content\/uploads\/2021\/06\/PDM0037.bmp","contentUrl":"https:\/\/www.maison-masse.com\/wp-content\/uploads\/2021\/06\/PDM0037.bmp","width":605,"height":580,"caption":"OEUF DE SAUMON POT 100G"},{"@type":"BreadcrumbList","@id":"https:\/\/www.maison-masse.com\/produit\/oeuf-de-saumon-pot-100g\/#breadcrumb","itemListElement":[{"@type":"ListItem","position":1,"name":"Accueil","item":"https:\/\/www.maison-masse.com\/en\/"},{"@type":"ListItem","position":2,"name":"Boutique","item":"https:\/\/www.maison-masse.com\/boutique\/"},{"@type":"ListItem","position":3,"name":"OEUF DE SAUMON POT 100G"}]},{"@type":"WebSite","@id":"https:\/\/www.maison-masse.com\/en\/#website","url":"https:\/\/www.maison-masse.com\/en\/","name":"Maison Masse","description":"La maison du foie gras depuis 1884","publisher":{"@id":"https:\/\/www.maison-masse.com\/en\/#organization"},"potentialAction":[{"@type":"SearchAction","target":{"@type":"EntryPoint","urlTemplate":"https:\/\/www.maison-masse.com\/en\/?s={search_term_string}"},"query-input":{"@type":"PropertyValueSpecification","valueRequired":true,"valueName":"search_term_string"}}],"inLanguage":"en-US"},{"@type":"Organization","@id":"https:\/\/www.maison-masse.com\/en\/#organization","name":"Maison Masse","url":"https:\/\/www.maison-masse.com\/en\/","logo":{"@type":"ImageObject","inLanguage":"en-US","@id":"https:\/\/www.maison-masse.com\/en\/#\/schema\/logo\/image\/","url":"https:\/\/www.maison-masse.com\/wp-content\/uploads\/2021\/06\/favicon.png","contentUrl":"https:\/\/www.maison-masse.com\/wp-content\/uploads\/2021\/06\/favicon.png","width":71,"height":72,"caption":"Maison Masse"},"image":{"@id":"https:\/\/www.maison-masse.com\/en\/#\/schema\/logo\/image\/"}}]}},"_links":{"self":[{"href":"https:\/\/www.maison-masse.com\/en\/wp-json\/wp\/v2\/product\/7762","targetHints":{"allow":["GET"]}}],"collection":[{"href":"https:\/\/www.maison-masse.com\/en\/wp-json\/wp\/v2\/product"}],"about":[{"href":"https:\/\/www.maison-masse.com\/en\/wp-json\/wp\/v2\/types\/product"}],"replies":[{"embeddable":true,"href":"https:\/\/www.maison-masse.com\/en\/wp-json\/wp\/v2\/comments?post=7762"}],"wp:featuredmedia":[{"embeddable":true,"href":"https:\/\/www.maison-masse.com\/en\/wp-json\/wp\/v2\/media\/8597"}],"wp:attachment":[{"href":"https:\/\/www.maison-masse.com\/en\/wp-json\/wp\/v2\/media?parent=7762"}],"wp:term":[{"taxonomy":"product_brand","embeddable":true,"href":"https:\/\/www.maison-masse.com\/en\/wp-json\/wp\/v2\/product_brand?post=7762"},{"taxonomy":"product_cat","embeddable":true,"href":"https:\/\/www.maison-masse.com\/en\/wp-json\/wp\/v2\/product_cat?post=7762"},{"taxonomy":"product_tag","embeddable":true,"href":"https:\/\/www.maison-masse.com\/en\/wp-json\/wp\/v2\/product_tag?post=7762"}],"curies":[{"name":"wp","href":"https:\/\/api.w.org\/{rel}","templated":true}]}}