{"id":7754,"date":"2021-06-16T11:13:20","date_gmt":"2021-06-16T09:13:20","guid":{"rendered":"https:\/\/maisonmasse.jk2agenceweb.com\/?post_type=product&#038;p=7754"},"modified":"2026-04-14T09:05:21","modified_gmt":"2026-04-14T07:05:21","slug":"foie-gras-can-mc-igp-gold250g","status":"publish","type":"product","link":"https:\/\/www.maison-masse.com\/en\/produit\/foie-gras-can-mc-igp-gold250g\/","title":{"rendered":"BARQUETTE FOIE GRAS DE CANARD PERIGORD MI-CUIT &#038; GELEE POIRE WILLIAMS"},"content":{"rendered":"<p>Ce foie gras de canard en lingot est surmont\u00e9 d&#8217;une gel\u00e9e (30%) \u00e0 base de liqueur de poire williams Golden Eight de 8 ans d&#8217;\u00e2ge. A la d\u00e9coupe en tranche, vous d\u00e9couvrirez une fine lamelle de gel\u00e9e qui apportera une texture sensuelle et des ar\u00f4mes de poires confites, de notes vanill\u00e9es et caram\u00e9lis\u00e9es \u00e0 votre foie gras.<\/p>\n<p>Le foie gras mi-cuit se conserve en 0 et 4 \u00b0C.<\/p>\n<p>Que mettre dans l&#8217;assiette avec du foie gras ?<br \/>\nTraditionnellement sur du pain de campagne avec moulin \u00e0 poivre qui est un exhausteur de go\u00fbt.<br \/>\nDe fa\u00e7on plus moderne, avec un pain sp\u00e9cifique et ajouter un chutney de figue, oignon ou autre fruit. Pour une touche Umami, une petite tranche d\u2019ail noir ou tout autre inspiration.<br \/>\nIl peut \u00e9galement se d\u00e9guster dans des salades gourmandes accompagn\u00e9 de g\u00e9siers et magrets fum\u00e9<\/p>\n<p>Combien de foie gras par personne ?<br \/>\nOn compte en moyenne entre 50 et 70 grammes par personne, ce produit convient donc pour 4-5 personnes.<\/p>\n<p>Origine : France, <strong>IGP <\/strong>(Indication G\u00e9ographique Prot\u00e9g\u00e9e)\u00a0P\u00e9rigord et Alsace<\/p>\n<p>DLC : minimum 4 mois<\/p>\n<p>Un produit qui m\u00eale deux histoires ; celle de la distillerie alsacienne Massenez d\u00e9bute en 1870 avec Jean-Baptiste Massenez et se poursuit avec son fils qui pour la premi\u00e8re fois, distille de la framboise sauvage, breuvage qui s\u00e9duit la reine de Su\u00e8de de l&#8217;\u00e9poque. Et l&#8217;histoire de la maison Masse depuis 1884.<\/p>\n<p><a href=\"https:\/\/www.maison-masse.com\/le-foie-gras-masse\/\">En savoir plus sur le foie gras\u00a0<\/a><\/p>\n<div class=\"woocommerce-tabs wc-tabs-wrapper full-width-tabs\" data-tab-style=\"fullwidth\">\n<div id=\"tab-description\" class=\"woocommerce-Tabs-panel woocommerce-Tabs-panel--description panel entry-content wc-tab\" role=\"tabpanel\" aria-labelledby=\"tab-title-description\">\n<p>Suivez-nous sur notre Instagram :\u00a0<a href=\"https:\/\/www.instagram.com\/maisonmasse\/\">https:\/\/www.instagram.com\/maisonmasse\/<\/a><\/p>\n<\/div>\n<\/div>\n","protected":false},"excerpt":{"rendered":"<p>Foie gras de canard en lingot surmont\u00e9 d&#8217;une gel\u00e9e (30%) \u00e0 base de liqueur de poire williams Golden Eight de 8 ans d&#8217;\u00e2ge de la distillerie Massenez. A la d\u00e9coupe en tranche, vous d\u00e9couvrirez une fine lamelle de gel\u00e9e qui apportera une texture sensuelle et des ar\u00f4mes de poires confites, de notes vanill\u00e9es et caram\u00e9lis\u00e9es \u00e0 votre foie gras, issu de l&#8217;IGP du P\u00e9rigord.<\/p>\n","protected":false},"featured_media":8581,"comment_status":"open","ping_status":"closed","template":"","meta":{"_acf_changed":false,"wprm-recipe-roundup-name":"","wprm-recipe-roundup-description":""},"product_brand":[],"product_cat":[529],"product_tag":[1045,1027],"class_list":{"0":"post-7754","1":"product","2":"type-product","3":"status-publish","4":"has-post-thumbnail","6":"product_cat-entier-007-foie-gras-mi-cuit","7":"product_tag-igp","8":"product_tag-masse","10":"first","11":"instock","12":"taxable","13":"shipping-taxable","14":"purchasable","15":"product-type-simple"},"acf":[],"yoast_head":"<!-- This site is optimized with the Yoast SEO Premium plugin v26.8 (Yoast SEO v26.8) - https:\/\/yoast.com\/product\/yoast-seo-premium-wordpress\/ -->\n<title>BARQUETTE FOIE GRAS DE CANARD PERIGORD MI-CUIT &amp; GELEE POIRE WILLIAMS - Maison Masse<\/title>\n<meta name=\"description\" content=\"Ce foie gras de canard en lingot est surmont\u00e9 d&#039;une gel\u00e9e (30%) \u00e0 base de liqueur de poire williams Golden Eight de 8 ans d&#039;\u00e2ge.\" \/>\n<meta name=\"robots\" content=\"index, follow, max-snippet:-1, max-image-preview:large, max-video-preview:-1\" \/>\n<link rel=\"canonical\" href=\"https:\/\/www.maison-masse.com\/produit\/foie-gras-can-mc-igp-gold250g\/\" \/>\n<meta property=\"og:locale\" content=\"en_US\" \/>\n<meta property=\"og:type\" content=\"article\" \/>\n<meta property=\"og:title\" content=\"BARQUETTE FOIE GRAS DE CANARD PERIGORD MI-CUIT &amp; GELEE POIRE WILLIAMS\" \/>\n<meta property=\"og:description\" content=\"Ce foie gras de canard en lingot est surmont\u00e9 d&#039;une gel\u00e9e (30%) \u00e0 base de liqueur de poire williams Golden Eight de 8 ans d&#039;\u00e2ge.\" \/>\n<meta property=\"og:url\" content=\"https:\/\/www.maison-masse.com\/produit\/foie-gras-can-mc-igp-gold250g\/\" \/>\n<meta property=\"og:site_name\" content=\"Maison Masse\" \/>\n<meta property=\"article:modified_time\" content=\"2026-04-14T07:05:21+00:00\" \/>\n<meta property=\"og:image\" content=\"https:\/\/www.maison-masse.com\/wp-content\/uploads\/2021\/06\/logo-maisonmasse.png\" \/>\n\t<meta property=\"og:image:width\" content=\"246\" \/>\n\t<meta property=\"og:image:height\" content=\"100\" \/>\n\t<meta property=\"og:image:type\" content=\"image\/png\" \/>\n<meta name=\"twitter:card\" content=\"summary_large_image\" \/>\n<meta name=\"twitter:label1\" content=\"Est. reading time\" \/>\n\t<meta name=\"twitter:data1\" content=\"2 minutes\" \/>\n<script type=\"application\/ld+json\" class=\"yoast-schema-graph\">{\"@context\":\"https:\/\/schema.org\",\"@graph\":[{\"@type\":\"WebPage\",\"@id\":\"https:\/\/www.maison-masse.com\/produit\/foie-gras-can-mc-igp-gold250g\/\",\"url\":\"https:\/\/www.maison-masse.com\/produit\/foie-gras-can-mc-igp-gold250g\/\",\"name\":\"BARQUETTE FOIE GRAS DE CANARD PERIGORD MI-CUIT & GELEE POIRE WILLIAMS - Maison Masse\",\"isPartOf\":{\"@id\":\"https:\/\/www.maison-masse.com\/en\/#website\"},\"primaryImageOfPage\":{\"@id\":\"https:\/\/www.maison-masse.com\/produit\/foie-gras-can-mc-igp-gold250g\/#primaryimage\"},\"image\":{\"@id\":\"https:\/\/www.maison-masse.com\/produit\/foie-gras-can-mc-igp-gold250g\/#primaryimage\"},\"thumbnailUrl\":\"https:\/\/www.maison-masse.com\/wp-content\/uploads\/2021\/06\/FGTC145.bmp\",\"datePublished\":\"2021-06-16T09:13:20+00:00\",\"dateModified\":\"2026-04-14T07:05:21+00:00\",\"description\":\"Ce foie gras de canard en lingot est surmont\u00e9 d'une gel\u00e9e (30%) \u00e0 base de liqueur de poire williams Golden Eight de 8 ans d'\u00e2ge.\",\"breadcrumb\":{\"@id\":\"https:\/\/www.maison-masse.com\/produit\/foie-gras-can-mc-igp-gold250g\/#breadcrumb\"},\"inLanguage\":\"en-US\",\"potentialAction\":[{\"@type\":\"ReadAction\",\"target\":[\"https:\/\/www.maison-masse.com\/produit\/foie-gras-can-mc-igp-gold250g\/\"]}]},{\"@type\":\"ImageObject\",\"inLanguage\":\"en-US\",\"@id\":\"https:\/\/www.maison-masse.com\/produit\/foie-gras-can-mc-igp-gold250g\/#primaryimage\",\"url\":\"https:\/\/www.maison-masse.com\/wp-content\/uploads\/2021\/06\/FGTC145.bmp\",\"contentUrl\":\"https:\/\/www.maison-masse.com\/wp-content\/uploads\/2021\/06\/FGTC145.bmp\",\"width\":409,\"height\":418,\"caption\":\"Foie Gras Perigord William Pear\"},{\"@type\":\"BreadcrumbList\",\"@id\":\"https:\/\/www.maison-masse.com\/produit\/foie-gras-can-mc-igp-gold250g\/#breadcrumb\",\"itemListElement\":[{\"@type\":\"ListItem\",\"position\":1,\"name\":\"Accueil\",\"item\":\"https:\/\/www.maison-masse.com\/en\/\"},{\"@type\":\"ListItem\",\"position\":2,\"name\":\"Boutique\",\"item\":\"https:\/\/www.maison-masse.com\/boutique\/\"},{\"@type\":\"ListItem\",\"position\":3,\"name\":\"FOIE GRAS CAN. MC GOLD 250G\"}]},{\"@type\":\"WebSite\",\"@id\":\"https:\/\/www.maison-masse.com\/en\/#website\",\"url\":\"https:\/\/www.maison-masse.com\/en\/\",\"name\":\"Maison Masse\",\"description\":\"La maison du foie gras depuis 1884\",\"publisher\":{\"@id\":\"https:\/\/www.maison-masse.com\/en\/#organization\"},\"potentialAction\":[{\"@type\":\"SearchAction\",\"target\":{\"@type\":\"EntryPoint\",\"urlTemplate\":\"https:\/\/www.maison-masse.com\/en\/?s={search_term_string}\"},\"query-input\":{\"@type\":\"PropertyValueSpecification\",\"valueRequired\":true,\"valueName\":\"search_term_string\"}}],\"inLanguage\":\"en-US\"},{\"@type\":\"Organization\",\"@id\":\"https:\/\/www.maison-masse.com\/en\/#organization\",\"name\":\"Maison Masse\",\"url\":\"https:\/\/www.maison-masse.com\/en\/\",\"logo\":{\"@type\":\"ImageObject\",\"inLanguage\":\"en-US\",\"@id\":\"https:\/\/www.maison-masse.com\/en\/#\/schema\/logo\/image\/\",\"url\":\"https:\/\/www.maison-masse.com\/wp-content\/uploads\/2021\/06\/favicon.png\",\"contentUrl\":\"https:\/\/www.maison-masse.com\/wp-content\/uploads\/2021\/06\/favicon.png\",\"width\":71,\"height\":72,\"caption\":\"Maison Masse\"},\"image\":{\"@id\":\"https:\/\/www.maison-masse.com\/en\/#\/schema\/logo\/image\/\"}}]}<\/script>\n<!-- \/ Yoast SEO Premium plugin. -->","yoast_head_json":{"title":"BARQUETTE FOIE GRAS DE CANARD PERIGORD MI-CUIT & GELEE POIRE WILLIAMS - Maison Masse","description":"Ce foie gras de canard en lingot est surmont\u00e9 d'une gel\u00e9e (30%) \u00e0 base de liqueur de poire williams Golden Eight de 8 ans d'\u00e2ge.","robots":{"index":"index","follow":"follow","max-snippet":"max-snippet:-1","max-image-preview":"max-image-preview:large","max-video-preview":"max-video-preview:-1"},"canonical":"https:\/\/www.maison-masse.com\/produit\/foie-gras-can-mc-igp-gold250g\/","og_locale":"en_US","og_type":"article","og_title":"BARQUETTE FOIE GRAS DE CANARD PERIGORD MI-CUIT & GELEE POIRE WILLIAMS","og_description":"Ce foie gras de canard en lingot est surmont\u00e9 d'une gel\u00e9e (30%) \u00e0 base de liqueur de poire williams Golden Eight de 8 ans d'\u00e2ge.","og_url":"https:\/\/www.maison-masse.com\/produit\/foie-gras-can-mc-igp-gold250g\/","og_site_name":"Maison Masse","article_modified_time":"2026-04-14T07:05:21+00:00","og_image":[{"width":246,"height":100,"url":"https:\/\/www.maison-masse.com\/wp-content\/uploads\/2021\/06\/logo-maisonmasse.png","type":"image\/png"}],"twitter_card":"summary_large_image","twitter_misc":{"Est. reading time":"2 minutes"},"schema":{"@context":"https:\/\/schema.org","@graph":[{"@type":"WebPage","@id":"https:\/\/www.maison-masse.com\/produit\/foie-gras-can-mc-igp-gold250g\/","url":"https:\/\/www.maison-masse.com\/produit\/foie-gras-can-mc-igp-gold250g\/","name":"BARQUETTE FOIE GRAS DE CANARD PERIGORD MI-CUIT & GELEE POIRE WILLIAMS - Maison Masse","isPartOf":{"@id":"https:\/\/www.maison-masse.com\/en\/#website"},"primaryImageOfPage":{"@id":"https:\/\/www.maison-masse.com\/produit\/foie-gras-can-mc-igp-gold250g\/#primaryimage"},"image":{"@id":"https:\/\/www.maison-masse.com\/produit\/foie-gras-can-mc-igp-gold250g\/#primaryimage"},"thumbnailUrl":"https:\/\/www.maison-masse.com\/wp-content\/uploads\/2021\/06\/FGTC145.bmp","datePublished":"2021-06-16T09:13:20+00:00","dateModified":"2026-04-14T07:05:21+00:00","description":"Ce foie gras de canard en lingot est surmont\u00e9 d'une gel\u00e9e (30%) \u00e0 base de liqueur de poire williams Golden Eight de 8 ans d'\u00e2ge.","breadcrumb":{"@id":"https:\/\/www.maison-masse.com\/produit\/foie-gras-can-mc-igp-gold250g\/#breadcrumb"},"inLanguage":"en-US","potentialAction":[{"@type":"ReadAction","target":["https:\/\/www.maison-masse.com\/produit\/foie-gras-can-mc-igp-gold250g\/"]}]},{"@type":"ImageObject","inLanguage":"en-US","@id":"https:\/\/www.maison-masse.com\/produit\/foie-gras-can-mc-igp-gold250g\/#primaryimage","url":"https:\/\/www.maison-masse.com\/wp-content\/uploads\/2021\/06\/FGTC145.bmp","contentUrl":"https:\/\/www.maison-masse.com\/wp-content\/uploads\/2021\/06\/FGTC145.bmp","width":409,"height":418,"caption":"Foie Gras Perigord William Pear"},{"@type":"BreadcrumbList","@id":"https:\/\/www.maison-masse.com\/produit\/foie-gras-can-mc-igp-gold250g\/#breadcrumb","itemListElement":[{"@type":"ListItem","position":1,"name":"Accueil","item":"https:\/\/www.maison-masse.com\/en\/"},{"@type":"ListItem","position":2,"name":"Boutique","item":"https:\/\/www.maison-masse.com\/boutique\/"},{"@type":"ListItem","position":3,"name":"FOIE GRAS CAN. MC GOLD 250G"}]},{"@type":"WebSite","@id":"https:\/\/www.maison-masse.com\/en\/#website","url":"https:\/\/www.maison-masse.com\/en\/","name":"Maison Masse","description":"La maison du foie gras depuis 1884","publisher":{"@id":"https:\/\/www.maison-masse.com\/en\/#organization"},"potentialAction":[{"@type":"SearchAction","target":{"@type":"EntryPoint","urlTemplate":"https:\/\/www.maison-masse.com\/en\/?s={search_term_string}"},"query-input":{"@type":"PropertyValueSpecification","valueRequired":true,"valueName":"search_term_string"}}],"inLanguage":"en-US"},{"@type":"Organization","@id":"https:\/\/www.maison-masse.com\/en\/#organization","name":"Maison Masse","url":"https:\/\/www.maison-masse.com\/en\/","logo":{"@type":"ImageObject","inLanguage":"en-US","@id":"https:\/\/www.maison-masse.com\/en\/#\/schema\/logo\/image\/","url":"https:\/\/www.maison-masse.com\/wp-content\/uploads\/2021\/06\/favicon.png","contentUrl":"https:\/\/www.maison-masse.com\/wp-content\/uploads\/2021\/06\/favicon.png","width":71,"height":72,"caption":"Maison Masse"},"image":{"@id":"https:\/\/www.maison-masse.com\/en\/#\/schema\/logo\/image\/"}}]}},"_links":{"self":[{"href":"https:\/\/www.maison-masse.com\/en\/wp-json\/wp\/v2\/product\/7754","targetHints":{"allow":["GET"]}}],"collection":[{"href":"https:\/\/www.maison-masse.com\/en\/wp-json\/wp\/v2\/product"}],"about":[{"href":"https:\/\/www.maison-masse.com\/en\/wp-json\/wp\/v2\/types\/product"}],"replies":[{"embeddable":true,"href":"https:\/\/www.maison-masse.com\/en\/wp-json\/wp\/v2\/comments?post=7754"}],"wp:featuredmedia":[{"embeddable":true,"href":"https:\/\/www.maison-masse.com\/en\/wp-json\/wp\/v2\/media\/8581"}],"wp:attachment":[{"href":"https:\/\/www.maison-masse.com\/en\/wp-json\/wp\/v2\/media?parent=7754"}],"wp:term":[{"taxonomy":"product_brand","embeddable":true,"href":"https:\/\/www.maison-masse.com\/en\/wp-json\/wp\/v2\/product_brand?post=7754"},{"taxonomy":"product_cat","embeddable":true,"href":"https:\/\/www.maison-masse.com\/en\/wp-json\/wp\/v2\/product_cat?post=7754"},{"taxonomy":"product_tag","embeddable":true,"href":"https:\/\/www.maison-masse.com\/en\/wp-json\/wp\/v2\/product_tag?post=7754"}],"curies":[{"name":"wp","href":"https:\/\/api.w.org\/{rel}","templated":true}]}}