{"id":7753,"date":"2021-06-16T11:13:18","date_gmt":"2021-06-16T09:13:18","guid":{"rendered":"https:\/\/maisonmasse.jk2agenceweb.com\/?post_type=product&#038;p=7753"},"modified":"2026-04-14T09:05:21","modified_gmt":"2026-04-14T07:05:21","slug":"foie-gras-aux-pommes-maison-masse","status":"publish","type":"product","link":"https:\/\/www.maison-masse.com\/en\/produit\/foie-gras-aux-pommes-maison-masse\/","title":{"rendered":"CONSERVE DE FOIE GRAS DE CANARD ENTIER POMME 50G"},"content":{"rendered":"<div class=\"ViewProduct-data-info\">\n<p>Conserve de foie gras de canard entier aux pommes po\u00eal\u00e9es.<\/p>\n<p>Ce foie gras se conserve \u00e0 temp\u00e9rature ambiante, 1h avant la d\u00e9gustation le placer au frais. Apr\u00e8s ouverture, le conserver au r\u00e9frig\u00e9rateur.<\/p>\n<h4><strong>Combien de foie gras par personne ?<\/strong><\/h4>\n<p>On compte en moyenne entre 50 et 70 grammes de foie gras par personne, ce produit convient donc pour 1 personne.<\/p>\n<h4><strong>Que mettre dans l&#8217;assiette avec du foie gras ?\u00a0<\/strong><\/h4>\n<p>Traditionnellement le foie gras aux pommes se d\u00e9guste sur du pain de campagne avec moulin \u00e0 poivre qui est un exhausteur de go\u00fbt.<br \/>\nDe fa\u00e7on plus moderne, avec un pain sp\u00e9cifique et ajouter un chutney de figue, oignon ou autre fruit.<br \/>\nPour une touche Umami, une petite tranche d\u2019ail noir ou tout autre inspiration.<br \/>\nLe foie gras peut \u00e9galement se d\u00e9guster dans des salades gourmandes accompagn\u00e9 de g\u00e9siers et magrets fum\u00e9s.<\/p>\n<p>Origine : France<\/p>\n<p>Composition : foie gras entier de canard, pommes po\u00eal\u00e9es 24% (pommes 73%, sucre, caramel, beurre (lait), eau), alcool, sel, poivre, conservateur : E250, antioxydant : E301.<\/p>\n<p>Existe aussi nature et aux figues.<\/p>\n<p><a href=\"https:\/\/www.maison-masse.com\/le-foie-gras-masse\/\">En savoir plus sur le foie gras\u00a0<\/a><\/p>\n<div class=\"woocommerce-tabs wc-tabs-wrapper full-width-tabs\" data-tab-style=\"fullwidth\">\n<div id=\"tab-description\" class=\"woocommerce-Tabs-panel woocommerce-Tabs-panel--description panel entry-content wc-tab\" role=\"tabpanel\" aria-labelledby=\"tab-title-description\">\n<p>Suivez-nous sur notre Instagram :\u00a0<a href=\"https:\/\/www.instagram.com\/maisonmasse\/\">https:\/\/www.instagram.com\/maisonmasse\/<\/a><\/p>\n<\/div>\n<\/div>\n<\/div>\n","protected":false},"excerpt":{"rendered":"<p>Cette conserve de foie gras de canard entier aux pommes po\u00eal\u00e9es.<\/p>\n","protected":false},"featured_media":8579,"comment_status":"open","ping_status":"closed","template":"","meta":{"_acf_changed":false,"wprm-recipe-roundup-name":"","wprm-recipe-roundup-description":""},"product_brand":[],"product_cat":[531],"product_tag":[1029,1027],"class_list":{"0":"post-7753","1":"product","2":"type-product","3":"status-publish","4":"has-post-thumbnail","6":"product_cat-entier-008-foie-gras-conserve","7":"product_tag-foie-gras","8":"product_tag-masse","10":"first","11":"instock","12":"taxable","13":"shipping-taxable","14":"purchasable","15":"product-type-simple"},"acf":[],"yoast_head":"<!-- This site is optimized with the Yoast SEO Premium plugin v26.8 (Yoast SEO v26.8) - https:\/\/yoast.com\/product\/yoast-seo-premium-wordpress\/ -->\n<title>Foie gras aux pommes - Maison Masse<\/title>\n<meta name=\"description\" content=\"D\u00e9couvrez la conserve de foie gras de canard entier aux pommes d&#039;origine fran\u00e7aise. il existe aussi nature et aux figues.\" \/>\n<meta name=\"robots\" content=\"index, follow, max-snippet:-1, max-image-preview:large, max-video-preview:-1\" \/>\n<link rel=\"canonical\" href=\"https:\/\/www.maison-masse.com\/produit\/foie-gras-aux-pommes-maison-masse\/\" \/>\n<meta property=\"og:locale\" content=\"en_US\" \/>\n<meta property=\"og:type\" content=\"article\" \/>\n<meta property=\"og:title\" content=\"CONSERVE DE FOIE GRAS DE CANARD ENTIER POMME 50G\" \/>\n<meta property=\"og:description\" content=\"D\u00e9couvrez la conserve de foie gras de canard entier aux pommes d&#039;origine fran\u00e7aise. il existe aussi nature et aux figues.\" \/>\n<meta property=\"og:url\" content=\"https:\/\/www.maison-masse.com\/produit\/foie-gras-aux-pommes-maison-masse\/\" \/>\n<meta property=\"og:site_name\" content=\"Maison Masse\" \/>\n<meta property=\"article:modified_time\" content=\"2026-04-14T07:05:21+00:00\" \/>\n<meta property=\"og:image\" content=\"https:\/\/www.maison-masse.com\/wp-content\/uploads\/2021\/06\/logo-maisonmasse.png\" \/>\n\t<meta property=\"og:image:width\" content=\"246\" \/>\n\t<meta property=\"og:image:height\" content=\"100\" \/>\n\t<meta property=\"og:image:type\" content=\"image\/png\" \/>\n<meta name=\"twitter:card\" content=\"summary_large_image\" \/>\n<meta name=\"twitter:label1\" content=\"Est. reading time\" \/>\n\t<meta name=\"twitter:data1\" content=\"2 minutes\" \/>\n<script type=\"application\/ld+json\" class=\"yoast-schema-graph\">{\"@context\":\"https:\/\/schema.org\",\"@graph\":[{\"@type\":\"WebPage\",\"@id\":\"https:\/\/www.maison-masse.com\/produit\/foie-gras-aux-pommes-maison-masse\/\",\"url\":\"https:\/\/www.maison-masse.com\/produit\/foie-gras-aux-pommes-maison-masse\/\",\"name\":\"Foie gras aux pommes - Maison Masse\",\"isPartOf\":{\"@id\":\"https:\/\/www.maison-masse.com\/en\/#website\"},\"primaryImageOfPage\":{\"@id\":\"https:\/\/www.maison-masse.com\/produit\/foie-gras-aux-pommes-maison-masse\/#primaryimage\"},\"image\":{\"@id\":\"https:\/\/www.maison-masse.com\/produit\/foie-gras-aux-pommes-maison-masse\/#primaryimage\"},\"thumbnailUrl\":\"https:\/\/www.maison-masse.com\/wp-content\/uploads\/2021\/06\/FGTC143.bmp\",\"datePublished\":\"2021-06-16T09:13:18+00:00\",\"dateModified\":\"2026-04-14T07:05:21+00:00\",\"description\":\"D\u00e9couvrez la conserve de foie gras de canard entier aux pommes d'origine fran\u00e7aise. il existe aussi nature et aux figues.\",\"breadcrumb\":{\"@id\":\"https:\/\/www.maison-masse.com\/produit\/foie-gras-aux-pommes-maison-masse\/#breadcrumb\"},\"inLanguage\":\"en-US\",\"potentialAction\":[{\"@type\":\"ReadAction\",\"target\":[\"https:\/\/www.maison-masse.com\/produit\/foie-gras-aux-pommes-maison-masse\/\"]}]},{\"@type\":\"ImageObject\",\"inLanguage\":\"en-US\",\"@id\":\"https:\/\/www.maison-masse.com\/produit\/foie-gras-aux-pommes-maison-masse\/#primaryimage\",\"url\":\"https:\/\/www.maison-masse.com\/wp-content\/uploads\/2021\/06\/FGTC143.bmp\",\"contentUrl\":\"https:\/\/www.maison-masse.com\/wp-content\/uploads\/2021\/06\/FGTC143.bmp\",\"width\":403,\"height\":463,\"caption\":\"Apple Foie gras\"},{\"@type\":\"BreadcrumbList\",\"@id\":\"https:\/\/www.maison-masse.com\/produit\/foie-gras-aux-pommes-maison-masse\/#breadcrumb\",\"itemListElement\":[{\"@type\":\"ListItem\",\"position\":1,\"name\":\"Accueil\",\"item\":\"https:\/\/www.maison-masse.com\/en\/\"},{\"@type\":\"ListItem\",\"position\":2,\"name\":\"Boutique\",\"item\":\"https:\/\/www.maison-masse.com\/boutique\/\"},{\"@type\":\"ListItem\",\"position\":3,\"name\":\"FOIE GRAS CAN. 50G POMME\"}]},{\"@type\":\"WebSite\",\"@id\":\"https:\/\/www.maison-masse.com\/en\/#website\",\"url\":\"https:\/\/www.maison-masse.com\/en\/\",\"name\":\"Maison Masse\",\"description\":\"La maison du foie gras depuis 1884\",\"publisher\":{\"@id\":\"https:\/\/www.maison-masse.com\/en\/#organization\"},\"potentialAction\":[{\"@type\":\"SearchAction\",\"target\":{\"@type\":\"EntryPoint\",\"urlTemplate\":\"https:\/\/www.maison-masse.com\/en\/?s={search_term_string}\"},\"query-input\":{\"@type\":\"PropertyValueSpecification\",\"valueRequired\":true,\"valueName\":\"search_term_string\"}}],\"inLanguage\":\"en-US\"},{\"@type\":\"Organization\",\"@id\":\"https:\/\/www.maison-masse.com\/en\/#organization\",\"name\":\"Maison Masse\",\"url\":\"https:\/\/www.maison-masse.com\/en\/\",\"logo\":{\"@type\":\"ImageObject\",\"inLanguage\":\"en-US\",\"@id\":\"https:\/\/www.maison-masse.com\/en\/#\/schema\/logo\/image\/\",\"url\":\"https:\/\/www.maison-masse.com\/wp-content\/uploads\/2021\/06\/favicon.png\",\"contentUrl\":\"https:\/\/www.maison-masse.com\/wp-content\/uploads\/2021\/06\/favicon.png\",\"width\":71,\"height\":72,\"caption\":\"Maison Masse\"},\"image\":{\"@id\":\"https:\/\/www.maison-masse.com\/en\/#\/schema\/logo\/image\/\"}}]}<\/script>\n<!-- \/ Yoast SEO Premium plugin. -->","yoast_head_json":{"title":"Foie gras aux pommes - Maison Masse","description":"D\u00e9couvrez la conserve de foie gras de canard entier aux pommes d'origine fran\u00e7aise. il existe aussi nature et aux figues.","robots":{"index":"index","follow":"follow","max-snippet":"max-snippet:-1","max-image-preview":"max-image-preview:large","max-video-preview":"max-video-preview:-1"},"canonical":"https:\/\/www.maison-masse.com\/produit\/foie-gras-aux-pommes-maison-masse\/","og_locale":"en_US","og_type":"article","og_title":"CONSERVE DE FOIE GRAS DE CANARD ENTIER POMME 50G","og_description":"D\u00e9couvrez la conserve de foie gras de canard entier aux pommes d'origine fran\u00e7aise. il existe aussi nature et aux figues.","og_url":"https:\/\/www.maison-masse.com\/produit\/foie-gras-aux-pommes-maison-masse\/","og_site_name":"Maison Masse","article_modified_time":"2026-04-14T07:05:21+00:00","og_image":[{"width":246,"height":100,"url":"https:\/\/www.maison-masse.com\/wp-content\/uploads\/2021\/06\/logo-maisonmasse.png","type":"image\/png"}],"twitter_card":"summary_large_image","twitter_misc":{"Est. reading time":"2 minutes"},"schema":{"@context":"https:\/\/schema.org","@graph":[{"@type":"WebPage","@id":"https:\/\/www.maison-masse.com\/produit\/foie-gras-aux-pommes-maison-masse\/","url":"https:\/\/www.maison-masse.com\/produit\/foie-gras-aux-pommes-maison-masse\/","name":"Foie gras aux pommes - Maison Masse","isPartOf":{"@id":"https:\/\/www.maison-masse.com\/en\/#website"},"primaryImageOfPage":{"@id":"https:\/\/www.maison-masse.com\/produit\/foie-gras-aux-pommes-maison-masse\/#primaryimage"},"image":{"@id":"https:\/\/www.maison-masse.com\/produit\/foie-gras-aux-pommes-maison-masse\/#primaryimage"},"thumbnailUrl":"https:\/\/www.maison-masse.com\/wp-content\/uploads\/2021\/06\/FGTC143.bmp","datePublished":"2021-06-16T09:13:18+00:00","dateModified":"2026-04-14T07:05:21+00:00","description":"D\u00e9couvrez la conserve de foie gras de canard entier aux pommes d'origine fran\u00e7aise. il existe aussi nature et aux figues.","breadcrumb":{"@id":"https:\/\/www.maison-masse.com\/produit\/foie-gras-aux-pommes-maison-masse\/#breadcrumb"},"inLanguage":"en-US","potentialAction":[{"@type":"ReadAction","target":["https:\/\/www.maison-masse.com\/produit\/foie-gras-aux-pommes-maison-masse\/"]}]},{"@type":"ImageObject","inLanguage":"en-US","@id":"https:\/\/www.maison-masse.com\/produit\/foie-gras-aux-pommes-maison-masse\/#primaryimage","url":"https:\/\/www.maison-masse.com\/wp-content\/uploads\/2021\/06\/FGTC143.bmp","contentUrl":"https:\/\/www.maison-masse.com\/wp-content\/uploads\/2021\/06\/FGTC143.bmp","width":403,"height":463,"caption":"Apple Foie gras"},{"@type":"BreadcrumbList","@id":"https:\/\/www.maison-masse.com\/produit\/foie-gras-aux-pommes-maison-masse\/#breadcrumb","itemListElement":[{"@type":"ListItem","position":1,"name":"Accueil","item":"https:\/\/www.maison-masse.com\/en\/"},{"@type":"ListItem","position":2,"name":"Boutique","item":"https:\/\/www.maison-masse.com\/boutique\/"},{"@type":"ListItem","position":3,"name":"FOIE GRAS CAN. 50G POMME"}]},{"@type":"WebSite","@id":"https:\/\/www.maison-masse.com\/en\/#website","url":"https:\/\/www.maison-masse.com\/en\/","name":"Maison Masse","description":"La maison du foie gras depuis 1884","publisher":{"@id":"https:\/\/www.maison-masse.com\/en\/#organization"},"potentialAction":[{"@type":"SearchAction","target":{"@type":"EntryPoint","urlTemplate":"https:\/\/www.maison-masse.com\/en\/?s={search_term_string}"},"query-input":{"@type":"PropertyValueSpecification","valueRequired":true,"valueName":"search_term_string"}}],"inLanguage":"en-US"},{"@type":"Organization","@id":"https:\/\/www.maison-masse.com\/en\/#organization","name":"Maison Masse","url":"https:\/\/www.maison-masse.com\/en\/","logo":{"@type":"ImageObject","inLanguage":"en-US","@id":"https:\/\/www.maison-masse.com\/en\/#\/schema\/logo\/image\/","url":"https:\/\/www.maison-masse.com\/wp-content\/uploads\/2021\/06\/favicon.png","contentUrl":"https:\/\/www.maison-masse.com\/wp-content\/uploads\/2021\/06\/favicon.png","width":71,"height":72,"caption":"Maison Masse"},"image":{"@id":"https:\/\/www.maison-masse.com\/en\/#\/schema\/logo\/image\/"}}]}},"_links":{"self":[{"href":"https:\/\/www.maison-masse.com\/en\/wp-json\/wp\/v2\/product\/7753","targetHints":{"allow":["GET"]}}],"collection":[{"href":"https:\/\/www.maison-masse.com\/en\/wp-json\/wp\/v2\/product"}],"about":[{"href":"https:\/\/www.maison-masse.com\/en\/wp-json\/wp\/v2\/types\/product"}],"replies":[{"embeddable":true,"href":"https:\/\/www.maison-masse.com\/en\/wp-json\/wp\/v2\/comments?post=7753"}],"wp:featuredmedia":[{"embeddable":true,"href":"https:\/\/www.maison-masse.com\/en\/wp-json\/wp\/v2\/media\/8579"}],"wp:attachment":[{"href":"https:\/\/www.maison-masse.com\/en\/wp-json\/wp\/v2\/media?parent=7753"}],"wp:term":[{"taxonomy":"product_brand","embeddable":true,"href":"https:\/\/www.maison-masse.com\/en\/wp-json\/wp\/v2\/product_brand?post=7753"},{"taxonomy":"product_cat","embeddable":true,"href":"https:\/\/www.maison-masse.com\/en\/wp-json\/wp\/v2\/product_cat?post=7753"},{"taxonomy":"product_tag","embeddable":true,"href":"https:\/\/www.maison-masse.com\/en\/wp-json\/wp\/v2\/product_tag?post=7753"}],"curies":[{"name":"wp","href":"https:\/\/api.w.org\/{rel}","templated":true}]}}