{"id":7749,"date":"2021-06-16T11:13:16","date_gmt":"2021-06-16T09:13:16","guid":{"rendered":"https:\/\/maisonmasse.jk2agenceweb.com\/?post_type=product&#038;p=7749"},"modified":"2026-04-15T09:08:42","modified_gmt":"2026-04-15T07:08:42","slug":"foie-gras-can-mc-igp-peri-500g","status":"publish","type":"product","link":"https:\/\/www.maison-masse.com\/en\/produit\/foie-gras-can-mc-igp-peri-500g\/","title":{"rendered":"BARQUETTE DE FOIE GRAS DE CANARD MI-CUIT PERIGORD 500G"},"content":{"rendered":"<p>Foie gras de canard mi-cuit : DLC longue<br \/>\nphoto non contractuelle<\/p>\n<p>ATTENTION ce produit peut \u00eatre en rupture de stock et remplac\u00e9 par une terrine de 500g ORIGINE P\u00e9rigord ou FRANCE*<\/p>\n<p>*suite \u00e0 la tr\u00e8s faible disponibilit\u00e9 de foie gras cru P\u00e9rigord li\u00e9e aux \u00e9pisodes de grippes aviaire du printemps et au temps long de remise en place de la fili\u00e8re.<\/p>\n<p>Le foie gras mi-cuit se conserve en 0 et 4 \u00b0C.<\/p>\n<p>Que mettre dans l&#8217;assiette avec du foie gras ?<br \/>\nTraditionnellement sur du pain de campagne avec moulin \u00e0 poivre qui est un exhausteur de go\u00fbt.<br \/>\nDe fa\u00e7on plus moderne, avec un pain sp\u00e9cifique et ajouter un chutney de figue, oignon ou autre fruit. Pour une touche Umami, une petite tranche d\u2019ail noir ou tout autre inspiration.<br \/>\nLe foie gras peut \u00e9galement se d\u00e9guster dans des salades gourmandes accompagn\u00e9 de g\u00e9siers et magrets fum\u00e9<\/p>\n<p>Combien de foie gras par personne ?<br \/>\nOn compte en moyenne entre 50 et 70 grammes de foie gras par personne, ce produit convient donc pour 6-7 personnes.<\/p>\n<p>Origine : France,\u00a0<strong>IGP<\/strong>\u00a0(Indication G\u00e9ographique Prot\u00e9g\u00e9e) du P\u00e9rigord, ce qui garantit que les canards sont \u00e9lev\u00e9s, engraiss\u00e9s, abattus et transform\u00e9s dans la zone g\u00e9ographique concern\u00e9e. L&#8217;IGP consacre un territoire, une production traditionnelle et jouit d\u2019une anciennet\u00e9 et d\u2019un savoir-faire reconnu.<\/p>\n<p>DLC : minimum 6 mois<\/p>\n<p>Les canetons sont nourris de ma\u00efs et c\u00e9r\u00e9ales sur des parcours herbeux en plein air.<\/p>\n<p><a href=\"https:\/\/www.maison-masse.com\/le-foie-gras-masse\/\">En savoir plus sur le foie gras\u00a0<\/a><\/p>\n<div class=\"woocommerce-tabs wc-tabs-wrapper full-width-tabs\" data-tab-style=\"fullwidth\">\n<div id=\"tab-description\" class=\"woocommerce-Tabs-panel woocommerce-Tabs-panel--description panel entry-content wc-tab\" role=\"tabpanel\" aria-labelledby=\"tab-title-description\">\n<p>Suivez-nous sur notre Instagram :\u00a0<a href=\"https:\/\/www.instagram.com\/maisonmasse\/\">https:\/\/www.instagram.com\/maisonmasse\/<\/a><\/p>\n<\/div>\n<\/div>\n","protected":false},"excerpt":{"rendered":"<div id=\"-product-excerpt-100-181\" class=\"oxy-product-excerpt masse-body-text oxy-woo-element\">\n<div class=\"woocommerce-product-details__short-description\">\n<p>Ce foie gras de canard mi-cuit pr\u00e9sent\u00e9 en terrine vous fera penser \u00e0 une terrine faite maison ! Id\u00e9al pour 6\/7 personnes. Issu de l&#8217;IGP du P\u00e9rigord, il promeut une production traditionnelle et est produit selon un savoir-faire reconnu.<\/p>\n<\/div>\n<\/div>\n<div id=\"-product-meta-235-181\" class=\"oxy-product-meta oxy-woo-element\">\n<div class=\"product_meta\"><\/div>\n<\/div>\n","protected":false},"featured_media":11514,"comment_status":"open","ping_status":"closed","template":"","meta":{"_acf_changed":false,"wprm-recipe-roundup-name":"","wprm-recipe-roundup-description":""},"product_brand":[],"product_cat":[529,323,334],"product_tag":[1029,1045,1027],"class_list":{"0":"post-7749","1":"product","2":"type-product","3":"status-publish","4":"has-post-thumbnail","6":"product_cat-entier-007-foie-gras-mi-cuit","7":"product_cat-007-foie-gras-mi-cuit","8":"product_cat-best-sellers-masse","9":"product_tag-foie-gras","10":"product_tag-igp","11":"product_tag-masse","13":"first","14":"instock","15":"taxable","16":"shipping-taxable","17":"purchasable","18":"product-type-simple"},"acf":[],"yoast_head":"<!-- This site is optimized with the Yoast SEO Premium plugin v26.8 (Yoast SEO v26.8) - https:\/\/yoast.com\/product\/yoast-seo-premium-wordpress\/ -->\n<title>BARQUETTE DE FOIE GRAS DE CANARD MI-CUIT PERIGORD 500G - Maison Masse<\/title>\n<meta name=\"description\" content=\"Foie Gras en ligne - Go\u00fbtez l&#039;excellence de notre Foie Gras de Canard Mi-cuit en barquette Fabriqu\u00e9 \u00e0 partir de produits du P\u00e9rigord - IPG\" \/>\n<meta name=\"robots\" content=\"index, follow, max-snippet:-1, max-image-preview:large, max-video-preview:-1\" \/>\n<link rel=\"canonical\" href=\"https:\/\/www.maison-masse.com\/produit\/foie-gras-can-mc-igp-peri-500g\/\" \/>\n<meta property=\"og:locale\" content=\"en_US\" \/>\n<meta property=\"og:type\" content=\"article\" \/>\n<meta property=\"og:title\" content=\"BARQUETTE DE FOIE GRAS DE CANARD MI-CUIT PERIGORD 500G\" \/>\n<meta property=\"og:description\" content=\"Foie Gras en ligne - Go\u00fbtez l&#039;excellence de notre Foie Gras de Canard Mi-cuit en barquette Fabriqu\u00e9 \u00e0 partir de produits du P\u00e9rigord - IPG\" \/>\n<meta property=\"og:url\" content=\"https:\/\/www.maison-masse.com\/produit\/foie-gras-can-mc-igp-peri-500g\/\" \/>\n<meta property=\"og:site_name\" content=\"Maison Masse\" \/>\n<meta property=\"article:modified_time\" content=\"2026-04-15T07:08:42+00:00\" \/>\n<meta property=\"og:image\" content=\"https:\/\/www.maison-masse.com\/wp-content\/uploads\/2021\/06\/FGTC120-1.jpg\" \/>\n\t<meta property=\"og:image:width\" content=\"566\" \/>\n\t<meta property=\"og:image:height\" content=\"314\" \/>\n\t<meta property=\"og:image:type\" content=\"image\/jpeg\" \/>\n<meta name=\"twitter:card\" content=\"summary_large_image\" \/>\n<meta name=\"twitter:label1\" content=\"Est. reading time\" \/>\n\t<meta name=\"twitter:data1\" content=\"2 minutes\" \/>\n<script type=\"application\/ld+json\" class=\"yoast-schema-graph\">{\"@context\":\"https:\/\/schema.org\",\"@graph\":[{\"@type\":\"WebPage\",\"@id\":\"https:\/\/www.maison-masse.com\/produit\/foie-gras-can-mc-igp-peri-500g\/\",\"url\":\"https:\/\/www.maison-masse.com\/produit\/foie-gras-can-mc-igp-peri-500g\/\",\"name\":\"BARQUETTE DE FOIE GRAS DE CANARD MI-CUIT PERIGORD 500G - Maison Masse\",\"isPartOf\":{\"@id\":\"https:\/\/www.maison-masse.com\/en\/#website\"},\"primaryImageOfPage\":{\"@id\":\"https:\/\/www.maison-masse.com\/produit\/foie-gras-can-mc-igp-peri-500g\/#primaryimage\"},\"image\":{\"@id\":\"https:\/\/www.maison-masse.com\/produit\/foie-gras-can-mc-igp-peri-500g\/#primaryimage\"},\"thumbnailUrl\":\"https:\/\/www.maison-masse.com\/wp-content\/uploads\/2021\/06\/FGTC120-1.jpg\",\"datePublished\":\"2021-06-16T09:13:16+00:00\",\"dateModified\":\"2026-04-15T07:08:42+00:00\",\"description\":\"Foie Gras en ligne - Go\u00fbtez l'excellence de notre Foie Gras de Canard Mi-cuit en barquette Fabriqu\u00e9 \u00e0 partir de produits du P\u00e9rigord - IPG\",\"breadcrumb\":{\"@id\":\"https:\/\/www.maison-masse.com\/produit\/foie-gras-can-mc-igp-peri-500g\/#breadcrumb\"},\"inLanguage\":\"en-US\",\"potentialAction\":[{\"@type\":\"ReadAction\",\"target\":[\"https:\/\/www.maison-masse.com\/produit\/foie-gras-can-mc-igp-peri-500g\/\"]}]},{\"@type\":\"ImageObject\",\"inLanguage\":\"en-US\",\"@id\":\"https:\/\/www.maison-masse.com\/produit\/foie-gras-can-mc-igp-peri-500g\/#primaryimage\",\"url\":\"https:\/\/www.maison-masse.com\/wp-content\/uploads\/2021\/06\/FGTC120-1.jpg\",\"contentUrl\":\"https:\/\/www.maison-masse.com\/wp-content\/uploads\/2021\/06\/FGTC120-1.jpg\",\"width\":566,\"height\":314,\"caption\":\"FOIE GRAS CAN MC IGP PERI 500G\"},{\"@type\":\"BreadcrumbList\",\"@id\":\"https:\/\/www.maison-masse.com\/produit\/foie-gras-can-mc-igp-peri-500g\/#breadcrumb\",\"itemListElement\":[{\"@type\":\"ListItem\",\"position\":1,\"name\":\"Accueil\",\"item\":\"https:\/\/www.maison-masse.com\/en\/\"},{\"@type\":\"ListItem\",\"position\":2,\"name\":\"Boutique\",\"item\":\"https:\/\/www.maison-masse.com\/boutique\/\"},{\"@type\":\"ListItem\",\"position\":3,\"name\":\"BARQUETTE DE FOIE GRAS DE CANARD MI-CUIT PERIGORD 500G\"}]},{\"@type\":\"WebSite\",\"@id\":\"https:\/\/www.maison-masse.com\/en\/#website\",\"url\":\"https:\/\/www.maison-masse.com\/en\/\",\"name\":\"Maison Masse\",\"description\":\"La maison du foie gras depuis 1884\",\"publisher\":{\"@id\":\"https:\/\/www.maison-masse.com\/en\/#organization\"},\"potentialAction\":[{\"@type\":\"SearchAction\",\"target\":{\"@type\":\"EntryPoint\",\"urlTemplate\":\"https:\/\/www.maison-masse.com\/en\/?s={search_term_string}\"},\"query-input\":{\"@type\":\"PropertyValueSpecification\",\"valueRequired\":true,\"valueName\":\"search_term_string\"}}],\"inLanguage\":\"en-US\"},{\"@type\":\"Organization\",\"@id\":\"https:\/\/www.maison-masse.com\/en\/#organization\",\"name\":\"Maison Masse\",\"url\":\"https:\/\/www.maison-masse.com\/en\/\",\"logo\":{\"@type\":\"ImageObject\",\"inLanguage\":\"en-US\",\"@id\":\"https:\/\/www.maison-masse.com\/en\/#\/schema\/logo\/image\/\",\"url\":\"https:\/\/www.maison-masse.com\/wp-content\/uploads\/2021\/06\/favicon.png\",\"contentUrl\":\"https:\/\/www.maison-masse.com\/wp-content\/uploads\/2021\/06\/favicon.png\",\"width\":71,\"height\":72,\"caption\":\"Maison Masse\"},\"image\":{\"@id\":\"https:\/\/www.maison-masse.com\/en\/#\/schema\/logo\/image\/\"}}]}<\/script>\n<!-- \/ Yoast SEO Premium plugin. -->","yoast_head_json":{"title":"BARQUETTE DE FOIE GRAS DE CANARD MI-CUIT PERIGORD 500G - Maison Masse","description":"Foie Gras en ligne - Go\u00fbtez l'excellence de notre Foie Gras de Canard Mi-cuit en barquette Fabriqu\u00e9 \u00e0 partir de produits du P\u00e9rigord - IPG","robots":{"index":"index","follow":"follow","max-snippet":"max-snippet:-1","max-image-preview":"max-image-preview:large","max-video-preview":"max-video-preview:-1"},"canonical":"https:\/\/www.maison-masse.com\/produit\/foie-gras-can-mc-igp-peri-500g\/","og_locale":"en_US","og_type":"article","og_title":"BARQUETTE DE FOIE GRAS DE CANARD MI-CUIT PERIGORD 500G","og_description":"Foie Gras en ligne - Go\u00fbtez l'excellence de notre Foie Gras de Canard Mi-cuit en barquette Fabriqu\u00e9 \u00e0 partir de produits du P\u00e9rigord - IPG","og_url":"https:\/\/www.maison-masse.com\/produit\/foie-gras-can-mc-igp-peri-500g\/","og_site_name":"Maison Masse","article_modified_time":"2026-04-15T07:08:42+00:00","og_image":[{"width":566,"height":314,"url":"https:\/\/www.maison-masse.com\/wp-content\/uploads\/2021\/06\/FGTC120-1.jpg","type":"image\/jpeg"}],"twitter_card":"summary_large_image","twitter_misc":{"Est. reading time":"2 minutes"},"schema":{"@context":"https:\/\/schema.org","@graph":[{"@type":"WebPage","@id":"https:\/\/www.maison-masse.com\/produit\/foie-gras-can-mc-igp-peri-500g\/","url":"https:\/\/www.maison-masse.com\/produit\/foie-gras-can-mc-igp-peri-500g\/","name":"BARQUETTE DE FOIE GRAS DE CANARD MI-CUIT PERIGORD 500G - Maison Masse","isPartOf":{"@id":"https:\/\/www.maison-masse.com\/en\/#website"},"primaryImageOfPage":{"@id":"https:\/\/www.maison-masse.com\/produit\/foie-gras-can-mc-igp-peri-500g\/#primaryimage"},"image":{"@id":"https:\/\/www.maison-masse.com\/produit\/foie-gras-can-mc-igp-peri-500g\/#primaryimage"},"thumbnailUrl":"https:\/\/www.maison-masse.com\/wp-content\/uploads\/2021\/06\/FGTC120-1.jpg","datePublished":"2021-06-16T09:13:16+00:00","dateModified":"2026-04-15T07:08:42+00:00","description":"Foie Gras en ligne - Go\u00fbtez l'excellence de notre Foie Gras de Canard Mi-cuit en barquette Fabriqu\u00e9 \u00e0 partir de produits du P\u00e9rigord - IPG","breadcrumb":{"@id":"https:\/\/www.maison-masse.com\/produit\/foie-gras-can-mc-igp-peri-500g\/#breadcrumb"},"inLanguage":"en-US","potentialAction":[{"@type":"ReadAction","target":["https:\/\/www.maison-masse.com\/produit\/foie-gras-can-mc-igp-peri-500g\/"]}]},{"@type":"ImageObject","inLanguage":"en-US","@id":"https:\/\/www.maison-masse.com\/produit\/foie-gras-can-mc-igp-peri-500g\/#primaryimage","url":"https:\/\/www.maison-masse.com\/wp-content\/uploads\/2021\/06\/FGTC120-1.jpg","contentUrl":"https:\/\/www.maison-masse.com\/wp-content\/uploads\/2021\/06\/FGTC120-1.jpg","width":566,"height":314,"caption":"FOIE GRAS CAN MC IGP PERI 500G"},{"@type":"BreadcrumbList","@id":"https:\/\/www.maison-masse.com\/produit\/foie-gras-can-mc-igp-peri-500g\/#breadcrumb","itemListElement":[{"@type":"ListItem","position":1,"name":"Accueil","item":"https:\/\/www.maison-masse.com\/en\/"},{"@type":"ListItem","position":2,"name":"Boutique","item":"https:\/\/www.maison-masse.com\/boutique\/"},{"@type":"ListItem","position":3,"name":"BARQUETTE DE FOIE GRAS DE CANARD MI-CUIT PERIGORD 500G"}]},{"@type":"WebSite","@id":"https:\/\/www.maison-masse.com\/en\/#website","url":"https:\/\/www.maison-masse.com\/en\/","name":"Maison Masse","description":"La maison du foie gras depuis 1884","publisher":{"@id":"https:\/\/www.maison-masse.com\/en\/#organization"},"potentialAction":[{"@type":"SearchAction","target":{"@type":"EntryPoint","urlTemplate":"https:\/\/www.maison-masse.com\/en\/?s={search_term_string}"},"query-input":{"@type":"PropertyValueSpecification","valueRequired":true,"valueName":"search_term_string"}}],"inLanguage":"en-US"},{"@type":"Organization","@id":"https:\/\/www.maison-masse.com\/en\/#organization","name":"Maison Masse","url":"https:\/\/www.maison-masse.com\/en\/","logo":{"@type":"ImageObject","inLanguage":"en-US","@id":"https:\/\/www.maison-masse.com\/en\/#\/schema\/logo\/image\/","url":"https:\/\/www.maison-masse.com\/wp-content\/uploads\/2021\/06\/favicon.png","contentUrl":"https:\/\/www.maison-masse.com\/wp-content\/uploads\/2021\/06\/favicon.png","width":71,"height":72,"caption":"Maison Masse"},"image":{"@id":"https:\/\/www.maison-masse.com\/en\/#\/schema\/logo\/image\/"}}]}},"_links":{"self":[{"href":"https:\/\/www.maison-masse.com\/en\/wp-json\/wp\/v2\/product\/7749","targetHints":{"allow":["GET"]}}],"collection":[{"href":"https:\/\/www.maison-masse.com\/en\/wp-json\/wp\/v2\/product"}],"about":[{"href":"https:\/\/www.maison-masse.com\/en\/wp-json\/wp\/v2\/types\/product"}],"replies":[{"embeddable":true,"href":"https:\/\/www.maison-masse.com\/en\/wp-json\/wp\/v2\/comments?post=7749"}],"wp:featuredmedia":[{"embeddable":true,"href":"https:\/\/www.maison-masse.com\/en\/wp-json\/wp\/v2\/media\/11514"}],"wp:attachment":[{"href":"https:\/\/www.maison-masse.com\/en\/wp-json\/wp\/v2\/media?parent=7749"}],"wp:term":[{"taxonomy":"product_brand","embeddable":true,"href":"https:\/\/www.maison-masse.com\/en\/wp-json\/wp\/v2\/product_brand?post=7749"},{"taxonomy":"product_cat","embeddable":true,"href":"https:\/\/www.maison-masse.com\/en\/wp-json\/wp\/v2\/product_cat?post=7749"},{"taxonomy":"product_tag","embeddable":true,"href":"https:\/\/www.maison-masse.com\/en\/wp-json\/wp\/v2\/product_tag?post=7749"}],"curies":[{"name":"wp","href":"https:\/\/api.w.org\/{rel}","templated":true}]}}