{"id":7730,"date":"2021-06-16T11:13:08","date_gmt":"2021-06-16T09:13:08","guid":{"rendered":"https:\/\/maisonmasse.jk2agenceweb.com\/?post_type=product&#038;p=7730"},"modified":"2026-04-30T08:42:13","modified_gmt":"2026-04-30T06:42:13","slug":"escalopes-de-foie-gras-de-canard","status":"publish","type":"product","link":"https:\/\/www.maison-masse.com\/en\/produit\/escalopes-de-foie-gras-de-canard\/","title":{"rendered":"ESCALOPES DE FOIE GRAS DE CANARD SURGELEES 50G FRANCE"},"content":{"rendered":"<div class=\"ViewProduct-data-info\">\n<p>Les escalopes de foie gras de canard surgel\u00e9es permettent de r\u00e9aliser &#8211; en un tour de main &#8211; des entr\u00e9es, plats ou cocktails des plus classiques aux plus gastronomiques, des plus traditionnels aux plus tendance. L<\/p>\n<p>En sac zipp\u00e9 refermable d&#8217;environ 1kg soit environ 20 pi\u00e8ces de 50g, vous pourrez utiliser que ce dont vous aurez besoin.<\/p>\n<p>A cuire sans d\u00e9cong\u00e9lation pour une fonte encore plus r\u00e9duite et une texture l\u00e9g\u00e8re, sur plancha ou po\u00eale tr\u00e8s chaude (max 200\u00b0C).<\/p>\n<div class=\"ViewProduct-data-info\">\n<p>Que mettre dans l&#8217;assiette avec du foie gras ?<br \/>\nLaissez faire votre cr\u00e9ativit\u00e9 : mariez le foie gras avec des \u00e9pices, des alcools, des fruits, utilisez-le en accompagnement d&#8217;entr\u00e9es, de salades\u2026. Panez-le avec de la chapelure de sp\u00e9culos ou de pain d\u2019\u00e9pices\u2026<\/p>\n<\/div>\n<p>Origine : France,\u00a0<strong>IGP<\/strong>\u00a0(Indication G\u00e9ographique Prot\u00e9g\u00e9e) P\u00e9rigord<\/p>\n<p>Les canards sont nourris au ma\u00efs grain ou moulu.<\/p>\n<p>D\u00e9couvrez les autres foie gras \u00e0 pr\u00e9parer de la Maison Masse :\u00a0<a href=\"https:\/\/www.maison-masse.com\/categorie-produit\/006-foie-gras-a-preparer\/\">https:\/\/www.maison-masse.com\/categorie-produit\/006-foie-gras-a-preparer\/<\/a><\/p>\n<p>Suivez-nous sur Instagram :\u00a0<a href=\"https:\/\/www.instagram.com\/maisonmasse\/?hl=fr\">https:\/\/www.instagram.com\/maisonmasse\/?hl=fr<\/a><\/p>\n<\/div>\n<div class=\"ViewProduct-data-action\"><\/div>\n","protected":false},"excerpt":{"rendered":"<p>Les escalopes de foie gras surgel\u00e9es issues d&#8217;IGP permettent de r\u00e9aliser &#8211; en un tour de main &#8211; des entr\u00e9es, plats ou cocktails des plus classiques aux plus gastronomiques, des plus traditionnels aux plus tendance. En sac zipp\u00e9 refermable d&#8217;environ 1kg soit 20 pi\u00e8ces.<\/p>\n","protected":false},"featured_media":8533,"comment_status":"open","ping_status":"closed","template":"","meta":{"_acf_changed":false,"wprm-recipe-roundup-name":"","wprm-recipe-roundup-description":""},"product_brand":[],"product_cat":[527,322],"product_tag":[1045,1027],"class_list":{"0":"post-7730","1":"product","2":"type-product","3":"status-publish","4":"has-post-thumbnail","6":"product_cat-escalope","7":"product_cat-006-foie-gras-a-preparer","8":"product_tag-igp","9":"product_tag-masse","10":"product_shipping_class-surgele","12":"first","13":"instock","14":"taxable","15":"shipping-taxable","16":"purchasable","17":"product-type-simple"},"acf":[],"yoast_head":"<!-- This site is optimized with the Yoast SEO Premium plugin v26.8 (Yoast SEO v26.8) - https:\/\/yoast.com\/product\/yoast-seo-premium-wordpress\/ -->\n<title>ESCALOPES DE FOIE GRAS DE CANARD SURGELEES 50G FRANCE - Maison Masse<\/title>\n<meta name=\"description\" content=\"Escalopes de foie gras surgel\u00e9es IGP P\u00e9rigord pr\u00eates \u00e0 cuire, en sachet refermable. Texture fondante, usage facile pour recettes cr\u00e9atives.\" \/>\n<meta name=\"robots\" content=\"index, follow, max-snippet:-1, max-image-preview:large, max-video-preview:-1\" \/>\n<link rel=\"canonical\" href=\"https:\/\/www.maison-masse.com\/produit\/escalopes-de-foie-gras-de-canard\/\" \/>\n<meta property=\"og:locale\" content=\"en_US\" \/>\n<meta property=\"og:type\" content=\"article\" \/>\n<meta property=\"og:title\" content=\"ESCALOPES DE FOIE GRAS DE CANARD SURGELEES 50G FRANCE\" \/>\n<meta property=\"og:description\" content=\"Escalopes de foie gras surgel\u00e9es IGP P\u00e9rigord pr\u00eates \u00e0 cuire, en sachet refermable. Texture fondante, usage facile pour recettes cr\u00e9atives.\" \/>\n<meta property=\"og:url\" content=\"https:\/\/www.maison-masse.com\/produit\/escalopes-de-foie-gras-de-canard\/\" \/>\n<meta property=\"og:site_name\" content=\"Maison Masse\" \/>\n<meta property=\"article:modified_time\" content=\"2026-04-30T06:42:13+00:00\" \/>\n<meta property=\"og:image\" content=\"https:\/\/www.maison-masse.com\/wp-content\/uploads\/2021\/06\/logo-maisonmasse.png\" \/>\n\t<meta property=\"og:image:width\" content=\"246\" \/>\n\t<meta property=\"og:image:height\" content=\"100\" \/>\n\t<meta property=\"og:image:type\" content=\"image\/png\" \/>\n<meta name=\"twitter:card\" content=\"summary_large_image\" \/>\n<meta name=\"twitter:label1\" content=\"Est. reading time\" \/>\n\t<meta name=\"twitter:data1\" content=\"1 minute\" \/>\n<script type=\"application\/ld+json\" class=\"yoast-schema-graph\">{\"@context\":\"https:\/\/schema.org\",\"@graph\":[{\"@type\":\"WebPage\",\"@id\":\"https:\/\/www.maison-masse.com\/produit\/escalopes-de-foie-gras-de-canard\/\",\"url\":\"https:\/\/www.maison-masse.com\/produit\/escalopes-de-foie-gras-de-canard\/\",\"name\":\"ESCALOPES DE FOIE GRAS DE CANARD SURGELEES 50G FRANCE - Maison Masse\",\"isPartOf\":{\"@id\":\"https:\/\/www.maison-masse.com\/en\/#website\"},\"primaryImageOfPage\":{\"@id\":\"https:\/\/www.maison-masse.com\/produit\/escalopes-de-foie-gras-de-canard\/#primaryimage\"},\"image\":{\"@id\":\"https:\/\/www.maison-masse.com\/produit\/escalopes-de-foie-gras-de-canard\/#primaryimage\"},\"thumbnailUrl\":\"https:\/\/www.maison-masse.com\/wp-content\/uploads\/2021\/06\/FGCC013.bmp\",\"datePublished\":\"2021-06-16T09:13:08+00:00\",\"dateModified\":\"2026-04-30T06:42:13+00:00\",\"description\":\"Escalopes de foie gras surgel\u00e9es IGP P\u00e9rigord pr\u00eates \u00e0 cuire, en sachet refermable. Texture fondante, usage facile pour recettes cr\u00e9atives.\",\"breadcrumb\":{\"@id\":\"https:\/\/www.maison-masse.com\/produit\/escalopes-de-foie-gras-de-canard\/#breadcrumb\"},\"inLanguage\":\"en-US\",\"potentialAction\":[{\"@type\":\"ReadAction\",\"target\":[\"https:\/\/www.maison-masse.com\/produit\/escalopes-de-foie-gras-de-canard\/\"]}]},{\"@type\":\"ImageObject\",\"inLanguage\":\"en-US\",\"@id\":\"https:\/\/www.maison-masse.com\/produit\/escalopes-de-foie-gras-de-canard\/#primaryimage\",\"url\":\"https:\/\/www.maison-masse.com\/wp-content\/uploads\/2021\/06\/FGCC013.bmp\",\"contentUrl\":\"https:\/\/www.maison-masse.com\/wp-content\/uploads\/2021\/06\/FGCC013.bmp\",\"width\":922,\"height\":519,\"caption\":\"ESC FOIE GRAS CAN. 50G FR SURG\"},{\"@type\":\"BreadcrumbList\",\"@id\":\"https:\/\/www.maison-masse.com\/produit\/escalopes-de-foie-gras-de-canard\/#breadcrumb\",\"itemListElement\":[{\"@type\":\"ListItem\",\"position\":1,\"name\":\"Accueil\",\"item\":\"https:\/\/www.maison-masse.com\/en\/\"},{\"@type\":\"ListItem\",\"position\":2,\"name\":\"Boutique\",\"item\":\"https:\/\/www.maison-masse.com\/boutique\/\"},{\"@type\":\"ListItem\",\"position\":3,\"name\":\"ESCALOPES DE FOIE GRAS DE CANARD SURGELEES 50G FRANCE\"}]},{\"@type\":\"WebSite\",\"@id\":\"https:\/\/www.maison-masse.com\/en\/#website\",\"url\":\"https:\/\/www.maison-masse.com\/en\/\",\"name\":\"Maison Masse\",\"description\":\"La maison du foie gras depuis 1884\",\"publisher\":{\"@id\":\"https:\/\/www.maison-masse.com\/en\/#organization\"},\"potentialAction\":[{\"@type\":\"SearchAction\",\"target\":{\"@type\":\"EntryPoint\",\"urlTemplate\":\"https:\/\/www.maison-masse.com\/en\/?s={search_term_string}\"},\"query-input\":{\"@type\":\"PropertyValueSpecification\",\"valueRequired\":true,\"valueName\":\"search_term_string\"}}],\"inLanguage\":\"en-US\"},{\"@type\":\"Organization\",\"@id\":\"https:\/\/www.maison-masse.com\/en\/#organization\",\"name\":\"Maison Masse\",\"url\":\"https:\/\/www.maison-masse.com\/en\/\",\"logo\":{\"@type\":\"ImageObject\",\"inLanguage\":\"en-US\",\"@id\":\"https:\/\/www.maison-masse.com\/en\/#\/schema\/logo\/image\/\",\"url\":\"https:\/\/www.maison-masse.com\/wp-content\/uploads\/2021\/06\/favicon.png\",\"contentUrl\":\"https:\/\/www.maison-masse.com\/wp-content\/uploads\/2021\/06\/favicon.png\",\"width\":71,\"height\":72,\"caption\":\"Maison Masse\"},\"image\":{\"@id\":\"https:\/\/www.maison-masse.com\/en\/#\/schema\/logo\/image\/\"}}]}<\/script>\n<!-- \/ Yoast SEO Premium plugin. -->","yoast_head_json":{"title":"ESCALOPES DE FOIE GRAS DE CANARD SURGELEES 50G FRANCE - Maison Masse","description":"Escalopes de foie gras surgel\u00e9es IGP P\u00e9rigord pr\u00eates \u00e0 cuire, en sachet refermable. Texture fondante, usage facile pour recettes cr\u00e9atives.","robots":{"index":"index","follow":"follow","max-snippet":"max-snippet:-1","max-image-preview":"max-image-preview:large","max-video-preview":"max-video-preview:-1"},"canonical":"https:\/\/www.maison-masse.com\/produit\/escalopes-de-foie-gras-de-canard\/","og_locale":"en_US","og_type":"article","og_title":"ESCALOPES DE FOIE GRAS DE CANARD SURGELEES 50G FRANCE","og_description":"Escalopes de foie gras surgel\u00e9es IGP P\u00e9rigord pr\u00eates \u00e0 cuire, en sachet refermable. Texture fondante, usage facile pour recettes cr\u00e9atives.","og_url":"https:\/\/www.maison-masse.com\/produit\/escalopes-de-foie-gras-de-canard\/","og_site_name":"Maison Masse","article_modified_time":"2026-04-30T06:42:13+00:00","og_image":[{"width":246,"height":100,"url":"https:\/\/www.maison-masse.com\/wp-content\/uploads\/2021\/06\/logo-maisonmasse.png","type":"image\/png"}],"twitter_card":"summary_large_image","twitter_misc":{"Est. reading time":"1 minute"},"schema":{"@context":"https:\/\/schema.org","@graph":[{"@type":"WebPage","@id":"https:\/\/www.maison-masse.com\/produit\/escalopes-de-foie-gras-de-canard\/","url":"https:\/\/www.maison-masse.com\/produit\/escalopes-de-foie-gras-de-canard\/","name":"ESCALOPES DE FOIE GRAS DE CANARD SURGELEES 50G FRANCE - Maison Masse","isPartOf":{"@id":"https:\/\/www.maison-masse.com\/en\/#website"},"primaryImageOfPage":{"@id":"https:\/\/www.maison-masse.com\/produit\/escalopes-de-foie-gras-de-canard\/#primaryimage"},"image":{"@id":"https:\/\/www.maison-masse.com\/produit\/escalopes-de-foie-gras-de-canard\/#primaryimage"},"thumbnailUrl":"https:\/\/www.maison-masse.com\/wp-content\/uploads\/2021\/06\/FGCC013.bmp","datePublished":"2021-06-16T09:13:08+00:00","dateModified":"2026-04-30T06:42:13+00:00","description":"Escalopes de foie gras surgel\u00e9es IGP P\u00e9rigord pr\u00eates \u00e0 cuire, en sachet refermable. Texture fondante, usage facile pour recettes cr\u00e9atives.","breadcrumb":{"@id":"https:\/\/www.maison-masse.com\/produit\/escalopes-de-foie-gras-de-canard\/#breadcrumb"},"inLanguage":"en-US","potentialAction":[{"@type":"ReadAction","target":["https:\/\/www.maison-masse.com\/produit\/escalopes-de-foie-gras-de-canard\/"]}]},{"@type":"ImageObject","inLanguage":"en-US","@id":"https:\/\/www.maison-masse.com\/produit\/escalopes-de-foie-gras-de-canard\/#primaryimage","url":"https:\/\/www.maison-masse.com\/wp-content\/uploads\/2021\/06\/FGCC013.bmp","contentUrl":"https:\/\/www.maison-masse.com\/wp-content\/uploads\/2021\/06\/FGCC013.bmp","width":922,"height":519,"caption":"ESC FOIE GRAS CAN. 50G FR SURG"},{"@type":"BreadcrumbList","@id":"https:\/\/www.maison-masse.com\/produit\/escalopes-de-foie-gras-de-canard\/#breadcrumb","itemListElement":[{"@type":"ListItem","position":1,"name":"Accueil","item":"https:\/\/www.maison-masse.com\/en\/"},{"@type":"ListItem","position":2,"name":"Boutique","item":"https:\/\/www.maison-masse.com\/boutique\/"},{"@type":"ListItem","position":3,"name":"ESCALOPES DE FOIE GRAS DE CANARD SURGELEES 50G FRANCE"}]},{"@type":"WebSite","@id":"https:\/\/www.maison-masse.com\/en\/#website","url":"https:\/\/www.maison-masse.com\/en\/","name":"Maison Masse","description":"La maison du foie gras depuis 1884","publisher":{"@id":"https:\/\/www.maison-masse.com\/en\/#organization"},"potentialAction":[{"@type":"SearchAction","target":{"@type":"EntryPoint","urlTemplate":"https:\/\/www.maison-masse.com\/en\/?s={search_term_string}"},"query-input":{"@type":"PropertyValueSpecification","valueRequired":true,"valueName":"search_term_string"}}],"inLanguage":"en-US"},{"@type":"Organization","@id":"https:\/\/www.maison-masse.com\/en\/#organization","name":"Maison Masse","url":"https:\/\/www.maison-masse.com\/en\/","logo":{"@type":"ImageObject","inLanguage":"en-US","@id":"https:\/\/www.maison-masse.com\/en\/#\/schema\/logo\/image\/","url":"https:\/\/www.maison-masse.com\/wp-content\/uploads\/2021\/06\/favicon.png","contentUrl":"https:\/\/www.maison-masse.com\/wp-content\/uploads\/2021\/06\/favicon.png","width":71,"height":72,"caption":"Maison Masse"},"image":{"@id":"https:\/\/www.maison-masse.com\/en\/#\/schema\/logo\/image\/"}}]}},"_links":{"self":[{"href":"https:\/\/www.maison-masse.com\/en\/wp-json\/wp\/v2\/product\/7730","targetHints":{"allow":["GET"]}}],"collection":[{"href":"https:\/\/www.maison-masse.com\/en\/wp-json\/wp\/v2\/product"}],"about":[{"href":"https:\/\/www.maison-masse.com\/en\/wp-json\/wp\/v2\/types\/product"}],"replies":[{"embeddable":true,"href":"https:\/\/www.maison-masse.com\/en\/wp-json\/wp\/v2\/comments?post=7730"}],"wp:featuredmedia":[{"embeddable":true,"href":"https:\/\/www.maison-masse.com\/en\/wp-json\/wp\/v2\/media\/8533"}],"wp:attachment":[{"href":"https:\/\/www.maison-masse.com\/en\/wp-json\/wp\/v2\/media?parent=7730"}],"wp:term":[{"taxonomy":"product_brand","embeddable":true,"href":"https:\/\/www.maison-masse.com\/en\/wp-json\/wp\/v2\/product_brand?post=7730"},{"taxonomy":"product_cat","embeddable":true,"href":"https:\/\/www.maison-masse.com\/en\/wp-json\/wp\/v2\/product_cat?post=7730"},{"taxonomy":"product_tag","embeddable":true,"href":"https:\/\/www.maison-masse.com\/en\/wp-json\/wp\/v2\/product_tag?post=7730"}],"curies":[{"name":"wp","href":"https:\/\/api.w.org\/{rel}","templated":true}]}}