{"id":7725,"date":"2021-06-16T11:13:07","date_gmt":"2021-06-16T09:13:07","guid":{"rendered":"https:\/\/maisonmasse.jk2agenceweb.com\/?post_type=product&#038;p=7725"},"modified":"2026-04-15T09:04:18","modified_gmt":"2026-04-15T07:04:18","slug":"escargot-bourgogne-4-4-8dz","status":"publish","type":"product","link":"https:\/\/www.maison-masse.com\/en\/produit\/escargot-bourgogne-4-4-8dz\/","title":{"rendered":"ESCARGOTS DE BOURGOGNE 4\/4 8 DOUZAINES"},"content":{"rendered":"<p>Escargot de Bourgogne 4\/4 8 douzaines.<\/p>\n<p>Romanzini, expert en escargot depuis 1921 dont le savoir faire se transmet de g\u00e9n\u00e9ration en g\u00e9n\u00e9ration. Une technique alliant un outil de production performant \u00e0 la rigueur dans la s\u00e9lection des escargots et dans leur transformation constituent un socle de leur savoir faire.<\/p>\n<p>Les conserves Romanzini sont \u00e9labor\u00e9es de mani\u00e8res traditionnelles, les boites sont remplies par comptage automatique apr\u00e8s un calibrage pr\u00e9cis des chairs effectu\u00e9 par vision \u00e9lectronique.<\/p>\n<p>Le court bouillon aromatis\u00e9 conserve les escargots en leur apportant les saveurs des herbes et \u00e9pices soigneusement s\u00e9lectionn\u00e9es.<\/p>\n<p>Utilisation des escargots de Bourgogne :<br \/>\nEn coquille avec la farce bourguignonne.<br \/>\nEn cassolettes, en recettes ap\u00e9ritives.<\/p>\n<p>D\u00e9couvrez les autres escargots de la Maison Masse : <a href=\"https:\/\/www.maison-masse.com\/categorie-produit\/016-crustaces-escargots\/\">https:\/\/www.maison-masse.com\/categorie-produit\/016-crustaces-escargots\/<\/a><\/p>\n<p>Suivez-nous sur Instagram : <a href=\"https:\/\/www.instagram.com\/maisonmasse\/?hl=fr\">https:\/\/www.instagram.com\/maisonmasse\/?hl=fr<\/a><\/p>\n","protected":false},"excerpt":{"rendered":"<p>Romanzini, expert en escargot depuis 1921 dont le savoir faire se transmet de g\u00e9n\u00e9ration en g\u00e9n\u00e9ration. Une technique alliant un outil de production performant \u00e0 la rigueur dans la s\u00e9lection des escargots et dans leur transformation constituent un socle de leur savoir faire.<\/p>\n","protected":false},"featured_media":8523,"comment_status":"open","ping_status":"closed","template":"","meta":{"_acf_changed":false,"wprm-recipe-roundup-name":"","wprm-recipe-roundup-description":""},"product_brand":[],"product_cat":[325],"product_tag":[3057,3056,3059],"class_list":{"0":"post-7725","1":"product","2":"type-product","3":"status-publish","4":"has-post-thumbnail","6":"product_cat-les-produits-de-la-mer","7":"product_tag-bourgogne","8":"product_tag-escargots","9":"product_tag-romanzini","11":"first","12":"instock","13":"taxable","14":"shipping-taxable","15":"purchasable","16":"product-type-simple"},"acf":[],"yoast_head":"<!-- This site is optimized with the Yoast SEO Premium plugin v26.8 (Yoast SEO v26.8) - https:\/\/yoast.com\/product\/yoast-seo-premium-wordpress\/ -->\n<title>Escargot de Bourgogne 4\/4 - Maison Masse<\/title>\n<meta name=\"description\" content=\"Partez \u00e0 la d\u00e9couverte des saveurs de Bourgogne : Escargots de Bourgogne, sp\u00e9cialit\u00e9 r\u00e9gionale. Un mets d\u00e9licat et raffin\u00e9.\" \/>\n<meta name=\"robots\" content=\"index, follow, max-snippet:-1, max-image-preview:large, max-video-preview:-1\" \/>\n<link rel=\"canonical\" href=\"https:\/\/www.maison-masse.com\/produit\/escargot-bourgogne-4-4-8dz\/\" \/>\n<meta property=\"og:locale\" content=\"en_US\" \/>\n<meta property=\"og:type\" content=\"article\" \/>\n<meta property=\"og:title\" content=\"ESCARGOTS DE BOURGOGNE 4\/4 8 DOUZAINES\" \/>\n<meta property=\"og:description\" content=\"Partez \u00e0 la d\u00e9couverte des saveurs de Bourgogne : Escargots de Bourgogne, sp\u00e9cialit\u00e9 r\u00e9gionale. Un mets d\u00e9licat et raffin\u00e9.\" \/>\n<meta property=\"og:url\" content=\"https:\/\/www.maison-masse.com\/produit\/escargot-bourgogne-4-4-8dz\/\" \/>\n<meta property=\"og:site_name\" content=\"Maison Masse\" \/>\n<meta property=\"article:modified_time\" content=\"2026-04-15T07:04:18+00:00\" \/>\n<meta property=\"og:image\" content=\"https:\/\/www.maison-masse.com\/wp-content\/uploads\/2021\/06\/logo-maisonmasse.png\" \/>\n\t<meta property=\"og:image:width\" content=\"246\" \/>\n\t<meta property=\"og:image:height\" content=\"100\" \/>\n\t<meta property=\"og:image:type\" content=\"image\/png\" \/>\n<meta name=\"twitter:card\" content=\"summary_large_image\" \/>\n<meta name=\"twitter:label1\" content=\"Est. reading time\" \/>\n\t<meta name=\"twitter:data1\" content=\"1 minute\" \/>\n<script type=\"application\/ld+json\" class=\"yoast-schema-graph\">{\"@context\":\"https:\/\/schema.org\",\"@graph\":[{\"@type\":\"WebPage\",\"@id\":\"https:\/\/www.maison-masse.com\/produit\/escargot-bourgogne-4-4-8dz\/\",\"url\":\"https:\/\/www.maison-masse.com\/produit\/escargot-bourgogne-4-4-8dz\/\",\"name\":\"Escargot de Bourgogne 4\/4 - Maison Masse\",\"isPartOf\":{\"@id\":\"https:\/\/www.maison-masse.com\/en\/#website\"},\"primaryImageOfPage\":{\"@id\":\"https:\/\/www.maison-masse.com\/produit\/escargot-bourgogne-4-4-8dz\/#primaryimage\"},\"image\":{\"@id\":\"https:\/\/www.maison-masse.com\/produit\/escargot-bourgogne-4-4-8dz\/#primaryimage\"},\"thumbnailUrl\":\"https:\/\/www.maison-masse.com\/wp-content\/uploads\/2021\/06\/ESCC001.bmp\",\"datePublished\":\"2021-06-16T09:13:07+00:00\",\"dateModified\":\"2026-04-15T07:04:18+00:00\",\"description\":\"Partez \u00e0 la d\u00e9couverte des saveurs de Bourgogne : Escargots de Bourgogne, sp\u00e9cialit\u00e9 r\u00e9gionale. Un mets d\u00e9licat et raffin\u00e9.\",\"breadcrumb\":{\"@id\":\"https:\/\/www.maison-masse.com\/produit\/escargot-bourgogne-4-4-8dz\/#breadcrumb\"},\"inLanguage\":\"en-US\",\"potentialAction\":[{\"@type\":\"ReadAction\",\"target\":[\"https:\/\/www.maison-masse.com\/produit\/escargot-bourgogne-4-4-8dz\/\"]}]},{\"@type\":\"ImageObject\",\"inLanguage\":\"en-US\",\"@id\":\"https:\/\/www.maison-masse.com\/produit\/escargot-bourgogne-4-4-8dz\/#primaryimage\",\"url\":\"https:\/\/www.maison-masse.com\/wp-content\/uploads\/2021\/06\/ESCC001.bmp\",\"contentUrl\":\"https:\/\/www.maison-masse.com\/wp-content\/uploads\/2021\/06\/ESCC001.bmp\",\"width\":810,\"height\":1080,\"caption\":\"ESCARGOT BOURGOGNE 4\/4 8DZ\"},{\"@type\":\"BreadcrumbList\",\"@id\":\"https:\/\/www.maison-masse.com\/produit\/escargot-bourgogne-4-4-8dz\/#breadcrumb\",\"itemListElement\":[{\"@type\":\"ListItem\",\"position\":1,\"name\":\"Accueil\",\"item\":\"https:\/\/www.maison-masse.com\/en\/\"},{\"@type\":\"ListItem\",\"position\":2,\"name\":\"Boutique\",\"item\":\"https:\/\/www.maison-masse.com\/boutique\/\"},{\"@type\":\"ListItem\",\"position\":3,\"name\":\"ESCARGOTS DE BOURGOGNE 4\/4 8 DOUZAINES\"}]},{\"@type\":\"WebSite\",\"@id\":\"https:\/\/www.maison-masse.com\/en\/#website\",\"url\":\"https:\/\/www.maison-masse.com\/en\/\",\"name\":\"Maison Masse\",\"description\":\"La maison du foie gras depuis 1884\",\"publisher\":{\"@id\":\"https:\/\/www.maison-masse.com\/en\/#organization\"},\"potentialAction\":[{\"@type\":\"SearchAction\",\"target\":{\"@type\":\"EntryPoint\",\"urlTemplate\":\"https:\/\/www.maison-masse.com\/en\/?s={search_term_string}\"},\"query-input\":{\"@type\":\"PropertyValueSpecification\",\"valueRequired\":true,\"valueName\":\"search_term_string\"}}],\"inLanguage\":\"en-US\"},{\"@type\":\"Organization\",\"@id\":\"https:\/\/www.maison-masse.com\/en\/#organization\",\"name\":\"Maison Masse\",\"url\":\"https:\/\/www.maison-masse.com\/en\/\",\"logo\":{\"@type\":\"ImageObject\",\"inLanguage\":\"en-US\",\"@id\":\"https:\/\/www.maison-masse.com\/en\/#\/schema\/logo\/image\/\",\"url\":\"https:\/\/www.maison-masse.com\/wp-content\/uploads\/2021\/06\/favicon.png\",\"contentUrl\":\"https:\/\/www.maison-masse.com\/wp-content\/uploads\/2021\/06\/favicon.png\",\"width\":71,\"height\":72,\"caption\":\"Maison Masse\"},\"image\":{\"@id\":\"https:\/\/www.maison-masse.com\/en\/#\/schema\/logo\/image\/\"}}]}<\/script>\n<!-- \/ Yoast SEO Premium plugin. -->","yoast_head_json":{"title":"Escargot de Bourgogne 4\/4 - Maison Masse","description":"Partez \u00e0 la d\u00e9couverte des saveurs de Bourgogne : Escargots de Bourgogne, sp\u00e9cialit\u00e9 r\u00e9gionale. Un mets d\u00e9licat et raffin\u00e9.","robots":{"index":"index","follow":"follow","max-snippet":"max-snippet:-1","max-image-preview":"max-image-preview:large","max-video-preview":"max-video-preview:-1"},"canonical":"https:\/\/www.maison-masse.com\/produit\/escargot-bourgogne-4-4-8dz\/","og_locale":"en_US","og_type":"article","og_title":"ESCARGOTS DE BOURGOGNE 4\/4 8 DOUZAINES","og_description":"Partez \u00e0 la d\u00e9couverte des saveurs de Bourgogne : Escargots de Bourgogne, sp\u00e9cialit\u00e9 r\u00e9gionale. Un mets d\u00e9licat et raffin\u00e9.","og_url":"https:\/\/www.maison-masse.com\/produit\/escargot-bourgogne-4-4-8dz\/","og_site_name":"Maison Masse","article_modified_time":"2026-04-15T07:04:18+00:00","og_image":[{"width":246,"height":100,"url":"https:\/\/www.maison-masse.com\/wp-content\/uploads\/2021\/06\/logo-maisonmasse.png","type":"image\/png"}],"twitter_card":"summary_large_image","twitter_misc":{"Est. reading time":"1 minute"},"schema":{"@context":"https:\/\/schema.org","@graph":[{"@type":"WebPage","@id":"https:\/\/www.maison-masse.com\/produit\/escargot-bourgogne-4-4-8dz\/","url":"https:\/\/www.maison-masse.com\/produit\/escargot-bourgogne-4-4-8dz\/","name":"Escargot de Bourgogne 4\/4 - Maison Masse","isPartOf":{"@id":"https:\/\/www.maison-masse.com\/en\/#website"},"primaryImageOfPage":{"@id":"https:\/\/www.maison-masse.com\/produit\/escargot-bourgogne-4-4-8dz\/#primaryimage"},"image":{"@id":"https:\/\/www.maison-masse.com\/produit\/escargot-bourgogne-4-4-8dz\/#primaryimage"},"thumbnailUrl":"https:\/\/www.maison-masse.com\/wp-content\/uploads\/2021\/06\/ESCC001.bmp","datePublished":"2021-06-16T09:13:07+00:00","dateModified":"2026-04-15T07:04:18+00:00","description":"Partez \u00e0 la d\u00e9couverte des saveurs de Bourgogne : Escargots de Bourgogne, sp\u00e9cialit\u00e9 r\u00e9gionale. Un mets d\u00e9licat et raffin\u00e9.","breadcrumb":{"@id":"https:\/\/www.maison-masse.com\/produit\/escargot-bourgogne-4-4-8dz\/#breadcrumb"},"inLanguage":"en-US","potentialAction":[{"@type":"ReadAction","target":["https:\/\/www.maison-masse.com\/produit\/escargot-bourgogne-4-4-8dz\/"]}]},{"@type":"ImageObject","inLanguage":"en-US","@id":"https:\/\/www.maison-masse.com\/produit\/escargot-bourgogne-4-4-8dz\/#primaryimage","url":"https:\/\/www.maison-masse.com\/wp-content\/uploads\/2021\/06\/ESCC001.bmp","contentUrl":"https:\/\/www.maison-masse.com\/wp-content\/uploads\/2021\/06\/ESCC001.bmp","width":810,"height":1080,"caption":"ESCARGOT BOURGOGNE 4\/4 8DZ"},{"@type":"BreadcrumbList","@id":"https:\/\/www.maison-masse.com\/produit\/escargot-bourgogne-4-4-8dz\/#breadcrumb","itemListElement":[{"@type":"ListItem","position":1,"name":"Accueil","item":"https:\/\/www.maison-masse.com\/en\/"},{"@type":"ListItem","position":2,"name":"Boutique","item":"https:\/\/www.maison-masse.com\/boutique\/"},{"@type":"ListItem","position":3,"name":"ESCARGOTS DE BOURGOGNE 4\/4 8 DOUZAINES"}]},{"@type":"WebSite","@id":"https:\/\/www.maison-masse.com\/en\/#website","url":"https:\/\/www.maison-masse.com\/en\/","name":"Maison Masse","description":"La maison du foie gras depuis 1884","publisher":{"@id":"https:\/\/www.maison-masse.com\/en\/#organization"},"potentialAction":[{"@type":"SearchAction","target":{"@type":"EntryPoint","urlTemplate":"https:\/\/www.maison-masse.com\/en\/?s={search_term_string}"},"query-input":{"@type":"PropertyValueSpecification","valueRequired":true,"valueName":"search_term_string"}}],"inLanguage":"en-US"},{"@type":"Organization","@id":"https:\/\/www.maison-masse.com\/en\/#organization","name":"Maison Masse","url":"https:\/\/www.maison-masse.com\/en\/","logo":{"@type":"ImageObject","inLanguage":"en-US","@id":"https:\/\/www.maison-masse.com\/en\/#\/schema\/logo\/image\/","url":"https:\/\/www.maison-masse.com\/wp-content\/uploads\/2021\/06\/favicon.png","contentUrl":"https:\/\/www.maison-masse.com\/wp-content\/uploads\/2021\/06\/favicon.png","width":71,"height":72,"caption":"Maison Masse"},"image":{"@id":"https:\/\/www.maison-masse.com\/en\/#\/schema\/logo\/image\/"}}]}},"_links":{"self":[{"href":"https:\/\/www.maison-masse.com\/en\/wp-json\/wp\/v2\/product\/7725","targetHints":{"allow":["GET"]}}],"collection":[{"href":"https:\/\/www.maison-masse.com\/en\/wp-json\/wp\/v2\/product"}],"about":[{"href":"https:\/\/www.maison-masse.com\/en\/wp-json\/wp\/v2\/types\/product"}],"replies":[{"embeddable":true,"href":"https:\/\/www.maison-masse.com\/en\/wp-json\/wp\/v2\/comments?post=7725"}],"wp:featuredmedia":[{"embeddable":true,"href":"https:\/\/www.maison-masse.com\/en\/wp-json\/wp\/v2\/media\/8523"}],"wp:attachment":[{"href":"https:\/\/www.maison-masse.com\/en\/wp-json\/wp\/v2\/media?parent=7725"}],"wp:term":[{"taxonomy":"product_brand","embeddable":true,"href":"https:\/\/www.maison-masse.com\/en\/wp-json\/wp\/v2\/product_brand?post=7725"},{"taxonomy":"product_cat","embeddable":true,"href":"https:\/\/www.maison-masse.com\/en\/wp-json\/wp\/v2\/product_cat?post=7725"},{"taxonomy":"product_tag","embeddable":true,"href":"https:\/\/www.maison-masse.com\/en\/wp-json\/wp\/v2\/product_tag?post=7725"}],"curies":[{"name":"wp","href":"https:\/\/api.w.org\/{rel}","templated":true}]}}