{"id":7719,"date":"2021-06-16T11:13:03","date_gmt":"2021-06-16T09:13:03","guid":{"rendered":"https:\/\/maisonmasse.jk2agenceweb.com\/?post_type=product&#038;p=7719"},"modified":"2026-04-15T09:03:32","modified_gmt":"2026-04-15T07:03:32","slug":"ravioles-basilic-vert-2kg-surg","status":"publish","type":"product","link":"https:\/\/www.maison-masse.com\/en\/produit\/ravioles-basilic-vert-2kg-surg\/","title":{"rendered":"RAVIOLES AU BASILIC VERT SURGELEES 2KG"},"content":{"rendered":"<p aria-hidden=\"false\" data-hook=\"info-section-title\">Ravioles au basilic vert, surgel\u00e9es ; sachet de 2kg.<\/p>\n<p aria-hidden=\"false\" data-hook=\"info-section-title\">Pr\u00eates en quelques minutes, ces ravioles vous offrent un festin rapide et facile \u00e0 faire pour ravir vos convives.<\/p>\n<p aria-hidden=\"false\" data-hook=\"info-section-title\">Une harmonie parfaite entre la finesse de la p\u00e2te et la richesse aromatique du basilic vert.<\/p>\n<p aria-hidden=\"false\" data-hook=\"info-section-title\">Conseils de pr\u00e9paration : Dans un grand volume d&#8217;eau fr\u00e9missante, plongez les ravioles surgel\u00e9es pendant 90 secondes. Remuez r\u00e9guli\u00e8rement et \u00e9gouttez les ravioles avec un \u00e9cumoire.<\/p>\n<p class=\"Text3027143737__root Text3027143737---typography-11-runningText Text3027143737---priority-7-primary s8gg2 _2Cjvf InfoSectionTitle3095652555__root\" aria-hidden=\"false\" data-hook=\"info-section-title\">A conserver au cong\u00e9lateur ou dans le compartiment \u00e0 glace de votre r\u00e9frig\u00e9rateur selon le symbole.<\/p>\n<div class=\"WncCi\" data-hook=\"info-section-description\">\n<p>\u2022 -12\u00b0C\u00a0 : ** : 15 jours<\/p>\n<p>\u2022 -18\u00b0C : *** : jusqu\u2019\u00e0 la date indiqu\u00e9e sur l\u2019emballage.<\/p>\n<p>Les ravioles au basilic vert sont id\u00e9ales pour :<\/p>\n<ul>\n<li>accompagner vos\u00a0<strong>plats<\/strong>,<\/li>\n<li>pr\u00e9parer des\u00a0<strong>entr\u00e9es<\/strong>\u00a0de caract\u00e8re<\/li>\n<li>servir des\u00a0<strong>bouch\u00e9es ap\u00e9ritives<\/strong>\u00a0originales.<\/li>\n<\/ul>\n<p>Pour en savoir plus sur les ravioles de la M\u00e8re Maury : <a href=\"https:\/\/www.maison-masse.com\/les-ravioles-de-la-mere-maury\/\">https:\/\/www.maison-masse.com\/les-ravioles-de-la-mere-maury\/<\/a><\/p>\n<p>Suivez-nous sur Instagram : <a href=\"https:\/\/www.instagram.com\/maisonmasse\/?hl=fr\">https:\/\/www.instagram.com\/maisonmasse\/?hl=fr<\/a><\/p>\n<\/div>\n","protected":false},"excerpt":{"rendered":"<p aria-hidden=\"false\" data-hook=\"info-section-title\">Ravioles au basilic vert, surgel\u00e9es ; sachet de 2kg.<\/p>\n<p aria-hidden=\"false\" data-hook=\"info-section-title\">Pr\u00eates en quelques minutes, ces ravioles vous offrent un festin rapide et facile \u00e0 faire pour ravir vos convives.<\/p>\n","protected":false},"featured_media":31061,"comment_status":"open","ping_status":"closed","template":"","meta":{"_acf_changed":false,"wprm-recipe-roundup-name":"","wprm-recipe-roundup-description":""},"product_brand":[],"product_cat":[521,522],"product_tag":[3062,3061,1998],"class_list":{"0":"post-7719","1":"product","2":"type-product","3":"status-publish","4":"has-post-thumbnail","6":"product_cat-les-ravioles-de-la-mere-maury","7":"product_cat-pates-recettes-pretes-a-lemploi","8":"product_tag-basilic-vert","9":"product_tag-mere-maury","10":"product_tag-ravioles","11":"product_shipping_class-surgele","13":"first","14":"instock","15":"taxable","16":"shipping-taxable","17":"purchasable","18":"product-type-simple"},"acf":[],"yoast_head":"<!-- This site is optimized with the Yoast SEO Premium plugin v26.8 (Yoast SEO v26.8) - https:\/\/yoast.com\/product\/yoast-seo-premium-wordpress\/ -->\n<title>RAVIOLES AU BASILIC VERT SURGELEES 2KG - Maison Masse<\/title>\n<meta name=\"description\" content=\"Ravioles Basilic Vert : Fra\u00eecheur, gourmandise et simplicit\u00e9, pour un plaisir gustatif garanti. Pr\u00eates en quelques minutes !\" \/>\n<meta name=\"robots\" content=\"index, follow, max-snippet:-1, max-image-preview:large, max-video-preview:-1\" \/>\n<link rel=\"canonical\" href=\"https:\/\/www.maison-masse.com\/produit\/ravioles-basilic-vert-2kg-surg\/\" \/>\n<meta property=\"og:locale\" content=\"en_US\" \/>\n<meta property=\"og:type\" content=\"article\" \/>\n<meta property=\"og:title\" content=\"RAVIOLES AU BASILIC VERT SURGELEES 2KG\" \/>\n<meta property=\"og:description\" content=\"Ravioles Basilic Vert : Fra\u00eecheur, gourmandise et simplicit\u00e9, pour un plaisir gustatif garanti. Pr\u00eates en quelques minutes !\" \/>\n<meta property=\"og:url\" content=\"https:\/\/www.maison-masse.com\/produit\/ravioles-basilic-vert-2kg-surg\/\" \/>\n<meta property=\"og:site_name\" content=\"Maison Masse\" \/>\n<meta property=\"article:modified_time\" content=\"2026-04-15T07:03:32+00:00\" \/>\n<meta property=\"og:image\" content=\"https:\/\/www.maison-masse.com\/wp-content\/uploads\/2021\/06\/EPIS011-Ravioles-basilic.jpg\" \/>\n\t<meta property=\"og:image:width\" content=\"236\" \/>\n\t<meta property=\"og:image:height\" content=\"239\" \/>\n\t<meta property=\"og:image:type\" content=\"image\/jpeg\" \/>\n<meta name=\"twitter:card\" content=\"summary_large_image\" \/>\n<meta name=\"twitter:label1\" content=\"Est. reading time\" \/>\n\t<meta name=\"twitter:data1\" content=\"1 minute\" \/>\n<script type=\"application\/ld+json\" class=\"yoast-schema-graph\">{\"@context\":\"https:\/\/schema.org\",\"@graph\":[{\"@type\":\"WebPage\",\"@id\":\"https:\/\/www.maison-masse.com\/produit\/ravioles-basilic-vert-2kg-surg\/\",\"url\":\"https:\/\/www.maison-masse.com\/produit\/ravioles-basilic-vert-2kg-surg\/\",\"name\":\"RAVIOLES AU BASILIC VERT SURGELEES 2KG - Maison Masse\",\"isPartOf\":{\"@id\":\"https:\/\/www.maison-masse.com\/en\/#website\"},\"primaryImageOfPage\":{\"@id\":\"https:\/\/www.maison-masse.com\/produit\/ravioles-basilic-vert-2kg-surg\/#primaryimage\"},\"image\":{\"@id\":\"https:\/\/www.maison-masse.com\/produit\/ravioles-basilic-vert-2kg-surg\/#primaryimage\"},\"thumbnailUrl\":\"https:\/\/www.maison-masse.com\/wp-content\/uploads\/2021\/06\/EPIS011-Ravioles-basilic.jpg\",\"datePublished\":\"2021-06-16T09:13:03+00:00\",\"dateModified\":\"2026-04-15T07:03:32+00:00\",\"description\":\"Ravioles Basilic Vert : Fra\u00eecheur, gourmandise et simplicit\u00e9, pour un plaisir gustatif garanti. Pr\u00eates en quelques minutes !\",\"breadcrumb\":{\"@id\":\"https:\/\/www.maison-masse.com\/produit\/ravioles-basilic-vert-2kg-surg\/#breadcrumb\"},\"inLanguage\":\"en-US\",\"potentialAction\":[{\"@type\":\"ReadAction\",\"target\":[\"https:\/\/www.maison-masse.com\/produit\/ravioles-basilic-vert-2kg-surg\/\"]}]},{\"@type\":\"ImageObject\",\"inLanguage\":\"en-US\",\"@id\":\"https:\/\/www.maison-masse.com\/produit\/ravioles-basilic-vert-2kg-surg\/#primaryimage\",\"url\":\"https:\/\/www.maison-masse.com\/wp-content\/uploads\/2021\/06\/EPIS011-Ravioles-basilic.jpg\",\"contentUrl\":\"https:\/\/www.maison-masse.com\/wp-content\/uploads\/2021\/06\/EPIS011-Ravioles-basilic.jpg\",\"width\":236,\"height\":239},{\"@type\":\"BreadcrumbList\",\"@id\":\"https:\/\/www.maison-masse.com\/produit\/ravioles-basilic-vert-2kg-surg\/#breadcrumb\",\"itemListElement\":[{\"@type\":\"ListItem\",\"position\":1,\"name\":\"Accueil\",\"item\":\"https:\/\/www.maison-masse.com\/en\/\"},{\"@type\":\"ListItem\",\"position\":2,\"name\":\"Boutique\",\"item\":\"https:\/\/www.maison-masse.com\/boutique\/\"},{\"@type\":\"ListItem\",\"position\":3,\"name\":\"RAVIOLES AU BASILIC VERT SURGELEES 2KG\"}]},{\"@type\":\"WebSite\",\"@id\":\"https:\/\/www.maison-masse.com\/en\/#website\",\"url\":\"https:\/\/www.maison-masse.com\/en\/\",\"name\":\"Maison Masse\",\"description\":\"La maison du foie gras depuis 1884\",\"publisher\":{\"@id\":\"https:\/\/www.maison-masse.com\/en\/#organization\"},\"potentialAction\":[{\"@type\":\"SearchAction\",\"target\":{\"@type\":\"EntryPoint\",\"urlTemplate\":\"https:\/\/www.maison-masse.com\/en\/?s={search_term_string}\"},\"query-input\":{\"@type\":\"PropertyValueSpecification\",\"valueRequired\":true,\"valueName\":\"search_term_string\"}}],\"inLanguage\":\"en-US\"},{\"@type\":\"Organization\",\"@id\":\"https:\/\/www.maison-masse.com\/en\/#organization\",\"name\":\"Maison Masse\",\"url\":\"https:\/\/www.maison-masse.com\/en\/\",\"logo\":{\"@type\":\"ImageObject\",\"inLanguage\":\"en-US\",\"@id\":\"https:\/\/www.maison-masse.com\/en\/#\/schema\/logo\/image\/\",\"url\":\"https:\/\/www.maison-masse.com\/wp-content\/uploads\/2021\/06\/favicon.png\",\"contentUrl\":\"https:\/\/www.maison-masse.com\/wp-content\/uploads\/2021\/06\/favicon.png\",\"width\":71,\"height\":72,\"caption\":\"Maison Masse\"},\"image\":{\"@id\":\"https:\/\/www.maison-masse.com\/en\/#\/schema\/logo\/image\/\"}}]}<\/script>\n<!-- \/ Yoast SEO Premium plugin. -->","yoast_head_json":{"title":"RAVIOLES AU BASILIC VERT SURGELEES 2KG - Maison Masse","description":"Ravioles Basilic Vert : Fra\u00eecheur, gourmandise et simplicit\u00e9, pour un plaisir gustatif garanti. Pr\u00eates en quelques minutes !","robots":{"index":"index","follow":"follow","max-snippet":"max-snippet:-1","max-image-preview":"max-image-preview:large","max-video-preview":"max-video-preview:-1"},"canonical":"https:\/\/www.maison-masse.com\/produit\/ravioles-basilic-vert-2kg-surg\/","og_locale":"en_US","og_type":"article","og_title":"RAVIOLES AU BASILIC VERT SURGELEES 2KG","og_description":"Ravioles Basilic Vert : Fra\u00eecheur, gourmandise et simplicit\u00e9, pour un plaisir gustatif garanti. Pr\u00eates en quelques minutes !","og_url":"https:\/\/www.maison-masse.com\/produit\/ravioles-basilic-vert-2kg-surg\/","og_site_name":"Maison Masse","article_modified_time":"2026-04-15T07:03:32+00:00","og_image":[{"width":236,"height":239,"url":"https:\/\/www.maison-masse.com\/wp-content\/uploads\/2021\/06\/EPIS011-Ravioles-basilic.jpg","type":"image\/jpeg"}],"twitter_card":"summary_large_image","twitter_misc":{"Est. reading time":"1 minute"},"schema":{"@context":"https:\/\/schema.org","@graph":[{"@type":"WebPage","@id":"https:\/\/www.maison-masse.com\/produit\/ravioles-basilic-vert-2kg-surg\/","url":"https:\/\/www.maison-masse.com\/produit\/ravioles-basilic-vert-2kg-surg\/","name":"RAVIOLES AU BASILIC VERT SURGELEES 2KG - Maison Masse","isPartOf":{"@id":"https:\/\/www.maison-masse.com\/en\/#website"},"primaryImageOfPage":{"@id":"https:\/\/www.maison-masse.com\/produit\/ravioles-basilic-vert-2kg-surg\/#primaryimage"},"image":{"@id":"https:\/\/www.maison-masse.com\/produit\/ravioles-basilic-vert-2kg-surg\/#primaryimage"},"thumbnailUrl":"https:\/\/www.maison-masse.com\/wp-content\/uploads\/2021\/06\/EPIS011-Ravioles-basilic.jpg","datePublished":"2021-06-16T09:13:03+00:00","dateModified":"2026-04-15T07:03:32+00:00","description":"Ravioles Basilic Vert : Fra\u00eecheur, gourmandise et simplicit\u00e9, pour un plaisir gustatif garanti. Pr\u00eates en quelques minutes !","breadcrumb":{"@id":"https:\/\/www.maison-masse.com\/produit\/ravioles-basilic-vert-2kg-surg\/#breadcrumb"},"inLanguage":"en-US","potentialAction":[{"@type":"ReadAction","target":["https:\/\/www.maison-masse.com\/produit\/ravioles-basilic-vert-2kg-surg\/"]}]},{"@type":"ImageObject","inLanguage":"en-US","@id":"https:\/\/www.maison-masse.com\/produit\/ravioles-basilic-vert-2kg-surg\/#primaryimage","url":"https:\/\/www.maison-masse.com\/wp-content\/uploads\/2021\/06\/EPIS011-Ravioles-basilic.jpg","contentUrl":"https:\/\/www.maison-masse.com\/wp-content\/uploads\/2021\/06\/EPIS011-Ravioles-basilic.jpg","width":236,"height":239},{"@type":"BreadcrumbList","@id":"https:\/\/www.maison-masse.com\/produit\/ravioles-basilic-vert-2kg-surg\/#breadcrumb","itemListElement":[{"@type":"ListItem","position":1,"name":"Accueil","item":"https:\/\/www.maison-masse.com\/en\/"},{"@type":"ListItem","position":2,"name":"Boutique","item":"https:\/\/www.maison-masse.com\/boutique\/"},{"@type":"ListItem","position":3,"name":"RAVIOLES AU BASILIC VERT SURGELEES 2KG"}]},{"@type":"WebSite","@id":"https:\/\/www.maison-masse.com\/en\/#website","url":"https:\/\/www.maison-masse.com\/en\/","name":"Maison Masse","description":"La maison du foie gras depuis 1884","publisher":{"@id":"https:\/\/www.maison-masse.com\/en\/#organization"},"potentialAction":[{"@type":"SearchAction","target":{"@type":"EntryPoint","urlTemplate":"https:\/\/www.maison-masse.com\/en\/?s={search_term_string}"},"query-input":{"@type":"PropertyValueSpecification","valueRequired":true,"valueName":"search_term_string"}}],"inLanguage":"en-US"},{"@type":"Organization","@id":"https:\/\/www.maison-masse.com\/en\/#organization","name":"Maison Masse","url":"https:\/\/www.maison-masse.com\/en\/","logo":{"@type":"ImageObject","inLanguage":"en-US","@id":"https:\/\/www.maison-masse.com\/en\/#\/schema\/logo\/image\/","url":"https:\/\/www.maison-masse.com\/wp-content\/uploads\/2021\/06\/favicon.png","contentUrl":"https:\/\/www.maison-masse.com\/wp-content\/uploads\/2021\/06\/favicon.png","width":71,"height":72,"caption":"Maison Masse"},"image":{"@id":"https:\/\/www.maison-masse.com\/en\/#\/schema\/logo\/image\/"}}]}},"_links":{"self":[{"href":"https:\/\/www.maison-masse.com\/en\/wp-json\/wp\/v2\/product\/7719","targetHints":{"allow":["GET"]}}],"collection":[{"href":"https:\/\/www.maison-masse.com\/en\/wp-json\/wp\/v2\/product"}],"about":[{"href":"https:\/\/www.maison-masse.com\/en\/wp-json\/wp\/v2\/types\/product"}],"replies":[{"embeddable":true,"href":"https:\/\/www.maison-masse.com\/en\/wp-json\/wp\/v2\/comments?post=7719"}],"wp:featuredmedia":[{"embeddable":true,"href":"https:\/\/www.maison-masse.com\/en\/wp-json\/wp\/v2\/media\/31061"}],"wp:attachment":[{"href":"https:\/\/www.maison-masse.com\/en\/wp-json\/wp\/v2\/media?parent=7719"}],"wp:term":[{"taxonomy":"product_brand","embeddable":true,"href":"https:\/\/www.maison-masse.com\/en\/wp-json\/wp\/v2\/product_brand?post=7719"},{"taxonomy":"product_cat","embeddable":true,"href":"https:\/\/www.maison-masse.com\/en\/wp-json\/wp\/v2\/product_cat?post=7719"},{"taxonomy":"product_tag","embeddable":true,"href":"https:\/\/www.maison-masse.com\/en\/wp-json\/wp\/v2\/product_tag?post=7719"}],"curies":[{"name":"wp","href":"https:\/\/api.w.org\/{rel}","templated":true}]}}