{"id":7718,"date":"2021-06-16T11:13:03","date_gmt":"2021-06-16T09:13:03","guid":{"rendered":"https:\/\/maisonmasse.jk2agenceweb.com\/?post_type=product&#038;p=7718"},"modified":"2026-04-08T08:26:34","modified_gmt":"2026-04-08T06:26:34","slug":"ravioles-foie-gras-canard-2kg","status":"publish","type":"product","link":"https:\/\/www.maison-masse.com\/en\/produit\/ravioles-foie-gras-canard-2kg\/","title":{"rendered":"RAVIOLES DE FOIE GRAS DE CANARD SURGELEES 2KG"},"content":{"rendered":"<p aria-hidden=\"false\" data-hook=\"info-section-title\">Ravioles au foie gras de canard, surgel\u00e9es ; sachet de 2kg.<\/p>\n<p aria-hidden=\"false\" data-hook=\"info-section-title\">Pr\u00eates en quelques minutes, ces ravioles vous offrent un festin rapide et facile \u00e0 faire pour ravir vos convives.<\/p>\n<p aria-hidden=\"false\" data-hook=\"info-section-title\">Une association entre les foies gras de la Maison Masse et les ravioles de la Dr\u00f4me de la M\u00e8re Maury.<\/p>\n<p aria-hidden=\"false\" data-hook=\"info-section-title\">Conseils de pr\u00e9paration : Dans un grand volume d&#8217;eau fr\u00e9missante, plongez les ravioles surgel\u00e9es pendant 90 secondes. Remuez r\u00e9guli\u00e8rement et \u00e9gouttez les ravioles avec un \u00e9cumoire.<\/p>\n<p class=\"Text3027143737__root Text3027143737---typography-11-runningText Text3027143737---priority-7-primary s8gg2 _2Cjvf InfoSectionTitle3095652555__root\" aria-hidden=\"false\" data-hook=\"info-section-title\">A conserver au cong\u00e9lateur ou dans le compartiment \u00e0 glace de votre r\u00e9frig\u00e9rateur selon le symbole.<\/p>\n<div class=\"WncCi\" data-hook=\"info-section-description\">\n<p>\u2022 -12\u00b0C\u00a0 : ** : 15 jours<\/p>\n<p>\u2022 -18\u00b0C : *** : jusqu\u2019\u00e0 la date indiqu\u00e9e sur l\u2019emballage.<\/p>\n<p>Les ravioles au foie gras de canard sont id\u00e9ales pour :<\/p>\n<ul>\n<li>accompagner vos\u00a0<strong>plats<\/strong>,<\/li>\n<li>pr\u00e9parer des\u00a0<strong>entr\u00e9es<\/strong>\u00a0de caract\u00e8re<\/li>\n<li>servir des\u00a0<strong>bouch\u00e9es ap\u00e9ritives<\/strong>\u00a0originales.<\/li>\n<\/ul>\n<p>Pour en savoir plus sur les ravioles de la M\u00e8re Maury : <a href=\"https:\/\/www.maison-masse.com\/les-ravioles-de-la-mere-maury\/\">https:\/\/www.maison-masse.com\/les-ravioles-de-la-mere-maury\/<\/a><\/p>\n<p>Suivez-nous sur Instagram : <a href=\"https:\/\/www.instagram.com\/maisonmasse\/?hl=fr\">https:\/\/www.instagram.com\/maisonmasse\/?hl=fr<\/a><\/p>\n<\/div>\n","protected":false},"excerpt":{"rendered":"<p aria-hidden=\"false\" data-hook=\"info-section-title\">Ravioles au foie gras de canard, surgel\u00e9es ; sachet de 2kg.<\/p>\n<p aria-hidden=\"false\" data-hook=\"info-section-title\">Pr\u00eates en quelques minutes, ces ravioles vous offrent un festin rapide et facile \u00e0 faire pour ravir vos convives.<\/p>\n","protected":false},"featured_media":31055,"comment_status":"open","ping_status":"closed","template":"","meta":{"_acf_changed":false,"wprm-recipe-roundup-name":"","wprm-recipe-roundup-description":""},"product_brand":[],"product_cat":[521,522],"product_tag":[1029,3061,1998],"class_list":{"0":"post-7718","1":"product","2":"type-product","3":"status-publish","4":"has-post-thumbnail","6":"product_cat-les-ravioles-de-la-mere-maury","7":"product_cat-pates-recettes-pretes-a-lemploi","8":"product_tag-foie-gras","9":"product_tag-mere-maury","10":"product_tag-ravioles","11":"product_shipping_class-surgele","13":"first","14":"instock","15":"taxable","16":"shipping-taxable","17":"purchasable","18":"product-type-simple"},"acf":[],"yoast_head":"<!-- This site is optimized with the Yoast SEO Premium plugin v26.8 (Yoast SEO v26.8) - https:\/\/yoast.com\/product\/yoast-seo-premium-wordpress\/ -->\n<title>Ravioles au foie gras de canard surgel\u00e9es - Maison Masse<\/title>\n<meta name=\"description\" content=\"Ravioles au Foie Gras de Canard : D\u00e9gustez un plat raffin\u00e9 et gourmande avec des ravioles fondantes au foie gras de canard.\" \/>\n<meta name=\"robots\" content=\"index, follow, max-snippet:-1, max-image-preview:large, max-video-preview:-1\" \/>\n<link rel=\"canonical\" href=\"https:\/\/www.maison-masse.com\/produit\/ravioles-foie-gras-canard-2kg\/\" \/>\n<meta property=\"og:locale\" content=\"en_US\" \/>\n<meta property=\"og:type\" content=\"article\" \/>\n<meta property=\"og:title\" content=\"RAVIOLES DE FOIE GRAS DE CANARD SURGELEES 2KG\" \/>\n<meta property=\"og:description\" content=\"Ravioles au Foie Gras de Canard : D\u00e9gustez un plat raffin\u00e9 et gourmande avec des ravioles fondantes au foie gras de canard.\" \/>\n<meta property=\"og:url\" content=\"https:\/\/www.maison-masse.com\/produit\/ravioles-foie-gras-canard-2kg\/\" \/>\n<meta property=\"og:site_name\" content=\"Maison Masse\" \/>\n<meta property=\"article:modified_time\" content=\"2026-04-08T06:26:34+00:00\" \/>\n<meta property=\"og:image\" content=\"https:\/\/www.maison-masse.com\/wp-content\/uploads\/2021\/06\/Raviole-foie-gras-Mere-Maury-Masse-1-scaled.jpg\" \/>\n\t<meta property=\"og:image:width\" content=\"2560\" \/>\n\t<meta property=\"og:image:height\" content=\"2204\" \/>\n\t<meta property=\"og:image:type\" content=\"image\/jpeg\" \/>\n<meta name=\"twitter:card\" content=\"summary_large_image\" \/>\n<meta name=\"twitter:label1\" content=\"Est. reading time\" \/>\n\t<meta name=\"twitter:data1\" content=\"1 minute\" \/>\n<script type=\"application\/ld+json\" class=\"yoast-schema-graph\">{\"@context\":\"https:\/\/schema.org\",\"@graph\":[{\"@type\":\"WebPage\",\"@id\":\"https:\/\/www.maison-masse.com\/produit\/ravioles-foie-gras-canard-2kg\/\",\"url\":\"https:\/\/www.maison-masse.com\/produit\/ravioles-foie-gras-canard-2kg\/\",\"name\":\"Ravioles au foie gras de canard surgel\u00e9es - Maison Masse\",\"isPartOf\":{\"@id\":\"https:\/\/www.maison-masse.com\/en\/#website\"},\"primaryImageOfPage\":{\"@id\":\"https:\/\/www.maison-masse.com\/produit\/ravioles-foie-gras-canard-2kg\/#primaryimage\"},\"image\":{\"@id\":\"https:\/\/www.maison-masse.com\/produit\/ravioles-foie-gras-canard-2kg\/#primaryimage\"},\"thumbnailUrl\":\"https:\/\/www.maison-masse.com\/wp-content\/uploads\/2021\/06\/Raviole-foie-gras-Mere-Maury-Masse-1-scaled.jpg\",\"datePublished\":\"2021-06-16T09:13:03+00:00\",\"dateModified\":\"2026-04-08T06:26:34+00:00\",\"description\":\"Ravioles au Foie Gras de Canard : D\u00e9gustez un plat raffin\u00e9 et gourmande avec des ravioles fondantes au foie gras de canard.\",\"breadcrumb\":{\"@id\":\"https:\/\/www.maison-masse.com\/produit\/ravioles-foie-gras-canard-2kg\/#breadcrumb\"},\"inLanguage\":\"en-US\",\"potentialAction\":[{\"@type\":\"ReadAction\",\"target\":[\"https:\/\/www.maison-masse.com\/produit\/ravioles-foie-gras-canard-2kg\/\"]}]},{\"@type\":\"ImageObject\",\"inLanguage\":\"en-US\",\"@id\":\"https:\/\/www.maison-masse.com\/produit\/ravioles-foie-gras-canard-2kg\/#primaryimage\",\"url\":\"https:\/\/www.maison-masse.com\/wp-content\/uploads\/2021\/06\/Raviole-foie-gras-Mere-Maury-Masse-1-scaled.jpg\",\"contentUrl\":\"https:\/\/www.maison-masse.com\/wp-content\/uploads\/2021\/06\/Raviole-foie-gras-Mere-Maury-Masse-1-scaled.jpg\",\"width\":2560,\"height\":2204},{\"@type\":\"BreadcrumbList\",\"@id\":\"https:\/\/www.maison-masse.com\/produit\/ravioles-foie-gras-canard-2kg\/#breadcrumb\",\"itemListElement\":[{\"@type\":\"ListItem\",\"position\":1,\"name\":\"Accueil\",\"item\":\"https:\/\/www.maison-masse.com\/en\/\"},{\"@type\":\"ListItem\",\"position\":2,\"name\":\"Boutique\",\"item\":\"https:\/\/www.maison-masse.com\/boutique\/\"},{\"@type\":\"ListItem\",\"position\":3,\"name\":\"RAVIOLES DE FOIE GRAS DE CANARD SURGELEES 2KG\"}]},{\"@type\":\"WebSite\",\"@id\":\"https:\/\/www.maison-masse.com\/en\/#website\",\"url\":\"https:\/\/www.maison-masse.com\/en\/\",\"name\":\"Maison Masse\",\"description\":\"La maison du foie gras depuis 1884\",\"publisher\":{\"@id\":\"https:\/\/www.maison-masse.com\/en\/#organization\"},\"potentialAction\":[{\"@type\":\"SearchAction\",\"target\":{\"@type\":\"EntryPoint\",\"urlTemplate\":\"https:\/\/www.maison-masse.com\/en\/?s={search_term_string}\"},\"query-input\":{\"@type\":\"PropertyValueSpecification\",\"valueRequired\":true,\"valueName\":\"search_term_string\"}}],\"inLanguage\":\"en-US\"},{\"@type\":\"Organization\",\"@id\":\"https:\/\/www.maison-masse.com\/en\/#organization\",\"name\":\"Maison Masse\",\"url\":\"https:\/\/www.maison-masse.com\/en\/\",\"logo\":{\"@type\":\"ImageObject\",\"inLanguage\":\"en-US\",\"@id\":\"https:\/\/www.maison-masse.com\/en\/#\/schema\/logo\/image\/\",\"url\":\"https:\/\/www.maison-masse.com\/wp-content\/uploads\/2021\/06\/favicon.png\",\"contentUrl\":\"https:\/\/www.maison-masse.com\/wp-content\/uploads\/2021\/06\/favicon.png\",\"width\":71,\"height\":72,\"caption\":\"Maison Masse\"},\"image\":{\"@id\":\"https:\/\/www.maison-masse.com\/en\/#\/schema\/logo\/image\/\"}}]}<\/script>\n<!-- \/ Yoast SEO Premium plugin. -->","yoast_head_json":{"title":"Ravioles au foie gras de canard surgel\u00e9es - Maison Masse","description":"Ravioles au Foie Gras de Canard : D\u00e9gustez un plat raffin\u00e9 et gourmande avec des ravioles fondantes au foie gras de canard.","robots":{"index":"index","follow":"follow","max-snippet":"max-snippet:-1","max-image-preview":"max-image-preview:large","max-video-preview":"max-video-preview:-1"},"canonical":"https:\/\/www.maison-masse.com\/produit\/ravioles-foie-gras-canard-2kg\/","og_locale":"en_US","og_type":"article","og_title":"RAVIOLES DE FOIE GRAS DE CANARD SURGELEES 2KG","og_description":"Ravioles au Foie Gras de Canard : D\u00e9gustez un plat raffin\u00e9 et gourmande avec des ravioles fondantes au foie gras de canard.","og_url":"https:\/\/www.maison-masse.com\/produit\/ravioles-foie-gras-canard-2kg\/","og_site_name":"Maison Masse","article_modified_time":"2026-04-08T06:26:34+00:00","og_image":[{"width":2560,"height":2204,"url":"https:\/\/www.maison-masse.com\/wp-content\/uploads\/2021\/06\/Raviole-foie-gras-Mere-Maury-Masse-1-scaled.jpg","type":"image\/jpeg"}],"twitter_card":"summary_large_image","twitter_misc":{"Est. reading time":"1 minute"},"schema":{"@context":"https:\/\/schema.org","@graph":[{"@type":"WebPage","@id":"https:\/\/www.maison-masse.com\/produit\/ravioles-foie-gras-canard-2kg\/","url":"https:\/\/www.maison-masse.com\/produit\/ravioles-foie-gras-canard-2kg\/","name":"Ravioles au foie gras de canard surgel\u00e9es - Maison Masse","isPartOf":{"@id":"https:\/\/www.maison-masse.com\/en\/#website"},"primaryImageOfPage":{"@id":"https:\/\/www.maison-masse.com\/produit\/ravioles-foie-gras-canard-2kg\/#primaryimage"},"image":{"@id":"https:\/\/www.maison-masse.com\/produit\/ravioles-foie-gras-canard-2kg\/#primaryimage"},"thumbnailUrl":"https:\/\/www.maison-masse.com\/wp-content\/uploads\/2021\/06\/Raviole-foie-gras-Mere-Maury-Masse-1-scaled.jpg","datePublished":"2021-06-16T09:13:03+00:00","dateModified":"2026-04-08T06:26:34+00:00","description":"Ravioles au Foie Gras de Canard : D\u00e9gustez un plat raffin\u00e9 et gourmande avec des ravioles fondantes au foie gras de canard.","breadcrumb":{"@id":"https:\/\/www.maison-masse.com\/produit\/ravioles-foie-gras-canard-2kg\/#breadcrumb"},"inLanguage":"en-US","potentialAction":[{"@type":"ReadAction","target":["https:\/\/www.maison-masse.com\/produit\/ravioles-foie-gras-canard-2kg\/"]}]},{"@type":"ImageObject","inLanguage":"en-US","@id":"https:\/\/www.maison-masse.com\/produit\/ravioles-foie-gras-canard-2kg\/#primaryimage","url":"https:\/\/www.maison-masse.com\/wp-content\/uploads\/2021\/06\/Raviole-foie-gras-Mere-Maury-Masse-1-scaled.jpg","contentUrl":"https:\/\/www.maison-masse.com\/wp-content\/uploads\/2021\/06\/Raviole-foie-gras-Mere-Maury-Masse-1-scaled.jpg","width":2560,"height":2204},{"@type":"BreadcrumbList","@id":"https:\/\/www.maison-masse.com\/produit\/ravioles-foie-gras-canard-2kg\/#breadcrumb","itemListElement":[{"@type":"ListItem","position":1,"name":"Accueil","item":"https:\/\/www.maison-masse.com\/en\/"},{"@type":"ListItem","position":2,"name":"Boutique","item":"https:\/\/www.maison-masse.com\/boutique\/"},{"@type":"ListItem","position":3,"name":"RAVIOLES DE FOIE GRAS DE CANARD SURGELEES 2KG"}]},{"@type":"WebSite","@id":"https:\/\/www.maison-masse.com\/en\/#website","url":"https:\/\/www.maison-masse.com\/en\/","name":"Maison Masse","description":"La maison du foie gras depuis 1884","publisher":{"@id":"https:\/\/www.maison-masse.com\/en\/#organization"},"potentialAction":[{"@type":"SearchAction","target":{"@type":"EntryPoint","urlTemplate":"https:\/\/www.maison-masse.com\/en\/?s={search_term_string}"},"query-input":{"@type":"PropertyValueSpecification","valueRequired":true,"valueName":"search_term_string"}}],"inLanguage":"en-US"},{"@type":"Organization","@id":"https:\/\/www.maison-masse.com\/en\/#organization","name":"Maison Masse","url":"https:\/\/www.maison-masse.com\/en\/","logo":{"@type":"ImageObject","inLanguage":"en-US","@id":"https:\/\/www.maison-masse.com\/en\/#\/schema\/logo\/image\/","url":"https:\/\/www.maison-masse.com\/wp-content\/uploads\/2021\/06\/favicon.png","contentUrl":"https:\/\/www.maison-masse.com\/wp-content\/uploads\/2021\/06\/favicon.png","width":71,"height":72,"caption":"Maison Masse"},"image":{"@id":"https:\/\/www.maison-masse.com\/en\/#\/schema\/logo\/image\/"}}]}},"_links":{"self":[{"href":"https:\/\/www.maison-masse.com\/en\/wp-json\/wp\/v2\/product\/7718","targetHints":{"allow":["GET"]}}],"collection":[{"href":"https:\/\/www.maison-masse.com\/en\/wp-json\/wp\/v2\/product"}],"about":[{"href":"https:\/\/www.maison-masse.com\/en\/wp-json\/wp\/v2\/types\/product"}],"replies":[{"embeddable":true,"href":"https:\/\/www.maison-masse.com\/en\/wp-json\/wp\/v2\/comments?post=7718"}],"wp:featuredmedia":[{"embeddable":true,"href":"https:\/\/www.maison-masse.com\/en\/wp-json\/wp\/v2\/media\/31055"}],"wp:attachment":[{"href":"https:\/\/www.maison-masse.com\/en\/wp-json\/wp\/v2\/media?parent=7718"}],"wp:term":[{"taxonomy":"product_brand","embeddable":true,"href":"https:\/\/www.maison-masse.com\/en\/wp-json\/wp\/v2\/product_brand?post=7718"},{"taxonomy":"product_cat","embeddable":true,"href":"https:\/\/www.maison-masse.com\/en\/wp-json\/wp\/v2\/product_cat?post=7718"},{"taxonomy":"product_tag","embeddable":true,"href":"https:\/\/www.maison-masse.com\/en\/wp-json\/wp\/v2\/product_tag?post=7718"}],"curies":[{"name":"wp","href":"https:\/\/api.w.org\/{rel}","templated":true}]}}