{"id":7670,"date":"2021-06-16T11:12:40","date_gmt":"2021-06-16T09:12:40","guid":{"rendered":"https:\/\/maisonmasse.jk2agenceweb.com\/?post_type=product&#038;p=7670"},"modified":"2026-04-07T09:11:18","modified_gmt":"2026-04-07T07:11:18","slug":"linguine-500g","status":"publish","type":"product","link":"https:\/\/www.maison-masse.com\/en\/produit\/linguine-500g\/","title":{"rendered":"LINGUINE RUSTICHELLA 500G"},"content":{"rendered":"<p>Linguine Rustichella en 500g<\/p>\n<p class=\"ViewProduct-data-info\">Rustichella d\u2019Abruzzo, entreprise familiale depuis 3 g\u00e9n\u00e9rations, a su conserver des techniques de production artisanales et authentiques.<\/p>\n<p class=\"ViewProduct-data-info\">La diff\u00e9rence de qualit\u00e9 de ces p\u00e2tes Rustichella vient du choix d&#8217;un bl\u00e9 dur (pour un taux de prot\u00e9ines suffisant et une bonne qualit\u00e9 de gluten), et l&#8217;utilisation de moules en bronze. Cette technique traditionnelle rend la p\u00e2te rugueuse et permet \u00e0 celle-ci de mieux accrocher la sauce qui l\u2019accompagne. Fermet\u00e9 et saveur pour des p\u00e2tes &#8220;al dente&#8221;. Les p\u00e2tes Rustichella ont 15% de prot\u00e9ines contre autour de 12% pour les p\u00e2tes industrielles.Leur qualit\u00e9 vient \u00e9galement de leur m\u00e9thode de s\u00e9chage, en effet si les p\u00e2tes ne sont pas s\u00e9ch\u00e9es dans de bonnes conditions l&#8217;amidon se transforme en caramel et alt\u00e8re le go\u00fbt. Les p\u00e2tes Rustichella sont s\u00e9ch\u00e9es lentement \u00e0 basse temp\u00e9rature : jusqu&#8217;\u00e0 56h \u00e0 45\u00b0 selon les types de p\u00e2tes contre 4\/5h \u00e0 90\u00b0 pour les p\u00e2tes industrielles.<\/p>\n<p class=\"ViewProduct-data-info\">D\u00e9gustation : Les Linguine Rustichella sont de la m\u00eame longueur que les spaghetti mais avec une forme rectangulaire. Cuisson 9-11mn.<\/p>\n<p>Origine : Italie, Abruzzes.<\/p>\n<p class=\"ViewProduct-data-action\">Energie : 1493kj \/ 352kal<\/p>\n<p class=\"ViewProduct-data-action\">Graisse: 1,5g dont acides gras satur\u00e9s : 0,3g<\/p>\n<p class=\"ViewProduct-data-action\">Glucides : 71g dont sucres 4g<\/p>\n<p class=\"ViewProduct-data-action\">Prot\u00e9ines : 13,5g<\/p>\n<p class=\"ViewProduct-data-action\">Sel : 0,01g<\/p>\n<p class=\"ViewProduct-data-action\">Fibres alimentaires: 3g<\/p>\n<p>Pour en savoir plus sur les p\u00e2tes italiennes Rustichella : <a href=\"https:\/\/www.maison-masse.com\/les-pates-rustichella-le-vrai-gout-des-pates\/\">https:\/\/www.maison-masse.com\/les-pates-rustichella-le-vrai-gout-des-pates\/<\/a><\/p>\n<p>Suivez-nous sur Instagram : <a href=\"https:\/\/www.instagram.com\/maisonmasse\/?hl=fr\">https:\/\/www.instagram.com\/maisonmasse\/?hl=fr<\/a><\/p>\n","protected":false},"excerpt":{"rendered":"<p>Rustichella d\u2019Abruzzo, entreprise familiale depuis 3 g\u00e9n\u00e9rations, a su conserver des techniques de production artisanales et authentiques.<br \/>\nLa diff\u00e9rence de qualit\u00e9 de ces p\u00e2tes Rustichella vient du choix d&#8217;un bl\u00e9 dur (pour un taux de prot\u00e9ines suffisant et une bonne qualit\u00e9 de gluten), et l&#8217;utilisation de moules en bronze. Cette technique traditionnelle rend la p\u00e2te rugueuse et permet \u00e0 celle-ci de mieux accrocher la sauce qui l\u2019accompagne. Fermet\u00e9 et saveur pour des p\u00e2tes &#8220;al dente&#8221;.<\/p>\n","protected":false},"featured_media":8417,"comment_status":"open","ping_status":"closed","template":"","meta":{"_acf_changed":false,"wprm-recipe-roundup-name":"","wprm-recipe-roundup-description":""},"product_brand":[],"product_cat":[516],"product_tag":[1065],"class_list":{"0":"post-7670","1":"product","2":"type-product","3":"status-publish","4":"has-post-thumbnail","6":"product_cat-pates","7":"product_tag-rustichella-dabruzzo","9":"first","10":"instock","11":"taxable","12":"shipping-taxable","13":"purchasable","14":"product-type-simple"},"acf":[],"yoast_head":"<!-- This site is optimized with the Yoast SEO Premium plugin v26.8 (Yoast SEO v26.8) - https:\/\/yoast.com\/product\/yoast-seo-premium-wordpress\/ -->\n<title>Linguine Rustichella - Maison Masse<\/title>\n<meta name=\"description\" content=\"Linguine Rustichella : P\u00e2tes artisanales italiennes, texture parfaite, saveurs authentiques. Des p\u00e2tes \u00e9labor\u00e9es selon des m\u00e9thodes ancestrales.\" \/>\n<meta name=\"robots\" content=\"index, follow, max-snippet:-1, max-image-preview:large, max-video-preview:-1\" \/>\n<link rel=\"canonical\" href=\"https:\/\/www.maison-masse.com\/produit\/linguine-500g\/\" \/>\n<meta property=\"og:locale\" content=\"en_US\" \/>\n<meta property=\"og:type\" content=\"article\" \/>\n<meta property=\"og:title\" content=\"LINGUINE RUSTICHELLA 500G\" \/>\n<meta property=\"og:description\" content=\"Linguine Rustichella : P\u00e2tes artisanales italiennes, texture parfaite, saveurs authentiques. Des p\u00e2tes \u00e9labor\u00e9es selon des m\u00e9thodes ancestrales.\" \/>\n<meta property=\"og:url\" content=\"https:\/\/www.maison-masse.com\/produit\/linguine-500g\/\" \/>\n<meta property=\"og:site_name\" content=\"Maison Masse\" \/>\n<meta property=\"article:modified_time\" content=\"2026-04-07T07:11:18+00:00\" \/>\n<meta property=\"og:image\" content=\"https:\/\/www.maison-masse.com\/wp-content\/uploads\/2021\/06\/logo-maisonmasse.png\" \/>\n\t<meta property=\"og:image:width\" content=\"246\" \/>\n\t<meta property=\"og:image:height\" content=\"100\" \/>\n\t<meta property=\"og:image:type\" content=\"image\/png\" \/>\n<meta name=\"twitter:card\" content=\"summary_large_image\" \/>\n<meta name=\"twitter:label1\" content=\"Est. reading time\" \/>\n\t<meta name=\"twitter:data1\" content=\"2 minutes\" \/>\n<script type=\"application\/ld+json\" class=\"yoast-schema-graph\">{\"@context\":\"https:\/\/schema.org\",\"@graph\":[{\"@type\":\"WebPage\",\"@id\":\"https:\/\/www.maison-masse.com\/produit\/linguine-500g\/\",\"url\":\"https:\/\/www.maison-masse.com\/produit\/linguine-500g\/\",\"name\":\"Linguine Rustichella - Maison Masse\",\"isPartOf\":{\"@id\":\"https:\/\/www.maison-masse.com\/en\/#website\"},\"primaryImageOfPage\":{\"@id\":\"https:\/\/www.maison-masse.com\/produit\/linguine-500g\/#primaryimage\"},\"image\":{\"@id\":\"https:\/\/www.maison-masse.com\/produit\/linguine-500g\/#primaryimage\"},\"thumbnailUrl\":\"https:\/\/www.maison-masse.com\/wp-content\/uploads\/2021\/06\/EPID071.bmp\",\"datePublished\":\"2021-06-16T09:12:40+00:00\",\"dateModified\":\"2026-04-07T07:11:18+00:00\",\"description\":\"Linguine Rustichella : P\u00e2tes artisanales italiennes, texture parfaite, saveurs authentiques. Des p\u00e2tes \u00e9labor\u00e9es selon des m\u00e9thodes ancestrales.\",\"breadcrumb\":{\"@id\":\"https:\/\/www.maison-masse.com\/produit\/linguine-500g\/#breadcrumb\"},\"inLanguage\":\"en-US\",\"potentialAction\":[{\"@type\":\"ReadAction\",\"target\":[\"https:\/\/www.maison-masse.com\/produit\/linguine-500g\/\"]}]},{\"@type\":\"ImageObject\",\"inLanguage\":\"en-US\",\"@id\":\"https:\/\/www.maison-masse.com\/produit\/linguine-500g\/#primaryimage\",\"url\":\"https:\/\/www.maison-masse.com\/wp-content\/uploads\/2021\/06\/EPID071.bmp\",\"contentUrl\":\"https:\/\/www.maison-masse.com\/wp-content\/uploads\/2021\/06\/EPID071.bmp\",\"width\":922,\"height\":519,\"caption\":\"LINGUINE 500G\"},{\"@type\":\"BreadcrumbList\",\"@id\":\"https:\/\/www.maison-masse.com\/produit\/linguine-500g\/#breadcrumb\",\"itemListElement\":[{\"@type\":\"ListItem\",\"position\":1,\"name\":\"Accueil\",\"item\":\"https:\/\/www.maison-masse.com\/en\/\"},{\"@type\":\"ListItem\",\"position\":2,\"name\":\"Boutique\",\"item\":\"https:\/\/www.maison-masse.com\/boutique\/\"},{\"@type\":\"ListItem\",\"position\":3,\"name\":\"LINGUINE 500G\"}]},{\"@type\":\"WebSite\",\"@id\":\"https:\/\/www.maison-masse.com\/en\/#website\",\"url\":\"https:\/\/www.maison-masse.com\/en\/\",\"name\":\"Maison Masse\",\"description\":\"La maison du foie gras depuis 1884\",\"publisher\":{\"@id\":\"https:\/\/www.maison-masse.com\/en\/#organization\"},\"potentialAction\":[{\"@type\":\"SearchAction\",\"target\":{\"@type\":\"EntryPoint\",\"urlTemplate\":\"https:\/\/www.maison-masse.com\/en\/?s={search_term_string}\"},\"query-input\":{\"@type\":\"PropertyValueSpecification\",\"valueRequired\":true,\"valueName\":\"search_term_string\"}}],\"inLanguage\":\"en-US\"},{\"@type\":\"Organization\",\"@id\":\"https:\/\/www.maison-masse.com\/en\/#organization\",\"name\":\"Maison Masse\",\"url\":\"https:\/\/www.maison-masse.com\/en\/\",\"logo\":{\"@type\":\"ImageObject\",\"inLanguage\":\"en-US\",\"@id\":\"https:\/\/www.maison-masse.com\/en\/#\/schema\/logo\/image\/\",\"url\":\"https:\/\/www.maison-masse.com\/wp-content\/uploads\/2021\/06\/favicon.png\",\"contentUrl\":\"https:\/\/www.maison-masse.com\/wp-content\/uploads\/2021\/06\/favicon.png\",\"width\":71,\"height\":72,\"caption\":\"Maison Masse\"},\"image\":{\"@id\":\"https:\/\/www.maison-masse.com\/en\/#\/schema\/logo\/image\/\"}}]}<\/script>\n<!-- \/ Yoast SEO Premium plugin. -->","yoast_head_json":{"title":"Linguine Rustichella - Maison Masse","description":"Linguine Rustichella : P\u00e2tes artisanales italiennes, texture parfaite, saveurs authentiques. Des p\u00e2tes \u00e9labor\u00e9es selon des m\u00e9thodes ancestrales.","robots":{"index":"index","follow":"follow","max-snippet":"max-snippet:-1","max-image-preview":"max-image-preview:large","max-video-preview":"max-video-preview:-1"},"canonical":"https:\/\/www.maison-masse.com\/produit\/linguine-500g\/","og_locale":"en_US","og_type":"article","og_title":"LINGUINE RUSTICHELLA 500G","og_description":"Linguine Rustichella : P\u00e2tes artisanales italiennes, texture parfaite, saveurs authentiques. Des p\u00e2tes \u00e9labor\u00e9es selon des m\u00e9thodes ancestrales.","og_url":"https:\/\/www.maison-masse.com\/produit\/linguine-500g\/","og_site_name":"Maison Masse","article_modified_time":"2026-04-07T07:11:18+00:00","og_image":[{"width":246,"height":100,"url":"https:\/\/www.maison-masse.com\/wp-content\/uploads\/2021\/06\/logo-maisonmasse.png","type":"image\/png"}],"twitter_card":"summary_large_image","twitter_misc":{"Est. reading time":"2 minutes"},"schema":{"@context":"https:\/\/schema.org","@graph":[{"@type":"WebPage","@id":"https:\/\/www.maison-masse.com\/produit\/linguine-500g\/","url":"https:\/\/www.maison-masse.com\/produit\/linguine-500g\/","name":"Linguine Rustichella - Maison Masse","isPartOf":{"@id":"https:\/\/www.maison-masse.com\/en\/#website"},"primaryImageOfPage":{"@id":"https:\/\/www.maison-masse.com\/produit\/linguine-500g\/#primaryimage"},"image":{"@id":"https:\/\/www.maison-masse.com\/produit\/linguine-500g\/#primaryimage"},"thumbnailUrl":"https:\/\/www.maison-masse.com\/wp-content\/uploads\/2021\/06\/EPID071.bmp","datePublished":"2021-06-16T09:12:40+00:00","dateModified":"2026-04-07T07:11:18+00:00","description":"Linguine Rustichella : P\u00e2tes artisanales italiennes, texture parfaite, saveurs authentiques. Des p\u00e2tes \u00e9labor\u00e9es selon des m\u00e9thodes ancestrales.","breadcrumb":{"@id":"https:\/\/www.maison-masse.com\/produit\/linguine-500g\/#breadcrumb"},"inLanguage":"en-US","potentialAction":[{"@type":"ReadAction","target":["https:\/\/www.maison-masse.com\/produit\/linguine-500g\/"]}]},{"@type":"ImageObject","inLanguage":"en-US","@id":"https:\/\/www.maison-masse.com\/produit\/linguine-500g\/#primaryimage","url":"https:\/\/www.maison-masse.com\/wp-content\/uploads\/2021\/06\/EPID071.bmp","contentUrl":"https:\/\/www.maison-masse.com\/wp-content\/uploads\/2021\/06\/EPID071.bmp","width":922,"height":519,"caption":"LINGUINE 500G"},{"@type":"BreadcrumbList","@id":"https:\/\/www.maison-masse.com\/produit\/linguine-500g\/#breadcrumb","itemListElement":[{"@type":"ListItem","position":1,"name":"Accueil","item":"https:\/\/www.maison-masse.com\/en\/"},{"@type":"ListItem","position":2,"name":"Boutique","item":"https:\/\/www.maison-masse.com\/boutique\/"},{"@type":"ListItem","position":3,"name":"LINGUINE 500G"}]},{"@type":"WebSite","@id":"https:\/\/www.maison-masse.com\/en\/#website","url":"https:\/\/www.maison-masse.com\/en\/","name":"Maison Masse","description":"La maison du foie gras depuis 1884","publisher":{"@id":"https:\/\/www.maison-masse.com\/en\/#organization"},"potentialAction":[{"@type":"SearchAction","target":{"@type":"EntryPoint","urlTemplate":"https:\/\/www.maison-masse.com\/en\/?s={search_term_string}"},"query-input":{"@type":"PropertyValueSpecification","valueRequired":true,"valueName":"search_term_string"}}],"inLanguage":"en-US"},{"@type":"Organization","@id":"https:\/\/www.maison-masse.com\/en\/#organization","name":"Maison Masse","url":"https:\/\/www.maison-masse.com\/en\/","logo":{"@type":"ImageObject","inLanguage":"en-US","@id":"https:\/\/www.maison-masse.com\/en\/#\/schema\/logo\/image\/","url":"https:\/\/www.maison-masse.com\/wp-content\/uploads\/2021\/06\/favicon.png","contentUrl":"https:\/\/www.maison-masse.com\/wp-content\/uploads\/2021\/06\/favicon.png","width":71,"height":72,"caption":"Maison Masse"},"image":{"@id":"https:\/\/www.maison-masse.com\/en\/#\/schema\/logo\/image\/"}}]}},"_links":{"self":[{"href":"https:\/\/www.maison-masse.com\/en\/wp-json\/wp\/v2\/product\/7670","targetHints":{"allow":["GET"]}}],"collection":[{"href":"https:\/\/www.maison-masse.com\/en\/wp-json\/wp\/v2\/product"}],"about":[{"href":"https:\/\/www.maison-masse.com\/en\/wp-json\/wp\/v2\/types\/product"}],"replies":[{"embeddable":true,"href":"https:\/\/www.maison-masse.com\/en\/wp-json\/wp\/v2\/comments?post=7670"}],"wp:featuredmedia":[{"embeddable":true,"href":"https:\/\/www.maison-masse.com\/en\/wp-json\/wp\/v2\/media\/8417"}],"wp:attachment":[{"href":"https:\/\/www.maison-masse.com\/en\/wp-json\/wp\/v2\/media?parent=7670"}],"wp:term":[{"taxonomy":"product_brand","embeddable":true,"href":"https:\/\/www.maison-masse.com\/en\/wp-json\/wp\/v2\/product_brand?post=7670"},{"taxonomy":"product_cat","embeddable":true,"href":"https:\/\/www.maison-masse.com\/en\/wp-json\/wp\/v2\/product_cat?post=7670"},{"taxonomy":"product_tag","embeddable":true,"href":"https:\/\/www.maison-masse.com\/en\/wp-json\/wp\/v2\/product_tag?post=7670"}],"curies":[{"name":"wp","href":"https:\/\/api.w.org\/{rel}","templated":true}]}}