{"id":7662,"date":"2021-06-16T11:12:36","date_gmt":"2021-06-16T09:12:36","guid":{"rendered":"https:\/\/maisonmasse.jk2agenceweb.com\/?post_type=product&#038;p=7662"},"modified":"2026-04-15T08:57:56","modified_gmt":"2026-04-15T06:57:56","slug":"gnocchi-pdt-sans-gluten-500g","status":"publish","type":"product","link":"https:\/\/www.maison-masse.com\/en\/produit\/gnocchi-pdt-sans-gluten-500g\/","title":{"rendered":"GNOCCHI SANS GLUTEN RUSTICHELLA 500G"},"content":{"rendered":"<p>Gnocchi sans gluten en 500g<\/p>\n<p>Les classiques gnocchi sont fabriqu\u00e9s \u00e0 partir de pommes de terre. Cuisson 2mn. SANS GLUTEN.<\/p>\n<p>Rustichella d\u2019Abruzzo, entreprise familiale depuis 3 g\u00e9n\u00e9rations, a su conserver des techniques de production artisanales et authentiques.<\/p>\n<p>Ils proposent aujourd&#8217;hui des gnocchis sans gluten.<\/p>\n<p>Les p\u00e2tes Rustichella ont 15% de prot\u00e9ines contre autour de 12% pour les p\u00e2tes industrielles.<\/p>\n<p>Leur qualit\u00e9 vient \u00e9galement de leur m\u00e9thode de s\u00e9chage, en effet si les p\u00e2tes ne sont pas s\u00e9ch\u00e9es dans de bonnes conditions l&#8217;amidon se transforme en caramel et alt\u00e8re le go\u00fbt. Les p\u00e2tes Rustichella sont s\u00e9ch\u00e9es lentement \u00e0 basse temp\u00e9rature : jusqu&#8217;\u00e0 56h \u00e0 45\u00b0 selon les types de p\u00e2tes contre 4\/5h \u00e0 90\u00b0 pour les p\u00e2tes industrielles.<\/p>\n<p>Origine de nos gnocchsi sans gluten : Italie, Abruzzes.<\/p>\n<p>Valeurs nutritionnelles des gnocchis sans gluten<strong> pour 100g<\/strong>:<\/p>\n<p>Energie : 783kj \/ 185kal<br \/>\nGraisse: 0,2g dont acides gras<br \/>\nsatur\u00e9s : 0g<br \/>\nGlucides : 41g dont sucres 1g<br \/>\nProt\u00e9ines : 3,8g<br \/>\nSel : 1g<br \/>\nFibres alimentaires: 1,8g<\/p>\n<p>Pour en savoir plus sur les p\u00e2tes italiennes Rustichella : <a href=\"https:\/\/www.maison-masse.com\/les-pates-rustichella-le-vrai-gout-des-pates\/\">https:\/\/www.maison-masse.com\/les-pates-rustichella-le-vrai-gout-des-pates\/<\/a><\/p>\n<p>Suivez-nous sur Instagram : <a href=\"https:\/\/www.instagram.com\/maisonmasse\/?hl=fr\">https:\/\/www.instagram.com\/maisonmasse\/?hl=fr<\/a><\/p>\n","protected":false},"excerpt":{"rendered":"<p>Les classiques gnocchi sont fabriqu\u00e9s \u00e0 partir de pommes de terre.<br \/>\nSANS GLUTEN.<\/p>\n<p>Rustichella d\u2019Abruzzo, entreprise familiale depuis 3 g\u00e9n\u00e9rations, emploie des a techniques de production artisanales et authentiques.<\/p>\n","protected":false},"featured_media":8401,"comment_status":"open","ping_status":"closed","template":"","meta":{"_acf_changed":false,"wprm-recipe-roundup-name":"","wprm-recipe-roundup-description":""},"product_brand":[],"product_cat":[516],"product_tag":[1065],"class_list":{"0":"post-7662","1":"product","2":"type-product","3":"status-publish","4":"has-post-thumbnail","6":"product_cat-pates","7":"product_tag-rustichella-dabruzzo","9":"first","10":"instock","11":"taxable","12":"shipping-taxable","13":"purchasable","14":"product-type-simple"},"acf":[],"yoast_head":"<!-- This site is optimized with the Yoast SEO Premium plugin v26.8 (Yoast SEO v26.8) - https:\/\/yoast.com\/product\/yoast-seo-premium-wordpress\/ -->\n<title>Gnocchi sans gluten - Maison Masse<\/title>\n<meta name=\"description\" content=\"Gnocchi Rustichella : savoureux et sans gluten ! Retrouvez le go\u00fbt authentique des gnocchis avec cette recette 100% sans gluten.\" \/>\n<meta name=\"robots\" content=\"index, follow, max-snippet:-1, max-image-preview:large, max-video-preview:-1\" \/>\n<link rel=\"canonical\" href=\"https:\/\/www.maison-masse.com\/produit\/gnocchi-pdt-sans-gluten-500g\/\" \/>\n<meta property=\"og:locale\" content=\"en_US\" \/>\n<meta property=\"og:type\" content=\"article\" \/>\n<meta property=\"og:title\" content=\"GNOCCHI SANS GLUTEN RUSTICHELLA 500G\" \/>\n<meta property=\"og:description\" content=\"Gnocchi Rustichella : savoureux et sans gluten ! Retrouvez le go\u00fbt authentique des gnocchis avec cette recette 100% sans gluten.\" \/>\n<meta property=\"og:url\" content=\"https:\/\/www.maison-masse.com\/produit\/gnocchi-pdt-sans-gluten-500g\/\" \/>\n<meta property=\"og:site_name\" content=\"Maison Masse\" \/>\n<meta property=\"article:modified_time\" content=\"2026-04-15T06:57:56+00:00\" \/>\n<meta property=\"og:image\" content=\"https:\/\/www.maison-masse.com\/wp-content\/uploads\/2021\/06\/logo-maisonmasse.png\" \/>\n\t<meta property=\"og:image:width\" content=\"246\" \/>\n\t<meta property=\"og:image:height\" content=\"100\" \/>\n\t<meta property=\"og:image:type\" content=\"image\/png\" \/>\n<meta name=\"twitter:card\" content=\"summary_large_image\" \/>\n<meta name=\"twitter:label1\" content=\"Est. reading time\" \/>\n\t<meta name=\"twitter:data1\" content=\"2 minutes\" \/>\n<script type=\"application\/ld+json\" class=\"yoast-schema-graph\">{\"@context\":\"https:\/\/schema.org\",\"@graph\":[{\"@type\":\"WebPage\",\"@id\":\"https:\/\/www.maison-masse.com\/produit\/gnocchi-pdt-sans-gluten-500g\/\",\"url\":\"https:\/\/www.maison-masse.com\/produit\/gnocchi-pdt-sans-gluten-500g\/\",\"name\":\"Gnocchi sans gluten - Maison Masse\",\"isPartOf\":{\"@id\":\"https:\/\/www.maison-masse.com\/en\/#website\"},\"primaryImageOfPage\":{\"@id\":\"https:\/\/www.maison-masse.com\/produit\/gnocchi-pdt-sans-gluten-500g\/#primaryimage\"},\"image\":{\"@id\":\"https:\/\/www.maison-masse.com\/produit\/gnocchi-pdt-sans-gluten-500g\/#primaryimage\"},\"thumbnailUrl\":\"https:\/\/www.maison-masse.com\/wp-content\/uploads\/2021\/06\/EPID045.bmp\",\"datePublished\":\"2021-06-16T09:12:36+00:00\",\"dateModified\":\"2026-04-15T06:57:56+00:00\",\"description\":\"Gnocchi Rustichella : savoureux et sans gluten ! Retrouvez le go\u00fbt authentique des gnocchis avec cette recette 100% sans gluten.\",\"breadcrumb\":{\"@id\":\"https:\/\/www.maison-masse.com\/produit\/gnocchi-pdt-sans-gluten-500g\/#breadcrumb\"},\"inLanguage\":\"en-US\",\"potentialAction\":[{\"@type\":\"ReadAction\",\"target\":[\"https:\/\/www.maison-masse.com\/produit\/gnocchi-pdt-sans-gluten-500g\/\"]}]},{\"@type\":\"ImageObject\",\"inLanguage\":\"en-US\",\"@id\":\"https:\/\/www.maison-masse.com\/produit\/gnocchi-pdt-sans-gluten-500g\/#primaryimage\",\"url\":\"https:\/\/www.maison-masse.com\/wp-content\/uploads\/2021\/06\/EPID045.bmp\",\"contentUrl\":\"https:\/\/www.maison-masse.com\/wp-content\/uploads\/2021\/06\/EPID045.bmp\",\"width\":442,\"height\":599,\"caption\":\"GNOCCHI PDT SANS GLUTEN 500G\"},{\"@type\":\"BreadcrumbList\",\"@id\":\"https:\/\/www.maison-masse.com\/produit\/gnocchi-pdt-sans-gluten-500g\/#breadcrumb\",\"itemListElement\":[{\"@type\":\"ListItem\",\"position\":1,\"name\":\"Accueil\",\"item\":\"https:\/\/www.maison-masse.com\/en\/\"},{\"@type\":\"ListItem\",\"position\":2,\"name\":\"Boutique\",\"item\":\"https:\/\/www.maison-masse.com\/boutique\/\"},{\"@type\":\"ListItem\",\"position\":3,\"name\":\"GNOCCHI SANS GLUTEN RUSTICHELLA 500G\"}]},{\"@type\":\"WebSite\",\"@id\":\"https:\/\/www.maison-masse.com\/en\/#website\",\"url\":\"https:\/\/www.maison-masse.com\/en\/\",\"name\":\"Maison Masse\",\"description\":\"La maison du foie gras depuis 1884\",\"publisher\":{\"@id\":\"https:\/\/www.maison-masse.com\/en\/#organization\"},\"potentialAction\":[{\"@type\":\"SearchAction\",\"target\":{\"@type\":\"EntryPoint\",\"urlTemplate\":\"https:\/\/www.maison-masse.com\/en\/?s={search_term_string}\"},\"query-input\":{\"@type\":\"PropertyValueSpecification\",\"valueRequired\":true,\"valueName\":\"search_term_string\"}}],\"inLanguage\":\"en-US\"},{\"@type\":\"Organization\",\"@id\":\"https:\/\/www.maison-masse.com\/en\/#organization\",\"name\":\"Maison Masse\",\"url\":\"https:\/\/www.maison-masse.com\/en\/\",\"logo\":{\"@type\":\"ImageObject\",\"inLanguage\":\"en-US\",\"@id\":\"https:\/\/www.maison-masse.com\/en\/#\/schema\/logo\/image\/\",\"url\":\"https:\/\/www.maison-masse.com\/wp-content\/uploads\/2021\/06\/favicon.png\",\"contentUrl\":\"https:\/\/www.maison-masse.com\/wp-content\/uploads\/2021\/06\/favicon.png\",\"width\":71,\"height\":72,\"caption\":\"Maison Masse\"},\"image\":{\"@id\":\"https:\/\/www.maison-masse.com\/en\/#\/schema\/logo\/image\/\"}}]}<\/script>\n<!-- \/ Yoast SEO Premium plugin. -->","yoast_head_json":{"title":"Gnocchi sans gluten - Maison Masse","description":"Gnocchi Rustichella : savoureux et sans gluten ! Retrouvez le go\u00fbt authentique des gnocchis avec cette recette 100% sans gluten.","robots":{"index":"index","follow":"follow","max-snippet":"max-snippet:-1","max-image-preview":"max-image-preview:large","max-video-preview":"max-video-preview:-1"},"canonical":"https:\/\/www.maison-masse.com\/produit\/gnocchi-pdt-sans-gluten-500g\/","og_locale":"en_US","og_type":"article","og_title":"GNOCCHI SANS GLUTEN RUSTICHELLA 500G","og_description":"Gnocchi Rustichella : savoureux et sans gluten ! Retrouvez le go\u00fbt authentique des gnocchis avec cette recette 100% sans gluten.","og_url":"https:\/\/www.maison-masse.com\/produit\/gnocchi-pdt-sans-gluten-500g\/","og_site_name":"Maison Masse","article_modified_time":"2026-04-15T06:57:56+00:00","og_image":[{"width":246,"height":100,"url":"https:\/\/www.maison-masse.com\/wp-content\/uploads\/2021\/06\/logo-maisonmasse.png","type":"image\/png"}],"twitter_card":"summary_large_image","twitter_misc":{"Est. reading time":"2 minutes"},"schema":{"@context":"https:\/\/schema.org","@graph":[{"@type":"WebPage","@id":"https:\/\/www.maison-masse.com\/produit\/gnocchi-pdt-sans-gluten-500g\/","url":"https:\/\/www.maison-masse.com\/produit\/gnocchi-pdt-sans-gluten-500g\/","name":"Gnocchi sans gluten - Maison Masse","isPartOf":{"@id":"https:\/\/www.maison-masse.com\/en\/#website"},"primaryImageOfPage":{"@id":"https:\/\/www.maison-masse.com\/produit\/gnocchi-pdt-sans-gluten-500g\/#primaryimage"},"image":{"@id":"https:\/\/www.maison-masse.com\/produit\/gnocchi-pdt-sans-gluten-500g\/#primaryimage"},"thumbnailUrl":"https:\/\/www.maison-masse.com\/wp-content\/uploads\/2021\/06\/EPID045.bmp","datePublished":"2021-06-16T09:12:36+00:00","dateModified":"2026-04-15T06:57:56+00:00","description":"Gnocchi Rustichella : savoureux et sans gluten ! Retrouvez le go\u00fbt authentique des gnocchis avec cette recette 100% sans gluten.","breadcrumb":{"@id":"https:\/\/www.maison-masse.com\/produit\/gnocchi-pdt-sans-gluten-500g\/#breadcrumb"},"inLanguage":"en-US","potentialAction":[{"@type":"ReadAction","target":["https:\/\/www.maison-masse.com\/produit\/gnocchi-pdt-sans-gluten-500g\/"]}]},{"@type":"ImageObject","inLanguage":"en-US","@id":"https:\/\/www.maison-masse.com\/produit\/gnocchi-pdt-sans-gluten-500g\/#primaryimage","url":"https:\/\/www.maison-masse.com\/wp-content\/uploads\/2021\/06\/EPID045.bmp","contentUrl":"https:\/\/www.maison-masse.com\/wp-content\/uploads\/2021\/06\/EPID045.bmp","width":442,"height":599,"caption":"GNOCCHI PDT SANS GLUTEN 500G"},{"@type":"BreadcrumbList","@id":"https:\/\/www.maison-masse.com\/produit\/gnocchi-pdt-sans-gluten-500g\/#breadcrumb","itemListElement":[{"@type":"ListItem","position":1,"name":"Accueil","item":"https:\/\/www.maison-masse.com\/en\/"},{"@type":"ListItem","position":2,"name":"Boutique","item":"https:\/\/www.maison-masse.com\/boutique\/"},{"@type":"ListItem","position":3,"name":"GNOCCHI SANS GLUTEN RUSTICHELLA 500G"}]},{"@type":"WebSite","@id":"https:\/\/www.maison-masse.com\/en\/#website","url":"https:\/\/www.maison-masse.com\/en\/","name":"Maison Masse","description":"La maison du foie gras depuis 1884","publisher":{"@id":"https:\/\/www.maison-masse.com\/en\/#organization"},"potentialAction":[{"@type":"SearchAction","target":{"@type":"EntryPoint","urlTemplate":"https:\/\/www.maison-masse.com\/en\/?s={search_term_string}"},"query-input":{"@type":"PropertyValueSpecification","valueRequired":true,"valueName":"search_term_string"}}],"inLanguage":"en-US"},{"@type":"Organization","@id":"https:\/\/www.maison-masse.com\/en\/#organization","name":"Maison Masse","url":"https:\/\/www.maison-masse.com\/en\/","logo":{"@type":"ImageObject","inLanguage":"en-US","@id":"https:\/\/www.maison-masse.com\/en\/#\/schema\/logo\/image\/","url":"https:\/\/www.maison-masse.com\/wp-content\/uploads\/2021\/06\/favicon.png","contentUrl":"https:\/\/www.maison-masse.com\/wp-content\/uploads\/2021\/06\/favicon.png","width":71,"height":72,"caption":"Maison Masse"},"image":{"@id":"https:\/\/www.maison-masse.com\/en\/#\/schema\/logo\/image\/"}}]}},"_links":{"self":[{"href":"https:\/\/www.maison-masse.com\/en\/wp-json\/wp\/v2\/product\/7662","targetHints":{"allow":["GET"]}}],"collection":[{"href":"https:\/\/www.maison-masse.com\/en\/wp-json\/wp\/v2\/product"}],"about":[{"href":"https:\/\/www.maison-masse.com\/en\/wp-json\/wp\/v2\/types\/product"}],"replies":[{"embeddable":true,"href":"https:\/\/www.maison-masse.com\/en\/wp-json\/wp\/v2\/comments?post=7662"}],"wp:featuredmedia":[{"embeddable":true,"href":"https:\/\/www.maison-masse.com\/en\/wp-json\/wp\/v2\/media\/8401"}],"wp:attachment":[{"href":"https:\/\/www.maison-masse.com\/en\/wp-json\/wp\/v2\/media?parent=7662"}],"wp:term":[{"taxonomy":"product_brand","embeddable":true,"href":"https:\/\/www.maison-masse.com\/en\/wp-json\/wp\/v2\/product_brand?post=7662"},{"taxonomy":"product_cat","embeddable":true,"href":"https:\/\/www.maison-masse.com\/en\/wp-json\/wp\/v2\/product_cat?post=7662"},{"taxonomy":"product_tag","embeddable":true,"href":"https:\/\/www.maison-masse.com\/en\/wp-json\/wp\/v2\/product_tag?post=7662"}],"curies":[{"name":"wp","href":"https:\/\/api.w.org\/{rel}","templated":true}]}}