{"id":7647,"date":"2021-06-16T11:12:30","date_gmt":"2021-06-16T09:12:30","guid":{"rendered":"https:\/\/maisonmasse.jk2agenceweb.com\/?post_type=product&#038;p=7647"},"modified":"2026-04-29T08:13:08","modified_gmt":"2026-04-29T06:13:08","slug":"mini-baba-rhum-vanille-120g","status":"publish","type":"product","link":"https:\/\/www.maison-masse.com\/en\/produit\/mini-baba-rhum-vanille-120g\/","title":{"rendered":"MINI BABA AU RHUM ET A LA VANILLE 120G"},"content":{"rendered":"<p>D\u00e9couvrez le mini baba rhum\/vanille, un vrai dessert facile \u00e0 conserver pour les invit\u00e9s surprises. Vous pouvez les pr\u00e9senter en brochette, avec de la glace, des fruits, de la chantilly, une sauce chocolat, et r\u00e9utiliser le sirop \u00e0 d&#8217;autres fins. Ces babas ne sont pas secs.<\/p>\n<p>Les Babas de Saint- Malo ont \u00e9t\u00e9 cr\u00e9\u00e9s par Luc MOBIHAN, chef \u00e9toil\u00e9 du restaurant Le Saint Placide 1* \u00e0 Saint-Malo, lorsqu&#8217;il a voulu offrir \u00e0 ses amis voileux quelques gourmandises de qualit\u00e9 qu&#8217;ils puissent emmener \u00e0 bord. Ils sont produits de mani\u00e8re artisanale \u00e0 partir de farine biologique, de rhum de Marie-Galante, de vanille de Madagascar, d&#8217;oranges et de citrons de Corse, de whisky d\u2019Ecosse, de caf\u00e9 d\u2019Inde\u2026<\/p>\n<p>Retrouvez les autres saveurs de babas :<\/p>\n<ul>\n<li>En format mini :\u00a0<a href=\"https:\/\/www.maison-masse.com\/produit\/mini-baba-limoncello-citr-120g\/\">LIMONCELLO\/CITRON\u00a0<\/a>&amp;\u00a0<a href=\"https:\/\/www.maison-masse.com\/produit\/mini-baba-whisky-cafe-120g\/\">WHISKY\/CAFE<\/a><\/li>\n<li>En grand format :\u00a0<a href=\"https:\/\/www.maison-masse.com\/produit\/baba-rhum-vanille-380g\/\">RHUM\/VANILLE<\/a>\u00a0;\u00a0<a href=\"https:\/\/www.maison-masse.com\/produit\/baba-triple-sec-oranges-380g\/\">TRIPLE SEC\/ORANGES<\/a>\u00a0&amp;\u00a0<a href=\"https:\/\/www.maison-masse.com\/produit\/baba-limoncello-citrons-380g\/\">LIMONCELLO\/CITRON<\/a><\/li>\n<li>En kit :\u00a0<a href=\"https:\/\/www.maison-masse.com\/produit\/kit-farandole-de-plaisirs\/\">KIT FARANDOLE DE PLAISIRS<\/a>\u00a0&amp;\u00a0<a href=\"https:\/\/www.maison-masse.com\/produit\/mini-foie-gras-babas\/\">KIT MINI FOIE GRAS ET BABA<\/a><\/li>\n<\/ul>\n<p>Sans additifs. Ni colorants artificiels. Sans conservateurs.<\/p>\n<p>Origine du mini baba rhum\/vanille : France<\/p>\n<div class=\"woocommerce-tabs wc-tabs-wrapper full-width-tabs\" data-tab-style=\"fullwidth\">\n<div id=\"tab-description\" class=\"woocommerce-Tabs-panel woocommerce-Tabs-panel--description panel entry-content wc-tab\" role=\"tabpanel\" aria-labelledby=\"tab-title-description\">\n<p>Suivez-nous sur notre Instagram :\u00a0<a href=\"https:\/\/www.instagram.com\/maisonmasse\/\">https:\/\/www.instagram.com\/maisonmasse\/<\/a><\/p>\n<\/div>\n<\/div>\n","protected":false},"excerpt":{"rendered":"<p>Un vrai dessert facile \u00e0 conserver pour les invit\u00e9s surprises, pr\u00e9sentable de multiples fa\u00e7ons : en brochette, avec de la glace, des fruits, de la chantilly, une sauce chocolat\u2026 !<\/p>\n","protected":false},"featured_media":8371,"comment_status":"open","ping_status":"closed","template":"","meta":{"_acf_changed":false,"wprm-recipe-roundup-name":"","wprm-recipe-roundup-description":""},"product_brand":[],"product_cat":[512],"product_tag":[1072],"class_list":{"0":"post-7647","1":"product","2":"type-product","3":"status-publish","4":"has-post-thumbnail","6":"product_cat-les-babas-de-saint-malo","7":"product_tag-les-babas-de-saint-malo","9":"first","10":"instock","11":"taxable","12":"shipping-taxable","13":"purchasable","14":"product-type-simple"},"acf":[],"yoast_head":"<!-- This site is optimized with the Yoast SEO Premium plugin v26.8 (Yoast SEO v26.8) - https:\/\/yoast.com\/product\/yoast-seo-premium-wordpress\/ -->\n<title>MINI BABA AU RHUM ET A LA VANILLE 120G - Maison Masse<\/title>\n<meta name=\"description\" content=\"D\u00e9couvrez le mini baba rhum\/vanille, un vrai dessert facile \u00e0 conserver pour les invit\u00e9s surprises. Ces babas ne sont pas secs.\" \/>\n<meta name=\"robots\" content=\"index, follow, max-snippet:-1, max-image-preview:large, max-video-preview:-1\" \/>\n<link rel=\"canonical\" href=\"https:\/\/www.maison-masse.com\/produit\/mini-baba-rhum-vanille-120g\/\" \/>\n<meta property=\"og:locale\" content=\"en_US\" \/>\n<meta property=\"og:type\" content=\"article\" \/>\n<meta property=\"og:title\" content=\"MINI BABA AU RHUM ET A LA VANILLE 120G\" \/>\n<meta property=\"og:description\" content=\"D\u00e9couvrez le mini baba rhum\/vanille, un vrai dessert facile \u00e0 conserver pour les invit\u00e9s surprises. Ces babas ne sont pas secs.\" \/>\n<meta property=\"og:url\" content=\"https:\/\/www.maison-masse.com\/produit\/mini-baba-rhum-vanille-120g\/\" \/>\n<meta property=\"og:site_name\" content=\"Maison Masse\" \/>\n<meta property=\"article:modified_time\" content=\"2026-04-29T06:13:08+00:00\" \/>\n<meta property=\"og:image\" content=\"https:\/\/www.maison-masse.com\/wp-content\/uploads\/2021\/06\/logo-maisonmasse.png\" \/>\n\t<meta property=\"og:image:width\" content=\"246\" \/>\n\t<meta property=\"og:image:height\" content=\"100\" \/>\n\t<meta property=\"og:image:type\" content=\"image\/png\" \/>\n<meta name=\"twitter:card\" content=\"summary_large_image\" \/>\n<meta name=\"twitter:label1\" content=\"Est. reading time\" \/>\n\t<meta name=\"twitter:data1\" content=\"2 minutes\" \/>\n<script type=\"application\/ld+json\" class=\"yoast-schema-graph\">{\"@context\":\"https:\/\/schema.org\",\"@graph\":[{\"@type\":\"WebPage\",\"@id\":\"https:\/\/www.maison-masse.com\/produit\/mini-baba-rhum-vanille-120g\/\",\"url\":\"https:\/\/www.maison-masse.com\/produit\/mini-baba-rhum-vanille-120g\/\",\"name\":\"MINI BABA AU RHUM ET A LA VANILLE 120G - Maison Masse\",\"isPartOf\":{\"@id\":\"https:\/\/www.maison-masse.com\/en\/#website\"},\"primaryImageOfPage\":{\"@id\":\"https:\/\/www.maison-masse.com\/produit\/mini-baba-rhum-vanille-120g\/#primaryimage\"},\"image\":{\"@id\":\"https:\/\/www.maison-masse.com\/produit\/mini-baba-rhum-vanille-120g\/#primaryimage\"},\"thumbnailUrl\":\"https:\/\/www.maison-masse.com\/wp-content\/uploads\/2021\/06\/EPIC188.bmp\",\"datePublished\":\"2021-06-16T09:12:30+00:00\",\"dateModified\":\"2026-04-29T06:13:08+00:00\",\"description\":\"D\u00e9couvrez le mini baba rhum\/vanille, un vrai dessert facile \u00e0 conserver pour les invit\u00e9s surprises. Ces babas ne sont pas secs.\",\"breadcrumb\":{\"@id\":\"https:\/\/www.maison-masse.com\/produit\/mini-baba-rhum-vanille-120g\/#breadcrumb\"},\"inLanguage\":\"en-US\",\"potentialAction\":[{\"@type\":\"ReadAction\",\"target\":[\"https:\/\/www.maison-masse.com\/produit\/mini-baba-rhum-vanille-120g\/\"]}]},{\"@type\":\"ImageObject\",\"inLanguage\":\"en-US\",\"@id\":\"https:\/\/www.maison-masse.com\/produit\/mini-baba-rhum-vanille-120g\/#primaryimage\",\"url\":\"https:\/\/www.maison-masse.com\/wp-content\/uploads\/2021\/06\/EPIC188.bmp\",\"contentUrl\":\"https:\/\/www.maison-masse.com\/wp-content\/uploads\/2021\/06\/EPIC188.bmp\",\"width\":922,\"height\":519,\"caption\":\"MINI BABA RHUM\/VANILLE 120G\"},{\"@type\":\"BreadcrumbList\",\"@id\":\"https:\/\/www.maison-masse.com\/produit\/mini-baba-rhum-vanille-120g\/#breadcrumb\",\"itemListElement\":[{\"@type\":\"ListItem\",\"position\":1,\"name\":\"Accueil\",\"item\":\"https:\/\/www.maison-masse.com\/en\/\"},{\"@type\":\"ListItem\",\"position\":2,\"name\":\"Boutique\",\"item\":\"https:\/\/www.maison-masse.com\/boutique\/\"},{\"@type\":\"ListItem\",\"position\":3,\"name\":\"MINI BABA AU RHUM ET A LA VANILLE 120G\"}]},{\"@type\":\"WebSite\",\"@id\":\"https:\/\/www.maison-masse.com\/en\/#website\",\"url\":\"https:\/\/www.maison-masse.com\/en\/\",\"name\":\"Maison Masse\",\"description\":\"La maison du foie gras depuis 1884\",\"publisher\":{\"@id\":\"https:\/\/www.maison-masse.com\/en\/#organization\"},\"potentialAction\":[{\"@type\":\"SearchAction\",\"target\":{\"@type\":\"EntryPoint\",\"urlTemplate\":\"https:\/\/www.maison-masse.com\/en\/?s={search_term_string}\"},\"query-input\":{\"@type\":\"PropertyValueSpecification\",\"valueRequired\":true,\"valueName\":\"search_term_string\"}}],\"inLanguage\":\"en-US\"},{\"@type\":\"Organization\",\"@id\":\"https:\/\/www.maison-masse.com\/en\/#organization\",\"name\":\"Maison Masse\",\"url\":\"https:\/\/www.maison-masse.com\/en\/\",\"logo\":{\"@type\":\"ImageObject\",\"inLanguage\":\"en-US\",\"@id\":\"https:\/\/www.maison-masse.com\/en\/#\/schema\/logo\/image\/\",\"url\":\"https:\/\/www.maison-masse.com\/wp-content\/uploads\/2021\/06\/favicon.png\",\"contentUrl\":\"https:\/\/www.maison-masse.com\/wp-content\/uploads\/2021\/06\/favicon.png\",\"width\":71,\"height\":72,\"caption\":\"Maison Masse\"},\"image\":{\"@id\":\"https:\/\/www.maison-masse.com\/en\/#\/schema\/logo\/image\/\"}}]}<\/script>\n<!-- \/ Yoast SEO Premium plugin. -->","yoast_head_json":{"title":"MINI BABA AU RHUM ET A LA VANILLE 120G - Maison Masse","description":"D\u00e9couvrez le mini baba rhum\/vanille, un vrai dessert facile \u00e0 conserver pour les invit\u00e9s surprises. Ces babas ne sont pas secs.","robots":{"index":"index","follow":"follow","max-snippet":"max-snippet:-1","max-image-preview":"max-image-preview:large","max-video-preview":"max-video-preview:-1"},"canonical":"https:\/\/www.maison-masse.com\/produit\/mini-baba-rhum-vanille-120g\/","og_locale":"en_US","og_type":"article","og_title":"MINI BABA AU RHUM ET A LA VANILLE 120G","og_description":"D\u00e9couvrez le mini baba rhum\/vanille, un vrai dessert facile \u00e0 conserver pour les invit\u00e9s surprises. Ces babas ne sont pas secs.","og_url":"https:\/\/www.maison-masse.com\/produit\/mini-baba-rhum-vanille-120g\/","og_site_name":"Maison Masse","article_modified_time":"2026-04-29T06:13:08+00:00","og_image":[{"width":246,"height":100,"url":"https:\/\/www.maison-masse.com\/wp-content\/uploads\/2021\/06\/logo-maisonmasse.png","type":"image\/png"}],"twitter_card":"summary_large_image","twitter_misc":{"Est. reading time":"2 minutes"},"schema":{"@context":"https:\/\/schema.org","@graph":[{"@type":"WebPage","@id":"https:\/\/www.maison-masse.com\/produit\/mini-baba-rhum-vanille-120g\/","url":"https:\/\/www.maison-masse.com\/produit\/mini-baba-rhum-vanille-120g\/","name":"MINI BABA AU RHUM ET A LA VANILLE 120G - Maison Masse","isPartOf":{"@id":"https:\/\/www.maison-masse.com\/en\/#website"},"primaryImageOfPage":{"@id":"https:\/\/www.maison-masse.com\/produit\/mini-baba-rhum-vanille-120g\/#primaryimage"},"image":{"@id":"https:\/\/www.maison-masse.com\/produit\/mini-baba-rhum-vanille-120g\/#primaryimage"},"thumbnailUrl":"https:\/\/www.maison-masse.com\/wp-content\/uploads\/2021\/06\/EPIC188.bmp","datePublished":"2021-06-16T09:12:30+00:00","dateModified":"2026-04-29T06:13:08+00:00","description":"D\u00e9couvrez le mini baba rhum\/vanille, un vrai dessert facile \u00e0 conserver pour les invit\u00e9s surprises. Ces babas ne sont pas secs.","breadcrumb":{"@id":"https:\/\/www.maison-masse.com\/produit\/mini-baba-rhum-vanille-120g\/#breadcrumb"},"inLanguage":"en-US","potentialAction":[{"@type":"ReadAction","target":["https:\/\/www.maison-masse.com\/produit\/mini-baba-rhum-vanille-120g\/"]}]},{"@type":"ImageObject","inLanguage":"en-US","@id":"https:\/\/www.maison-masse.com\/produit\/mini-baba-rhum-vanille-120g\/#primaryimage","url":"https:\/\/www.maison-masse.com\/wp-content\/uploads\/2021\/06\/EPIC188.bmp","contentUrl":"https:\/\/www.maison-masse.com\/wp-content\/uploads\/2021\/06\/EPIC188.bmp","width":922,"height":519,"caption":"MINI BABA RHUM\/VANILLE 120G"},{"@type":"BreadcrumbList","@id":"https:\/\/www.maison-masse.com\/produit\/mini-baba-rhum-vanille-120g\/#breadcrumb","itemListElement":[{"@type":"ListItem","position":1,"name":"Accueil","item":"https:\/\/www.maison-masse.com\/en\/"},{"@type":"ListItem","position":2,"name":"Boutique","item":"https:\/\/www.maison-masse.com\/boutique\/"},{"@type":"ListItem","position":3,"name":"MINI BABA AU RHUM ET A LA VANILLE 120G"}]},{"@type":"WebSite","@id":"https:\/\/www.maison-masse.com\/en\/#website","url":"https:\/\/www.maison-masse.com\/en\/","name":"Maison Masse","description":"La maison du foie gras depuis 1884","publisher":{"@id":"https:\/\/www.maison-masse.com\/en\/#organization"},"potentialAction":[{"@type":"SearchAction","target":{"@type":"EntryPoint","urlTemplate":"https:\/\/www.maison-masse.com\/en\/?s={search_term_string}"},"query-input":{"@type":"PropertyValueSpecification","valueRequired":true,"valueName":"search_term_string"}}],"inLanguage":"en-US"},{"@type":"Organization","@id":"https:\/\/www.maison-masse.com\/en\/#organization","name":"Maison Masse","url":"https:\/\/www.maison-masse.com\/en\/","logo":{"@type":"ImageObject","inLanguage":"en-US","@id":"https:\/\/www.maison-masse.com\/en\/#\/schema\/logo\/image\/","url":"https:\/\/www.maison-masse.com\/wp-content\/uploads\/2021\/06\/favicon.png","contentUrl":"https:\/\/www.maison-masse.com\/wp-content\/uploads\/2021\/06\/favicon.png","width":71,"height":72,"caption":"Maison Masse"},"image":{"@id":"https:\/\/www.maison-masse.com\/en\/#\/schema\/logo\/image\/"}}]}},"_links":{"self":[{"href":"https:\/\/www.maison-masse.com\/en\/wp-json\/wp\/v2\/product\/7647","targetHints":{"allow":["GET"]}}],"collection":[{"href":"https:\/\/www.maison-masse.com\/en\/wp-json\/wp\/v2\/product"}],"about":[{"href":"https:\/\/www.maison-masse.com\/en\/wp-json\/wp\/v2\/types\/product"}],"replies":[{"embeddable":true,"href":"https:\/\/www.maison-masse.com\/en\/wp-json\/wp\/v2\/comments?post=7647"}],"wp:featuredmedia":[{"embeddable":true,"href":"https:\/\/www.maison-masse.com\/en\/wp-json\/wp\/v2\/media\/8371"}],"wp:attachment":[{"href":"https:\/\/www.maison-masse.com\/en\/wp-json\/wp\/v2\/media?parent=7647"}],"wp:term":[{"taxonomy":"product_brand","embeddable":true,"href":"https:\/\/www.maison-masse.com\/en\/wp-json\/wp\/v2\/product_brand?post=7647"},{"taxonomy":"product_cat","embeddable":true,"href":"https:\/\/www.maison-masse.com\/en\/wp-json\/wp\/v2\/product_cat?post=7647"},{"taxonomy":"product_tag","embeddable":true,"href":"https:\/\/www.maison-masse.com\/en\/wp-json\/wp\/v2\/product_tag?post=7647"}],"curies":[{"name":"wp","href":"https:\/\/api.w.org\/{rel}","templated":true}]}}