{"id":7620,"date":"2021-06-16T11:12:18","date_gmt":"2021-06-16T09:12:18","guid":{"rendered":"https:\/\/maisonmasse.jk2agenceweb.com\/?post_type=product&#038;p=7620"},"modified":"2026-04-15T08:55:46","modified_gmt":"2026-04-15T06:55:46","slug":"petite-sardine-huile-olive-30-35-ramon-pena","status":"publish","type":"product","link":"https:\/\/www.maison-masse.com\/en\/produit\/petite-sardine-huile-olive-30-35-ramon-pena\/","title":{"rendered":"PETITES SARDINES A L&#8217;HUILE D&#8217;OLIVE 30\/35 RAMON PENA PREMIUM"},"content":{"rendered":"<p>Sardines \u00e0 l&#8217;huile d&#8217;olive Ramon Pena &#8211; 30 \u00e0 35 sardines.<\/p>\n<p>D&#8217;une petite usine de conserves de poissons et de fruits de mer en 1920, trois g\u00e9n\u00e9rations plus tard, Ramon Pena est toujours synonyme de qualit\u00e9 et de minutie : une production responsable et limit\u00e9e respectant la saisonnalit\u00e9, un choix des meilleurs poissons et fruits de mer travaill\u00e9s par des mains expertes (rang\u00e9s tels des bijoux dans les bo\u00eetes), des recettes originales et exclusives sans conservateur, ni colorant ni additif. Les produits Ramon Pena sont une exclusivit\u00e9 maison masse en France.<\/p>\n<p>Les sardines \u00e0 l&#8217;huile d&#8217;olive de chez Ramon Pena font partie de la gamme gourmet (\u00e9tiquette noire).<\/p>\n<p>Pour respecter la saisonnalit\u00e9 et le renouvellement des esp\u00e8ces, la production est limit\u00e9e et correspond fid\u00e8lement aux saisons de p\u00eache. Les sardines proviennent des eaux froides de l\u2019Atlantique Nord. Elles sont plus moelleuses et se gardent plus longtemps.<br \/>\nLes <em>sardinillas<\/em> sont travaill\u00e9es par des mains expertes: \u00e9visc\u00e9r\u00e9es, \u00e9t\u00eat\u00e9es avec soin, lav\u00e9es, grill\u00e9es pour \u00e9liminer les exc\u00e9dents de graisse puis embo\u00eet\u00e9es avec de l\u2019huile d\u2019olive.<br \/>\nEn \u00e9t\u00eatant la sardine, on enl\u00e8ve les intestins, et on r\u00e9duit le risque allerg\u00e8ne. Taux d\u2019histamine tol\u00e9r\u00e9 chez Ramon Pena : 200 mg\/kg max (autoris\u00e9 jusqu\u2019\u00e0 700mg\/kg).<\/p>\n<p>D\u00e9gustation des sardines \u00e0 l&#8217;huile d&#8217;olive Ramon Pena:<br \/>\nUtilisable en tapas ou \u00e0 incorporer \u00e0 une recette.<br \/>\nVous pouvez utiliser les sauces de ces conserves de la mer comme soupe, fond de sauce&#8230;<\/p>\n<p>La conserve contient entre 30 et 35 petites sardines.<\/p>\n<p>Origine : Espagne<\/p>\n<p><strong>Valeurs nutritionnelles pour 100gr de sardines \u00e0 l&#8217;huile d&#8217;olive Ramon Pena :<\/strong><br \/>\nEnergie : 926kj \/ 222kcal<br \/>\nGraisse: 15g dont acides gras satur\u00e9s : 2,7g<br \/>\nGlucides : 0g dont sucres<br \/>\n0g Prot\u00e9ines : 21g<br \/>\nSel : 0,78g<\/p>\n<p>En savoir plus sur les conserves de la Mer Ramon Pena : <a href=\"https:\/\/www.maison-masse.com\/les-conserves-de-la-mer-ramon-pena\/\">https:\/\/www.maison-masse.com\/les-conserves-de-la-mer-ramon-pena\/<\/a><\/p>\n<p>Suivez-nous sur Instagram : <a href=\"https:\/\/www.instagram.com\/maisonmasse\/?hl=fr\">https:\/\/www.instagram.com\/maisonmasse\/?hl=fr<\/a><\/p>\n","protected":false},"excerpt":{"rendered":"<p>Les sardines gourmet de chez Ramon Pena, ou <em>sardinillas,<\/em> proviennent des\u00a0eaux froides de l\u2019Atlantique Nord et sont travaill\u00e9es par des mains expertes : \u00e9visc\u00e9r\u00e9es, \u00e9t\u00eat\u00e9es avec soin, lav\u00e9es, grill\u00e9es pour \u00e9liminer les exc\u00e9dents de graisse puis embo\u00eet\u00e9es avec de l\u2019huile d\u2019olive.. Elles sont plus moelleuses et se gardent plus longtemps.<\/p>\n<p>La conserve contient entre 30 et 35 petites sardines.<\/p>\n","protected":false},"featured_media":8317,"comment_status":"open","ping_status":"closed","template":"","meta":{"_acf_changed":false,"wprm-recipe-roundup-name":"","wprm-recipe-roundup-description":""},"product_brand":[],"product_cat":[508],"product_tag":[1017,1015,1016],"class_list":{"0":"post-7620","1":"product","2":"type-product","3":"status-publish","4":"has-post-thumbnail","6":"product_cat-conserves-de-la-mer","7":"product_tag-ramon-pena","8":"product_tag-sardines","9":"product_tag-sardines-en-boite","11":"first","12":"instock","13":"taxable","14":"shipping-taxable","15":"purchasable","16":"product-type-simple"},"acf":[],"yoast_head":"<!-- This site is optimized with the Yoast SEO Premium plugin v26.8 (Yoast SEO v26.8) - https:\/\/yoast.com\/product\/yoast-seo-premium-wordpress\/ -->\n<title>PETITES SARDINES A L&#039;HUILE D&#039;OLIVE 30\/35 RAMON PENA PREMIUM - Maison Masse<\/title>\n<meta name=\"description\" content=\"Vous trouverez les petites Sardines \u00e0 l&#039;huile d&#039;olive Ramon Pena en exclusivit\u00e9 sur la boutique en ligne de Maison Masse.\" \/>\n<meta name=\"robots\" content=\"index, follow, max-snippet:-1, max-image-preview:large, max-video-preview:-1\" \/>\n<link rel=\"canonical\" href=\"https:\/\/www.maison-masse.com\/produit\/petite-sardine-huile-olive-30-35-ramon-pena\/\" \/>\n<meta property=\"og:locale\" content=\"en_US\" \/>\n<meta property=\"og:type\" content=\"article\" \/>\n<meta property=\"og:title\" content=\"PETITES SARDINES A L&#039;HUILE D&#039;OLIVE 30\/35 RAMON PENA PREMIUM\" \/>\n<meta property=\"og:description\" content=\"Vous trouverez les petites Sardines \u00e0 l&#039;huile d&#039;olive Ramon Pena en exclusivit\u00e9 sur la boutique en ligne de Maison Masse.\" \/>\n<meta property=\"og:url\" content=\"https:\/\/www.maison-masse.com\/produit\/petite-sardine-huile-olive-30-35-ramon-pena\/\" \/>\n<meta property=\"og:site_name\" content=\"Maison Masse\" \/>\n<meta property=\"article:modified_time\" content=\"2026-04-15T06:55:46+00:00\" \/>\n<meta property=\"og:image\" content=\"https:\/\/www.maison-masse.com\/wp-content\/uploads\/2021\/06\/logo-maisonmasse.png\" \/>\n\t<meta property=\"og:image:width\" content=\"246\" \/>\n\t<meta property=\"og:image:height\" content=\"100\" \/>\n\t<meta property=\"og:image:type\" content=\"image\/png\" \/>\n<meta name=\"twitter:card\" content=\"summary_large_image\" \/>\n<meta name=\"twitter:label1\" content=\"Est. reading time\" \/>\n\t<meta name=\"twitter:data1\" content=\"2 minutes\" \/>\n<script type=\"application\/ld+json\" class=\"yoast-schema-graph\">{\"@context\":\"https:\/\/schema.org\",\"@graph\":[{\"@type\":\"WebPage\",\"@id\":\"https:\/\/www.maison-masse.com\/produit\/petite-sardine-huile-olive-30-35-ramon-pena\/\",\"url\":\"https:\/\/www.maison-masse.com\/produit\/petite-sardine-huile-olive-30-35-ramon-pena\/\",\"name\":\"PETITES SARDINES A L'HUILE D'OLIVE 30\/35 RAMON PENA PREMIUM - Maison Masse\",\"isPartOf\":{\"@id\":\"https:\/\/www.maison-masse.com\/en\/#website\"},\"primaryImageOfPage\":{\"@id\":\"https:\/\/www.maison-masse.com\/produit\/petite-sardine-huile-olive-30-35-ramon-pena\/#primaryimage\"},\"image\":{\"@id\":\"https:\/\/www.maison-masse.com\/produit\/petite-sardine-huile-olive-30-35-ramon-pena\/#primaryimage\"},\"thumbnailUrl\":\"https:\/\/www.maison-masse.com\/wp-content\/uploads\/2021\/06\/EPIC052.bmp\",\"datePublished\":\"2021-06-16T09:12:18+00:00\",\"dateModified\":\"2026-04-15T06:55:46+00:00\",\"description\":\"Vous trouverez les petites Sardines \u00e0 l'huile d'olive Ramon Pena en exclusivit\u00e9 sur la boutique en ligne de Maison Masse.\",\"breadcrumb\":{\"@id\":\"https:\/\/www.maison-masse.com\/produit\/petite-sardine-huile-olive-30-35-ramon-pena\/#breadcrumb\"},\"inLanguage\":\"en-US\",\"potentialAction\":[{\"@type\":\"ReadAction\",\"target\":[\"https:\/\/www.maison-masse.com\/produit\/petite-sardine-huile-olive-30-35-ramon-pena\/\"]}]},{\"@type\":\"ImageObject\",\"inLanguage\":\"en-US\",\"@id\":\"https:\/\/www.maison-masse.com\/produit\/petite-sardine-huile-olive-30-35-ramon-pena\/#primaryimage\",\"url\":\"https:\/\/www.maison-masse.com\/wp-content\/uploads\/2021\/06\/EPIC052.bmp\",\"contentUrl\":\"https:\/\/www.maison-masse.com\/wp-content\/uploads\/2021\/06\/EPIC052.bmp\",\"width\":580,\"height\":584,\"caption\":\"Sardines \u00e0 l'huile d'olive Ramon Pena. Conserve contenant 30 \u00e0 35 sardines.\"},{\"@type\":\"BreadcrumbList\",\"@id\":\"https:\/\/www.maison-masse.com\/produit\/petite-sardine-huile-olive-30-35-ramon-pena\/#breadcrumb\",\"itemListElement\":[{\"@type\":\"ListItem\",\"position\":1,\"name\":\"Accueil\",\"item\":\"https:\/\/www.maison-masse.com\/en\/\"},{\"@type\":\"ListItem\",\"position\":2,\"name\":\"Boutique\",\"item\":\"https:\/\/www.maison-masse.com\/boutique\/\"},{\"@type\":\"ListItem\",\"position\":3,\"name\":\"PETITE SARDINE HO 30\/35 R PENA\"}]},{\"@type\":\"WebSite\",\"@id\":\"https:\/\/www.maison-masse.com\/en\/#website\",\"url\":\"https:\/\/www.maison-masse.com\/en\/\",\"name\":\"Maison Masse\",\"description\":\"La maison du foie gras depuis 1884\",\"publisher\":{\"@id\":\"https:\/\/www.maison-masse.com\/en\/#organization\"},\"potentialAction\":[{\"@type\":\"SearchAction\",\"target\":{\"@type\":\"EntryPoint\",\"urlTemplate\":\"https:\/\/www.maison-masse.com\/en\/?s={search_term_string}\"},\"query-input\":{\"@type\":\"PropertyValueSpecification\",\"valueRequired\":true,\"valueName\":\"search_term_string\"}}],\"inLanguage\":\"en-US\"},{\"@type\":\"Organization\",\"@id\":\"https:\/\/www.maison-masse.com\/en\/#organization\",\"name\":\"Maison Masse\",\"url\":\"https:\/\/www.maison-masse.com\/en\/\",\"logo\":{\"@type\":\"ImageObject\",\"inLanguage\":\"en-US\",\"@id\":\"https:\/\/www.maison-masse.com\/en\/#\/schema\/logo\/image\/\",\"url\":\"https:\/\/www.maison-masse.com\/wp-content\/uploads\/2021\/06\/favicon.png\",\"contentUrl\":\"https:\/\/www.maison-masse.com\/wp-content\/uploads\/2021\/06\/favicon.png\",\"width\":71,\"height\":72,\"caption\":\"Maison Masse\"},\"image\":{\"@id\":\"https:\/\/www.maison-masse.com\/en\/#\/schema\/logo\/image\/\"}}]}<\/script>\n<!-- \/ Yoast SEO Premium plugin. -->","yoast_head_json":{"title":"PETITES SARDINES A L'HUILE D'OLIVE 30\/35 RAMON PENA PREMIUM - Maison Masse","description":"Vous trouverez les petites Sardines \u00e0 l'huile d'olive Ramon Pena en exclusivit\u00e9 sur la boutique en ligne de Maison Masse.","robots":{"index":"index","follow":"follow","max-snippet":"max-snippet:-1","max-image-preview":"max-image-preview:large","max-video-preview":"max-video-preview:-1"},"canonical":"https:\/\/www.maison-masse.com\/produit\/petite-sardine-huile-olive-30-35-ramon-pena\/","og_locale":"en_US","og_type":"article","og_title":"PETITES SARDINES A L'HUILE D'OLIVE 30\/35 RAMON PENA PREMIUM","og_description":"Vous trouverez les petites Sardines \u00e0 l'huile d'olive Ramon Pena en exclusivit\u00e9 sur la boutique en ligne de Maison Masse.","og_url":"https:\/\/www.maison-masse.com\/produit\/petite-sardine-huile-olive-30-35-ramon-pena\/","og_site_name":"Maison Masse","article_modified_time":"2026-04-15T06:55:46+00:00","og_image":[{"width":246,"height":100,"url":"https:\/\/www.maison-masse.com\/wp-content\/uploads\/2021\/06\/logo-maisonmasse.png","type":"image\/png"}],"twitter_card":"summary_large_image","twitter_misc":{"Est. reading time":"2 minutes"},"schema":{"@context":"https:\/\/schema.org","@graph":[{"@type":"WebPage","@id":"https:\/\/www.maison-masse.com\/produit\/petite-sardine-huile-olive-30-35-ramon-pena\/","url":"https:\/\/www.maison-masse.com\/produit\/petite-sardine-huile-olive-30-35-ramon-pena\/","name":"PETITES SARDINES A L'HUILE D'OLIVE 30\/35 RAMON PENA PREMIUM - Maison Masse","isPartOf":{"@id":"https:\/\/www.maison-masse.com\/en\/#website"},"primaryImageOfPage":{"@id":"https:\/\/www.maison-masse.com\/produit\/petite-sardine-huile-olive-30-35-ramon-pena\/#primaryimage"},"image":{"@id":"https:\/\/www.maison-masse.com\/produit\/petite-sardine-huile-olive-30-35-ramon-pena\/#primaryimage"},"thumbnailUrl":"https:\/\/www.maison-masse.com\/wp-content\/uploads\/2021\/06\/EPIC052.bmp","datePublished":"2021-06-16T09:12:18+00:00","dateModified":"2026-04-15T06:55:46+00:00","description":"Vous trouverez les petites Sardines \u00e0 l'huile d'olive Ramon Pena en exclusivit\u00e9 sur la boutique en ligne de Maison Masse.","breadcrumb":{"@id":"https:\/\/www.maison-masse.com\/produit\/petite-sardine-huile-olive-30-35-ramon-pena\/#breadcrumb"},"inLanguage":"en-US","potentialAction":[{"@type":"ReadAction","target":["https:\/\/www.maison-masse.com\/produit\/petite-sardine-huile-olive-30-35-ramon-pena\/"]}]},{"@type":"ImageObject","inLanguage":"en-US","@id":"https:\/\/www.maison-masse.com\/produit\/petite-sardine-huile-olive-30-35-ramon-pena\/#primaryimage","url":"https:\/\/www.maison-masse.com\/wp-content\/uploads\/2021\/06\/EPIC052.bmp","contentUrl":"https:\/\/www.maison-masse.com\/wp-content\/uploads\/2021\/06\/EPIC052.bmp","width":580,"height":584,"caption":"Sardines \u00e0 l'huile d'olive Ramon Pena. Conserve contenant 30 \u00e0 35 sardines."},{"@type":"BreadcrumbList","@id":"https:\/\/www.maison-masse.com\/produit\/petite-sardine-huile-olive-30-35-ramon-pena\/#breadcrumb","itemListElement":[{"@type":"ListItem","position":1,"name":"Accueil","item":"https:\/\/www.maison-masse.com\/en\/"},{"@type":"ListItem","position":2,"name":"Boutique","item":"https:\/\/www.maison-masse.com\/boutique\/"},{"@type":"ListItem","position":3,"name":"PETITE SARDINE HO 30\/35 R PENA"}]},{"@type":"WebSite","@id":"https:\/\/www.maison-masse.com\/en\/#website","url":"https:\/\/www.maison-masse.com\/en\/","name":"Maison Masse","description":"La maison du foie gras depuis 1884","publisher":{"@id":"https:\/\/www.maison-masse.com\/en\/#organization"},"potentialAction":[{"@type":"SearchAction","target":{"@type":"EntryPoint","urlTemplate":"https:\/\/www.maison-masse.com\/en\/?s={search_term_string}"},"query-input":{"@type":"PropertyValueSpecification","valueRequired":true,"valueName":"search_term_string"}}],"inLanguage":"en-US"},{"@type":"Organization","@id":"https:\/\/www.maison-masse.com\/en\/#organization","name":"Maison Masse","url":"https:\/\/www.maison-masse.com\/en\/","logo":{"@type":"ImageObject","inLanguage":"en-US","@id":"https:\/\/www.maison-masse.com\/en\/#\/schema\/logo\/image\/","url":"https:\/\/www.maison-masse.com\/wp-content\/uploads\/2021\/06\/favicon.png","contentUrl":"https:\/\/www.maison-masse.com\/wp-content\/uploads\/2021\/06\/favicon.png","width":71,"height":72,"caption":"Maison Masse"},"image":{"@id":"https:\/\/www.maison-masse.com\/en\/#\/schema\/logo\/image\/"}}]}},"_links":{"self":[{"href":"https:\/\/www.maison-masse.com\/en\/wp-json\/wp\/v2\/product\/7620","targetHints":{"allow":["GET"]}}],"collection":[{"href":"https:\/\/www.maison-masse.com\/en\/wp-json\/wp\/v2\/product"}],"about":[{"href":"https:\/\/www.maison-masse.com\/en\/wp-json\/wp\/v2\/types\/product"}],"replies":[{"embeddable":true,"href":"https:\/\/www.maison-masse.com\/en\/wp-json\/wp\/v2\/comments?post=7620"}],"wp:featuredmedia":[{"embeddable":true,"href":"https:\/\/www.maison-masse.com\/en\/wp-json\/wp\/v2\/media\/8317"}],"wp:attachment":[{"href":"https:\/\/www.maison-masse.com\/en\/wp-json\/wp\/v2\/media?parent=7620"}],"wp:term":[{"taxonomy":"product_brand","embeddable":true,"href":"https:\/\/www.maison-masse.com\/en\/wp-json\/wp\/v2\/product_brand?post=7620"},{"taxonomy":"product_cat","embeddable":true,"href":"https:\/\/www.maison-masse.com\/en\/wp-json\/wp\/v2\/product_cat?post=7620"},{"taxonomy":"product_tag","embeddable":true,"href":"https:\/\/www.maison-masse.com\/en\/wp-json\/wp\/v2\/product_tag?post=7620"}],"curies":[{"name":"wp","href":"https:\/\/api.w.org\/{rel}","templated":true}]}}