{"id":7595,"date":"2021-06-16T11:12:09","date_gmt":"2021-06-16T09:12:09","guid":{"rendered":"https:\/\/maisonmasse.jk2agenceweb.com\/?post_type=product&#038;p=7595"},"modified":"2026-04-15T08:53:02","modified_gmt":"2026-04-15T06:53:02","slug":"cepes-surgeles-bouchons-import","status":"publish","type":"product","link":"https:\/\/www.maison-masse.com\/en\/produit\/cepes-surgeles-bouchons-import\/","title":{"rendered":"CEPES BOUCHONS SURGELES"},"content":{"rendered":"<p>Les c\u00e8pes surgel\u00e9s bouchon<\/p>\n<p>Comment utiliser les c\u00e8pes surgel\u00e9s bouchon ?<\/p>\n<ul>\n<li>Pour retrouver toutes les saveurs des morceaux de c\u00e8pes surgel\u00e9s, il est important que le champignon ne d\u00e9cong\u00e8le pas et donc ne ramollisse.<\/li>\n<li>Il suffit de tremper les c\u00e8pes congel\u00e9s dans de l\u2019eau bouillante sal\u00e9e.<\/li>\n<li>A la reprise de l&#8217;\u00e9bullition, comptez 5mn de cuisson.<\/li>\n<li>Ensuite, passez-les \u00e0 l&#8217;eau froide dans une passoire et \u00e9gouttez-les en les posant sur un linge.<\/li>\n<\/ul>\n<p>Que faire de l&#8217;eau restante ?<\/p>\n<ul>\n<li>Il faut bien conserver l&#8217;eau de cuisson pour en faire votre sauce.<\/li>\n<li>Fa\u00eetes-les cuire po\u00eal\u00e9es avec un peu d&#8217;ail.<\/li>\n<\/ul>\n<p><a href=\"https:\/\/www.maison-masse.com\/categorie-produit\/012-champignons\/\">D\u00e9couvrez les autres champignons de la Maison<\/a><\/p>\n<p>Suivez-nous sur notre Instagram :\u00a0<a href=\"https:\/\/www.instagram.com\/maisonmasse\/\">https:\/\/www.instagram.com\/maisonmasse\/<\/a><\/p>\n","protected":false},"excerpt":{"rendered":"<p>C\u00e8pe ou bolet ? Le nom de bolet vient de son appellation latine <em>Boletus, <\/em>c&#8217;est bien le m\u00eame champignon !<\/p>\n<p>Ces bouchons de c\u00e8pes seront du plus bel effet dans vos pr\u00e9parations culinaires.<\/p>\n<p>Origine : Import<\/p>\n","protected":false},"featured_media":8267,"comment_status":"open","ping_status":"closed","template":"","meta":{"_acf_changed":false,"wprm-recipe-roundup-name":"","wprm-recipe-roundup-description":""},"product_brand":[],"product_cat":[506],"product_tag":[1665,1664],"class_list":{"0":"post-7595","1":"product","2":"type-product","3":"status-publish","4":"has-post-thumbnail","6":"product_cat-champignons-surgeles","7":"product_tag-champignon","8":"product_tag-risotto","9":"product_shipping_class-surgele","11":"first","12":"instock","13":"taxable","14":"shipping-taxable","15":"purchasable","16":"product-type-simple"},"acf":[],"yoast_head":"<!-- This site is optimized with the Yoast SEO Premium plugin v26.8 (Yoast SEO v26.8) - https:\/\/yoast.com\/product\/yoast-seo-premium-wordpress\/ -->\n<title>C\u00e8pes surgel\u00e9s bouchon - Maison Masse<\/title>\n<meta name=\"description\" content=\"D\u00e9couvrez les c\u00e8pes surgel\u00e9s bouchon, il est important que le champignon ne d\u00e9cong\u00e8le pas et donc ne ramollisse. Mais comment les utiliser ?\" \/>\n<meta name=\"robots\" content=\"index, follow, max-snippet:-1, max-image-preview:large, max-video-preview:-1\" \/>\n<link rel=\"canonical\" href=\"https:\/\/www.maison-masse.com\/produit\/cepes-surgeles-bouchons-import\/\" \/>\n<meta property=\"og:locale\" content=\"en_US\" \/>\n<meta property=\"og:type\" content=\"article\" \/>\n<meta property=\"og:title\" content=\"CEPES BOUCHONS SURGELES\" \/>\n<meta property=\"og:description\" content=\"D\u00e9couvrez les c\u00e8pes surgel\u00e9s bouchon, il est important que le champignon ne d\u00e9cong\u00e8le pas et donc ne ramollisse. Mais comment les utiliser ?\" \/>\n<meta property=\"og:url\" content=\"https:\/\/www.maison-masse.com\/produit\/cepes-surgeles-bouchons-import\/\" \/>\n<meta property=\"og:site_name\" content=\"Maison Masse\" \/>\n<meta property=\"article:modified_time\" content=\"2026-04-15T06:53:02+00:00\" \/>\n<meta property=\"og:image\" content=\"https:\/\/www.maison-masse.com\/wp-content\/uploads\/2021\/06\/logo-maisonmasse.png\" \/>\n\t<meta property=\"og:image:width\" content=\"246\" \/>\n\t<meta property=\"og:image:height\" content=\"100\" \/>\n\t<meta property=\"og:image:type\" content=\"image\/png\" \/>\n<meta name=\"twitter:card\" content=\"summary_large_image\" \/>\n<meta name=\"twitter:label1\" content=\"Est. reading time\" \/>\n\t<meta name=\"twitter:data1\" content=\"1 minute\" \/>\n<script type=\"application\/ld+json\" class=\"yoast-schema-graph\">{\"@context\":\"https:\/\/schema.org\",\"@graph\":[{\"@type\":\"WebPage\",\"@id\":\"https:\/\/www.maison-masse.com\/produit\/cepes-surgeles-bouchons-import\/\",\"url\":\"https:\/\/www.maison-masse.com\/produit\/cepes-surgeles-bouchons-import\/\",\"name\":\"C\u00e8pes surgel\u00e9s bouchon - Maison Masse\",\"isPartOf\":{\"@id\":\"https:\/\/www.maison-masse.com\/en\/#website\"},\"primaryImageOfPage\":{\"@id\":\"https:\/\/www.maison-masse.com\/produit\/cepes-surgeles-bouchons-import\/#primaryimage\"},\"image\":{\"@id\":\"https:\/\/www.maison-masse.com\/produit\/cepes-surgeles-bouchons-import\/#primaryimage\"},\"thumbnailUrl\":\"https:\/\/www.maison-masse.com\/wp-content\/uploads\/2021\/06\/CHAS016.bmp\",\"datePublished\":\"2021-06-16T09:12:09+00:00\",\"dateModified\":\"2026-04-15T06:53:02+00:00\",\"description\":\"D\u00e9couvrez les c\u00e8pes surgel\u00e9s bouchon, il est important que le champignon ne d\u00e9cong\u00e8le pas et donc ne ramollisse. Mais comment les utiliser ?\",\"breadcrumb\":{\"@id\":\"https:\/\/www.maison-masse.com\/produit\/cepes-surgeles-bouchons-import\/#breadcrumb\"},\"inLanguage\":\"en-US\",\"potentialAction\":[{\"@type\":\"ReadAction\",\"target\":[\"https:\/\/www.maison-masse.com\/produit\/cepes-surgeles-bouchons-import\/\"]}]},{\"@type\":\"ImageObject\",\"inLanguage\":\"en-US\",\"@id\":\"https:\/\/www.maison-masse.com\/produit\/cepes-surgeles-bouchons-import\/#primaryimage\",\"url\":\"https:\/\/www.maison-masse.com\/wp-content\/uploads\/2021\/06\/CHAS016.bmp\",\"contentUrl\":\"https:\/\/www.maison-masse.com\/wp-content\/uploads\/2021\/06\/CHAS016.bmp\",\"width\":678,\"height\":1024,\"caption\":\"CEPES SURGELES BOUCHONS IMPORT\"},{\"@type\":\"BreadcrumbList\",\"@id\":\"https:\/\/www.maison-masse.com\/produit\/cepes-surgeles-bouchons-import\/#breadcrumb\",\"itemListElement\":[{\"@type\":\"ListItem\",\"position\":1,\"name\":\"Accueil\",\"item\":\"https:\/\/www.maison-masse.com\/en\/\"},{\"@type\":\"ListItem\",\"position\":2,\"name\":\"Boutique\",\"item\":\"https:\/\/www.maison-masse.com\/boutique\/\"},{\"@type\":\"ListItem\",\"position\":3,\"name\":\"CEPES SURGELES BOUCHONS IMPORT\"}]},{\"@type\":\"WebSite\",\"@id\":\"https:\/\/www.maison-masse.com\/en\/#website\",\"url\":\"https:\/\/www.maison-masse.com\/en\/\",\"name\":\"Maison Masse\",\"description\":\"La maison du foie gras depuis 1884\",\"publisher\":{\"@id\":\"https:\/\/www.maison-masse.com\/en\/#organization\"},\"potentialAction\":[{\"@type\":\"SearchAction\",\"target\":{\"@type\":\"EntryPoint\",\"urlTemplate\":\"https:\/\/www.maison-masse.com\/en\/?s={search_term_string}\"},\"query-input\":{\"@type\":\"PropertyValueSpecification\",\"valueRequired\":true,\"valueName\":\"search_term_string\"}}],\"inLanguage\":\"en-US\"},{\"@type\":\"Organization\",\"@id\":\"https:\/\/www.maison-masse.com\/en\/#organization\",\"name\":\"Maison Masse\",\"url\":\"https:\/\/www.maison-masse.com\/en\/\",\"logo\":{\"@type\":\"ImageObject\",\"inLanguage\":\"en-US\",\"@id\":\"https:\/\/www.maison-masse.com\/en\/#\/schema\/logo\/image\/\",\"url\":\"https:\/\/www.maison-masse.com\/wp-content\/uploads\/2021\/06\/favicon.png\",\"contentUrl\":\"https:\/\/www.maison-masse.com\/wp-content\/uploads\/2021\/06\/favicon.png\",\"width\":71,\"height\":72,\"caption\":\"Maison Masse\"},\"image\":{\"@id\":\"https:\/\/www.maison-masse.com\/en\/#\/schema\/logo\/image\/\"}}]}<\/script>\n<!-- \/ Yoast SEO Premium plugin. -->","yoast_head_json":{"title":"C\u00e8pes surgel\u00e9s bouchon - Maison Masse","description":"D\u00e9couvrez les c\u00e8pes surgel\u00e9s bouchon, il est important que le champignon ne d\u00e9cong\u00e8le pas et donc ne ramollisse. Mais comment les utiliser ?","robots":{"index":"index","follow":"follow","max-snippet":"max-snippet:-1","max-image-preview":"max-image-preview:large","max-video-preview":"max-video-preview:-1"},"canonical":"https:\/\/www.maison-masse.com\/produit\/cepes-surgeles-bouchons-import\/","og_locale":"en_US","og_type":"article","og_title":"CEPES BOUCHONS SURGELES","og_description":"D\u00e9couvrez les c\u00e8pes surgel\u00e9s bouchon, il est important que le champignon ne d\u00e9cong\u00e8le pas et donc ne ramollisse. Mais comment les utiliser ?","og_url":"https:\/\/www.maison-masse.com\/produit\/cepes-surgeles-bouchons-import\/","og_site_name":"Maison Masse","article_modified_time":"2026-04-15T06:53:02+00:00","og_image":[{"width":246,"height":100,"url":"https:\/\/www.maison-masse.com\/wp-content\/uploads\/2021\/06\/logo-maisonmasse.png","type":"image\/png"}],"twitter_card":"summary_large_image","twitter_misc":{"Est. reading time":"1 minute"},"schema":{"@context":"https:\/\/schema.org","@graph":[{"@type":"WebPage","@id":"https:\/\/www.maison-masse.com\/produit\/cepes-surgeles-bouchons-import\/","url":"https:\/\/www.maison-masse.com\/produit\/cepes-surgeles-bouchons-import\/","name":"C\u00e8pes surgel\u00e9s bouchon - Maison Masse","isPartOf":{"@id":"https:\/\/www.maison-masse.com\/en\/#website"},"primaryImageOfPage":{"@id":"https:\/\/www.maison-masse.com\/produit\/cepes-surgeles-bouchons-import\/#primaryimage"},"image":{"@id":"https:\/\/www.maison-masse.com\/produit\/cepes-surgeles-bouchons-import\/#primaryimage"},"thumbnailUrl":"https:\/\/www.maison-masse.com\/wp-content\/uploads\/2021\/06\/CHAS016.bmp","datePublished":"2021-06-16T09:12:09+00:00","dateModified":"2026-04-15T06:53:02+00:00","description":"D\u00e9couvrez les c\u00e8pes surgel\u00e9s bouchon, il est important que le champignon ne d\u00e9cong\u00e8le pas et donc ne ramollisse. Mais comment les utiliser ?","breadcrumb":{"@id":"https:\/\/www.maison-masse.com\/produit\/cepes-surgeles-bouchons-import\/#breadcrumb"},"inLanguage":"en-US","potentialAction":[{"@type":"ReadAction","target":["https:\/\/www.maison-masse.com\/produit\/cepes-surgeles-bouchons-import\/"]}]},{"@type":"ImageObject","inLanguage":"en-US","@id":"https:\/\/www.maison-masse.com\/produit\/cepes-surgeles-bouchons-import\/#primaryimage","url":"https:\/\/www.maison-masse.com\/wp-content\/uploads\/2021\/06\/CHAS016.bmp","contentUrl":"https:\/\/www.maison-masse.com\/wp-content\/uploads\/2021\/06\/CHAS016.bmp","width":678,"height":1024,"caption":"CEPES SURGELES BOUCHONS IMPORT"},{"@type":"BreadcrumbList","@id":"https:\/\/www.maison-masse.com\/produit\/cepes-surgeles-bouchons-import\/#breadcrumb","itemListElement":[{"@type":"ListItem","position":1,"name":"Accueil","item":"https:\/\/www.maison-masse.com\/en\/"},{"@type":"ListItem","position":2,"name":"Boutique","item":"https:\/\/www.maison-masse.com\/boutique\/"},{"@type":"ListItem","position":3,"name":"CEPES SURGELES BOUCHONS IMPORT"}]},{"@type":"WebSite","@id":"https:\/\/www.maison-masse.com\/en\/#website","url":"https:\/\/www.maison-masse.com\/en\/","name":"Maison Masse","description":"La maison du foie gras depuis 1884","publisher":{"@id":"https:\/\/www.maison-masse.com\/en\/#organization"},"potentialAction":[{"@type":"SearchAction","target":{"@type":"EntryPoint","urlTemplate":"https:\/\/www.maison-masse.com\/en\/?s={search_term_string}"},"query-input":{"@type":"PropertyValueSpecification","valueRequired":true,"valueName":"search_term_string"}}],"inLanguage":"en-US"},{"@type":"Organization","@id":"https:\/\/www.maison-masse.com\/en\/#organization","name":"Maison Masse","url":"https:\/\/www.maison-masse.com\/en\/","logo":{"@type":"ImageObject","inLanguage":"en-US","@id":"https:\/\/www.maison-masse.com\/en\/#\/schema\/logo\/image\/","url":"https:\/\/www.maison-masse.com\/wp-content\/uploads\/2021\/06\/favicon.png","contentUrl":"https:\/\/www.maison-masse.com\/wp-content\/uploads\/2021\/06\/favicon.png","width":71,"height":72,"caption":"Maison Masse"},"image":{"@id":"https:\/\/www.maison-masse.com\/en\/#\/schema\/logo\/image\/"}}]}},"_links":{"self":[{"href":"https:\/\/www.maison-masse.com\/en\/wp-json\/wp\/v2\/product\/7595","targetHints":{"allow":["GET"]}}],"collection":[{"href":"https:\/\/www.maison-masse.com\/en\/wp-json\/wp\/v2\/product"}],"about":[{"href":"https:\/\/www.maison-masse.com\/en\/wp-json\/wp\/v2\/types\/product"}],"replies":[{"embeddable":true,"href":"https:\/\/www.maison-masse.com\/en\/wp-json\/wp\/v2\/comments?post=7595"}],"wp:featuredmedia":[{"embeddable":true,"href":"https:\/\/www.maison-masse.com\/en\/wp-json\/wp\/v2\/media\/8267"}],"wp:attachment":[{"href":"https:\/\/www.maison-masse.com\/en\/wp-json\/wp\/v2\/media?parent=7595"}],"wp:term":[{"taxonomy":"product_brand","embeddable":true,"href":"https:\/\/www.maison-masse.com\/en\/wp-json\/wp\/v2\/product_brand?post=7595"},{"taxonomy":"product_cat","embeddable":true,"href":"https:\/\/www.maison-masse.com\/en\/wp-json\/wp\/v2\/product_cat?post=7595"},{"taxonomy":"product_tag","embeddable":true,"href":"https:\/\/www.maison-masse.com\/en\/wp-json\/wp\/v2\/product_tag?post=7595"}],"curies":[{"name":"wp","href":"https:\/\/api.w.org\/{rel}","templated":true}]}}