{"id":7575,"date":"2021-06-16T11:11:56","date_gmt":"2021-06-16T09:11:56","guid":{"rendered":"https:\/\/maisonmasse.jk2agenceweb.com\/?post_type=product&#038;p=7575"},"modified":"2026-04-29T08:05:44","modified_gmt":"2026-04-29T06:05:44","slug":"huile-de-sesame-grille-50cl","status":"publish","type":"product","link":"https:\/\/www.maison-masse.com\/en\/produit\/huile-de-sesame-grille-50cl\/","title":{"rendered":"HUILE DE SESAME GRILLE 50CL"},"content":{"rendered":"<p>Huile de s\u00e9same grill\u00e9 50cl Leblanc<\/p>\n<p>L&#8217;entreprise Leblanc est une entreprise familiale qui se perp\u00e9tue de g\u00e9n\u00e9ration en g\u00e9n\u00e9ration dans le sud de la r\u00e9gion bourguignonne depuis plus de 140 ans. Ils cultivent les saveurs fruit\u00e9es et authentiques des huiles culinaires.<br \/>\nL&#8217;authenticit\u00e9, la tradition, le naturel, la saveur, la gastronomie et le raffinement font parti de leurs secrets de fabrication. L&#8217;alliance de la technique de la meule de pierre qui broie les graines et fruits depuis 1978 et de la gestuelle ancestrale transmise de p\u00e8re en fils garantie la qualit\u00e9 et l&#8217;identit\u00e9 de chacune des coul\u00e9es d&#8217;huile au sortir de la presse.<\/p>\n<p>D&#8217;une couleur jaune dor\u00e9 avec un go\u00fbt l\u00e9g\u00e8rement torr\u00e9fi\u00e9.<br \/>\nRiche en om\u00e9ga 6, vitamine E, sels min\u00e9raux et s\u00e9l\u00e9nium cette huile est connu pour lutter contre le mauvais cholest\u00e9rol, contribuer au ralentissement du vieillissement de la peau. Elle contient \u00e9galement 2 antioxydants naturel : la s\u00e9samoline et la l\u00e9cithine.<\/p>\n<p>Mode d&#8217;emploi de l&#8217;huile de s\u00e9same grill\u00e9 :<br \/>\nEmulsionn\u00e9e avec de la sauce soja, elle se transforme en une d\u00e9licieuse vinaigrette. Parfaite pour accompagner les crudit\u00e9s, l\u00e9gumes ti\u00e8des et marinades.<br \/>\nInt\u00e9gr\u00e9e \u00e0 des recettes asiatiques, des woks, des carpaccios et tartares<br \/>\nEn marinade pour pr\u00e9parer un tataki au thon.<br \/>\nLes p\u00e2tissiers utilisent cette huile de s\u00e9same grill\u00e9.<\/p>\n<p>D\u00e9couvrez les autres huiles de la Maison Masse : <a href=\"https:\/\/www.maison-masse.com\/categorie-produit\/017-huiles-vinaigres-condiments\/les-huiles\/\">https:\/\/www.maison-masse.com\/categorie-produit\/017-huiles-vinaigres-condiments\/les-huiles\/<\/a><\/p>\n<p>Suivez-nous sur Instagram : <a href=\"https:\/\/www.instagram.com\/maisonmasse\/?hl=fr\">https:\/\/www.instagram.com\/maisonmasse\/?hl=fr<\/a><\/p>\n<p>&nbsp;<\/p>\n","protected":false},"excerpt":{"rendered":"<p>D&#8217;une couleur jaune dor\u00e9 avec un go\u00fbt l\u00e9g\u00e8rement torr\u00e9fi\u00e9.<br \/>\nRiche en om\u00e9ga 6, vitamine E, sels min\u00e9raux et s\u00e9l\u00e9nium cette huile est connu pour lutter contre le mauvais cholest\u00e9rol, contribuer au ralentissement du vieillissement de la peau. Elle contient \u00e9galement 2 antioxydants naturel : la s\u00e9samoline et la l\u00e9cithine.<\/p>\n","protected":false},"featured_media":8235,"comment_status":"open","ping_status":"closed","template":"","meta":{"_acf_changed":false,"wprm-recipe-roundup-name":"","wprm-recipe-roundup-description":""},"product_brand":[],"product_cat":[501],"product_tag":[3081,2957],"class_list":{"0":"post-7575","1":"product","2":"type-product","3":"status-publish","4":"has-post-thumbnail","6":"product_cat-les-huiles","7":"product_tag-huile-de-sesame","8":"product_tag-huile-leblanc","10":"first","11":"instock","12":"taxable","13":"shipping-taxable","14":"purchasable","15":"product-type-simple"},"acf":[],"yoast_head":"<!-- This site is optimized with the Yoast SEO Premium plugin v26.8 (Yoast SEO v26.8) - https:\/\/yoast.com\/product\/yoast-seo-premium-wordpress\/ -->\n<title>HUILE DE SESAME GRILLE 50CL - Maison Masse<\/title>\n<meta name=\"description\" content=\"Huile de s\u00e9same grill\u00e9 50cl : Go\u00fbt intense, cuisine asiatique. Parfaite pour assaisonner, wok, sauces, poissons grill\u00e9s. Saveur toast\u00e9e, exotique\" \/>\n<meta name=\"robots\" content=\"index, follow, max-snippet:-1, max-image-preview:large, max-video-preview:-1\" \/>\n<link rel=\"canonical\" href=\"https:\/\/www.maison-masse.com\/produit\/huile-de-sesame-grille-50cl\/\" \/>\n<meta property=\"og:locale\" content=\"en_US\" \/>\n<meta property=\"og:type\" content=\"article\" \/>\n<meta property=\"og:title\" content=\"HUILE DE SESAME GRILLE 50CL\" \/>\n<meta property=\"og:description\" content=\"Huile de s\u00e9same grill\u00e9 50cl : Go\u00fbt intense, cuisine asiatique. Parfaite pour assaisonner, wok, sauces, poissons grill\u00e9s. Saveur toast\u00e9e, exotique\" \/>\n<meta property=\"og:url\" content=\"https:\/\/www.maison-masse.com\/produit\/huile-de-sesame-grille-50cl\/\" \/>\n<meta property=\"og:site_name\" content=\"Maison Masse\" \/>\n<meta property=\"article:modified_time\" content=\"2026-04-29T06:05:44+00:00\" \/>\n<meta property=\"og:image\" content=\"https:\/\/www.maison-masse.com\/wp-content\/uploads\/2021\/06\/logo-maisonmasse.png\" \/>\n\t<meta property=\"og:image:width\" content=\"246\" \/>\n\t<meta property=\"og:image:height\" content=\"100\" \/>\n\t<meta property=\"og:image:type\" content=\"image\/png\" \/>\n<meta name=\"twitter:card\" content=\"summary_large_image\" \/>\n<meta name=\"twitter:label1\" content=\"Est. reading time\" \/>\n\t<meta name=\"twitter:data1\" content=\"2 minutes\" \/>\n<script type=\"application\/ld+json\" class=\"yoast-schema-graph\">{\"@context\":\"https:\/\/schema.org\",\"@graph\":[{\"@type\":\"WebPage\",\"@id\":\"https:\/\/www.maison-masse.com\/produit\/huile-de-sesame-grille-50cl\/\",\"url\":\"https:\/\/www.maison-masse.com\/produit\/huile-de-sesame-grille-50cl\/\",\"name\":\"HUILE DE SESAME GRILLE 50CL - Maison Masse\",\"isPartOf\":{\"@id\":\"https:\/\/www.maison-masse.com\/en\/#website\"},\"primaryImageOfPage\":{\"@id\":\"https:\/\/www.maison-masse.com\/produit\/huile-de-sesame-grille-50cl\/#primaryimage\"},\"image\":{\"@id\":\"https:\/\/www.maison-masse.com\/produit\/huile-de-sesame-grille-50cl\/#primaryimage\"},\"thumbnailUrl\":\"https:\/\/www.maison-masse.com\/wp-content\/uploads\/2021\/06\/AID0614.bmp\",\"datePublished\":\"2021-06-16T09:11:56+00:00\",\"dateModified\":\"2026-04-29T06:05:44+00:00\",\"description\":\"Huile de s\u00e9same grill\u00e9 50cl : Go\u00fbt intense, cuisine asiatique. Parfaite pour assaisonner, wok, sauces, poissons grill\u00e9s. Saveur toast\u00e9e, exotique\",\"breadcrumb\":{\"@id\":\"https:\/\/www.maison-masse.com\/produit\/huile-de-sesame-grille-50cl\/#breadcrumb\"},\"inLanguage\":\"en-US\",\"potentialAction\":[{\"@type\":\"ReadAction\",\"target\":[\"https:\/\/www.maison-masse.com\/produit\/huile-de-sesame-grille-50cl\/\"]}]},{\"@type\":\"ImageObject\",\"inLanguage\":\"en-US\",\"@id\":\"https:\/\/www.maison-masse.com\/produit\/huile-de-sesame-grille-50cl\/#primaryimage\",\"url\":\"https:\/\/www.maison-masse.com\/wp-content\/uploads\/2021\/06\/AID0614.bmp\",\"contentUrl\":\"https:\/\/www.maison-masse.com\/wp-content\/uploads\/2021\/06\/AID0614.bmp\",\"width\":810,\"height\":1080,\"caption\":\"HUILE DE SESAME GRILLE 50CL\"},{\"@type\":\"BreadcrumbList\",\"@id\":\"https:\/\/www.maison-masse.com\/produit\/huile-de-sesame-grille-50cl\/#breadcrumb\",\"itemListElement\":[{\"@type\":\"ListItem\",\"position\":1,\"name\":\"Accueil\",\"item\":\"https:\/\/www.maison-masse.com\/en\/\"},{\"@type\":\"ListItem\",\"position\":2,\"name\":\"Boutique\",\"item\":\"https:\/\/www.maison-masse.com\/boutique\/\"},{\"@type\":\"ListItem\",\"position\":3,\"name\":\"HUILE DE SESAME GRILLE 50CL\"}]},{\"@type\":\"WebSite\",\"@id\":\"https:\/\/www.maison-masse.com\/en\/#website\",\"url\":\"https:\/\/www.maison-masse.com\/en\/\",\"name\":\"Maison Masse\",\"description\":\"La maison du foie gras depuis 1884\",\"publisher\":{\"@id\":\"https:\/\/www.maison-masse.com\/en\/#organization\"},\"potentialAction\":[{\"@type\":\"SearchAction\",\"target\":{\"@type\":\"EntryPoint\",\"urlTemplate\":\"https:\/\/www.maison-masse.com\/en\/?s={search_term_string}\"},\"query-input\":{\"@type\":\"PropertyValueSpecification\",\"valueRequired\":true,\"valueName\":\"search_term_string\"}}],\"inLanguage\":\"en-US\"},{\"@type\":\"Organization\",\"@id\":\"https:\/\/www.maison-masse.com\/en\/#organization\",\"name\":\"Maison Masse\",\"url\":\"https:\/\/www.maison-masse.com\/en\/\",\"logo\":{\"@type\":\"ImageObject\",\"inLanguage\":\"en-US\",\"@id\":\"https:\/\/www.maison-masse.com\/en\/#\/schema\/logo\/image\/\",\"url\":\"https:\/\/www.maison-masse.com\/wp-content\/uploads\/2021\/06\/favicon.png\",\"contentUrl\":\"https:\/\/www.maison-masse.com\/wp-content\/uploads\/2021\/06\/favicon.png\",\"width\":71,\"height\":72,\"caption\":\"Maison Masse\"},\"image\":{\"@id\":\"https:\/\/www.maison-masse.com\/en\/#\/schema\/logo\/image\/\"}}]}<\/script>\n<!-- \/ Yoast SEO Premium plugin. -->","yoast_head_json":{"title":"HUILE DE SESAME GRILLE 50CL - Maison Masse","description":"Huile de s\u00e9same grill\u00e9 50cl : Go\u00fbt intense, cuisine asiatique. Parfaite pour assaisonner, wok, sauces, poissons grill\u00e9s. Saveur toast\u00e9e, exotique","robots":{"index":"index","follow":"follow","max-snippet":"max-snippet:-1","max-image-preview":"max-image-preview:large","max-video-preview":"max-video-preview:-1"},"canonical":"https:\/\/www.maison-masse.com\/produit\/huile-de-sesame-grille-50cl\/","og_locale":"en_US","og_type":"article","og_title":"HUILE DE SESAME GRILLE 50CL","og_description":"Huile de s\u00e9same grill\u00e9 50cl : Go\u00fbt intense, cuisine asiatique. Parfaite pour assaisonner, wok, sauces, poissons grill\u00e9s. Saveur toast\u00e9e, exotique","og_url":"https:\/\/www.maison-masse.com\/produit\/huile-de-sesame-grille-50cl\/","og_site_name":"Maison Masse","article_modified_time":"2026-04-29T06:05:44+00:00","og_image":[{"width":246,"height":100,"url":"https:\/\/www.maison-masse.com\/wp-content\/uploads\/2021\/06\/logo-maisonmasse.png","type":"image\/png"}],"twitter_card":"summary_large_image","twitter_misc":{"Est. reading time":"2 minutes"},"schema":{"@context":"https:\/\/schema.org","@graph":[{"@type":"WebPage","@id":"https:\/\/www.maison-masse.com\/produit\/huile-de-sesame-grille-50cl\/","url":"https:\/\/www.maison-masse.com\/produit\/huile-de-sesame-grille-50cl\/","name":"HUILE DE SESAME GRILLE 50CL - Maison Masse","isPartOf":{"@id":"https:\/\/www.maison-masse.com\/en\/#website"},"primaryImageOfPage":{"@id":"https:\/\/www.maison-masse.com\/produit\/huile-de-sesame-grille-50cl\/#primaryimage"},"image":{"@id":"https:\/\/www.maison-masse.com\/produit\/huile-de-sesame-grille-50cl\/#primaryimage"},"thumbnailUrl":"https:\/\/www.maison-masse.com\/wp-content\/uploads\/2021\/06\/AID0614.bmp","datePublished":"2021-06-16T09:11:56+00:00","dateModified":"2026-04-29T06:05:44+00:00","description":"Huile de s\u00e9same grill\u00e9 50cl : Go\u00fbt intense, cuisine asiatique. Parfaite pour assaisonner, wok, sauces, poissons grill\u00e9s. Saveur toast\u00e9e, exotique","breadcrumb":{"@id":"https:\/\/www.maison-masse.com\/produit\/huile-de-sesame-grille-50cl\/#breadcrumb"},"inLanguage":"en-US","potentialAction":[{"@type":"ReadAction","target":["https:\/\/www.maison-masse.com\/produit\/huile-de-sesame-grille-50cl\/"]}]},{"@type":"ImageObject","inLanguage":"en-US","@id":"https:\/\/www.maison-masse.com\/produit\/huile-de-sesame-grille-50cl\/#primaryimage","url":"https:\/\/www.maison-masse.com\/wp-content\/uploads\/2021\/06\/AID0614.bmp","contentUrl":"https:\/\/www.maison-masse.com\/wp-content\/uploads\/2021\/06\/AID0614.bmp","width":810,"height":1080,"caption":"HUILE DE SESAME GRILLE 50CL"},{"@type":"BreadcrumbList","@id":"https:\/\/www.maison-masse.com\/produit\/huile-de-sesame-grille-50cl\/#breadcrumb","itemListElement":[{"@type":"ListItem","position":1,"name":"Accueil","item":"https:\/\/www.maison-masse.com\/en\/"},{"@type":"ListItem","position":2,"name":"Boutique","item":"https:\/\/www.maison-masse.com\/boutique\/"},{"@type":"ListItem","position":3,"name":"HUILE DE SESAME GRILLE 50CL"}]},{"@type":"WebSite","@id":"https:\/\/www.maison-masse.com\/en\/#website","url":"https:\/\/www.maison-masse.com\/en\/","name":"Maison Masse","description":"La maison du foie gras depuis 1884","publisher":{"@id":"https:\/\/www.maison-masse.com\/en\/#organization"},"potentialAction":[{"@type":"SearchAction","target":{"@type":"EntryPoint","urlTemplate":"https:\/\/www.maison-masse.com\/en\/?s={search_term_string}"},"query-input":{"@type":"PropertyValueSpecification","valueRequired":true,"valueName":"search_term_string"}}],"inLanguage":"en-US"},{"@type":"Organization","@id":"https:\/\/www.maison-masse.com\/en\/#organization","name":"Maison Masse","url":"https:\/\/www.maison-masse.com\/en\/","logo":{"@type":"ImageObject","inLanguage":"en-US","@id":"https:\/\/www.maison-masse.com\/en\/#\/schema\/logo\/image\/","url":"https:\/\/www.maison-masse.com\/wp-content\/uploads\/2021\/06\/favicon.png","contentUrl":"https:\/\/www.maison-masse.com\/wp-content\/uploads\/2021\/06\/favicon.png","width":71,"height":72,"caption":"Maison Masse"},"image":{"@id":"https:\/\/www.maison-masse.com\/en\/#\/schema\/logo\/image\/"}}]}},"_links":{"self":[{"href":"https:\/\/www.maison-masse.com\/en\/wp-json\/wp\/v2\/product\/7575","targetHints":{"allow":["GET"]}}],"collection":[{"href":"https:\/\/www.maison-masse.com\/en\/wp-json\/wp\/v2\/product"}],"about":[{"href":"https:\/\/www.maison-masse.com\/en\/wp-json\/wp\/v2\/types\/product"}],"replies":[{"embeddable":true,"href":"https:\/\/www.maison-masse.com\/en\/wp-json\/wp\/v2\/comments?post=7575"}],"wp:featuredmedia":[{"embeddable":true,"href":"https:\/\/www.maison-masse.com\/en\/wp-json\/wp\/v2\/media\/8235"}],"wp:attachment":[{"href":"https:\/\/www.maison-masse.com\/en\/wp-json\/wp\/v2\/media?parent=7575"}],"wp:term":[{"taxonomy":"product_brand","embeddable":true,"href":"https:\/\/www.maison-masse.com\/en\/wp-json\/wp\/v2\/product_brand?post=7575"},{"taxonomy":"product_cat","embeddable":true,"href":"https:\/\/www.maison-masse.com\/en\/wp-json\/wp\/v2\/product_cat?post=7575"},{"taxonomy":"product_tag","embeddable":true,"href":"https:\/\/www.maison-masse.com\/en\/wp-json\/wp\/v2\/product_tag?post=7575"}],"curies":[{"name":"wp","href":"https:\/\/api.w.org\/{rel}","templated":true}]}}