{"id":7558,"date":"2021-06-16T11:11:46","date_gmt":"2021-06-16T09:11:46","guid":{"rendered":"https:\/\/maisonmasse.jk2agenceweb.com\/?post_type=product&#038;p=7558"},"modified":"2026-04-29T08:04:46","modified_gmt":"2026-04-29T06:04:46","slug":"huile-olive-cornica-181-25cl","status":"publish","type":"product","link":"https:\/\/www.maison-masse.com\/en\/produit\/huile-olive-cornica-181-25cl\/","title":{"rendered":"HUILE D&#8217;OLIVE CORNICABRA ALEXIS MUNOZ 25CL"},"content":{"rendered":"<p>Une gamme d\u2019huiles d\u2019olives vierges mono-vari\u00e9tales mill\u00e9sim\u00e9es destin\u00e9es au monde de la gastronomie et aux \u00e9piceries fines.<br \/>\nAlexis Munoz, instinctif et perfectionniste, d\u00e9cide d\u2019orienter sa production autour de la vari\u00e9t\u00e9 et de la maturit\u00e9 de ses fruits. Pas de m\u00e9langes, pas d\u2019assemblages, uniquement le jus des olives, r\u00e9colt\u00e9es dans la journ\u00e9e et press\u00e9es dans la nuit, pour garantir une fraicheur en bouche incomparable. Il a forg\u00e9 son expertise au contact des agriculteurs et des mouliniers qu\u2019il c\u00f4toie, mais aussi gr\u00e2ce aux grands chefs avec qui, il travaille au quotidien.<br \/>\nEn 2009, il cr\u00e9e le Moulin de Mech, au coeur du parc naturel de Bou Hedma (Meknassy en Tunisie), avec des oliviers mill\u00e9naires implant\u00e9s sur des terres, naturellement riches et non travaill\u00e9es chimiquement.<\/p>\n<p>Origine : espagne<br \/>\nCornicabra : Tol\u00e8de Castilla- LaMancha (fruite noire)<\/p>\n<p>C18:1 est la formule simplifi\u00e9e de l\u2019acide ol\u00e9ique, un des acides gras<br \/>\nlibres insatur\u00e9s que l\u2019on retrouve dans l\u2019huile d\u2019olive mais aussi dans le corps humain.<br \/>\nC\u2019est l\u2019acide gras qui d\u00e9finit la pr\u00e9sence forte ou non d\u2019antioxydants (plus l\u2019olive est verte plus il y a d\u2019antioxydant)<br \/>\nUtilisation aussi bien en assaisonnement qu\u2019en cuisine.<\/p>\n<p>Agriculture raisonn\u00e9e \/ Cueillette m\u00e9canique<br \/>\nUnit\u00e9 de trituration moderne sur place, pressage dans un laps de<br \/>\ntemps tr\u00e8s court &#8211; moins de 10h entre la cueillette et la production.<br \/>\nExtraction de l\u2019huile sans eau.<\/p>\n<p>Olives issues de l\u2019agriculture raisonn\u00e9e, sans additif ; Sans alcool, sans allerg\u00e8ne, sans composants ajout\u00e9.<\/p>\n<p><a href=\"https:\/\/www.maison-masse.com\/rse-les-valeurs-de-nos-producteurs-dhuile-dolive-et-de-vanille\/\">D\u00e9couvrez les valeurs RSE d&#8217;Alexis Munoz<\/a><\/p>\n<div class=\"woocommerce-tabs wc-tabs-wrapper full-width-tabs\" data-tab-style=\"fullwidth\">\n<div id=\"tab-description\" class=\"woocommerce-Tabs-panel woocommerce-Tabs-panel--description panel entry-content wc-tab\" role=\"tabpanel\" aria-labelledby=\"tab-title-description\">\n<p>Suivez-nous sur notre Instagram :\u00a0<a href=\"https:\/\/www.instagram.com\/maisonmasse\/\">https:\/\/www.instagram.com\/maisonmasse\/<\/a><\/p>\n<\/div>\n<\/div>\n","protected":false},"excerpt":{"rendered":"<p>C18:1 est la formule simplifi\u00e9e de l\u2019acide ol\u00e9ique, un des acides gras<br \/>\nlibres insatur\u00e9s que l\u2019on retrouve dans l\u2019huile d\u2019olive mais aussi dans le corps humain.<br \/>\nC\u2019est l\u2019acide gras qui d\u00e9finit la pr\u00e9sence forte ou non d\u2019antioxydants (plus l\u2019olive est verte plus il y a d\u2019antioxydant)<br \/>\nUtilisation aussi bien en assaisonnement qu\u2019en cuisine.<\/p>\n<p>Olives issues de l\u2019agriculture raisonn\u00e9e, sans additif ; Sans alcool, sans allerg\u00e8ne, sans composants ajout\u00e9.<\/p>\n","protected":false},"featured_media":8203,"comment_status":"open","ping_status":"closed","template":"","meta":{"_acf_changed":false,"wprm-recipe-roundup-name":"","wprm-recipe-roundup-description":""},"product_brand":[],"product_cat":[501],"product_tag":[2182,3101,1042,2180],"class_list":{"0":"post-7558","1":"product","2":"type-product","3":"status-publish","4":"has-post-thumbnail","6":"product_cat-les-huiles","7":"product_tag-alexis-munoz","8":"product_tag-cornicabra","9":"product_tag-huile","10":"product_tag-huile-dolive","12":"first","13":"instock","14":"taxable","15":"shipping-taxable","16":"purchasable","17":"product-type-simple"},"acf":[],"yoast_head":"<!-- This site is optimized with the Yoast SEO Premium plugin v26.8 (Yoast SEO v26.8) - https:\/\/yoast.com\/product\/yoast-seo-premium-wordpress\/ -->\n<title>HUILE D&#039;OLIVE CORNICABRA ALEXIS MUNOZ 25CL - Maison Masse<\/title>\n<meta name=\"description\" content=\"L&#039;huile d&#039;olive Cornicabra d&#039;Alexis Munoz vient Tol\u00e8de Castilla et pressage dans un laps de temps tr\u00e8s court (10h entre la cueillette et la production).\" \/>\n<meta name=\"robots\" content=\"index, follow, max-snippet:-1, max-image-preview:large, max-video-preview:-1\" \/>\n<link rel=\"canonical\" href=\"https:\/\/www.maison-masse.com\/produit\/huile-olive-cornica-181-25cl\/\" \/>\n<meta property=\"og:locale\" content=\"en_US\" \/>\n<meta property=\"og:type\" content=\"article\" \/>\n<meta property=\"og:title\" content=\"HUILE D&#039;OLIVE CORNICABRA ALEXIS MUNOZ 25CL\" \/>\n<meta property=\"og:description\" content=\"L&#039;huile d&#039;olive Cornicabra d&#039;Alexis Munoz vient Tol\u00e8de Castilla et pressage dans un laps de temps tr\u00e8s court (10h entre la cueillette et la production).\" \/>\n<meta property=\"og:url\" content=\"https:\/\/www.maison-masse.com\/produit\/huile-olive-cornica-181-25cl\/\" \/>\n<meta property=\"og:site_name\" content=\"Maison Masse\" \/>\n<meta property=\"article:modified_time\" content=\"2026-04-29T06:04:46+00:00\" \/>\n<meta property=\"og:image\" content=\"https:\/\/www.maison-masse.com\/wp-content\/uploads\/2021\/06\/logo-maisonmasse.png\" \/>\n\t<meta property=\"og:image:width\" content=\"246\" \/>\n\t<meta property=\"og:image:height\" content=\"100\" \/>\n\t<meta property=\"og:image:type\" content=\"image\/png\" \/>\n<meta name=\"twitter:card\" content=\"summary_large_image\" \/>\n<meta name=\"twitter:label1\" content=\"Est. reading time\" \/>\n\t<meta name=\"twitter:data1\" content=\"2 minutes\" \/>\n<script type=\"application\/ld+json\" class=\"yoast-schema-graph\">{\"@context\":\"https:\/\/schema.org\",\"@graph\":[{\"@type\":\"WebPage\",\"@id\":\"https:\/\/www.maison-masse.com\/produit\/huile-olive-cornica-181-25cl\/\",\"url\":\"https:\/\/www.maison-masse.com\/produit\/huile-olive-cornica-181-25cl\/\",\"name\":\"HUILE D'OLIVE CORNICABRA ALEXIS MUNOZ 25CL - Maison Masse\",\"isPartOf\":{\"@id\":\"https:\/\/www.maison-masse.com\/en\/#website\"},\"primaryImageOfPage\":{\"@id\":\"https:\/\/www.maison-masse.com\/produit\/huile-olive-cornica-181-25cl\/#primaryimage\"},\"image\":{\"@id\":\"https:\/\/www.maison-masse.com\/produit\/huile-olive-cornica-181-25cl\/#primaryimage\"},\"thumbnailUrl\":\"https:\/\/www.maison-masse.com\/wp-content\/uploads\/2021\/06\/AID0422.bmp\",\"datePublished\":\"2021-06-16T09:11:46+00:00\",\"dateModified\":\"2026-04-29T06:04:46+00:00\",\"description\":\"L'huile d'olive Cornicabra d'Alexis Munoz vient Tol\u00e8de Castilla et pressage dans un laps de temps tr\u00e8s court (10h entre la cueillette et la production).\",\"breadcrumb\":{\"@id\":\"https:\/\/www.maison-masse.com\/produit\/huile-olive-cornica-181-25cl\/#breadcrumb\"},\"inLanguage\":\"en-US\",\"potentialAction\":[{\"@type\":\"ReadAction\",\"target\":[\"https:\/\/www.maison-masse.com\/produit\/huile-olive-cornica-181-25cl\/\"]}]},{\"@type\":\"ImageObject\",\"inLanguage\":\"en-US\",\"@id\":\"https:\/\/www.maison-masse.com\/produit\/huile-olive-cornica-181-25cl\/#primaryimage\",\"url\":\"https:\/\/www.maison-masse.com\/wp-content\/uploads\/2021\/06\/AID0422.bmp\",\"contentUrl\":\"https:\/\/www.maison-masse.com\/wp-content\/uploads\/2021\/06\/AID0422.bmp\",\"width\":370,\"height\":711,\"caption\":\"HUILE OLIVE CORNICA. 18:1 25CL\"},{\"@type\":\"BreadcrumbList\",\"@id\":\"https:\/\/www.maison-masse.com\/produit\/huile-olive-cornica-181-25cl\/#breadcrumb\",\"itemListElement\":[{\"@type\":\"ListItem\",\"position\":1,\"name\":\"Accueil\",\"item\":\"https:\/\/www.maison-masse.com\/en\/\"},{\"@type\":\"ListItem\",\"position\":2,\"name\":\"Boutique\",\"item\":\"https:\/\/www.maison-masse.com\/boutique\/\"},{\"@type\":\"ListItem\",\"position\":3,\"name\":\"HUILE OLIVE CORNICA. 18:1 25CL\"}]},{\"@type\":\"WebSite\",\"@id\":\"https:\/\/www.maison-masse.com\/en\/#website\",\"url\":\"https:\/\/www.maison-masse.com\/en\/\",\"name\":\"Maison Masse\",\"description\":\"La maison du foie gras depuis 1884\",\"publisher\":{\"@id\":\"https:\/\/www.maison-masse.com\/en\/#organization\"},\"potentialAction\":[{\"@type\":\"SearchAction\",\"target\":{\"@type\":\"EntryPoint\",\"urlTemplate\":\"https:\/\/www.maison-masse.com\/en\/?s={search_term_string}\"},\"query-input\":{\"@type\":\"PropertyValueSpecification\",\"valueRequired\":true,\"valueName\":\"search_term_string\"}}],\"inLanguage\":\"en-US\"},{\"@type\":\"Organization\",\"@id\":\"https:\/\/www.maison-masse.com\/en\/#organization\",\"name\":\"Maison Masse\",\"url\":\"https:\/\/www.maison-masse.com\/en\/\",\"logo\":{\"@type\":\"ImageObject\",\"inLanguage\":\"en-US\",\"@id\":\"https:\/\/www.maison-masse.com\/en\/#\/schema\/logo\/image\/\",\"url\":\"https:\/\/www.maison-masse.com\/wp-content\/uploads\/2021\/06\/favicon.png\",\"contentUrl\":\"https:\/\/www.maison-masse.com\/wp-content\/uploads\/2021\/06\/favicon.png\",\"width\":71,\"height\":72,\"caption\":\"Maison Masse\"},\"image\":{\"@id\":\"https:\/\/www.maison-masse.com\/en\/#\/schema\/logo\/image\/\"}}]}<\/script>\n<!-- \/ Yoast SEO Premium plugin. -->","yoast_head_json":{"title":"HUILE D'OLIVE CORNICABRA ALEXIS MUNOZ 25CL - Maison Masse","description":"L'huile d'olive Cornicabra d'Alexis Munoz vient Tol\u00e8de Castilla et pressage dans un laps de temps tr\u00e8s court (10h entre la cueillette et la production).","robots":{"index":"index","follow":"follow","max-snippet":"max-snippet:-1","max-image-preview":"max-image-preview:large","max-video-preview":"max-video-preview:-1"},"canonical":"https:\/\/www.maison-masse.com\/produit\/huile-olive-cornica-181-25cl\/","og_locale":"en_US","og_type":"article","og_title":"HUILE D'OLIVE CORNICABRA ALEXIS MUNOZ 25CL","og_description":"L'huile d'olive Cornicabra d'Alexis Munoz vient Tol\u00e8de Castilla et pressage dans un laps de temps tr\u00e8s court (10h entre la cueillette et la production).","og_url":"https:\/\/www.maison-masse.com\/produit\/huile-olive-cornica-181-25cl\/","og_site_name":"Maison Masse","article_modified_time":"2026-04-29T06:04:46+00:00","og_image":[{"width":246,"height":100,"url":"https:\/\/www.maison-masse.com\/wp-content\/uploads\/2021\/06\/logo-maisonmasse.png","type":"image\/png"}],"twitter_card":"summary_large_image","twitter_misc":{"Est. reading time":"2 minutes"},"schema":{"@context":"https:\/\/schema.org","@graph":[{"@type":"WebPage","@id":"https:\/\/www.maison-masse.com\/produit\/huile-olive-cornica-181-25cl\/","url":"https:\/\/www.maison-masse.com\/produit\/huile-olive-cornica-181-25cl\/","name":"HUILE D'OLIVE CORNICABRA ALEXIS MUNOZ 25CL - Maison Masse","isPartOf":{"@id":"https:\/\/www.maison-masse.com\/en\/#website"},"primaryImageOfPage":{"@id":"https:\/\/www.maison-masse.com\/produit\/huile-olive-cornica-181-25cl\/#primaryimage"},"image":{"@id":"https:\/\/www.maison-masse.com\/produit\/huile-olive-cornica-181-25cl\/#primaryimage"},"thumbnailUrl":"https:\/\/www.maison-masse.com\/wp-content\/uploads\/2021\/06\/AID0422.bmp","datePublished":"2021-06-16T09:11:46+00:00","dateModified":"2026-04-29T06:04:46+00:00","description":"L'huile d'olive Cornicabra d'Alexis Munoz vient Tol\u00e8de Castilla et pressage dans un laps de temps tr\u00e8s court (10h entre la cueillette et la production).","breadcrumb":{"@id":"https:\/\/www.maison-masse.com\/produit\/huile-olive-cornica-181-25cl\/#breadcrumb"},"inLanguage":"en-US","potentialAction":[{"@type":"ReadAction","target":["https:\/\/www.maison-masse.com\/produit\/huile-olive-cornica-181-25cl\/"]}]},{"@type":"ImageObject","inLanguage":"en-US","@id":"https:\/\/www.maison-masse.com\/produit\/huile-olive-cornica-181-25cl\/#primaryimage","url":"https:\/\/www.maison-masse.com\/wp-content\/uploads\/2021\/06\/AID0422.bmp","contentUrl":"https:\/\/www.maison-masse.com\/wp-content\/uploads\/2021\/06\/AID0422.bmp","width":370,"height":711,"caption":"HUILE OLIVE CORNICA. 18:1 25CL"},{"@type":"BreadcrumbList","@id":"https:\/\/www.maison-masse.com\/produit\/huile-olive-cornica-181-25cl\/#breadcrumb","itemListElement":[{"@type":"ListItem","position":1,"name":"Accueil","item":"https:\/\/www.maison-masse.com\/en\/"},{"@type":"ListItem","position":2,"name":"Boutique","item":"https:\/\/www.maison-masse.com\/boutique\/"},{"@type":"ListItem","position":3,"name":"HUILE OLIVE CORNICA. 18:1 25CL"}]},{"@type":"WebSite","@id":"https:\/\/www.maison-masse.com\/en\/#website","url":"https:\/\/www.maison-masse.com\/en\/","name":"Maison Masse","description":"La maison du foie gras depuis 1884","publisher":{"@id":"https:\/\/www.maison-masse.com\/en\/#organization"},"potentialAction":[{"@type":"SearchAction","target":{"@type":"EntryPoint","urlTemplate":"https:\/\/www.maison-masse.com\/en\/?s={search_term_string}"},"query-input":{"@type":"PropertyValueSpecification","valueRequired":true,"valueName":"search_term_string"}}],"inLanguage":"en-US"},{"@type":"Organization","@id":"https:\/\/www.maison-masse.com\/en\/#organization","name":"Maison Masse","url":"https:\/\/www.maison-masse.com\/en\/","logo":{"@type":"ImageObject","inLanguage":"en-US","@id":"https:\/\/www.maison-masse.com\/en\/#\/schema\/logo\/image\/","url":"https:\/\/www.maison-masse.com\/wp-content\/uploads\/2021\/06\/favicon.png","contentUrl":"https:\/\/www.maison-masse.com\/wp-content\/uploads\/2021\/06\/favicon.png","width":71,"height":72,"caption":"Maison Masse"},"image":{"@id":"https:\/\/www.maison-masse.com\/en\/#\/schema\/logo\/image\/"}}]}},"_links":{"self":[{"href":"https:\/\/www.maison-masse.com\/en\/wp-json\/wp\/v2\/product\/7558","targetHints":{"allow":["GET"]}}],"collection":[{"href":"https:\/\/www.maison-masse.com\/en\/wp-json\/wp\/v2\/product"}],"about":[{"href":"https:\/\/www.maison-masse.com\/en\/wp-json\/wp\/v2\/types\/product"}],"replies":[{"embeddable":true,"href":"https:\/\/www.maison-masse.com\/en\/wp-json\/wp\/v2\/comments?post=7558"}],"wp:featuredmedia":[{"embeddable":true,"href":"https:\/\/www.maison-masse.com\/en\/wp-json\/wp\/v2\/media\/8203"}],"wp:attachment":[{"href":"https:\/\/www.maison-masse.com\/en\/wp-json\/wp\/v2\/media?parent=7558"}],"wp:term":[{"taxonomy":"product_brand","embeddable":true,"href":"https:\/\/www.maison-masse.com\/en\/wp-json\/wp\/v2\/product_brand?post=7558"},{"taxonomy":"product_cat","embeddable":true,"href":"https:\/\/www.maison-masse.com\/en\/wp-json\/wp\/v2\/product_cat?post=7558"},{"taxonomy":"product_tag","embeddable":true,"href":"https:\/\/www.maison-masse.com\/en\/wp-json\/wp\/v2\/product_tag?post=7558"}],"curies":[{"name":"wp","href":"https:\/\/api.w.org\/{rel}","templated":true}]}}