{"id":7545,"date":"2021-06-16T11:11:42","date_gmt":"2021-06-16T09:11:42","guid":{"rendered":"https:\/\/maisonmasse.jk2agenceweb.com\/?post_type=product&#038;p=7545"},"modified":"2026-04-20T08:48:06","modified_gmt":"2026-04-20T06:48:06","slug":"anis-vert-moulu-330ml","status":"publish","type":"product","link":"https:\/\/www.maison-masse.com\/en\/produit\/anis-vert-moulu-330ml\/","title":{"rendered":"ANIS VERT MOULU 330ML"},"content":{"rendered":"<p>L&#8217;anis vert moulu se caract\u00e9rise par des ar\u00f4mes frais et anis\u00e9s, cette \u00e9pice rappelle les saveurs du r\u00e9glisse.<\/p>\n<p>Ces petites graines ont un go\u00fbt tr\u00e8s marqu\u00e9 qui servent g\u00e9n\u00e9ralement \u00e0 la pr\u00e9paration du pastis et des bonbons de Flavigny. Utilisable aussi bien en sucr\u00e9 qu&#8217;en sal\u00e9.<\/p>\n<p>Le petit plus : L&#8217;anis vert moulu est connu pour ses vertus digestives, il soigne les ballonnements et pallie \u00e0 une digestion lente<\/p>\n<p>Utilisation :<br \/>\nEn cuisine, elles s&#8217;associeront parfaitement avec les poissons, les viandes blanches, les crustac\u00e9s ( moules par exemple) &#8230;<br class=\"yoast-text-mark\" \/>&gt;&gt;En p\u00e2tisserie, elles accompagneront les fruits tel que l&#8217;ananas ou la banane, dans un caramel ou chocolat, dans un appareil \u00e0 cr\u00eape ou \u00e0 cake &#8230;<\/p>\n<p><a href=\"https:\/\/www.maison-masse.com\/categorie-produit\/018-epices\/les-melanges\/\">D\u00e9couvrez les autres m\u00e9langes de la Maison\u00a0<\/a><\/p>\n<div class=\"woocommerce-tabs wc-tabs-wrapper full-width-tabs\" data-tab-style=\"fullwidth\">\n<div id=\"tab-description\" class=\"woocommerce-Tabs-panel woocommerce-Tabs-panel--description panel entry-content wc-tab\" role=\"tabpanel\" aria-labelledby=\"tab-title-description\">\n<p>Suivez-nous sur notre Instagram :\u00a0<a href=\"https:\/\/www.instagram.com\/maisonmasse\/\">https:\/\/www.instagram.com\/maisonmasse\/<\/a><\/p>\n<\/div>\n<\/div>\n<p>&nbsp;<\/p>\n","protected":false},"excerpt":{"rendered":"<p>L&#8217;anis se caract\u00e9rise par des ar\u00f4mes frais et anis\u00e9s, cette \u00e9pice rappelle les saveurs du r\u00e9glisse.<\/p>\n","protected":false},"featured_media":8177,"comment_status":"open","ping_status":"closed","template":"","meta":{"_acf_changed":false,"wprm-recipe-roundup-name":"","wprm-recipe-roundup-description":""},"product_brand":[],"product_cat":[499],"product_tag":[2989,2990,2001],"class_list":{"0":"post-7545","1":"product","2":"type-product","3":"status-publish","4":"has-post-thumbnail","6":"product_cat-autres-epices","7":"product_tag-anis","8":"product_tag-anis-vert","9":"product_tag-epices","11":"first","12":"instock","13":"taxable","14":"shipping-taxable","15":"purchasable","16":"product-type-simple"},"acf":[],"yoast_head":"<!-- This site is optimized with the Yoast SEO Premium plugin v26.8 (Yoast SEO v26.8) - https:\/\/yoast.com\/product\/yoast-seo-premium-wordpress\/ -->\n<title>ANIS VERT MOULU 330ML - Maison Masse<\/title>\n<meta name=\"description\" content=\"D\u00e9couvrez l&#039;anis vert moulu, un produit qui se caract\u00e9rise par des ar\u00f4mes frais et anis\u00e9s, cette \u00e9pice rappelle les saveurs du r\u00e9glisse...\" \/>\n<meta name=\"robots\" content=\"index, follow, max-snippet:-1, max-image-preview:large, max-video-preview:-1\" \/>\n<link rel=\"canonical\" href=\"https:\/\/www.maison-masse.com\/produit\/anis-vert-moulu-330ml\/\" \/>\n<meta property=\"og:locale\" content=\"en_US\" \/>\n<meta property=\"og:type\" content=\"article\" \/>\n<meta property=\"og:title\" content=\"ANIS VERT MOULU 330ML\" \/>\n<meta property=\"og:description\" content=\"D\u00e9couvrez l&#039;anis vert moulu, un produit qui se caract\u00e9rise par des ar\u00f4mes frais et anis\u00e9s, cette \u00e9pice rappelle les saveurs du r\u00e9glisse...\" \/>\n<meta property=\"og:url\" content=\"https:\/\/www.maison-masse.com\/produit\/anis-vert-moulu-330ml\/\" \/>\n<meta property=\"og:site_name\" content=\"Maison Masse\" \/>\n<meta property=\"article:modified_time\" content=\"2026-04-20T06:48:06+00:00\" \/>\n<meta property=\"og:image\" content=\"https:\/\/www.maison-masse.com\/wp-content\/uploads\/2021\/06\/logo-maisonmasse.png\" \/>\n\t<meta property=\"og:image:width\" content=\"246\" \/>\n\t<meta property=\"og:image:height\" content=\"100\" \/>\n\t<meta property=\"og:image:type\" content=\"image\/png\" \/>\n<meta name=\"twitter:card\" content=\"summary_large_image\" \/>\n<meta name=\"twitter:label1\" content=\"Est. reading time\" \/>\n\t<meta name=\"twitter:data1\" content=\"1 minute\" \/>\n<script type=\"application\/ld+json\" class=\"yoast-schema-graph\">{\"@context\":\"https:\/\/schema.org\",\"@graph\":[{\"@type\":\"WebPage\",\"@id\":\"https:\/\/www.maison-masse.com\/produit\/anis-vert-moulu-330ml\/\",\"url\":\"https:\/\/www.maison-masse.com\/produit\/anis-vert-moulu-330ml\/\",\"name\":\"ANIS VERT MOULU 330ML - Maison Masse\",\"isPartOf\":{\"@id\":\"https:\/\/www.maison-masse.com\/en\/#website\"},\"primaryImageOfPage\":{\"@id\":\"https:\/\/www.maison-masse.com\/produit\/anis-vert-moulu-330ml\/#primaryimage\"},\"image\":{\"@id\":\"https:\/\/www.maison-masse.com\/produit\/anis-vert-moulu-330ml\/#primaryimage\"},\"thumbnailUrl\":\"https:\/\/www.maison-masse.com\/wp-content\/uploads\/2021\/06\/AID0343.bmp\",\"datePublished\":\"2021-06-16T09:11:42+00:00\",\"dateModified\":\"2026-04-20T06:48:06+00:00\",\"description\":\"D\u00e9couvrez l'anis vert moulu, un produit qui se caract\u00e9rise par des ar\u00f4mes frais et anis\u00e9s, cette \u00e9pice rappelle les saveurs du r\u00e9glisse...\",\"breadcrumb\":{\"@id\":\"https:\/\/www.maison-masse.com\/produit\/anis-vert-moulu-330ml\/#breadcrumb\"},\"inLanguage\":\"en-US\",\"potentialAction\":[{\"@type\":\"ReadAction\",\"target\":[\"https:\/\/www.maison-masse.com\/produit\/anis-vert-moulu-330ml\/\"]}]},{\"@type\":\"ImageObject\",\"inLanguage\":\"en-US\",\"@id\":\"https:\/\/www.maison-masse.com\/produit\/anis-vert-moulu-330ml\/#primaryimage\",\"url\":\"https:\/\/www.maison-masse.com\/wp-content\/uploads\/2021\/06\/AID0343.bmp\",\"contentUrl\":\"https:\/\/www.maison-masse.com\/wp-content\/uploads\/2021\/06\/AID0343.bmp\",\"width\":320,\"height\":585,\"caption\":\"ANIS VERT MOULU 330ML\"},{\"@type\":\"BreadcrumbList\",\"@id\":\"https:\/\/www.maison-masse.com\/produit\/anis-vert-moulu-330ml\/#breadcrumb\",\"itemListElement\":[{\"@type\":\"ListItem\",\"position\":1,\"name\":\"Accueil\",\"item\":\"https:\/\/www.maison-masse.com\/en\/\"},{\"@type\":\"ListItem\",\"position\":2,\"name\":\"Boutique\",\"item\":\"https:\/\/www.maison-masse.com\/boutique\/\"},{\"@type\":\"ListItem\",\"position\":3,\"name\":\"ANIS VERT MOULU 330ML\"}]},{\"@type\":\"WebSite\",\"@id\":\"https:\/\/www.maison-masse.com\/en\/#website\",\"url\":\"https:\/\/www.maison-masse.com\/en\/\",\"name\":\"Maison Masse\",\"description\":\"La maison du foie gras depuis 1884\",\"publisher\":{\"@id\":\"https:\/\/www.maison-masse.com\/en\/#organization\"},\"potentialAction\":[{\"@type\":\"SearchAction\",\"target\":{\"@type\":\"EntryPoint\",\"urlTemplate\":\"https:\/\/www.maison-masse.com\/en\/?s={search_term_string}\"},\"query-input\":{\"@type\":\"PropertyValueSpecification\",\"valueRequired\":true,\"valueName\":\"search_term_string\"}}],\"inLanguage\":\"en-US\"},{\"@type\":\"Organization\",\"@id\":\"https:\/\/www.maison-masse.com\/en\/#organization\",\"name\":\"Maison Masse\",\"url\":\"https:\/\/www.maison-masse.com\/en\/\",\"logo\":{\"@type\":\"ImageObject\",\"inLanguage\":\"en-US\",\"@id\":\"https:\/\/www.maison-masse.com\/en\/#\/schema\/logo\/image\/\",\"url\":\"https:\/\/www.maison-masse.com\/wp-content\/uploads\/2021\/06\/favicon.png\",\"contentUrl\":\"https:\/\/www.maison-masse.com\/wp-content\/uploads\/2021\/06\/favicon.png\",\"width\":71,\"height\":72,\"caption\":\"Maison Masse\"},\"image\":{\"@id\":\"https:\/\/www.maison-masse.com\/en\/#\/schema\/logo\/image\/\"}}]}<\/script>\n<!-- \/ Yoast SEO Premium plugin. -->","yoast_head_json":{"title":"ANIS VERT MOULU 330ML - Maison Masse","description":"D\u00e9couvrez l'anis vert moulu, un produit qui se caract\u00e9rise par des ar\u00f4mes frais et anis\u00e9s, cette \u00e9pice rappelle les saveurs du r\u00e9glisse...","robots":{"index":"index","follow":"follow","max-snippet":"max-snippet:-1","max-image-preview":"max-image-preview:large","max-video-preview":"max-video-preview:-1"},"canonical":"https:\/\/www.maison-masse.com\/produit\/anis-vert-moulu-330ml\/","og_locale":"en_US","og_type":"article","og_title":"ANIS VERT MOULU 330ML","og_description":"D\u00e9couvrez l'anis vert moulu, un produit qui se caract\u00e9rise par des ar\u00f4mes frais et anis\u00e9s, cette \u00e9pice rappelle les saveurs du r\u00e9glisse...","og_url":"https:\/\/www.maison-masse.com\/produit\/anis-vert-moulu-330ml\/","og_site_name":"Maison Masse","article_modified_time":"2026-04-20T06:48:06+00:00","og_image":[{"width":246,"height":100,"url":"https:\/\/www.maison-masse.com\/wp-content\/uploads\/2021\/06\/logo-maisonmasse.png","type":"image\/png"}],"twitter_card":"summary_large_image","twitter_misc":{"Est. reading time":"1 minute"},"schema":{"@context":"https:\/\/schema.org","@graph":[{"@type":"WebPage","@id":"https:\/\/www.maison-masse.com\/produit\/anis-vert-moulu-330ml\/","url":"https:\/\/www.maison-masse.com\/produit\/anis-vert-moulu-330ml\/","name":"ANIS VERT MOULU 330ML - Maison Masse","isPartOf":{"@id":"https:\/\/www.maison-masse.com\/en\/#website"},"primaryImageOfPage":{"@id":"https:\/\/www.maison-masse.com\/produit\/anis-vert-moulu-330ml\/#primaryimage"},"image":{"@id":"https:\/\/www.maison-masse.com\/produit\/anis-vert-moulu-330ml\/#primaryimage"},"thumbnailUrl":"https:\/\/www.maison-masse.com\/wp-content\/uploads\/2021\/06\/AID0343.bmp","datePublished":"2021-06-16T09:11:42+00:00","dateModified":"2026-04-20T06:48:06+00:00","description":"D\u00e9couvrez l'anis vert moulu, un produit qui se caract\u00e9rise par des ar\u00f4mes frais et anis\u00e9s, cette \u00e9pice rappelle les saveurs du r\u00e9glisse...","breadcrumb":{"@id":"https:\/\/www.maison-masse.com\/produit\/anis-vert-moulu-330ml\/#breadcrumb"},"inLanguage":"en-US","potentialAction":[{"@type":"ReadAction","target":["https:\/\/www.maison-masse.com\/produit\/anis-vert-moulu-330ml\/"]}]},{"@type":"ImageObject","inLanguage":"en-US","@id":"https:\/\/www.maison-masse.com\/produit\/anis-vert-moulu-330ml\/#primaryimage","url":"https:\/\/www.maison-masse.com\/wp-content\/uploads\/2021\/06\/AID0343.bmp","contentUrl":"https:\/\/www.maison-masse.com\/wp-content\/uploads\/2021\/06\/AID0343.bmp","width":320,"height":585,"caption":"ANIS VERT MOULU 330ML"},{"@type":"BreadcrumbList","@id":"https:\/\/www.maison-masse.com\/produit\/anis-vert-moulu-330ml\/#breadcrumb","itemListElement":[{"@type":"ListItem","position":1,"name":"Accueil","item":"https:\/\/www.maison-masse.com\/en\/"},{"@type":"ListItem","position":2,"name":"Boutique","item":"https:\/\/www.maison-masse.com\/boutique\/"},{"@type":"ListItem","position":3,"name":"ANIS VERT MOULU 330ML"}]},{"@type":"WebSite","@id":"https:\/\/www.maison-masse.com\/en\/#website","url":"https:\/\/www.maison-masse.com\/en\/","name":"Maison Masse","description":"La maison du foie gras depuis 1884","publisher":{"@id":"https:\/\/www.maison-masse.com\/en\/#organization"},"potentialAction":[{"@type":"SearchAction","target":{"@type":"EntryPoint","urlTemplate":"https:\/\/www.maison-masse.com\/en\/?s={search_term_string}"},"query-input":{"@type":"PropertyValueSpecification","valueRequired":true,"valueName":"search_term_string"}}],"inLanguage":"en-US"},{"@type":"Organization","@id":"https:\/\/www.maison-masse.com\/en\/#organization","name":"Maison Masse","url":"https:\/\/www.maison-masse.com\/en\/","logo":{"@type":"ImageObject","inLanguage":"en-US","@id":"https:\/\/www.maison-masse.com\/en\/#\/schema\/logo\/image\/","url":"https:\/\/www.maison-masse.com\/wp-content\/uploads\/2021\/06\/favicon.png","contentUrl":"https:\/\/www.maison-masse.com\/wp-content\/uploads\/2021\/06\/favicon.png","width":71,"height":72,"caption":"Maison Masse"},"image":{"@id":"https:\/\/www.maison-masse.com\/en\/#\/schema\/logo\/image\/"}}]}},"_links":{"self":[{"href":"https:\/\/www.maison-masse.com\/en\/wp-json\/wp\/v2\/product\/7545","targetHints":{"allow":["GET"]}}],"collection":[{"href":"https:\/\/www.maison-masse.com\/en\/wp-json\/wp\/v2\/product"}],"about":[{"href":"https:\/\/www.maison-masse.com\/en\/wp-json\/wp\/v2\/types\/product"}],"replies":[{"embeddable":true,"href":"https:\/\/www.maison-masse.com\/en\/wp-json\/wp\/v2\/comments?post=7545"}],"wp:featuredmedia":[{"embeddable":true,"href":"https:\/\/www.maison-masse.com\/en\/wp-json\/wp\/v2\/media\/8177"}],"wp:attachment":[{"href":"https:\/\/www.maison-masse.com\/en\/wp-json\/wp\/v2\/media?parent=7545"}],"wp:term":[{"taxonomy":"product_brand","embeddable":true,"href":"https:\/\/www.maison-masse.com\/en\/wp-json\/wp\/v2\/product_brand?post=7545"},{"taxonomy":"product_cat","embeddable":true,"href":"https:\/\/www.maison-masse.com\/en\/wp-json\/wp\/v2\/product_cat?post=7545"},{"taxonomy":"product_tag","embeddable":true,"href":"https:\/\/www.maison-masse.com\/en\/wp-json\/wp\/v2\/product_tag?post=7545"}],"curies":[{"name":"wp","href":"https:\/\/api.w.org\/{rel}","templated":true}]}}