{"id":7542,"date":"2021-06-16T11:11:39","date_gmt":"2021-06-16T09:11:39","guid":{"rendered":"https:\/\/maisonmasse.jk2agenceweb.com\/?post_type=product&#038;p=7542"},"modified":"2026-04-17T08:40:22","modified_gmt":"2026-04-17T06:40:22","slug":"huile-de-noisette-50cl","status":"publish","type":"product","link":"https:\/\/www.maison-masse.com\/en\/produit\/huile-de-noisette-50cl\/","title":{"rendered":"HUILE DE NOISETTE 50CL"},"content":{"rendered":"<p>Huile de noisette, bouteille de 50cl<\/p>\n<p>L&#8217;entreprise Leblanc est une entreprise familiale qui se perp\u00e9tue de g\u00e9n\u00e9ration en g\u00e9n\u00e9ration dans le sud de la r\u00e9gion bourguignonne depuis plus de 140 ans. Ils cultivent les saveurs fruit\u00e9es et authentiques des huiles culinaires.<br \/>\nL&#8217;authenticit\u00e9, la tradition, le naturel, la saveur, la gastronomie et le raffinement font parti de leurs secrets de fabrication. L&#8217;alliance de la technique de la meule de pierre qui broie les graines et fruits depuis 1978 et de la gestuelle ancestrale transmise de p\u00e8re en fils garantie la qualit\u00e9 et l&#8217;identit\u00e9 de chacune des coul\u00e9es d&#8217;huile au sortir de la presse.<\/p>\n<p>D&#8217;une couleur mordor\u00e9e, cette huile d&#8217;une finesse exceptionnelle a un parfum tr\u00e8s parfum\u00e9.<br \/>\nRiche en om\u00e9ga 3 et 6, elle diminue le mauvais cholest\u00e9rol, riche en calcium et vitamine E.<\/p>\n<p>Mode d&#8217;utilisation de l&#8217;huile de noisette :<br \/>\n&#8211; Huile d&#8217;assaisonnement pour accompagner les salades &amp; crudit\u00e9s croquantes.<br \/>\n&#8211; Accompagnement pour les viandes blanches et la volaille.<br \/>\n&#8211; Accompagner un filet de poisson poch\u00e9 ou sur des coquilles St Jacques juste po\u00eal\u00e9es.<br \/>\n&#8211; Tr\u00e8s appr\u00e9ci\u00e9e sur un fromage de ch\u00e8vre frais parsem\u00e9 de ciboulette cisel\u00e9e.<br \/>\n&#8211; Peut s\u2019utiliser \u00e9galement en p\u00e2tisserie.<\/p>\n<p>D\u00e9couvrez les autres huiles de la Maison Masse : <a href=\"https:\/\/www.maison-masse.com\/categorie-produit\/017-huiles-vinaigres-condiments\/les-huiles\/\">https:\/\/www.maison-masse.com\/categorie-produit\/017-huiles-vinaigres-condiments\/les-huiles\/<\/a><\/p>\n<p>Suivez-nous sur Instagram : <a href=\"https:\/\/www.instagram.com\/maisonmasse\/?hl=fr\">https:\/\/www.instagram.com\/maisonmasse\/?hl=fr<\/a><\/p>\n<p>&nbsp;<\/p>\n","protected":false},"excerpt":{"rendered":"<p>D&#8217;une couleur mordor\u00e9e, cette huile d&#8217;une finesse exeptionnelle a un parfum tr\u00e8s parfum\u00e9.<br \/>\nRiche en om\u00e9ga 3 et 6, elle diminue le mauvais cholest\u00e9rol, riche en calcium et vitamine E.<\/p>\n","protected":false},"featured_media":8171,"comment_status":"open","ping_status":"closed","template":"","meta":{"_acf_changed":false,"wprm-recipe-roundup-name":"","wprm-recipe-roundup-description":""},"product_brand":[],"product_cat":[501],"product_tag":[1042,2953,2957],"class_list":{"0":"post-7542","1":"product","2":"type-product","3":"status-publish","4":"has-post-thumbnail","6":"product_cat-les-huiles","7":"product_tag-huile","8":"product_tag-huile-de-noisette","9":"product_tag-huile-leblanc","11":"first","12":"instock","13":"taxable","14":"shipping-taxable","15":"purchasable","16":"product-type-simple"},"acf":[],"yoast_head":"<!-- This site is optimized with the Yoast SEO Premium plugin v26.8 (Yoast SEO v26.8) - https:\/\/yoast.com\/product\/yoast-seo-premium-wordpress\/ -->\n<title>HUILE DE NOISETTE 50CL - Maison Masse<\/title>\n<meta name=\"description\" content=\"D\u00e9gustez l&#039;huile de noisette en 50cl : Saveur pralin\u00e9e, cuisine gourmande. Elle sublimera vos salades, poissons... Laissez-vous s\u00e9duire par son go\u00fbt.\" \/>\n<meta name=\"robots\" content=\"index, follow, max-snippet:-1, max-image-preview:large, max-video-preview:-1\" \/>\n<link rel=\"canonical\" href=\"https:\/\/www.maison-masse.com\/produit\/huile-de-noisette-50cl\/\" \/>\n<meta property=\"og:locale\" content=\"en_US\" \/>\n<meta property=\"og:type\" content=\"article\" \/>\n<meta property=\"og:title\" content=\"HUILE DE NOISETTE 50CL\" \/>\n<meta property=\"og:description\" content=\"D\u00e9gustez l&#039;huile de noisette en 50cl : Saveur pralin\u00e9e, cuisine gourmande. Elle sublimera vos salades, poissons... Laissez-vous s\u00e9duire par son go\u00fbt.\" \/>\n<meta property=\"og:url\" content=\"https:\/\/www.maison-masse.com\/produit\/huile-de-noisette-50cl\/\" \/>\n<meta property=\"og:site_name\" content=\"Maison Masse\" \/>\n<meta property=\"article:modified_time\" content=\"2026-04-17T06:40:22+00:00\" \/>\n<meta property=\"og:image\" content=\"https:\/\/www.maison-masse.com\/wp-content\/uploads\/2021\/06\/logo-maisonmasse.png\" \/>\n\t<meta property=\"og:image:width\" content=\"246\" \/>\n\t<meta property=\"og:image:height\" content=\"100\" \/>\n\t<meta property=\"og:image:type\" content=\"image\/png\" \/>\n<meta name=\"twitter:card\" content=\"summary_large_image\" \/>\n<meta name=\"twitter:label1\" content=\"Est. reading time\" \/>\n\t<meta name=\"twitter:data1\" content=\"2 minutes\" \/>\n<script type=\"application\/ld+json\" class=\"yoast-schema-graph\">{\"@context\":\"https:\/\/schema.org\",\"@graph\":[{\"@type\":\"WebPage\",\"@id\":\"https:\/\/www.maison-masse.com\/produit\/huile-de-noisette-50cl\/\",\"url\":\"https:\/\/www.maison-masse.com\/produit\/huile-de-noisette-50cl\/\",\"name\":\"HUILE DE NOISETTE 50CL - Maison Masse\",\"isPartOf\":{\"@id\":\"https:\/\/www.maison-masse.com\/en\/#website\"},\"primaryImageOfPage\":{\"@id\":\"https:\/\/www.maison-masse.com\/produit\/huile-de-noisette-50cl\/#primaryimage\"},\"image\":{\"@id\":\"https:\/\/www.maison-masse.com\/produit\/huile-de-noisette-50cl\/#primaryimage\"},\"thumbnailUrl\":\"https:\/\/www.maison-masse.com\/wp-content\/uploads\/2021\/06\/AID0330.bmp\",\"datePublished\":\"2021-06-16T09:11:39+00:00\",\"dateModified\":\"2026-04-17T06:40:22+00:00\",\"description\":\"D\u00e9gustez l'huile de noisette en 50cl : Saveur pralin\u00e9e, cuisine gourmande. Elle sublimera vos salades, poissons... Laissez-vous s\u00e9duire par son go\u00fbt.\",\"breadcrumb\":{\"@id\":\"https:\/\/www.maison-masse.com\/produit\/huile-de-noisette-50cl\/#breadcrumb\"},\"inLanguage\":\"en-US\",\"potentialAction\":[{\"@type\":\"ReadAction\",\"target\":[\"https:\/\/www.maison-masse.com\/produit\/huile-de-noisette-50cl\/\"]}]},{\"@type\":\"ImageObject\",\"inLanguage\":\"en-US\",\"@id\":\"https:\/\/www.maison-masse.com\/produit\/huile-de-noisette-50cl\/#primaryimage\",\"url\":\"https:\/\/www.maison-masse.com\/wp-content\/uploads\/2021\/06\/AID0330.bmp\",\"contentUrl\":\"https:\/\/www.maison-masse.com\/wp-content\/uploads\/2021\/06\/AID0330.bmp\",\"width\":428,\"height\":609,\"caption\":\"HUILE DE NOISETTE 50CL\"},{\"@type\":\"BreadcrumbList\",\"@id\":\"https:\/\/www.maison-masse.com\/produit\/huile-de-noisette-50cl\/#breadcrumb\",\"itemListElement\":[{\"@type\":\"ListItem\",\"position\":1,\"name\":\"Accueil\",\"item\":\"https:\/\/www.maison-masse.com\/en\/\"},{\"@type\":\"ListItem\",\"position\":2,\"name\":\"Boutique\",\"item\":\"https:\/\/www.maison-masse.com\/boutique\/\"},{\"@type\":\"ListItem\",\"position\":3,\"name\":\"HUILE DE NOISETTE 50CL\"}]},{\"@type\":\"WebSite\",\"@id\":\"https:\/\/www.maison-masse.com\/en\/#website\",\"url\":\"https:\/\/www.maison-masse.com\/en\/\",\"name\":\"Maison Masse\",\"description\":\"La maison du foie gras depuis 1884\",\"publisher\":{\"@id\":\"https:\/\/www.maison-masse.com\/en\/#organization\"},\"potentialAction\":[{\"@type\":\"SearchAction\",\"target\":{\"@type\":\"EntryPoint\",\"urlTemplate\":\"https:\/\/www.maison-masse.com\/en\/?s={search_term_string}\"},\"query-input\":{\"@type\":\"PropertyValueSpecification\",\"valueRequired\":true,\"valueName\":\"search_term_string\"}}],\"inLanguage\":\"en-US\"},{\"@type\":\"Organization\",\"@id\":\"https:\/\/www.maison-masse.com\/en\/#organization\",\"name\":\"Maison Masse\",\"url\":\"https:\/\/www.maison-masse.com\/en\/\",\"logo\":{\"@type\":\"ImageObject\",\"inLanguage\":\"en-US\",\"@id\":\"https:\/\/www.maison-masse.com\/en\/#\/schema\/logo\/image\/\",\"url\":\"https:\/\/www.maison-masse.com\/wp-content\/uploads\/2021\/06\/favicon.png\",\"contentUrl\":\"https:\/\/www.maison-masse.com\/wp-content\/uploads\/2021\/06\/favicon.png\",\"width\":71,\"height\":72,\"caption\":\"Maison Masse\"},\"image\":{\"@id\":\"https:\/\/www.maison-masse.com\/en\/#\/schema\/logo\/image\/\"}}]}<\/script>\n<!-- \/ Yoast SEO Premium plugin. -->","yoast_head_json":{"title":"HUILE DE NOISETTE 50CL - Maison Masse","description":"D\u00e9gustez l'huile de noisette en 50cl : Saveur pralin\u00e9e, cuisine gourmande. Elle sublimera vos salades, poissons... Laissez-vous s\u00e9duire par son go\u00fbt.","robots":{"index":"index","follow":"follow","max-snippet":"max-snippet:-1","max-image-preview":"max-image-preview:large","max-video-preview":"max-video-preview:-1"},"canonical":"https:\/\/www.maison-masse.com\/produit\/huile-de-noisette-50cl\/","og_locale":"en_US","og_type":"article","og_title":"HUILE DE NOISETTE 50CL","og_description":"D\u00e9gustez l'huile de noisette en 50cl : Saveur pralin\u00e9e, cuisine gourmande. Elle sublimera vos salades, poissons... Laissez-vous s\u00e9duire par son go\u00fbt.","og_url":"https:\/\/www.maison-masse.com\/produit\/huile-de-noisette-50cl\/","og_site_name":"Maison Masse","article_modified_time":"2026-04-17T06:40:22+00:00","og_image":[{"width":246,"height":100,"url":"https:\/\/www.maison-masse.com\/wp-content\/uploads\/2021\/06\/logo-maisonmasse.png","type":"image\/png"}],"twitter_card":"summary_large_image","twitter_misc":{"Est. reading time":"2 minutes"},"schema":{"@context":"https:\/\/schema.org","@graph":[{"@type":"WebPage","@id":"https:\/\/www.maison-masse.com\/produit\/huile-de-noisette-50cl\/","url":"https:\/\/www.maison-masse.com\/produit\/huile-de-noisette-50cl\/","name":"HUILE DE NOISETTE 50CL - Maison Masse","isPartOf":{"@id":"https:\/\/www.maison-masse.com\/en\/#website"},"primaryImageOfPage":{"@id":"https:\/\/www.maison-masse.com\/produit\/huile-de-noisette-50cl\/#primaryimage"},"image":{"@id":"https:\/\/www.maison-masse.com\/produit\/huile-de-noisette-50cl\/#primaryimage"},"thumbnailUrl":"https:\/\/www.maison-masse.com\/wp-content\/uploads\/2021\/06\/AID0330.bmp","datePublished":"2021-06-16T09:11:39+00:00","dateModified":"2026-04-17T06:40:22+00:00","description":"D\u00e9gustez l'huile de noisette en 50cl : Saveur pralin\u00e9e, cuisine gourmande. Elle sublimera vos salades, poissons... Laissez-vous s\u00e9duire par son go\u00fbt.","breadcrumb":{"@id":"https:\/\/www.maison-masse.com\/produit\/huile-de-noisette-50cl\/#breadcrumb"},"inLanguage":"en-US","potentialAction":[{"@type":"ReadAction","target":["https:\/\/www.maison-masse.com\/produit\/huile-de-noisette-50cl\/"]}]},{"@type":"ImageObject","inLanguage":"en-US","@id":"https:\/\/www.maison-masse.com\/produit\/huile-de-noisette-50cl\/#primaryimage","url":"https:\/\/www.maison-masse.com\/wp-content\/uploads\/2021\/06\/AID0330.bmp","contentUrl":"https:\/\/www.maison-masse.com\/wp-content\/uploads\/2021\/06\/AID0330.bmp","width":428,"height":609,"caption":"HUILE DE NOISETTE 50CL"},{"@type":"BreadcrumbList","@id":"https:\/\/www.maison-masse.com\/produit\/huile-de-noisette-50cl\/#breadcrumb","itemListElement":[{"@type":"ListItem","position":1,"name":"Accueil","item":"https:\/\/www.maison-masse.com\/en\/"},{"@type":"ListItem","position":2,"name":"Boutique","item":"https:\/\/www.maison-masse.com\/boutique\/"},{"@type":"ListItem","position":3,"name":"HUILE DE NOISETTE 50CL"}]},{"@type":"WebSite","@id":"https:\/\/www.maison-masse.com\/en\/#website","url":"https:\/\/www.maison-masse.com\/en\/","name":"Maison Masse","description":"La maison du foie gras depuis 1884","publisher":{"@id":"https:\/\/www.maison-masse.com\/en\/#organization"},"potentialAction":[{"@type":"SearchAction","target":{"@type":"EntryPoint","urlTemplate":"https:\/\/www.maison-masse.com\/en\/?s={search_term_string}"},"query-input":{"@type":"PropertyValueSpecification","valueRequired":true,"valueName":"search_term_string"}}],"inLanguage":"en-US"},{"@type":"Organization","@id":"https:\/\/www.maison-masse.com\/en\/#organization","name":"Maison Masse","url":"https:\/\/www.maison-masse.com\/en\/","logo":{"@type":"ImageObject","inLanguage":"en-US","@id":"https:\/\/www.maison-masse.com\/en\/#\/schema\/logo\/image\/","url":"https:\/\/www.maison-masse.com\/wp-content\/uploads\/2021\/06\/favicon.png","contentUrl":"https:\/\/www.maison-masse.com\/wp-content\/uploads\/2021\/06\/favicon.png","width":71,"height":72,"caption":"Maison Masse"},"image":{"@id":"https:\/\/www.maison-masse.com\/en\/#\/schema\/logo\/image\/"}}]}},"_links":{"self":[{"href":"https:\/\/www.maison-masse.com\/en\/wp-json\/wp\/v2\/product\/7542","targetHints":{"allow":["GET"]}}],"collection":[{"href":"https:\/\/www.maison-masse.com\/en\/wp-json\/wp\/v2\/product"}],"about":[{"href":"https:\/\/www.maison-masse.com\/en\/wp-json\/wp\/v2\/types\/product"}],"replies":[{"embeddable":true,"href":"https:\/\/www.maison-masse.com\/en\/wp-json\/wp\/v2\/comments?post=7542"}],"wp:featuredmedia":[{"embeddable":true,"href":"https:\/\/www.maison-masse.com\/en\/wp-json\/wp\/v2\/media\/8171"}],"wp:attachment":[{"href":"https:\/\/www.maison-masse.com\/en\/wp-json\/wp\/v2\/media?parent=7542"}],"wp:term":[{"taxonomy":"product_brand","embeddable":true,"href":"https:\/\/www.maison-masse.com\/en\/wp-json\/wp\/v2\/product_brand?post=7542"},{"taxonomy":"product_cat","embeddable":true,"href":"https:\/\/www.maison-masse.com\/en\/wp-json\/wp\/v2\/product_cat?post=7542"},{"taxonomy":"product_tag","embeddable":true,"href":"https:\/\/www.maison-masse.com\/en\/wp-json\/wp\/v2\/product_tag?post=7542"}],"curies":[{"name":"wp","href":"https:\/\/api.w.org\/{rel}","templated":true}]}}