{"id":7507,"date":"2021-06-16T11:11:26","date_gmt":"2021-06-16T09:11:26","guid":{"rendered":"https:\/\/maisonmasse.jk2agenceweb.com\/?post_type=product&#038;p=7507"},"modified":"2026-04-30T08:08:54","modified_gmt":"2026-04-30T06:08:54","slug":"huile-de-pepins-raisins-1l","status":"publish","type":"product","link":"https:\/\/www.maison-masse.com\/en\/produit\/huile-de-pepins-raisins-1l\/","title":{"rendered":"HUILE DE PEPINS RAISINS 1L"},"content":{"rendered":"<p>Cette huile de pepins de raisins est neutre d&#8217;une couleur jaune p\u00e2le.<br \/>\nElle est id\u00e9ale pour la cuisson car son seuil de fusion est tr\u00e8s \u00e9lev\u00e9 donc elle ne fume pas.<br \/>\nC&#8217;est un antioxydant naturel.<\/p>\n<p>L&#8217;entreprise Leblanc est une entreprise familiale qui se perp\u00e9tue de g\u00e9n\u00e9ration en g\u00e9n\u00e9ration dans le sud de la r\u00e9gion bourguignonne depuis plus de 140 ans. Ils cultivent les saveurs fruit\u00e9es et aithentiques des huiles culinaires.<br \/>\nL&#8217;authenticit\u00e9, la tradition, le naturel, la saveur, la gastronomie et le raffinement font parti de leurs secrets de fabrication. L&#8217;alliance de la technique de la meule de pierre qui broie les graines et fruits depuis 1978 et de la gestuelle ancestrale transmise de p\u00e8re en fils garantie la qualit\u00e9 et l&#8217;identit\u00e9 de chacune des coul\u00e9es d&#8217;huile au sortir de la presse.<\/p>\n<p>Mode d&#8217;utilisation de l&#8217;huile de pepins de raisins :<br \/>\nPour les marinades, les fondues et les fritures.<\/p>\n<p><a href=\"https:\/\/www.maison-masse.com\/categorie-produit\/017-huiles-vinaigres-condiments\/les-huiles\/\">D\u00e9couvrez les autres huiles Leblanc<\/a><\/p>\n<div class=\"woocommerce-tabs wc-tabs-wrapper full-width-tabs\" data-tab-style=\"fullwidth\">\n<div id=\"tab-description\" class=\"woocommerce-Tabs-panel woocommerce-Tabs-panel--description panel entry-content wc-tab\" role=\"tabpanel\" aria-labelledby=\"tab-title-description\">\n<p>Suivez-nous sur notre Instagram :\u00a0<a href=\"https:\/\/www.instagram.com\/maisonmasse\/\">https:\/\/www.instagram.com\/maisonmasse\/<\/a><\/p>\n<\/div>\n<\/div>\n","protected":false},"excerpt":{"rendered":"<p>Cette huile est neutre d&#8217;une couleur jaune p\u00e2le.<br \/>\nElle est id\u00e9ale pour la cuisson car son seuil de fusion est tr\u00e8s \u00e9lev\u00e9 donc elle ne fume pas.<\/p>\n","protected":false},"featured_media":8101,"comment_status":"open","ping_status":"closed","template":"","meta":{"_acf_changed":false,"wprm-recipe-roundup-name":"","wprm-recipe-roundup-description":""},"product_brand":[],"product_cat":[501],"product_tag":[1042,2951],"class_list":{"0":"post-7507","1":"product","2":"type-product","3":"status-publish","4":"has-post-thumbnail","6":"product_cat-les-huiles","7":"product_tag-huile","8":"product_tag-huile-de-pepins-de-raisin","10":"first","11":"instock","12":"taxable","13":"shipping-taxable","14":"purchasable","15":"product-type-simple"},"acf":[],"yoast_head":"<!-- This site is optimized with the Yoast SEO Premium plugin v26.8 (Yoast SEO v26.8) - https:\/\/yoast.com\/product\/yoast-seo-premium-wordpress\/ -->\n<title>Huile de p\u00e9pins de raisin - antioxydant naturel - Huile sant\u00e9<\/title>\n<meta name=\"description\" content=\"Huile de p\u00e9pins de raisin. Maison Masse propose une huile culinaire aux saveurs fruit\u00e9es et authentiques neutre id\u00e9ale pour la cuisson.\" \/>\n<meta name=\"robots\" content=\"index, follow, max-snippet:-1, max-image-preview:large, max-video-preview:-1\" \/>\n<link rel=\"canonical\" href=\"https:\/\/www.maison-masse.com\/produit\/huile-de-pepins-raisins-1l\/\" \/>\n<meta property=\"og:locale\" content=\"en_US\" \/>\n<meta property=\"og:type\" content=\"article\" \/>\n<meta property=\"og:title\" content=\"HUILE DE PEPINS RAISINS 1L\" \/>\n<meta property=\"og:description\" content=\"Huile de p\u00e9pins de raisin. Maison Masse propose une huile culinaire aux saveurs fruit\u00e9es et authentiques neutre id\u00e9ale pour la cuisson.\" \/>\n<meta property=\"og:url\" content=\"https:\/\/www.maison-masse.com\/produit\/huile-de-pepins-raisins-1l\/\" \/>\n<meta property=\"og:site_name\" content=\"Maison Masse\" \/>\n<meta property=\"article:modified_time\" content=\"2026-04-30T06:08:54+00:00\" \/>\n<meta property=\"og:image\" content=\"https:\/\/www.maison-masse.com\/wp-content\/uploads\/2021\/06\/logo-maisonmasse.png\" \/>\n\t<meta property=\"og:image:width\" content=\"246\" \/>\n\t<meta property=\"og:image:height\" content=\"100\" \/>\n\t<meta property=\"og:image:type\" content=\"image\/png\" \/>\n<meta name=\"twitter:card\" content=\"summary_large_image\" \/>\n<meta name=\"twitter:label1\" content=\"Est. reading time\" \/>\n\t<meta name=\"twitter:data1\" content=\"2 minutes\" \/>\n<script type=\"application\/ld+json\" class=\"yoast-schema-graph\">{\"@context\":\"https:\/\/schema.org\",\"@graph\":[{\"@type\":\"WebPage\",\"@id\":\"https:\/\/www.maison-masse.com\/produit\/huile-de-pepins-raisins-1l\/\",\"url\":\"https:\/\/www.maison-masse.com\/produit\/huile-de-pepins-raisins-1l\/\",\"name\":\"Huile de p\u00e9pins de raisin - antioxydant naturel - Huile sant\u00e9\",\"isPartOf\":{\"@id\":\"https:\/\/www.maison-masse.com\/en\/#website\"},\"primaryImageOfPage\":{\"@id\":\"https:\/\/www.maison-masse.com\/produit\/huile-de-pepins-raisins-1l\/#primaryimage\"},\"image\":{\"@id\":\"https:\/\/www.maison-masse.com\/produit\/huile-de-pepins-raisins-1l\/#primaryimage\"},\"thumbnailUrl\":\"https:\/\/www.maison-masse.com\/wp-content\/uploads\/2021\/06\/AID0170.bmp\",\"datePublished\":\"2021-06-16T09:11:26+00:00\",\"dateModified\":\"2026-04-30T06:08:54+00:00\",\"description\":\"Huile de p\u00e9pins de raisin. Maison Masse propose une huile culinaire aux saveurs fruit\u00e9es et authentiques neutre id\u00e9ale pour la cuisson.\",\"breadcrumb\":{\"@id\":\"https:\/\/www.maison-masse.com\/produit\/huile-de-pepins-raisins-1l\/#breadcrumb\"},\"inLanguage\":\"en-US\",\"potentialAction\":[{\"@type\":\"ReadAction\",\"target\":[\"https:\/\/www.maison-masse.com\/produit\/huile-de-pepins-raisins-1l\/\"]}]},{\"@type\":\"ImageObject\",\"inLanguage\":\"en-US\",\"@id\":\"https:\/\/www.maison-masse.com\/produit\/huile-de-pepins-raisins-1l\/#primaryimage\",\"url\":\"https:\/\/www.maison-masse.com\/wp-content\/uploads\/2021\/06\/AID0170.bmp\",\"contentUrl\":\"https:\/\/www.maison-masse.com\/wp-content\/uploads\/2021\/06\/AID0170.bmp\",\"width\":810,\"height\":1080,\"caption\":\"HUILE DE PEPINS RAISINS 1L\"},{\"@type\":\"BreadcrumbList\",\"@id\":\"https:\/\/www.maison-masse.com\/produit\/huile-de-pepins-raisins-1l\/#breadcrumb\",\"itemListElement\":[{\"@type\":\"ListItem\",\"position\":1,\"name\":\"Accueil\",\"item\":\"https:\/\/www.maison-masse.com\/en\/\"},{\"@type\":\"ListItem\",\"position\":2,\"name\":\"Boutique\",\"item\":\"https:\/\/www.maison-masse.com\/boutique\/\"},{\"@type\":\"ListItem\",\"position\":3,\"name\":\"HUILE DE PEPINS RAISINS 1L\"}]},{\"@type\":\"WebSite\",\"@id\":\"https:\/\/www.maison-masse.com\/en\/#website\",\"url\":\"https:\/\/www.maison-masse.com\/en\/\",\"name\":\"Maison Masse\",\"description\":\"La maison du foie gras depuis 1884\",\"publisher\":{\"@id\":\"https:\/\/www.maison-masse.com\/en\/#organization\"},\"potentialAction\":[{\"@type\":\"SearchAction\",\"target\":{\"@type\":\"EntryPoint\",\"urlTemplate\":\"https:\/\/www.maison-masse.com\/en\/?s={search_term_string}\"},\"query-input\":{\"@type\":\"PropertyValueSpecification\",\"valueRequired\":true,\"valueName\":\"search_term_string\"}}],\"inLanguage\":\"en-US\"},{\"@type\":\"Organization\",\"@id\":\"https:\/\/www.maison-masse.com\/en\/#organization\",\"name\":\"Maison Masse\",\"url\":\"https:\/\/www.maison-masse.com\/en\/\",\"logo\":{\"@type\":\"ImageObject\",\"inLanguage\":\"en-US\",\"@id\":\"https:\/\/www.maison-masse.com\/en\/#\/schema\/logo\/image\/\",\"url\":\"https:\/\/www.maison-masse.com\/wp-content\/uploads\/2021\/06\/favicon.png\",\"contentUrl\":\"https:\/\/www.maison-masse.com\/wp-content\/uploads\/2021\/06\/favicon.png\",\"width\":71,\"height\":72,\"caption\":\"Maison Masse\"},\"image\":{\"@id\":\"https:\/\/www.maison-masse.com\/en\/#\/schema\/logo\/image\/\"}}]}<\/script>\n<!-- \/ Yoast SEO Premium plugin. -->","yoast_head_json":{"title":"Huile de p\u00e9pins de raisin - antioxydant naturel - Huile sant\u00e9","description":"Huile de p\u00e9pins de raisin. Maison Masse propose une huile culinaire aux saveurs fruit\u00e9es et authentiques neutre id\u00e9ale pour la cuisson.","robots":{"index":"index","follow":"follow","max-snippet":"max-snippet:-1","max-image-preview":"max-image-preview:large","max-video-preview":"max-video-preview:-1"},"canonical":"https:\/\/www.maison-masse.com\/produit\/huile-de-pepins-raisins-1l\/","og_locale":"en_US","og_type":"article","og_title":"HUILE DE PEPINS RAISINS 1L","og_description":"Huile de p\u00e9pins de raisin. Maison Masse propose une huile culinaire aux saveurs fruit\u00e9es et authentiques neutre id\u00e9ale pour la cuisson.","og_url":"https:\/\/www.maison-masse.com\/produit\/huile-de-pepins-raisins-1l\/","og_site_name":"Maison Masse","article_modified_time":"2026-04-30T06:08:54+00:00","og_image":[{"width":246,"height":100,"url":"https:\/\/www.maison-masse.com\/wp-content\/uploads\/2021\/06\/logo-maisonmasse.png","type":"image\/png"}],"twitter_card":"summary_large_image","twitter_misc":{"Est. reading time":"2 minutes"},"schema":{"@context":"https:\/\/schema.org","@graph":[{"@type":"WebPage","@id":"https:\/\/www.maison-masse.com\/produit\/huile-de-pepins-raisins-1l\/","url":"https:\/\/www.maison-masse.com\/produit\/huile-de-pepins-raisins-1l\/","name":"Huile de p\u00e9pins de raisin - antioxydant naturel - Huile sant\u00e9","isPartOf":{"@id":"https:\/\/www.maison-masse.com\/en\/#website"},"primaryImageOfPage":{"@id":"https:\/\/www.maison-masse.com\/produit\/huile-de-pepins-raisins-1l\/#primaryimage"},"image":{"@id":"https:\/\/www.maison-masse.com\/produit\/huile-de-pepins-raisins-1l\/#primaryimage"},"thumbnailUrl":"https:\/\/www.maison-masse.com\/wp-content\/uploads\/2021\/06\/AID0170.bmp","datePublished":"2021-06-16T09:11:26+00:00","dateModified":"2026-04-30T06:08:54+00:00","description":"Huile de p\u00e9pins de raisin. Maison Masse propose une huile culinaire aux saveurs fruit\u00e9es et authentiques neutre id\u00e9ale pour la cuisson.","breadcrumb":{"@id":"https:\/\/www.maison-masse.com\/produit\/huile-de-pepins-raisins-1l\/#breadcrumb"},"inLanguage":"en-US","potentialAction":[{"@type":"ReadAction","target":["https:\/\/www.maison-masse.com\/produit\/huile-de-pepins-raisins-1l\/"]}]},{"@type":"ImageObject","inLanguage":"en-US","@id":"https:\/\/www.maison-masse.com\/produit\/huile-de-pepins-raisins-1l\/#primaryimage","url":"https:\/\/www.maison-masse.com\/wp-content\/uploads\/2021\/06\/AID0170.bmp","contentUrl":"https:\/\/www.maison-masse.com\/wp-content\/uploads\/2021\/06\/AID0170.bmp","width":810,"height":1080,"caption":"HUILE DE PEPINS RAISINS 1L"},{"@type":"BreadcrumbList","@id":"https:\/\/www.maison-masse.com\/produit\/huile-de-pepins-raisins-1l\/#breadcrumb","itemListElement":[{"@type":"ListItem","position":1,"name":"Accueil","item":"https:\/\/www.maison-masse.com\/en\/"},{"@type":"ListItem","position":2,"name":"Boutique","item":"https:\/\/www.maison-masse.com\/boutique\/"},{"@type":"ListItem","position":3,"name":"HUILE DE PEPINS RAISINS 1L"}]},{"@type":"WebSite","@id":"https:\/\/www.maison-masse.com\/en\/#website","url":"https:\/\/www.maison-masse.com\/en\/","name":"Maison Masse","description":"La maison du foie gras depuis 1884","publisher":{"@id":"https:\/\/www.maison-masse.com\/en\/#organization"},"potentialAction":[{"@type":"SearchAction","target":{"@type":"EntryPoint","urlTemplate":"https:\/\/www.maison-masse.com\/en\/?s={search_term_string}"},"query-input":{"@type":"PropertyValueSpecification","valueRequired":true,"valueName":"search_term_string"}}],"inLanguage":"en-US"},{"@type":"Organization","@id":"https:\/\/www.maison-masse.com\/en\/#organization","name":"Maison Masse","url":"https:\/\/www.maison-masse.com\/en\/","logo":{"@type":"ImageObject","inLanguage":"en-US","@id":"https:\/\/www.maison-masse.com\/en\/#\/schema\/logo\/image\/","url":"https:\/\/www.maison-masse.com\/wp-content\/uploads\/2021\/06\/favicon.png","contentUrl":"https:\/\/www.maison-masse.com\/wp-content\/uploads\/2021\/06\/favicon.png","width":71,"height":72,"caption":"Maison Masse"},"image":{"@id":"https:\/\/www.maison-masse.com\/en\/#\/schema\/logo\/image\/"}}]}},"_links":{"self":[{"href":"https:\/\/www.maison-masse.com\/en\/wp-json\/wp\/v2\/product\/7507","targetHints":{"allow":["GET"]}}],"collection":[{"href":"https:\/\/www.maison-masse.com\/en\/wp-json\/wp\/v2\/product"}],"about":[{"href":"https:\/\/www.maison-masse.com\/en\/wp-json\/wp\/v2\/types\/product"}],"replies":[{"embeddable":true,"href":"https:\/\/www.maison-masse.com\/en\/wp-json\/wp\/v2\/comments?post=7507"}],"wp:featuredmedia":[{"embeddable":true,"href":"https:\/\/www.maison-masse.com\/en\/wp-json\/wp\/v2\/media\/8101"}],"wp:attachment":[{"href":"https:\/\/www.maison-masse.com\/en\/wp-json\/wp\/v2\/media?parent=7507"}],"wp:term":[{"taxonomy":"product_brand","embeddable":true,"href":"https:\/\/www.maison-masse.com\/en\/wp-json\/wp\/v2\/product_brand?post=7507"},{"taxonomy":"product_cat","embeddable":true,"href":"https:\/\/www.maison-masse.com\/en\/wp-json\/wp\/v2\/product_cat?post=7507"},{"taxonomy":"product_tag","embeddable":true,"href":"https:\/\/www.maison-masse.com\/en\/wp-json\/wp\/v2\/product_tag?post=7507"}],"curies":[{"name":"wp","href":"https:\/\/api.w.org\/{rel}","templated":true}]}}