{"id":7506,"date":"2021-06-16T11:11:25","date_gmt":"2021-06-16T09:11:25","guid":{"rendered":"https:\/\/maisonmasse.jk2agenceweb.com\/?post_type=product&#038;p=7506"},"modified":"2026-04-29T08:03:15","modified_gmt":"2026-04-29T06:03:15","slug":"huile-de-colza-grille-1l","status":"publish","type":"product","link":"https:\/\/www.maison-masse.com\/en\/produit\/huile-de-colza-grille-1l\/","title":{"rendered":"HUILE DE COLZA GRILLEE 1L"},"content":{"rendered":"<p>Cette huile de colza grille d&#8217;une couleur brun dor\u00e9e est tr\u00e8s parfum\u00e9e avec un go\u00fbt cors\u00e9 et l\u00e9g\u00e8rement torr\u00e9fi\u00e9. Riche en om\u00e9ga 6, elle favorise l&#8217;apprentissage, intervient dans le fonctionnement de la r\u00e9tine et diminue le taux de mauvais cholest\u00e9rol.<\/p>\n<p>L&#8217;entreprise Leblanc est une entreprise familiale qui se perp\u00e9tue de g\u00e9n\u00e9ration en g\u00e9n\u00e9ration dans le sud de la r\u00e9gion bourguignonne depuis plus de 140 ans. Ils cultivent les saveurs fruit\u00e9es et aithentiques des huiles culinaires.<br \/>\nL&#8217;authenticit\u00e9, la tradition, le naturel, la saveur, la gastronomie et le raffinement font parti de leurs secrets de fabrication. L&#8217;alliance de la technique de la meule de pierre qui broie les graines et fruits depuis 1978 et de la gestuelle ancestrale transmise de p\u00e8re en fils garantie la qualit\u00e9 et l&#8217;identit\u00e9 de chacune des coul\u00e9es d&#8217;huile au sortir de la presse.<\/p>\n<p>Mode d&#8217;utilisation de l&#8217;huile de colza grille :<br \/>\n&#8211; Apporte une saveur originale aux crudit\u00e9s et l\u00e9gumes tels que le chou, les haricots, les betteraves, l&#8217;oignon, le navet ou la pomme terre.<br \/>\n&#8211; Elle peut \u00e9galement accompagner un fromage blanc<\/p>\n<p><a href=\"https:\/\/www.maison-masse.com\/categorie-produit\/017-huiles-vinaigres-condiments\/les-huiles\/\">D\u00e9couvrez les autres huiles Leblanc<\/a><\/p>\n<div class=\"woocommerce-tabs wc-tabs-wrapper full-width-tabs\" data-tab-style=\"fullwidth\">\n<div id=\"tab-description\" class=\"woocommerce-Tabs-panel woocommerce-Tabs-panel--description panel entry-content wc-tab\" role=\"tabpanel\" aria-labelledby=\"tab-title-description\">\n<p>Suivez-nous sur notre Instagram :\u00a0<a href=\"https:\/\/www.instagram.com\/maisonmasse\/\">https:\/\/www.instagram.com\/maisonmasse\/<\/a><\/p>\n<\/div>\n<\/div>\n","protected":false},"excerpt":{"rendered":"<p>Cette huile d&#8217;une couleur brun dor\u00e9e est tr\u00e8s parfum\u00e9e avec un go\u00fbt cors\u00e9 et l\u00e9g\u00e8rement torr\u00e9fi\u00e9.<br \/>\nRiche en om\u00e9ga 6, elle favorise l&#8217;apprentissage, intervient dans le fonctionnement de la r\u00e9tine et diminue le taux de mauvais cholest\u00e9rol.<\/p>\n","protected":false},"featured_media":8099,"comment_status":"open","ping_status":"closed","template":"","meta":{"_acf_changed":false,"wprm-recipe-roundup-name":"","wprm-recipe-roundup-description":""},"product_brand":[],"product_cat":[501],"product_tag":[1042,2954],"class_list":{"0":"post-7506","1":"product","2":"type-product","3":"status-publish","4":"has-post-thumbnail","6":"product_cat-les-huiles","7":"product_tag-huile","8":"product_tag-huile-de-colza","10":"first","11":"instock","12":"taxable","13":"shipping-taxable","14":"purchasable","15":"product-type-simple"},"acf":[],"yoast_head":"<!-- This site is optimized with the Yoast SEO Premium plugin v26.8 (Yoast SEO v26.8) - https:\/\/yoast.com\/product\/yoast-seo-premium-wordpress\/ -->\n<title>HUILE DE COLZA GRILLEE 1L - Maison Masse<\/title>\n<meta name=\"description\" content=\"Cette huile de colza grille d&#039;une couleur brun dor\u00e9e est tr\u00e8s parfum\u00e9e avec un go\u00fbt cors\u00e9 et l\u00e9g\u00e8rement torr\u00e9fi\u00e9. En savoir plus...\" \/>\n<meta name=\"robots\" content=\"index, follow, max-snippet:-1, max-image-preview:large, max-video-preview:-1\" \/>\n<link rel=\"canonical\" href=\"https:\/\/www.maison-masse.com\/produit\/huile-de-colza-grille-1l\/\" \/>\n<meta property=\"og:locale\" content=\"en_US\" \/>\n<meta property=\"og:type\" content=\"article\" \/>\n<meta property=\"og:title\" content=\"HUILE DE COLZA GRILLEE 1L\" \/>\n<meta property=\"og:description\" content=\"Cette huile de colza grille d&#039;une couleur brun dor\u00e9e est tr\u00e8s parfum\u00e9e avec un go\u00fbt cors\u00e9 et l\u00e9g\u00e8rement torr\u00e9fi\u00e9. En savoir plus...\" \/>\n<meta property=\"og:url\" content=\"https:\/\/www.maison-masse.com\/produit\/huile-de-colza-grille-1l\/\" \/>\n<meta property=\"og:site_name\" content=\"Maison Masse\" \/>\n<meta property=\"article:modified_time\" content=\"2026-04-29T06:03:15+00:00\" \/>\n<meta property=\"og:image\" content=\"https:\/\/www.maison-masse.com\/wp-content\/uploads\/2021\/06\/logo-maisonmasse.png\" \/>\n\t<meta property=\"og:image:width\" content=\"246\" \/>\n\t<meta property=\"og:image:height\" content=\"100\" \/>\n\t<meta property=\"og:image:type\" content=\"image\/png\" \/>\n<meta name=\"twitter:card\" content=\"summary_large_image\" \/>\n<meta name=\"twitter:label1\" content=\"Est. reading time\" \/>\n\t<meta name=\"twitter:data1\" content=\"2 minutes\" \/>\n<script type=\"application\/ld+json\" class=\"yoast-schema-graph\">{\"@context\":\"https:\/\/schema.org\",\"@graph\":[{\"@type\":\"WebPage\",\"@id\":\"https:\/\/www.maison-masse.com\/produit\/huile-de-colza-grille-1l\/\",\"url\":\"https:\/\/www.maison-masse.com\/produit\/huile-de-colza-grille-1l\/\",\"name\":\"HUILE DE COLZA GRILLEE 1L - Maison Masse\",\"isPartOf\":{\"@id\":\"https:\/\/www.maison-masse.com\/en\/#website\"},\"primaryImageOfPage\":{\"@id\":\"https:\/\/www.maison-masse.com\/produit\/huile-de-colza-grille-1l\/#primaryimage\"},\"image\":{\"@id\":\"https:\/\/www.maison-masse.com\/produit\/huile-de-colza-grille-1l\/#primaryimage\"},\"thumbnailUrl\":\"https:\/\/www.maison-masse.com\/wp-content\/uploads\/2021\/06\/AID0169.bmp\",\"datePublished\":\"2021-06-16T09:11:25+00:00\",\"dateModified\":\"2026-04-29T06:03:15+00:00\",\"description\":\"Cette huile de colza grille d'une couleur brun dor\u00e9e est tr\u00e8s parfum\u00e9e avec un go\u00fbt cors\u00e9 et l\u00e9g\u00e8rement torr\u00e9fi\u00e9. En savoir plus...\",\"breadcrumb\":{\"@id\":\"https:\/\/www.maison-masse.com\/produit\/huile-de-colza-grille-1l\/#breadcrumb\"},\"inLanguage\":\"en-US\",\"potentialAction\":[{\"@type\":\"ReadAction\",\"target\":[\"https:\/\/www.maison-masse.com\/produit\/huile-de-colza-grille-1l\/\"]}]},{\"@type\":\"ImageObject\",\"inLanguage\":\"en-US\",\"@id\":\"https:\/\/www.maison-masse.com\/produit\/huile-de-colza-grille-1l\/#primaryimage\",\"url\":\"https:\/\/www.maison-masse.com\/wp-content\/uploads\/2021\/06\/AID0169.bmp\",\"contentUrl\":\"https:\/\/www.maison-masse.com\/wp-content\/uploads\/2021\/06\/AID0169.bmp\",\"width\":810,\"height\":1080,\"caption\":\"HUILE DE COLZA GRILLE 1L\"},{\"@type\":\"BreadcrumbList\",\"@id\":\"https:\/\/www.maison-masse.com\/produit\/huile-de-colza-grille-1l\/#breadcrumb\",\"itemListElement\":[{\"@type\":\"ListItem\",\"position\":1,\"name\":\"Accueil\",\"item\":\"https:\/\/www.maison-masse.com\/en\/\"},{\"@type\":\"ListItem\",\"position\":2,\"name\":\"Boutique\",\"item\":\"https:\/\/www.maison-masse.com\/boutique\/\"},{\"@type\":\"ListItem\",\"position\":3,\"name\":\"HUILE DE COLZA GRILLE 1L\"}]},{\"@type\":\"WebSite\",\"@id\":\"https:\/\/www.maison-masse.com\/en\/#website\",\"url\":\"https:\/\/www.maison-masse.com\/en\/\",\"name\":\"Maison Masse\",\"description\":\"La maison du foie gras depuis 1884\",\"publisher\":{\"@id\":\"https:\/\/www.maison-masse.com\/en\/#organization\"},\"potentialAction\":[{\"@type\":\"SearchAction\",\"target\":{\"@type\":\"EntryPoint\",\"urlTemplate\":\"https:\/\/www.maison-masse.com\/en\/?s={search_term_string}\"},\"query-input\":{\"@type\":\"PropertyValueSpecification\",\"valueRequired\":true,\"valueName\":\"search_term_string\"}}],\"inLanguage\":\"en-US\"},{\"@type\":\"Organization\",\"@id\":\"https:\/\/www.maison-masse.com\/en\/#organization\",\"name\":\"Maison Masse\",\"url\":\"https:\/\/www.maison-masse.com\/en\/\",\"logo\":{\"@type\":\"ImageObject\",\"inLanguage\":\"en-US\",\"@id\":\"https:\/\/www.maison-masse.com\/en\/#\/schema\/logo\/image\/\",\"url\":\"https:\/\/www.maison-masse.com\/wp-content\/uploads\/2021\/06\/favicon.png\",\"contentUrl\":\"https:\/\/www.maison-masse.com\/wp-content\/uploads\/2021\/06\/favicon.png\",\"width\":71,\"height\":72,\"caption\":\"Maison Masse\"},\"image\":{\"@id\":\"https:\/\/www.maison-masse.com\/en\/#\/schema\/logo\/image\/\"}}]}<\/script>\n<!-- \/ Yoast SEO Premium plugin. -->","yoast_head_json":{"title":"HUILE DE COLZA GRILLEE 1L - Maison Masse","description":"Cette huile de colza grille d'une couleur brun dor\u00e9e est tr\u00e8s parfum\u00e9e avec un go\u00fbt cors\u00e9 et l\u00e9g\u00e8rement torr\u00e9fi\u00e9. En savoir plus...","robots":{"index":"index","follow":"follow","max-snippet":"max-snippet:-1","max-image-preview":"max-image-preview:large","max-video-preview":"max-video-preview:-1"},"canonical":"https:\/\/www.maison-masse.com\/produit\/huile-de-colza-grille-1l\/","og_locale":"en_US","og_type":"article","og_title":"HUILE DE COLZA GRILLEE 1L","og_description":"Cette huile de colza grille d'une couleur brun dor\u00e9e est tr\u00e8s parfum\u00e9e avec un go\u00fbt cors\u00e9 et l\u00e9g\u00e8rement torr\u00e9fi\u00e9. En savoir plus...","og_url":"https:\/\/www.maison-masse.com\/produit\/huile-de-colza-grille-1l\/","og_site_name":"Maison Masse","article_modified_time":"2026-04-29T06:03:15+00:00","og_image":[{"width":246,"height":100,"url":"https:\/\/www.maison-masse.com\/wp-content\/uploads\/2021\/06\/logo-maisonmasse.png","type":"image\/png"}],"twitter_card":"summary_large_image","twitter_misc":{"Est. reading time":"2 minutes"},"schema":{"@context":"https:\/\/schema.org","@graph":[{"@type":"WebPage","@id":"https:\/\/www.maison-masse.com\/produit\/huile-de-colza-grille-1l\/","url":"https:\/\/www.maison-masse.com\/produit\/huile-de-colza-grille-1l\/","name":"HUILE DE COLZA GRILLEE 1L - Maison Masse","isPartOf":{"@id":"https:\/\/www.maison-masse.com\/en\/#website"},"primaryImageOfPage":{"@id":"https:\/\/www.maison-masse.com\/produit\/huile-de-colza-grille-1l\/#primaryimage"},"image":{"@id":"https:\/\/www.maison-masse.com\/produit\/huile-de-colza-grille-1l\/#primaryimage"},"thumbnailUrl":"https:\/\/www.maison-masse.com\/wp-content\/uploads\/2021\/06\/AID0169.bmp","datePublished":"2021-06-16T09:11:25+00:00","dateModified":"2026-04-29T06:03:15+00:00","description":"Cette huile de colza grille d'une couleur brun dor\u00e9e est tr\u00e8s parfum\u00e9e avec un go\u00fbt cors\u00e9 et l\u00e9g\u00e8rement torr\u00e9fi\u00e9. En savoir plus...","breadcrumb":{"@id":"https:\/\/www.maison-masse.com\/produit\/huile-de-colza-grille-1l\/#breadcrumb"},"inLanguage":"en-US","potentialAction":[{"@type":"ReadAction","target":["https:\/\/www.maison-masse.com\/produit\/huile-de-colza-grille-1l\/"]}]},{"@type":"ImageObject","inLanguage":"en-US","@id":"https:\/\/www.maison-masse.com\/produit\/huile-de-colza-grille-1l\/#primaryimage","url":"https:\/\/www.maison-masse.com\/wp-content\/uploads\/2021\/06\/AID0169.bmp","contentUrl":"https:\/\/www.maison-masse.com\/wp-content\/uploads\/2021\/06\/AID0169.bmp","width":810,"height":1080,"caption":"HUILE DE COLZA GRILLE 1L"},{"@type":"BreadcrumbList","@id":"https:\/\/www.maison-masse.com\/produit\/huile-de-colza-grille-1l\/#breadcrumb","itemListElement":[{"@type":"ListItem","position":1,"name":"Accueil","item":"https:\/\/www.maison-masse.com\/en\/"},{"@type":"ListItem","position":2,"name":"Boutique","item":"https:\/\/www.maison-masse.com\/boutique\/"},{"@type":"ListItem","position":3,"name":"HUILE DE COLZA GRILLE 1L"}]},{"@type":"WebSite","@id":"https:\/\/www.maison-masse.com\/en\/#website","url":"https:\/\/www.maison-masse.com\/en\/","name":"Maison Masse","description":"La maison du foie gras depuis 1884","publisher":{"@id":"https:\/\/www.maison-masse.com\/en\/#organization"},"potentialAction":[{"@type":"SearchAction","target":{"@type":"EntryPoint","urlTemplate":"https:\/\/www.maison-masse.com\/en\/?s={search_term_string}"},"query-input":{"@type":"PropertyValueSpecification","valueRequired":true,"valueName":"search_term_string"}}],"inLanguage":"en-US"},{"@type":"Organization","@id":"https:\/\/www.maison-masse.com\/en\/#organization","name":"Maison Masse","url":"https:\/\/www.maison-masse.com\/en\/","logo":{"@type":"ImageObject","inLanguage":"en-US","@id":"https:\/\/www.maison-masse.com\/en\/#\/schema\/logo\/image\/","url":"https:\/\/www.maison-masse.com\/wp-content\/uploads\/2021\/06\/favicon.png","contentUrl":"https:\/\/www.maison-masse.com\/wp-content\/uploads\/2021\/06\/favicon.png","width":71,"height":72,"caption":"Maison Masse"},"image":{"@id":"https:\/\/www.maison-masse.com\/en\/#\/schema\/logo\/image\/"}}]}},"_links":{"self":[{"href":"https:\/\/www.maison-masse.com\/en\/wp-json\/wp\/v2\/product\/7506","targetHints":{"allow":["GET"]}}],"collection":[{"href":"https:\/\/www.maison-masse.com\/en\/wp-json\/wp\/v2\/product"}],"about":[{"href":"https:\/\/www.maison-masse.com\/en\/wp-json\/wp\/v2\/types\/product"}],"replies":[{"embeddable":true,"href":"https:\/\/www.maison-masse.com\/en\/wp-json\/wp\/v2\/comments?post=7506"}],"wp:featuredmedia":[{"embeddable":true,"href":"https:\/\/www.maison-masse.com\/en\/wp-json\/wp\/v2\/media\/8099"}],"wp:attachment":[{"href":"https:\/\/www.maison-masse.com\/en\/wp-json\/wp\/v2\/media?parent=7506"}],"wp:term":[{"taxonomy":"product_brand","embeddable":true,"href":"https:\/\/www.maison-masse.com\/en\/wp-json\/wp\/v2\/product_brand?post=7506"},{"taxonomy":"product_cat","embeddable":true,"href":"https:\/\/www.maison-masse.com\/en\/wp-json\/wp\/v2\/product_cat?post=7506"},{"taxonomy":"product_tag","embeddable":true,"href":"https:\/\/www.maison-masse.com\/en\/wp-json\/wp\/v2\/product_tag?post=7506"}],"curies":[{"name":"wp","href":"https:\/\/api.w.org\/{rel}","templated":true}]}}