{"id":7495,"date":"2021-06-16T11:11:21","date_gmt":"2021-06-16T09:11:21","guid":{"rendered":"https:\/\/maisonmasse.jk2agenceweb.com\/?post_type=product&#038;p=7495"},"modified":"2026-04-07T08:49:58","modified_gmt":"2026-04-07T06:49:58","slug":"poivre-queue-cubebe-330ml","status":"publish","type":"product","link":"https:\/\/www.maison-masse.com\/en\/produit\/poivre-queue-cubebe-330ml\/","title":{"rendered":"POIVRE A QUEUE CUBEBE 330ML"},"content":{"rendered":"<p>Ce poivre \u00e0 queue Cubebe provient d&#8217;Indon\u00e9sie et est cultiv\u00e9 \u00e0 Java et Sumatra. Poussant sur des lianes, il est r\u00e9colt\u00e9 avant maturation puis s\u00e9ch\u00e9<br \/>\nLong en bouche, il d\u00e9veloppe une sensation de fraicheur presque menthol\u00e9e.<\/p>\n<p>Utilisation:<br \/>\nAccompagne les poissons, desserts fruit\u00e9s p\u00e2tisseries, soupes froides ou chaudes.<\/p>\n<p data-sourcepos=\"29:1-29:26\">Conseils d&#8217;utilisation du poivre \u00e0 queue Cubebe<\/p>\n<p data-sourcepos=\"31:1-31:250\">Le poivre \u00e0 queue est fragile et perd ses ar\u00f4mes \u00e0 la cuisson. Il est donc pr\u00e9f\u00e9rable de l&#8217;ajouter en fin de cuisson ou directement \u00e0 l&#8217;assiette. Pour lib\u00e9rer pleinement ses saveurs, il est conseill\u00e9 de le concasser grossi\u00e8rement avant de l&#8217;utiliser.<\/p>\n<p data-sourcepos=\"33:1-33:16\">Conservation<\/p>\n<p data-sourcepos=\"35:1-35:166\">Le poivre \u00e0 queue cubebe doit \u00eatre conserv\u00e9 \u00e0 l&#8217;abri de la lumi\u00e8re et de l&#8217;humidit\u00e9 dans un r\u00e9cipient herm\u00e9tique. Conservez-le de pr\u00e9f\u00e9rence dans un endroit frais et sombre.<\/p>\n<p data-sourcepos=\"37:1-37:38\">Bienfaits potentiels pour la sant\u00e9<\/p>\n<p data-sourcepos=\"39:1-39:104\">Le poivre \u00e0 queue est riche en antioxydants et poss\u00e8de des propri\u00e9t\u00e9s anti-inflammatoires et digestives. On lui attribue \u00e9galement des vertus diur\u00e9tiques et stimulantes de la circulation sanguine et lymphatique.<\/p>\n<p><a href=\"https:\/\/www.maison-masse.com\/categorie-produit\/018-epices\/les-poivres-et-sels\/\">D\u00e9couvrez les autres poivres et sels de la maison Masse<\/a><\/p>\n<div class=\"woocommerce-tabs wc-tabs-wrapper full-width-tabs\" data-tab-style=\"fullwidth\">\n<div id=\"tab-description\" class=\"woocommerce-Tabs-panel woocommerce-Tabs-panel--description panel entry-content wc-tab\" role=\"tabpanel\" aria-labelledby=\"tab-title-description\">\n<p>Suivez-nous sur notre Instagram :\u00a0<a href=\"https:\/\/www.instagram.com\/maisonmasse\/\">https:\/\/www.instagram.com\/maisonmasse\/<\/a><\/p>\n<\/div>\n<\/div>\n","protected":false},"excerpt":{"rendered":"<p>Ce poivre d&#8217;Indon\u00e9sie est cultiv\u00e9 \u00e0 Java et Sumatra. Poussant sur des lianes, il est r\u00e9colt\u00e9 avant maturation puis s\u00e9ch\u00e9<br \/>\nLong en bouche, il d\u00e9veloppe une sensation de fraicheur presque menthol\u00e9e.<\/p>\n","protected":false},"featured_media":8077,"comment_status":"open","ping_status":"closed","template":"","meta":{"_acf_changed":false,"wprm-recipe-roundup-name":"","wprm-recipe-roundup-description":""},"product_brand":[],"product_cat":[499],"product_tag":[2978,2979,2977],"class_list":{"0":"post-7495","1":"product","2":"type-product","3":"status-publish","4":"has-post-thumbnail","6":"product_cat-autres-epices","7":"product_tag-poivre-a-queue","8":"product_tag-poivre-cubebe","9":"product_tag-povre","11":"first","12":"instock","13":"taxable","14":"shipping-taxable","15":"purchasable","16":"product-type-simple"},"acf":[],"yoast_head":"<!-- This site is optimized with the Yoast SEO Premium plugin v26.8 (Yoast SEO v26.8) - https:\/\/yoast.com\/product\/yoast-seo-premium-wordpress\/ -->\n<title>Poivre \u00e0 queue Cubebe 330ml - Maison Masse<\/title>\n<meta name=\"description\" content=\"Le poivre \u00e0 queue cubebe, un poivre aromatique et piquant qui ravira les gourmets en qu\u00eate de nouvelles saveurs. Parfait pour relever vos plats\" \/>\n<meta name=\"robots\" content=\"index, follow, max-snippet:-1, max-image-preview:large, max-video-preview:-1\" \/>\n<link rel=\"canonical\" href=\"https:\/\/www.maison-masse.com\/produit\/poivre-queue-cubebe-330ml\/\" \/>\n<meta property=\"og:locale\" content=\"en_US\" \/>\n<meta property=\"og:type\" content=\"article\" \/>\n<meta property=\"og:title\" content=\"POIVRE A QUEUE CUBEBE 330ML\" \/>\n<meta property=\"og:description\" content=\"Le poivre \u00e0 queue cubebe, un poivre aromatique et piquant qui ravira les gourmets en qu\u00eate de nouvelles saveurs. Parfait pour relever vos plats\" \/>\n<meta property=\"og:url\" content=\"https:\/\/www.maison-masse.com\/produit\/poivre-queue-cubebe-330ml\/\" \/>\n<meta property=\"og:site_name\" content=\"Maison Masse\" \/>\n<meta property=\"article:modified_time\" content=\"2026-04-07T06:49:58+00:00\" \/>\n<meta property=\"og:image\" content=\"https:\/\/www.maison-masse.com\/wp-content\/uploads\/2021\/06\/logo-maisonmasse.png\" \/>\n\t<meta property=\"og:image:width\" content=\"246\" \/>\n\t<meta property=\"og:image:height\" content=\"100\" \/>\n\t<meta property=\"og:image:type\" content=\"image\/png\" \/>\n<meta name=\"twitter:card\" content=\"summary_large_image\" \/>\n<meta name=\"twitter:label1\" content=\"Est. reading time\" \/>\n\t<meta name=\"twitter:data1\" content=\"2 minutes\" \/>\n<script type=\"application\/ld+json\" class=\"yoast-schema-graph\">{\"@context\":\"https:\/\/schema.org\",\"@graph\":[{\"@type\":\"WebPage\",\"@id\":\"https:\/\/www.maison-masse.com\/produit\/poivre-queue-cubebe-330ml\/\",\"url\":\"https:\/\/www.maison-masse.com\/produit\/poivre-queue-cubebe-330ml\/\",\"name\":\"Poivre \u00e0 queue Cubebe 330ml - Maison Masse\",\"isPartOf\":{\"@id\":\"https:\/\/www.maison-masse.com\/en\/#website\"},\"primaryImageOfPage\":{\"@id\":\"https:\/\/www.maison-masse.com\/produit\/poivre-queue-cubebe-330ml\/#primaryimage\"},\"image\":{\"@id\":\"https:\/\/www.maison-masse.com\/produit\/poivre-queue-cubebe-330ml\/#primaryimage\"},\"thumbnailUrl\":\"https:\/\/www.maison-masse.com\/wp-content\/uploads\/2021\/06\/AID0092.bmp\",\"datePublished\":\"2021-06-16T09:11:21+00:00\",\"dateModified\":\"2026-04-07T06:49:58+00:00\",\"description\":\"Le poivre \u00e0 queue cubebe, un poivre aromatique et piquant qui ravira les gourmets en qu\u00eate de nouvelles saveurs. Parfait pour relever vos plats\",\"breadcrumb\":{\"@id\":\"https:\/\/www.maison-masse.com\/produit\/poivre-queue-cubebe-330ml\/#breadcrumb\"},\"inLanguage\":\"en-US\",\"potentialAction\":[{\"@type\":\"ReadAction\",\"target\":[\"https:\/\/www.maison-masse.com\/produit\/poivre-queue-cubebe-330ml\/\"]}]},{\"@type\":\"ImageObject\",\"inLanguage\":\"en-US\",\"@id\":\"https:\/\/www.maison-masse.com\/produit\/poivre-queue-cubebe-330ml\/#primaryimage\",\"url\":\"https:\/\/www.maison-masse.com\/wp-content\/uploads\/2021\/06\/AID0092.bmp\",\"contentUrl\":\"https:\/\/www.maison-masse.com\/wp-content\/uploads\/2021\/06\/AID0092.bmp\",\"width\":441,\"height\":593,\"caption\":\"POIVRE QUEUE CUBEBE 330ML\"},{\"@type\":\"BreadcrumbList\",\"@id\":\"https:\/\/www.maison-masse.com\/produit\/poivre-queue-cubebe-330ml\/#breadcrumb\",\"itemListElement\":[{\"@type\":\"ListItem\",\"position\":1,\"name\":\"Accueil\",\"item\":\"https:\/\/www.maison-masse.com\/en\/\"},{\"@type\":\"ListItem\",\"position\":2,\"name\":\"Boutique\",\"item\":\"https:\/\/www.maison-masse.com\/boutique\/\"},{\"@type\":\"ListItem\",\"position\":3,\"name\":\"POIVRE A QUEUE CUBEBE 330ML\"}]},{\"@type\":\"WebSite\",\"@id\":\"https:\/\/www.maison-masse.com\/en\/#website\",\"url\":\"https:\/\/www.maison-masse.com\/en\/\",\"name\":\"Maison Masse\",\"description\":\"La maison du foie gras depuis 1884\",\"publisher\":{\"@id\":\"https:\/\/www.maison-masse.com\/en\/#organization\"},\"potentialAction\":[{\"@type\":\"SearchAction\",\"target\":{\"@type\":\"EntryPoint\",\"urlTemplate\":\"https:\/\/www.maison-masse.com\/en\/?s={search_term_string}\"},\"query-input\":{\"@type\":\"PropertyValueSpecification\",\"valueRequired\":true,\"valueName\":\"search_term_string\"}}],\"inLanguage\":\"en-US\"},{\"@type\":\"Organization\",\"@id\":\"https:\/\/www.maison-masse.com\/en\/#organization\",\"name\":\"Maison Masse\",\"url\":\"https:\/\/www.maison-masse.com\/en\/\",\"logo\":{\"@type\":\"ImageObject\",\"inLanguage\":\"en-US\",\"@id\":\"https:\/\/www.maison-masse.com\/en\/#\/schema\/logo\/image\/\",\"url\":\"https:\/\/www.maison-masse.com\/wp-content\/uploads\/2021\/06\/favicon.png\",\"contentUrl\":\"https:\/\/www.maison-masse.com\/wp-content\/uploads\/2021\/06\/favicon.png\",\"width\":71,\"height\":72,\"caption\":\"Maison Masse\"},\"image\":{\"@id\":\"https:\/\/www.maison-masse.com\/en\/#\/schema\/logo\/image\/\"}}]}<\/script>\n<!-- \/ Yoast SEO Premium plugin. -->","yoast_head_json":{"title":"Poivre \u00e0 queue Cubebe 330ml - Maison Masse","description":"Le poivre \u00e0 queue cubebe, un poivre aromatique et piquant qui ravira les gourmets en qu\u00eate de nouvelles saveurs. Parfait pour relever vos plats","robots":{"index":"index","follow":"follow","max-snippet":"max-snippet:-1","max-image-preview":"max-image-preview:large","max-video-preview":"max-video-preview:-1"},"canonical":"https:\/\/www.maison-masse.com\/produit\/poivre-queue-cubebe-330ml\/","og_locale":"en_US","og_type":"article","og_title":"POIVRE A QUEUE CUBEBE 330ML","og_description":"Le poivre \u00e0 queue cubebe, un poivre aromatique et piquant qui ravira les gourmets en qu\u00eate de nouvelles saveurs. Parfait pour relever vos plats","og_url":"https:\/\/www.maison-masse.com\/produit\/poivre-queue-cubebe-330ml\/","og_site_name":"Maison Masse","article_modified_time":"2026-04-07T06:49:58+00:00","og_image":[{"width":246,"height":100,"url":"https:\/\/www.maison-masse.com\/wp-content\/uploads\/2021\/06\/logo-maisonmasse.png","type":"image\/png"}],"twitter_card":"summary_large_image","twitter_misc":{"Est. reading time":"2 minutes"},"schema":{"@context":"https:\/\/schema.org","@graph":[{"@type":"WebPage","@id":"https:\/\/www.maison-masse.com\/produit\/poivre-queue-cubebe-330ml\/","url":"https:\/\/www.maison-masse.com\/produit\/poivre-queue-cubebe-330ml\/","name":"Poivre \u00e0 queue Cubebe 330ml - Maison Masse","isPartOf":{"@id":"https:\/\/www.maison-masse.com\/en\/#website"},"primaryImageOfPage":{"@id":"https:\/\/www.maison-masse.com\/produit\/poivre-queue-cubebe-330ml\/#primaryimage"},"image":{"@id":"https:\/\/www.maison-masse.com\/produit\/poivre-queue-cubebe-330ml\/#primaryimage"},"thumbnailUrl":"https:\/\/www.maison-masse.com\/wp-content\/uploads\/2021\/06\/AID0092.bmp","datePublished":"2021-06-16T09:11:21+00:00","dateModified":"2026-04-07T06:49:58+00:00","description":"Le poivre \u00e0 queue cubebe, un poivre aromatique et piquant qui ravira les gourmets en qu\u00eate de nouvelles saveurs. Parfait pour relever vos plats","breadcrumb":{"@id":"https:\/\/www.maison-masse.com\/produit\/poivre-queue-cubebe-330ml\/#breadcrumb"},"inLanguage":"en-US","potentialAction":[{"@type":"ReadAction","target":["https:\/\/www.maison-masse.com\/produit\/poivre-queue-cubebe-330ml\/"]}]},{"@type":"ImageObject","inLanguage":"en-US","@id":"https:\/\/www.maison-masse.com\/produit\/poivre-queue-cubebe-330ml\/#primaryimage","url":"https:\/\/www.maison-masse.com\/wp-content\/uploads\/2021\/06\/AID0092.bmp","contentUrl":"https:\/\/www.maison-masse.com\/wp-content\/uploads\/2021\/06\/AID0092.bmp","width":441,"height":593,"caption":"POIVRE QUEUE CUBEBE 330ML"},{"@type":"BreadcrumbList","@id":"https:\/\/www.maison-masse.com\/produit\/poivre-queue-cubebe-330ml\/#breadcrumb","itemListElement":[{"@type":"ListItem","position":1,"name":"Accueil","item":"https:\/\/www.maison-masse.com\/en\/"},{"@type":"ListItem","position":2,"name":"Boutique","item":"https:\/\/www.maison-masse.com\/boutique\/"},{"@type":"ListItem","position":3,"name":"POIVRE A QUEUE CUBEBE 330ML"}]},{"@type":"WebSite","@id":"https:\/\/www.maison-masse.com\/en\/#website","url":"https:\/\/www.maison-masse.com\/en\/","name":"Maison Masse","description":"La maison du foie gras depuis 1884","publisher":{"@id":"https:\/\/www.maison-masse.com\/en\/#organization"},"potentialAction":[{"@type":"SearchAction","target":{"@type":"EntryPoint","urlTemplate":"https:\/\/www.maison-masse.com\/en\/?s={search_term_string}"},"query-input":{"@type":"PropertyValueSpecification","valueRequired":true,"valueName":"search_term_string"}}],"inLanguage":"en-US"},{"@type":"Organization","@id":"https:\/\/www.maison-masse.com\/en\/#organization","name":"Maison Masse","url":"https:\/\/www.maison-masse.com\/en\/","logo":{"@type":"ImageObject","inLanguage":"en-US","@id":"https:\/\/www.maison-masse.com\/en\/#\/schema\/logo\/image\/","url":"https:\/\/www.maison-masse.com\/wp-content\/uploads\/2021\/06\/favicon.png","contentUrl":"https:\/\/www.maison-masse.com\/wp-content\/uploads\/2021\/06\/favicon.png","width":71,"height":72,"caption":"Maison Masse"},"image":{"@id":"https:\/\/www.maison-masse.com\/en\/#\/schema\/logo\/image\/"}}]}},"_links":{"self":[{"href":"https:\/\/www.maison-masse.com\/en\/wp-json\/wp\/v2\/product\/7495","targetHints":{"allow":["GET"]}}],"collection":[{"href":"https:\/\/www.maison-masse.com\/en\/wp-json\/wp\/v2\/product"}],"about":[{"href":"https:\/\/www.maison-masse.com\/en\/wp-json\/wp\/v2\/types\/product"}],"replies":[{"embeddable":true,"href":"https:\/\/www.maison-masse.com\/en\/wp-json\/wp\/v2\/comments?post=7495"}],"wp:featuredmedia":[{"embeddable":true,"href":"https:\/\/www.maison-masse.com\/en\/wp-json\/wp\/v2\/media\/8077"}],"wp:attachment":[{"href":"https:\/\/www.maison-masse.com\/en\/wp-json\/wp\/v2\/media?parent=7495"}],"wp:term":[{"taxonomy":"product_brand","embeddable":true,"href":"https:\/\/www.maison-masse.com\/en\/wp-json\/wp\/v2\/product_brand?post=7495"},{"taxonomy":"product_cat","embeddable":true,"href":"https:\/\/www.maison-masse.com\/en\/wp-json\/wp\/v2\/product_cat?post=7495"},{"taxonomy":"product_tag","embeddable":true,"href":"https:\/\/www.maison-masse.com\/en\/wp-json\/wp\/v2\/product_tag?post=7495"}],"curies":[{"name":"wp","href":"https:\/\/api.w.org\/{rel}","templated":true}]}}