{"id":7473,"date":"2021-06-16T11:11:09","date_gmt":"2021-06-16T09:11:09","guid":{"rendered":"https:\/\/maisonmasse.jk2agenceweb.com\/?post_type=product&#038;p=7473"},"modified":"2026-04-07T08:49:38","modified_gmt":"2026-04-07T06:49:38","slug":"cardamome-moulue-330ml","status":"publish","type":"product","link":"https:\/\/www.maison-masse.com\/en\/produit\/cardamome-moulue-330ml\/","title":{"rendered":"CARDAMOME MOULUE 330ML"},"content":{"rendered":"<p>La cardamome moulue est originaire d&#8217;Inde, cette \u00e9pice pousse en altitude dans le climat chaud et humide de la province de Keralaet des c\u00f4tes de Malabar .<br \/>\nAvec des ar\u00f4mes camphr\u00e9s et citronn\u00e9s rafraichissants, la cardamome poss\u00e8de une saveur piquante et poivr\u00e9e.<\/p>\n<p>Le petit plus : source de calcium et de fer, vertus digestives et r\u00e9duit les ballonnements.<\/p>\n<p>Utilisation de la cardamome moulue :<br \/>\nPour assaisonner les plats indiens (la cardamome entre dans la composition de m\u00e9langes d&#8217;\u00e9pices: curry, garam massala &#8230;)\u00a0 , bouquets garnis pour les poissons<br \/>\nEn p\u00e2tisserie pour accompagner des fruit, des pains &#8230;<\/p>\n<p><a href=\"https:\/\/www.maison-masse.com\/categorie-produit\/018-epices\/autres-epices\/\">D\u00e9couvrez les autres \u00e9pices de la Maison Masse\u00a0<\/a><\/p>\n<div class=\"woocommerce-tabs wc-tabs-wrapper full-width-tabs\" data-tab-style=\"fullwidth\">\n<div id=\"tab-description\" class=\"woocommerce-Tabs-panel woocommerce-Tabs-panel--description panel entry-content wc-tab\" role=\"tabpanel\" aria-labelledby=\"tab-title-description\">\n<p>Suivez-nous sur notre Instagram :\u00a0<a href=\"https:\/\/www.instagram.com\/maisonmasse\/\">https:\/\/www.instagram.com\/maisonmasse\/<\/a><\/p>\n<\/div>\n<\/div>\n","protected":false},"excerpt":{"rendered":"<p>Avec des ar\u00f4mes camphr\u00e9s et citronn\u00e9s rafraichissants, la cardamome poss\u00e8de une saveur piquante et poivr\u00e9e.<\/p>\n","protected":false},"featured_media":8033,"comment_status":"open","ping_status":"closed","template":"","meta":{"_acf_changed":false,"wprm-recipe-roundup-name":"","wprm-recipe-roundup-description":""},"product_brand":[],"product_cat":[499,310],"product_tag":[2925],"class_list":{"0":"post-7473","1":"product","2":"type-product","3":"status-publish","4":"has-post-thumbnail","6":"product_cat-autres-epices","7":"product_cat-les-produits-qui-ont-du-peps","8":"product_tag-cardamome","10":"first","11":"instock","12":"taxable","13":"shipping-taxable","14":"purchasable","15":"product-type-simple"},"acf":[],"yoast_head":"<!-- This site is optimized with the Yoast SEO Premium plugin v26.8 (Yoast SEO v26.8) - https:\/\/yoast.com\/product\/yoast-seo-premium-wordpress\/ -->\n<title>CARDAMOME MOULUE 330ML - Maison Masse<\/title>\n<meta name=\"description\" content=\"D\u00e9couvrez la cardamome moulue, originaire d&#039;Inde, elle pousse en altitude dans le climat chaud et humide de la province de Keralaet des c\u00f4tes de Malabar .\" \/>\n<meta name=\"robots\" content=\"index, follow, max-snippet:-1, max-image-preview:large, max-video-preview:-1\" \/>\n<link rel=\"canonical\" href=\"https:\/\/www.maison-masse.com\/produit\/cardamome-moulue-330ml\/\" \/>\n<meta property=\"og:locale\" content=\"en_US\" \/>\n<meta property=\"og:type\" content=\"article\" \/>\n<meta property=\"og:title\" content=\"CARDAMOME MOULUE 330ML\" \/>\n<meta property=\"og:description\" content=\"D\u00e9couvrez la cardamome moulue, originaire d&#039;Inde, elle pousse en altitude dans le climat chaud et humide de la province de Keralaet des c\u00f4tes de Malabar .\" \/>\n<meta property=\"og:url\" content=\"https:\/\/www.maison-masse.com\/produit\/cardamome-moulue-330ml\/\" \/>\n<meta property=\"og:site_name\" content=\"Maison Masse\" \/>\n<meta property=\"article:modified_time\" content=\"2026-04-07T06:49:38+00:00\" \/>\n<meta property=\"og:image\" content=\"https:\/\/www.maison-masse.com\/wp-content\/uploads\/2021\/06\/logo-maisonmasse.png\" \/>\n\t<meta property=\"og:image:width\" content=\"246\" \/>\n\t<meta property=\"og:image:height\" content=\"100\" \/>\n\t<meta property=\"og:image:type\" content=\"image\/png\" \/>\n<meta name=\"twitter:card\" content=\"summary_large_image\" \/>\n<meta name=\"twitter:label1\" content=\"Est. reading time\" \/>\n\t<meta name=\"twitter:data1\" content=\"1 minute\" \/>\n<script type=\"application\/ld+json\" class=\"yoast-schema-graph\">{\"@context\":\"https:\/\/schema.org\",\"@graph\":[{\"@type\":\"WebPage\",\"@id\":\"https:\/\/www.maison-masse.com\/produit\/cardamome-moulue-330ml\/\",\"url\":\"https:\/\/www.maison-masse.com\/produit\/cardamome-moulue-330ml\/\",\"name\":\"CARDAMOME MOULUE 330ML - Maison Masse\",\"isPartOf\":{\"@id\":\"https:\/\/www.maison-masse.com\/en\/#website\"},\"primaryImageOfPage\":{\"@id\":\"https:\/\/www.maison-masse.com\/produit\/cardamome-moulue-330ml\/#primaryimage\"},\"image\":{\"@id\":\"https:\/\/www.maison-masse.com\/produit\/cardamome-moulue-330ml\/#primaryimage\"},\"thumbnailUrl\":\"https:\/\/www.maison-masse.com\/wp-content\/uploads\/2021\/06\/AID0064.bmp\",\"datePublished\":\"2021-06-16T09:11:09+00:00\",\"dateModified\":\"2026-04-07T06:49:38+00:00\",\"description\":\"D\u00e9couvrez la cardamome moulue, originaire d'Inde, elle pousse en altitude dans le climat chaud et humide de la province de Keralaet des c\u00f4tes de Malabar .\",\"breadcrumb\":{\"@id\":\"https:\/\/www.maison-masse.com\/produit\/cardamome-moulue-330ml\/#breadcrumb\"},\"inLanguage\":\"en-US\",\"potentialAction\":[{\"@type\":\"ReadAction\",\"target\":[\"https:\/\/www.maison-masse.com\/produit\/cardamome-moulue-330ml\/\"]}]},{\"@type\":\"ImageObject\",\"inLanguage\":\"en-US\",\"@id\":\"https:\/\/www.maison-masse.com\/produit\/cardamome-moulue-330ml\/#primaryimage\",\"url\":\"https:\/\/www.maison-masse.com\/wp-content\/uploads\/2021\/06\/AID0064.bmp\",\"contentUrl\":\"https:\/\/www.maison-masse.com\/wp-content\/uploads\/2021\/06\/AID0064.bmp\",\"width\":180,\"height\":320,\"caption\":\"CARDAMOME MOULUE 330ML\"},{\"@type\":\"BreadcrumbList\",\"@id\":\"https:\/\/www.maison-masse.com\/produit\/cardamome-moulue-330ml\/#breadcrumb\",\"itemListElement\":[{\"@type\":\"ListItem\",\"position\":1,\"name\":\"Accueil\",\"item\":\"https:\/\/www.maison-masse.com\/en\/\"},{\"@type\":\"ListItem\",\"position\":2,\"name\":\"Boutique\",\"item\":\"https:\/\/www.maison-masse.com\/boutique\/\"},{\"@type\":\"ListItem\",\"position\":3,\"name\":\"CARDAMOME MOULUE 330ML\"}]},{\"@type\":\"WebSite\",\"@id\":\"https:\/\/www.maison-masse.com\/en\/#website\",\"url\":\"https:\/\/www.maison-masse.com\/en\/\",\"name\":\"Maison Masse\",\"description\":\"La maison du foie gras depuis 1884\",\"publisher\":{\"@id\":\"https:\/\/www.maison-masse.com\/en\/#organization\"},\"potentialAction\":[{\"@type\":\"SearchAction\",\"target\":{\"@type\":\"EntryPoint\",\"urlTemplate\":\"https:\/\/www.maison-masse.com\/en\/?s={search_term_string}\"},\"query-input\":{\"@type\":\"PropertyValueSpecification\",\"valueRequired\":true,\"valueName\":\"search_term_string\"}}],\"inLanguage\":\"en-US\"},{\"@type\":\"Organization\",\"@id\":\"https:\/\/www.maison-masse.com\/en\/#organization\",\"name\":\"Maison Masse\",\"url\":\"https:\/\/www.maison-masse.com\/en\/\",\"logo\":{\"@type\":\"ImageObject\",\"inLanguage\":\"en-US\",\"@id\":\"https:\/\/www.maison-masse.com\/en\/#\/schema\/logo\/image\/\",\"url\":\"https:\/\/www.maison-masse.com\/wp-content\/uploads\/2021\/06\/favicon.png\",\"contentUrl\":\"https:\/\/www.maison-masse.com\/wp-content\/uploads\/2021\/06\/favicon.png\",\"width\":71,\"height\":72,\"caption\":\"Maison Masse\"},\"image\":{\"@id\":\"https:\/\/www.maison-masse.com\/en\/#\/schema\/logo\/image\/\"}}]}<\/script>\n<!-- \/ Yoast SEO Premium plugin. -->","yoast_head_json":{"title":"CARDAMOME MOULUE 330ML - Maison Masse","description":"D\u00e9couvrez la cardamome moulue, originaire d'Inde, elle pousse en altitude dans le climat chaud et humide de la province de Keralaet des c\u00f4tes de Malabar .","robots":{"index":"index","follow":"follow","max-snippet":"max-snippet:-1","max-image-preview":"max-image-preview:large","max-video-preview":"max-video-preview:-1"},"canonical":"https:\/\/www.maison-masse.com\/produit\/cardamome-moulue-330ml\/","og_locale":"en_US","og_type":"article","og_title":"CARDAMOME MOULUE 330ML","og_description":"D\u00e9couvrez la cardamome moulue, originaire d'Inde, elle pousse en altitude dans le climat chaud et humide de la province de Keralaet des c\u00f4tes de Malabar .","og_url":"https:\/\/www.maison-masse.com\/produit\/cardamome-moulue-330ml\/","og_site_name":"Maison Masse","article_modified_time":"2026-04-07T06:49:38+00:00","og_image":[{"width":246,"height":100,"url":"https:\/\/www.maison-masse.com\/wp-content\/uploads\/2021\/06\/logo-maisonmasse.png","type":"image\/png"}],"twitter_card":"summary_large_image","twitter_misc":{"Est. reading time":"1 minute"},"schema":{"@context":"https:\/\/schema.org","@graph":[{"@type":"WebPage","@id":"https:\/\/www.maison-masse.com\/produit\/cardamome-moulue-330ml\/","url":"https:\/\/www.maison-masse.com\/produit\/cardamome-moulue-330ml\/","name":"CARDAMOME MOULUE 330ML - Maison Masse","isPartOf":{"@id":"https:\/\/www.maison-masse.com\/en\/#website"},"primaryImageOfPage":{"@id":"https:\/\/www.maison-masse.com\/produit\/cardamome-moulue-330ml\/#primaryimage"},"image":{"@id":"https:\/\/www.maison-masse.com\/produit\/cardamome-moulue-330ml\/#primaryimage"},"thumbnailUrl":"https:\/\/www.maison-masse.com\/wp-content\/uploads\/2021\/06\/AID0064.bmp","datePublished":"2021-06-16T09:11:09+00:00","dateModified":"2026-04-07T06:49:38+00:00","description":"D\u00e9couvrez la cardamome moulue, originaire d'Inde, elle pousse en altitude dans le climat chaud et humide de la province de Keralaet des c\u00f4tes de Malabar .","breadcrumb":{"@id":"https:\/\/www.maison-masse.com\/produit\/cardamome-moulue-330ml\/#breadcrumb"},"inLanguage":"en-US","potentialAction":[{"@type":"ReadAction","target":["https:\/\/www.maison-masse.com\/produit\/cardamome-moulue-330ml\/"]}]},{"@type":"ImageObject","inLanguage":"en-US","@id":"https:\/\/www.maison-masse.com\/produit\/cardamome-moulue-330ml\/#primaryimage","url":"https:\/\/www.maison-masse.com\/wp-content\/uploads\/2021\/06\/AID0064.bmp","contentUrl":"https:\/\/www.maison-masse.com\/wp-content\/uploads\/2021\/06\/AID0064.bmp","width":180,"height":320,"caption":"CARDAMOME MOULUE 330ML"},{"@type":"BreadcrumbList","@id":"https:\/\/www.maison-masse.com\/produit\/cardamome-moulue-330ml\/#breadcrumb","itemListElement":[{"@type":"ListItem","position":1,"name":"Accueil","item":"https:\/\/www.maison-masse.com\/en\/"},{"@type":"ListItem","position":2,"name":"Boutique","item":"https:\/\/www.maison-masse.com\/boutique\/"},{"@type":"ListItem","position":3,"name":"CARDAMOME MOULUE 330ML"}]},{"@type":"WebSite","@id":"https:\/\/www.maison-masse.com\/en\/#website","url":"https:\/\/www.maison-masse.com\/en\/","name":"Maison Masse","description":"La maison du foie gras depuis 1884","publisher":{"@id":"https:\/\/www.maison-masse.com\/en\/#organization"},"potentialAction":[{"@type":"SearchAction","target":{"@type":"EntryPoint","urlTemplate":"https:\/\/www.maison-masse.com\/en\/?s={search_term_string}"},"query-input":{"@type":"PropertyValueSpecification","valueRequired":true,"valueName":"search_term_string"}}],"inLanguage":"en-US"},{"@type":"Organization","@id":"https:\/\/www.maison-masse.com\/en\/#organization","name":"Maison Masse","url":"https:\/\/www.maison-masse.com\/en\/","logo":{"@type":"ImageObject","inLanguage":"en-US","@id":"https:\/\/www.maison-masse.com\/en\/#\/schema\/logo\/image\/","url":"https:\/\/www.maison-masse.com\/wp-content\/uploads\/2021\/06\/favicon.png","contentUrl":"https:\/\/www.maison-masse.com\/wp-content\/uploads\/2021\/06\/favicon.png","width":71,"height":72,"caption":"Maison Masse"},"image":{"@id":"https:\/\/www.maison-masse.com\/en\/#\/schema\/logo\/image\/"}}]}},"_links":{"self":[{"href":"https:\/\/www.maison-masse.com\/en\/wp-json\/wp\/v2\/product\/7473","targetHints":{"allow":["GET"]}}],"collection":[{"href":"https:\/\/www.maison-masse.com\/en\/wp-json\/wp\/v2\/product"}],"about":[{"href":"https:\/\/www.maison-masse.com\/en\/wp-json\/wp\/v2\/types\/product"}],"replies":[{"embeddable":true,"href":"https:\/\/www.maison-masse.com\/en\/wp-json\/wp\/v2\/comments?post=7473"}],"wp:featuredmedia":[{"embeddable":true,"href":"https:\/\/www.maison-masse.com\/en\/wp-json\/wp\/v2\/media\/8033"}],"wp:attachment":[{"href":"https:\/\/www.maison-masse.com\/en\/wp-json\/wp\/v2\/media?parent=7473"}],"wp:term":[{"taxonomy":"product_brand","embeddable":true,"href":"https:\/\/www.maison-masse.com\/en\/wp-json\/wp\/v2\/product_brand?post=7473"},{"taxonomy":"product_cat","embeddable":true,"href":"https:\/\/www.maison-masse.com\/en\/wp-json\/wp\/v2\/product_cat?post=7473"},{"taxonomy":"product_tag","embeddable":true,"href":"https:\/\/www.maison-masse.com\/en\/wp-json\/wp\/v2\/product_tag?post=7473"}],"curies":[{"name":"wp","href":"https:\/\/api.w.org\/{rel}","templated":true}]}}