{"id":7441,"date":"2021-06-16T11:10:56","date_gmt":"2021-06-16T09:10:56","guid":{"rendered":"https:\/\/maisonmasse.jk2agenceweb.com\/?post_type=product&#038;p=7441"},"modified":"2026-04-20T08:44:45","modified_gmt":"2026-04-20T06:44:45","slug":"melange-5-baies-330ml","status":"publish","type":"product","link":"https:\/\/www.maison-masse.com\/en\/produit\/melange-5-baies-330ml\/","title":{"rendered":"MELANGE 5 BAIES 330ML"},"content":{"rendered":"<p>Le m\u00e9lange 5 baies est une composition de 3 poivres (vert, noir et blanc) et de 2 faux poivres (baie rose et poivre de la Jama\u00efque). Son go\u00fbt se partage entre le piquant des diff\u00e9rents poivres et la touche sucr\u00e9e de la baie rose, ce qui cr\u00e9e en bouche une explosion de saveurs entre piquant et mordant avec une touche d&#8217;agrume et de menthe.<\/p>\n<p>Utilisation du m\u00e9lange 5 baies :<br \/>\nAssaisonne salades, poissons et fruits de mer, viandes rouges et blanches, grillades, fromages \u2026 Surprend les papilles lorsqu&#8217;on l&#8217;ajoute \u00e0 des pr\u00e9parations sucr\u00e9es<\/p>\n<p>D\u00e9couvrez les poivres et sels de la Maison Masse : <a href=\"https:\/\/www.maison-masse.com\/categorie-produit\/018-epices\/les-poivres-et-sels\/\">https:\/\/www.maison-masse.com\/categorie-produit\/018-epices\/les-poivres-et-sels\/<\/a><\/p>\n<p>Suivez-nous sur Instagram : <a href=\"https:\/\/www.instagram.com\/maisonmasse\/?hl=fr\">https:\/\/www.instagram.com\/maisonmasse\/?hl=fr<\/a><\/p>\n","protected":false},"excerpt":{"rendered":"<p>Le m\u00e9lange 5 baies est une composition de 3 poivres (vert, noir et blanc) et de 2 faux poivres (baie rose et poivre de la Jama\u00efque). Son go\u00fbt se partage entre le piquant des diff\u00e9rents poivres et la touche sucr\u00e9e de la baie rose, ce qui cr\u00e9e en bouche une explosion de saveurs entre piquant et mordant avec une touche d&#8217;agrume et de menthe.<\/p>\n","protected":false},"featured_media":7969,"comment_status":"open","ping_status":"closed","template":"","meta":{"_acf_changed":false,"wprm-recipe-roundup-name":"","wprm-recipe-roundup-description":""},"product_brand":[],"product_cat":[499],"product_tag":[2924,3041,2971],"class_list":{"0":"post-7441","1":"product","2":"type-product","3":"status-publish","4":"has-post-thumbnail","6":"product_cat-autres-epices","7":"product_tag-baies","8":"product_tag-melange-poivres-et-baies","9":"product_tag-poivres","11":"first","12":"instock","13":"taxable","14":"shipping-taxable","15":"purchasable","16":"product-type-simple"},"acf":[],"yoast_head":"<!-- This site is optimized with the Yoast SEO Premium plugin v26.8 (Yoast SEO v26.8) - https:\/\/yoast.com\/product\/yoast-seo-premium-wordpress\/ -->\n<title>MELANGE 5 BAIES 330ML - Maison Masse<\/title>\n<meta name=\"description\" content=\"M\u00e9lange 5 baies : Un assemblage unique de poivres et baies pour relever vos plats. Parfait pour les viandes, poissons, l\u00e9gumes et sauces. Commandez vite !\" \/>\n<meta name=\"robots\" content=\"index, follow, max-snippet:-1, max-image-preview:large, max-video-preview:-1\" \/>\n<link rel=\"canonical\" href=\"https:\/\/www.maison-masse.com\/produit\/melange-5-baies-330ml\/\" \/>\n<meta property=\"og:locale\" content=\"en_US\" \/>\n<meta property=\"og:type\" content=\"article\" \/>\n<meta property=\"og:title\" content=\"MELANGE 5 BAIES 330ML\" \/>\n<meta property=\"og:description\" content=\"M\u00e9lange 5 baies : Un assemblage unique de poivres et baies pour relever vos plats. Parfait pour les viandes, poissons, l\u00e9gumes et sauces. Commandez vite !\" \/>\n<meta property=\"og:url\" content=\"https:\/\/www.maison-masse.com\/produit\/melange-5-baies-330ml\/\" \/>\n<meta property=\"og:site_name\" content=\"Maison Masse\" \/>\n<meta property=\"article:modified_time\" content=\"2026-04-20T06:44:45+00:00\" \/>\n<meta property=\"og:image\" content=\"https:\/\/www.maison-masse.com\/wp-content\/uploads\/2021\/06\/logo-maisonmasse.png\" \/>\n\t<meta property=\"og:image:width\" content=\"246\" \/>\n\t<meta property=\"og:image:height\" content=\"100\" \/>\n\t<meta property=\"og:image:type\" content=\"image\/png\" \/>\n<meta name=\"twitter:card\" content=\"summary_large_image\" \/>\n<meta name=\"twitter:label1\" content=\"Est. reading time\" \/>\n\t<meta name=\"twitter:data1\" content=\"1 minute\" \/>\n<script type=\"application\/ld+json\" class=\"yoast-schema-graph\">{\"@context\":\"https:\/\/schema.org\",\"@graph\":[{\"@type\":\"WebPage\",\"@id\":\"https:\/\/www.maison-masse.com\/produit\/melange-5-baies-330ml\/\",\"url\":\"https:\/\/www.maison-masse.com\/produit\/melange-5-baies-330ml\/\",\"name\":\"MELANGE 5 BAIES 330ML - Maison Masse\",\"isPartOf\":{\"@id\":\"https:\/\/www.maison-masse.com\/en\/#website\"},\"primaryImageOfPage\":{\"@id\":\"https:\/\/www.maison-masse.com\/produit\/melange-5-baies-330ml\/#primaryimage\"},\"image\":{\"@id\":\"https:\/\/www.maison-masse.com\/produit\/melange-5-baies-330ml\/#primaryimage\"},\"thumbnailUrl\":\"https:\/\/www.maison-masse.com\/wp-content\/uploads\/2021\/06\/AID0027.bmp\",\"datePublished\":\"2021-06-16T09:10:56+00:00\",\"dateModified\":\"2026-04-20T06:44:45+00:00\",\"description\":\"M\u00e9lange 5 baies : Un assemblage unique de poivres et baies pour relever vos plats. Parfait pour les viandes, poissons, l\u00e9gumes et sauces. Commandez vite !\",\"breadcrumb\":{\"@id\":\"https:\/\/www.maison-masse.com\/produit\/melange-5-baies-330ml\/#breadcrumb\"},\"inLanguage\":\"en-US\",\"potentialAction\":[{\"@type\":\"ReadAction\",\"target\":[\"https:\/\/www.maison-masse.com\/produit\/melange-5-baies-330ml\/\"]}]},{\"@type\":\"ImageObject\",\"inLanguage\":\"en-US\",\"@id\":\"https:\/\/www.maison-masse.com\/produit\/melange-5-baies-330ml\/#primaryimage\",\"url\":\"https:\/\/www.maison-masse.com\/wp-content\/uploads\/2021\/06\/AID0027.bmp\",\"contentUrl\":\"https:\/\/www.maison-masse.com\/wp-content\/uploads\/2021\/06\/AID0027.bmp\",\"width\":450,\"height\":603,\"caption\":\"MELANGE 5 BAIES 330ML\"},{\"@type\":\"BreadcrumbList\",\"@id\":\"https:\/\/www.maison-masse.com\/produit\/melange-5-baies-330ml\/#breadcrumb\",\"itemListElement\":[{\"@type\":\"ListItem\",\"position\":1,\"name\":\"Accueil\",\"item\":\"https:\/\/www.maison-masse.com\/en\/\"},{\"@type\":\"ListItem\",\"position\":2,\"name\":\"Boutique\",\"item\":\"https:\/\/www.maison-masse.com\/boutique\/\"},{\"@type\":\"ListItem\",\"position\":3,\"name\":\"MELANGE 5 BAIES 330ML\"}]},{\"@type\":\"WebSite\",\"@id\":\"https:\/\/www.maison-masse.com\/en\/#website\",\"url\":\"https:\/\/www.maison-masse.com\/en\/\",\"name\":\"Maison Masse\",\"description\":\"La maison du foie gras depuis 1884\",\"publisher\":{\"@id\":\"https:\/\/www.maison-masse.com\/en\/#organization\"},\"potentialAction\":[{\"@type\":\"SearchAction\",\"target\":{\"@type\":\"EntryPoint\",\"urlTemplate\":\"https:\/\/www.maison-masse.com\/en\/?s={search_term_string}\"},\"query-input\":{\"@type\":\"PropertyValueSpecification\",\"valueRequired\":true,\"valueName\":\"search_term_string\"}}],\"inLanguage\":\"en-US\"},{\"@type\":\"Organization\",\"@id\":\"https:\/\/www.maison-masse.com\/en\/#organization\",\"name\":\"Maison Masse\",\"url\":\"https:\/\/www.maison-masse.com\/en\/\",\"logo\":{\"@type\":\"ImageObject\",\"inLanguage\":\"en-US\",\"@id\":\"https:\/\/www.maison-masse.com\/en\/#\/schema\/logo\/image\/\",\"url\":\"https:\/\/www.maison-masse.com\/wp-content\/uploads\/2021\/06\/favicon.png\",\"contentUrl\":\"https:\/\/www.maison-masse.com\/wp-content\/uploads\/2021\/06\/favicon.png\",\"width\":71,\"height\":72,\"caption\":\"Maison Masse\"},\"image\":{\"@id\":\"https:\/\/www.maison-masse.com\/en\/#\/schema\/logo\/image\/\"}}]}<\/script>\n<!-- \/ Yoast SEO Premium plugin. -->","yoast_head_json":{"title":"MELANGE 5 BAIES 330ML - Maison Masse","description":"M\u00e9lange 5 baies : Un assemblage unique de poivres et baies pour relever vos plats. Parfait pour les viandes, poissons, l\u00e9gumes et sauces. Commandez vite !","robots":{"index":"index","follow":"follow","max-snippet":"max-snippet:-1","max-image-preview":"max-image-preview:large","max-video-preview":"max-video-preview:-1"},"canonical":"https:\/\/www.maison-masse.com\/produit\/melange-5-baies-330ml\/","og_locale":"en_US","og_type":"article","og_title":"MELANGE 5 BAIES 330ML","og_description":"M\u00e9lange 5 baies : Un assemblage unique de poivres et baies pour relever vos plats. Parfait pour les viandes, poissons, l\u00e9gumes et sauces. Commandez vite !","og_url":"https:\/\/www.maison-masse.com\/produit\/melange-5-baies-330ml\/","og_site_name":"Maison Masse","article_modified_time":"2026-04-20T06:44:45+00:00","og_image":[{"width":246,"height":100,"url":"https:\/\/www.maison-masse.com\/wp-content\/uploads\/2021\/06\/logo-maisonmasse.png","type":"image\/png"}],"twitter_card":"summary_large_image","twitter_misc":{"Est. reading time":"1 minute"},"schema":{"@context":"https:\/\/schema.org","@graph":[{"@type":"WebPage","@id":"https:\/\/www.maison-masse.com\/produit\/melange-5-baies-330ml\/","url":"https:\/\/www.maison-masse.com\/produit\/melange-5-baies-330ml\/","name":"MELANGE 5 BAIES 330ML - Maison Masse","isPartOf":{"@id":"https:\/\/www.maison-masse.com\/en\/#website"},"primaryImageOfPage":{"@id":"https:\/\/www.maison-masse.com\/produit\/melange-5-baies-330ml\/#primaryimage"},"image":{"@id":"https:\/\/www.maison-masse.com\/produit\/melange-5-baies-330ml\/#primaryimage"},"thumbnailUrl":"https:\/\/www.maison-masse.com\/wp-content\/uploads\/2021\/06\/AID0027.bmp","datePublished":"2021-06-16T09:10:56+00:00","dateModified":"2026-04-20T06:44:45+00:00","description":"M\u00e9lange 5 baies : Un assemblage unique de poivres et baies pour relever vos plats. Parfait pour les viandes, poissons, l\u00e9gumes et sauces. Commandez vite !","breadcrumb":{"@id":"https:\/\/www.maison-masse.com\/produit\/melange-5-baies-330ml\/#breadcrumb"},"inLanguage":"en-US","potentialAction":[{"@type":"ReadAction","target":["https:\/\/www.maison-masse.com\/produit\/melange-5-baies-330ml\/"]}]},{"@type":"ImageObject","inLanguage":"en-US","@id":"https:\/\/www.maison-masse.com\/produit\/melange-5-baies-330ml\/#primaryimage","url":"https:\/\/www.maison-masse.com\/wp-content\/uploads\/2021\/06\/AID0027.bmp","contentUrl":"https:\/\/www.maison-masse.com\/wp-content\/uploads\/2021\/06\/AID0027.bmp","width":450,"height":603,"caption":"MELANGE 5 BAIES 330ML"},{"@type":"BreadcrumbList","@id":"https:\/\/www.maison-masse.com\/produit\/melange-5-baies-330ml\/#breadcrumb","itemListElement":[{"@type":"ListItem","position":1,"name":"Accueil","item":"https:\/\/www.maison-masse.com\/en\/"},{"@type":"ListItem","position":2,"name":"Boutique","item":"https:\/\/www.maison-masse.com\/boutique\/"},{"@type":"ListItem","position":3,"name":"MELANGE 5 BAIES 330ML"}]},{"@type":"WebSite","@id":"https:\/\/www.maison-masse.com\/en\/#website","url":"https:\/\/www.maison-masse.com\/en\/","name":"Maison Masse","description":"La maison du foie gras depuis 1884","publisher":{"@id":"https:\/\/www.maison-masse.com\/en\/#organization"},"potentialAction":[{"@type":"SearchAction","target":{"@type":"EntryPoint","urlTemplate":"https:\/\/www.maison-masse.com\/en\/?s={search_term_string}"},"query-input":{"@type":"PropertyValueSpecification","valueRequired":true,"valueName":"search_term_string"}}],"inLanguage":"en-US"},{"@type":"Organization","@id":"https:\/\/www.maison-masse.com\/en\/#organization","name":"Maison Masse","url":"https:\/\/www.maison-masse.com\/en\/","logo":{"@type":"ImageObject","inLanguage":"en-US","@id":"https:\/\/www.maison-masse.com\/en\/#\/schema\/logo\/image\/","url":"https:\/\/www.maison-masse.com\/wp-content\/uploads\/2021\/06\/favicon.png","contentUrl":"https:\/\/www.maison-masse.com\/wp-content\/uploads\/2021\/06\/favicon.png","width":71,"height":72,"caption":"Maison Masse"},"image":{"@id":"https:\/\/www.maison-masse.com\/en\/#\/schema\/logo\/image\/"}}]}},"_links":{"self":[{"href":"https:\/\/www.maison-masse.com\/en\/wp-json\/wp\/v2\/product\/7441","targetHints":{"allow":["GET"]}}],"collection":[{"href":"https:\/\/www.maison-masse.com\/en\/wp-json\/wp\/v2\/product"}],"about":[{"href":"https:\/\/www.maison-masse.com\/en\/wp-json\/wp\/v2\/types\/product"}],"replies":[{"embeddable":true,"href":"https:\/\/www.maison-masse.com\/en\/wp-json\/wp\/v2\/comments?post=7441"}],"wp:featuredmedia":[{"embeddable":true,"href":"https:\/\/www.maison-masse.com\/en\/wp-json\/wp\/v2\/media\/7969"}],"wp:attachment":[{"href":"https:\/\/www.maison-masse.com\/en\/wp-json\/wp\/v2\/media?parent=7441"}],"wp:term":[{"taxonomy":"product_brand","embeddable":true,"href":"https:\/\/www.maison-masse.com\/en\/wp-json\/wp\/v2\/product_brand?post=7441"},{"taxonomy":"product_cat","embeddable":true,"href":"https:\/\/www.maison-masse.com\/en\/wp-json\/wp\/v2\/product_cat?post=7441"},{"taxonomy":"product_tag","embeddable":true,"href":"https:\/\/www.maison-masse.com\/en\/wp-json\/wp\/v2\/product_tag?post=7441"}],"curies":[{"name":"wp","href":"https:\/\/api.w.org\/{rel}","templated":true}]}}