{"id":7439,"date":"2021-06-16T11:10:55","date_gmt":"2021-06-16T09:10:55","guid":{"rendered":"https:\/\/maisonmasse.jk2agenceweb.com\/?post_type=product&#038;p=7439"},"modified":"2026-04-07T08:49:14","modified_gmt":"2026-04-07T06:49:14","slug":"epices-5-parfums-chinoises-maison-masse","status":"publish","type":"product","link":"https:\/\/www.maison-masse.com\/en\/produit\/epices-5-parfums-chinoises-maison-masse\/","title":{"rendered":"EPICES 5 PARFUMS CHINOISES"},"content":{"rendered":"<p>Ce mix d&#8217;epices 5 parfums chinoises (six en r\u00e9alit\u00e9) permet de relever les plats et de conserver les aliments. Il apporte un m\u00e9lange de saveurs douces, chaudes et piquantes.<\/p>\n<p>Le petit plus :<br \/>\nCe m\u00e9lange d&#8217;\u00e9pices est plein d&#8217;antioxydants et a de multiples vertus :\u00a0 antispasmodiques, anti-inflammatoires et antibact\u00e9riens, troubles digestifs en g\u00e9n\u00e9ral et l\u2019inflammation des voies respiratoires.<\/p>\n<p>Utilisation :<br \/>\nDans les plats sal\u00e9s, en marinade, mijot\u00e9s avec les poissons, viandes ou volaille, dans les sauces.<br \/>\nAvec des fruits : banane, coing<br \/>\nEn assaisonnement de riz ou de vinaigrette<br \/>\nEn sucr\u00e9, dans la r\u00e9alisation de pains d&#8217;\u00e9pices et sabl\u00e9s.<\/p>\n<p>Ingr\u00e9dient de ce mix d&#8217;epices 5 parfums chinoises : coriandre, fenouil, anis, cannelle, girofle, poivre noir<\/p>\n<p><a href=\"https:\/\/www.maison-masse.com\/categorie-produit\/018-epices\/les-melanges\/\">D\u00e9couvrez les autres m\u00e9langes de la Maison\u00a0<\/a><\/p>\n<div class=\"woocommerce-tabs wc-tabs-wrapper full-width-tabs\" data-tab-style=\"fullwidth\">\n<div id=\"tab-description\" class=\"woocommerce-Tabs-panel woocommerce-Tabs-panel--description panel entry-content wc-tab\" role=\"tabpanel\" aria-labelledby=\"tab-title-description\">\n<p>Suivez-nous sur notre Instagram :\u00a0<a href=\"https:\/\/www.instagram.com\/maisonmasse\/\">https:\/\/www.instagram.com\/maisonmasse\/<\/a><\/p>\n<\/div>\n<\/div>\n","protected":false},"excerpt":{"rendered":"<p>Ce mix de cinq \u00e9pices (six en r\u00e9alit\u00e9) permet de relever les plats et de conserver les aliments. Il apporte un m\u00e9lange de saveurs douces, chaudes et piquantes.<\/p>\n","protected":false},"featured_media":7965,"comment_status":"open","ping_status":"closed","template":"","meta":{"_acf_changed":false,"wprm-recipe-roundup-name":"","wprm-recipe-roundup-description":""},"product_brand":[],"product_cat":[499],"product_tag":[2001,3043],"class_list":{"0":"post-7439","1":"product","2":"type-product","3":"status-publish","4":"has-post-thumbnail","6":"product_cat-autres-epices","7":"product_tag-epices","8":"product_tag-epices-5-parfums-chinoises","10":"first","11":"instock","12":"taxable","13":"shipping-taxable","14":"purchasable","15":"product-type-simple"},"acf":[],"yoast_head":"<!-- This site is optimized with the Yoast SEO Premium plugin v26.8 (Yoast SEO v26.8) - https:\/\/yoast.com\/product\/yoast-seo-premium-wordpress\/ -->\n<title>EPICES 5 PARFUMS CHINOISES - Maison Masse<\/title>\n<meta name=\"description\" content=\"D\u00e9couvrez ce mix d&#039;epices 5 parfums chinoises qui permet de relever les plats. Il apporte un m\u00e9lange de saveurs douces, chaudes et piquantes.\" \/>\n<meta name=\"robots\" content=\"index, follow, max-snippet:-1, max-image-preview:large, max-video-preview:-1\" \/>\n<link rel=\"canonical\" href=\"https:\/\/www.maison-masse.com\/produit\/epices-5-parfums-chinoises-maison-masse\/\" \/>\n<meta property=\"og:locale\" content=\"en_US\" \/>\n<meta property=\"og:type\" content=\"article\" \/>\n<meta property=\"og:title\" content=\"EPICES 5 PARFUMS CHINOISES\" \/>\n<meta property=\"og:description\" content=\"D\u00e9couvrez ce mix d&#039;epices 5 parfums chinoises qui permet de relever les plats. Il apporte un m\u00e9lange de saveurs douces, chaudes et piquantes.\" \/>\n<meta property=\"og:url\" content=\"https:\/\/www.maison-masse.com\/produit\/epices-5-parfums-chinoises-maison-masse\/\" \/>\n<meta property=\"og:site_name\" content=\"Maison Masse\" \/>\n<meta property=\"article:modified_time\" content=\"2026-04-07T06:49:14+00:00\" \/>\n<meta property=\"og:image\" content=\"https:\/\/www.maison-masse.com\/wp-content\/uploads\/2021\/06\/logo-maisonmasse.png\" \/>\n\t<meta property=\"og:image:width\" content=\"246\" \/>\n\t<meta property=\"og:image:height\" content=\"100\" \/>\n\t<meta property=\"og:image:type\" content=\"image\/png\" \/>\n<meta name=\"twitter:card\" content=\"summary_large_image\" \/>\n<meta name=\"twitter:label1\" content=\"Est. reading time\" \/>\n\t<meta name=\"twitter:data1\" content=\"1 minute\" \/>\n<script type=\"application\/ld+json\" class=\"yoast-schema-graph\">{\"@context\":\"https:\/\/schema.org\",\"@graph\":[{\"@type\":\"WebPage\",\"@id\":\"https:\/\/www.maison-masse.com\/produit\/epices-5-parfums-chinoises-maison-masse\/\",\"url\":\"https:\/\/www.maison-masse.com\/produit\/epices-5-parfums-chinoises-maison-masse\/\",\"name\":\"EPICES 5 PARFUMS CHINOISES - Maison Masse\",\"isPartOf\":{\"@id\":\"https:\/\/www.maison-masse.com\/en\/#website\"},\"primaryImageOfPage\":{\"@id\":\"https:\/\/www.maison-masse.com\/produit\/epices-5-parfums-chinoises-maison-masse\/#primaryimage\"},\"image\":{\"@id\":\"https:\/\/www.maison-masse.com\/produit\/epices-5-parfums-chinoises-maison-masse\/#primaryimage\"},\"thumbnailUrl\":\"https:\/\/www.maison-masse.com\/wp-content\/uploads\/2021\/06\/AID0019.bmp\",\"datePublished\":\"2021-06-16T09:10:55+00:00\",\"dateModified\":\"2026-04-07T06:49:14+00:00\",\"description\":\"D\u00e9couvrez ce mix d'epices 5 parfums chinoises qui permet de relever les plats. Il apporte un m\u00e9lange de saveurs douces, chaudes et piquantes.\",\"breadcrumb\":{\"@id\":\"https:\/\/www.maison-masse.com\/produit\/epices-5-parfums-chinoises-maison-masse\/#breadcrumb\"},\"inLanguage\":\"en-US\",\"potentialAction\":[{\"@type\":\"ReadAction\",\"target\":[\"https:\/\/www.maison-masse.com\/produit\/epices-5-parfums-chinoises-maison-masse\/\"]}]},{\"@type\":\"ImageObject\",\"inLanguage\":\"en-US\",\"@id\":\"https:\/\/www.maison-masse.com\/produit\/epices-5-parfums-chinoises-maison-masse\/#primaryimage\",\"url\":\"https:\/\/www.maison-masse.com\/wp-content\/uploads\/2021\/06\/AID0019.bmp\",\"contentUrl\":\"https:\/\/www.maison-masse.com\/wp-content\/uploads\/2021\/06\/AID0019.bmp\",\"width\":180,\"height\":320,\"caption\":\"EPICES 5 PARFUMS CHINOISES\"},{\"@type\":\"BreadcrumbList\",\"@id\":\"https:\/\/www.maison-masse.com\/produit\/epices-5-parfums-chinoises-maison-masse\/#breadcrumb\",\"itemListElement\":[{\"@type\":\"ListItem\",\"position\":1,\"name\":\"Accueil\",\"item\":\"https:\/\/www.maison-masse.com\/en\/\"},{\"@type\":\"ListItem\",\"position\":2,\"name\":\"Boutique\",\"item\":\"https:\/\/www.maison-masse.com\/boutique\/\"},{\"@type\":\"ListItem\",\"position\":3,\"name\":\"EPICES 5 PARFUMS CHINOISES\"}]},{\"@type\":\"WebSite\",\"@id\":\"https:\/\/www.maison-masse.com\/en\/#website\",\"url\":\"https:\/\/www.maison-masse.com\/en\/\",\"name\":\"Maison Masse\",\"description\":\"La maison du foie gras depuis 1884\",\"publisher\":{\"@id\":\"https:\/\/www.maison-masse.com\/en\/#organization\"},\"potentialAction\":[{\"@type\":\"SearchAction\",\"target\":{\"@type\":\"EntryPoint\",\"urlTemplate\":\"https:\/\/www.maison-masse.com\/en\/?s={search_term_string}\"},\"query-input\":{\"@type\":\"PropertyValueSpecification\",\"valueRequired\":true,\"valueName\":\"search_term_string\"}}],\"inLanguage\":\"en-US\"},{\"@type\":\"Organization\",\"@id\":\"https:\/\/www.maison-masse.com\/en\/#organization\",\"name\":\"Maison Masse\",\"url\":\"https:\/\/www.maison-masse.com\/en\/\",\"logo\":{\"@type\":\"ImageObject\",\"inLanguage\":\"en-US\",\"@id\":\"https:\/\/www.maison-masse.com\/en\/#\/schema\/logo\/image\/\",\"url\":\"https:\/\/www.maison-masse.com\/wp-content\/uploads\/2021\/06\/favicon.png\",\"contentUrl\":\"https:\/\/www.maison-masse.com\/wp-content\/uploads\/2021\/06\/favicon.png\",\"width\":71,\"height\":72,\"caption\":\"Maison Masse\"},\"image\":{\"@id\":\"https:\/\/www.maison-masse.com\/en\/#\/schema\/logo\/image\/\"}}]}<\/script>\n<!-- \/ Yoast SEO Premium plugin. -->","yoast_head_json":{"title":"EPICES 5 PARFUMS CHINOISES - Maison Masse","description":"D\u00e9couvrez ce mix d'epices 5 parfums chinoises qui permet de relever les plats. Il apporte un m\u00e9lange de saveurs douces, chaudes et piquantes.","robots":{"index":"index","follow":"follow","max-snippet":"max-snippet:-1","max-image-preview":"max-image-preview:large","max-video-preview":"max-video-preview:-1"},"canonical":"https:\/\/www.maison-masse.com\/produit\/epices-5-parfums-chinoises-maison-masse\/","og_locale":"en_US","og_type":"article","og_title":"EPICES 5 PARFUMS CHINOISES","og_description":"D\u00e9couvrez ce mix d'epices 5 parfums chinoises qui permet de relever les plats. Il apporte un m\u00e9lange de saveurs douces, chaudes et piquantes.","og_url":"https:\/\/www.maison-masse.com\/produit\/epices-5-parfums-chinoises-maison-masse\/","og_site_name":"Maison Masse","article_modified_time":"2026-04-07T06:49:14+00:00","og_image":[{"width":246,"height":100,"url":"https:\/\/www.maison-masse.com\/wp-content\/uploads\/2021\/06\/logo-maisonmasse.png","type":"image\/png"}],"twitter_card":"summary_large_image","twitter_misc":{"Est. reading time":"1 minute"},"schema":{"@context":"https:\/\/schema.org","@graph":[{"@type":"WebPage","@id":"https:\/\/www.maison-masse.com\/produit\/epices-5-parfums-chinoises-maison-masse\/","url":"https:\/\/www.maison-masse.com\/produit\/epices-5-parfums-chinoises-maison-masse\/","name":"EPICES 5 PARFUMS CHINOISES - Maison Masse","isPartOf":{"@id":"https:\/\/www.maison-masse.com\/en\/#website"},"primaryImageOfPage":{"@id":"https:\/\/www.maison-masse.com\/produit\/epices-5-parfums-chinoises-maison-masse\/#primaryimage"},"image":{"@id":"https:\/\/www.maison-masse.com\/produit\/epices-5-parfums-chinoises-maison-masse\/#primaryimage"},"thumbnailUrl":"https:\/\/www.maison-masse.com\/wp-content\/uploads\/2021\/06\/AID0019.bmp","datePublished":"2021-06-16T09:10:55+00:00","dateModified":"2026-04-07T06:49:14+00:00","description":"D\u00e9couvrez ce mix d'epices 5 parfums chinoises qui permet de relever les plats. Il apporte un m\u00e9lange de saveurs douces, chaudes et piquantes.","breadcrumb":{"@id":"https:\/\/www.maison-masse.com\/produit\/epices-5-parfums-chinoises-maison-masse\/#breadcrumb"},"inLanguage":"en-US","potentialAction":[{"@type":"ReadAction","target":["https:\/\/www.maison-masse.com\/produit\/epices-5-parfums-chinoises-maison-masse\/"]}]},{"@type":"ImageObject","inLanguage":"en-US","@id":"https:\/\/www.maison-masse.com\/produit\/epices-5-parfums-chinoises-maison-masse\/#primaryimage","url":"https:\/\/www.maison-masse.com\/wp-content\/uploads\/2021\/06\/AID0019.bmp","contentUrl":"https:\/\/www.maison-masse.com\/wp-content\/uploads\/2021\/06\/AID0019.bmp","width":180,"height":320,"caption":"EPICES 5 PARFUMS CHINOISES"},{"@type":"BreadcrumbList","@id":"https:\/\/www.maison-masse.com\/produit\/epices-5-parfums-chinoises-maison-masse\/#breadcrumb","itemListElement":[{"@type":"ListItem","position":1,"name":"Accueil","item":"https:\/\/www.maison-masse.com\/en\/"},{"@type":"ListItem","position":2,"name":"Boutique","item":"https:\/\/www.maison-masse.com\/boutique\/"},{"@type":"ListItem","position":3,"name":"EPICES 5 PARFUMS CHINOISES"}]},{"@type":"WebSite","@id":"https:\/\/www.maison-masse.com\/en\/#website","url":"https:\/\/www.maison-masse.com\/en\/","name":"Maison Masse","description":"La maison du foie gras depuis 1884","publisher":{"@id":"https:\/\/www.maison-masse.com\/en\/#organization"},"potentialAction":[{"@type":"SearchAction","target":{"@type":"EntryPoint","urlTemplate":"https:\/\/www.maison-masse.com\/en\/?s={search_term_string}"},"query-input":{"@type":"PropertyValueSpecification","valueRequired":true,"valueName":"search_term_string"}}],"inLanguage":"en-US"},{"@type":"Organization","@id":"https:\/\/www.maison-masse.com\/en\/#organization","name":"Maison Masse","url":"https:\/\/www.maison-masse.com\/en\/","logo":{"@type":"ImageObject","inLanguage":"en-US","@id":"https:\/\/www.maison-masse.com\/en\/#\/schema\/logo\/image\/","url":"https:\/\/www.maison-masse.com\/wp-content\/uploads\/2021\/06\/favicon.png","contentUrl":"https:\/\/www.maison-masse.com\/wp-content\/uploads\/2021\/06\/favicon.png","width":71,"height":72,"caption":"Maison Masse"},"image":{"@id":"https:\/\/www.maison-masse.com\/en\/#\/schema\/logo\/image\/"}}]}},"_links":{"self":[{"href":"https:\/\/www.maison-masse.com\/en\/wp-json\/wp\/v2\/product\/7439","targetHints":{"allow":["GET"]}}],"collection":[{"href":"https:\/\/www.maison-masse.com\/en\/wp-json\/wp\/v2\/product"}],"about":[{"href":"https:\/\/www.maison-masse.com\/en\/wp-json\/wp\/v2\/types\/product"}],"replies":[{"embeddable":true,"href":"https:\/\/www.maison-masse.com\/en\/wp-json\/wp\/v2\/comments?post=7439"}],"wp:featuredmedia":[{"embeddable":true,"href":"https:\/\/www.maison-masse.com\/en\/wp-json\/wp\/v2\/media\/7965"}],"wp:attachment":[{"href":"https:\/\/www.maison-masse.com\/en\/wp-json\/wp\/v2\/media?parent=7439"}],"wp:term":[{"taxonomy":"product_brand","embeddable":true,"href":"https:\/\/www.maison-masse.com\/en\/wp-json\/wp\/v2\/product_brand?post=7439"},{"taxonomy":"product_cat","embeddable":true,"href":"https:\/\/www.maison-masse.com\/en\/wp-json\/wp\/v2\/product_cat?post=7439"},{"taxonomy":"product_tag","embeddable":true,"href":"https:\/\/www.maison-masse.com\/en\/wp-json\/wp\/v2\/product_tag?post=7439"}],"curies":[{"name":"wp","href":"https:\/\/api.w.org\/{rel}","templated":true}]}}