{"id":7437,"date":"2021-06-16T11:10:54","date_gmt":"2021-06-16T09:10:54","guid":{"rendered":"https:\/\/maisonmasse.jk2agenceweb.com\/?post_type=product&#038;p=7437"},"modified":"2026-04-14T08:03:08","modified_gmt":"2026-04-14T06:03:08","slug":"safran-filament-5g","status":"publish","type":"product","link":"https:\/\/www.maison-masse.com\/en\/produit\/safran-filament-5g\/","title":{"rendered":"SAFRAN FILAMENT 5G"},"content":{"rendered":"<p>Ce safran filament 5g\u00a0 unique aux vertus pr\u00e9serv\u00e9es est issu d\u2019une agriculture proscrivant l&#8217;emploi de tous produits chimiques de synth\u00e8se. Ainsi, il pr\u00e9serve ainsi la biologie du sol et de son environnement.<\/p>\n<div class=\"flex-shrink-0 flex flex-col relative items-end\">\n<div>\n<div class=\"pt-0.5 juice:pt-0\">\n<div class=\"gizmo-bot-avatar flex h-6 w-6 items-center justify-center overflow-hidden rounded-full juice:h-8 juice:w-8\">\n<div class=\"relative p-1 rounded-sm flex items-center justify-center bg-token-main-surface-primary text-token-text-primary h-8 w-8\">Les gens r\u00e9coltent \u00e0 la main les trois stigmates rouges que chaque fleur de crocus contient, puis ils les font s\u00e9cher pour obtenir le safran, ce qui en fait sa raret\u00e9.<\/div>\n<\/div>\n<\/div>\n<\/div>\n<\/div>\n<p>La qualit\u00e9 exceptionnelle du safran est le pur reflet de son terroir. C&#8217;est pour cela que l\u2019\u00e9quilibre subtil des diff\u00e9rents composants organoleptiques t\u00e9moigne du raffinement et de l\u2019excellence du safran. Ainsi, on classe le safran en cat\u00e9gorie 1 (norme ISO 3632).<\/p>\n<p>C\u2019est la main de l\u2019homme qui travaille la terre:<br \/>\nLes gens r\u00e9alisent minutieusement chaque \u00e9tape \u00e0 la main, de la plantation des bulbes \u00e0 la cueillette, l\u2019\u00e9mondage et la torr\u00e9faction, dans le respect d\u2019un savoir-faire traditionnel fran\u00e7ais.<\/p>\n<p>Le petit plus :<br \/>\nTr\u00e8s riche en carot\u00e9no\u00efdes les vertus du safran ne se comptent pas : propri\u00e9t\u00e9s anti-cancer, anti-radicalaire, analg\u00e9sique, antid\u00e9presseur&#8230;Les gens utilisent ce rem\u00e8de de tous les maux depuis l&#8217;antiquit\u00e9.<\/p>\n<p>Utilisation du safran filament 5g :<br \/>\nDans les pr\u00e9parations sal\u00e9s : risottos, agneau&#8230;<br \/>\nDans les pr\u00e9parations sucr\u00e9es: en cr\u00e8me p\u00e2tissi\u00e8re, cr\u00e8me anglaise, p\u00e2tes \u00e0 tarte&#8230;<br \/>\nS&#8217;utilise toujours en petite quantit\u00e9.<\/p>\n<p><a href=\"https:\/\/www.maison-masse.com\/categorie-produit\/018-epices\/safran-vanille\/\">D\u00e9couvrez les autres safran de la Maison Masse<\/a><\/p>\n<div class=\"woocommerce-tabs wc-tabs-wrapper full-width-tabs\" data-tab-style=\"fullwidth\">\n<div id=\"tab-description\" class=\"woocommerce-Tabs-panel woocommerce-Tabs-panel--description panel entry-content wc-tab\" role=\"tabpanel\" aria-labelledby=\"tab-title-description\">\n<p>Suivez-nous sur notre Instagram :\u00a0<a href=\"https:\/\/www.instagram.com\/maisonmasse\/\">https:\/\/www.instagram.com\/maisonmasse\/<\/a><\/p>\n<\/div>\n<\/div>\n","protected":false},"excerpt":{"rendered":"<p>Le safran est le pistil s\u00e9ch\u00e9 (stigmate) de la fleur de crocus, chaque fleur ne contient que trois stigmates rouges qui doivent \u00eatre r\u00e9colt\u00e9es \u00e0 la main ce qui en fait sa raret\u00e9.<\/p>\n","protected":false},"featured_media":7961,"comment_status":"open","ping_status":"closed","template":"","meta":{"_acf_changed":false,"wprm-recipe-roundup-name":"","wprm-recipe-roundup-description":""},"product_brand":[],"product_cat":[310,497],"product_tag":[2923,2922],"class_list":{"0":"post-7437","1":"product","2":"type-product","3":"status-publish","4":"has-post-thumbnail","6":"product_cat-les-produits-qui-ont-du-peps","7":"product_cat-safran-vanille","8":"product_tag-filament","9":"product_tag-safran","11":"first","12":"instock","13":"taxable","14":"shipping-taxable","15":"purchasable","16":"product-type-simple"},"acf":[],"yoast_head":"<!-- This site is optimized with the Yoast SEO Premium plugin v26.8 (Yoast SEO v26.8) - https:\/\/yoast.com\/product\/yoast-seo-premium-wordpress\/ -->\n<title>SAFRAN FILAMENT 5G - Maison Masse<\/title>\n<meta name=\"description\" content=\"D\u00e9couvrez les vertus et les avantages de ce safran filament 5g ainsi que les d\u00e9tails de son utilisation et le proc\u00e9d\u00e9 de fabrication...\" \/>\n<meta name=\"robots\" content=\"index, follow, max-snippet:-1, max-image-preview:large, max-video-preview:-1\" \/>\n<link rel=\"canonical\" href=\"https:\/\/www.maison-masse.com\/produit\/safran-filament-5g\/\" \/>\n<meta property=\"og:locale\" content=\"en_US\" \/>\n<meta property=\"og:type\" content=\"article\" \/>\n<meta property=\"og:title\" content=\"SAFRAN FILAMENT 5G\" \/>\n<meta property=\"og:description\" content=\"D\u00e9couvrez les vertus et les avantages de ce safran filament 5g ainsi que les d\u00e9tails de son utilisation et le proc\u00e9d\u00e9 de fabrication...\" \/>\n<meta property=\"og:url\" content=\"https:\/\/www.maison-masse.com\/produit\/safran-filament-5g\/\" \/>\n<meta property=\"og:site_name\" content=\"Maison Masse\" \/>\n<meta property=\"article:modified_time\" content=\"2026-04-14T06:03:08+00:00\" \/>\n<meta property=\"og:image\" content=\"https:\/\/www.maison-masse.com\/wp-content\/uploads\/2021\/06\/logo-maisonmasse.png\" \/>\n\t<meta property=\"og:image:width\" content=\"246\" \/>\n\t<meta property=\"og:image:height\" content=\"100\" \/>\n\t<meta property=\"og:image:type\" content=\"image\/png\" \/>\n<meta name=\"twitter:card\" content=\"summary_large_image\" \/>\n<meta name=\"twitter:label1\" content=\"Est. reading time\" \/>\n\t<meta name=\"twitter:data1\" content=\"2 minutes\" \/>\n<script type=\"application\/ld+json\" class=\"yoast-schema-graph\">{\"@context\":\"https:\/\/schema.org\",\"@graph\":[{\"@type\":\"WebPage\",\"@id\":\"https:\/\/www.maison-masse.com\/produit\/safran-filament-5g\/\",\"url\":\"https:\/\/www.maison-masse.com\/produit\/safran-filament-5g\/\",\"name\":\"SAFRAN FILAMENT 5G - Maison Masse\",\"isPartOf\":{\"@id\":\"https:\/\/www.maison-masse.com\/en\/#website\"},\"primaryImageOfPage\":{\"@id\":\"https:\/\/www.maison-masse.com\/produit\/safran-filament-5g\/#primaryimage\"},\"image\":{\"@id\":\"https:\/\/www.maison-masse.com\/produit\/safran-filament-5g\/#primaryimage\"},\"thumbnailUrl\":\"https:\/\/www.maison-masse.com\/wp-content\/uploads\/2021\/06\/AID0007.bmp\",\"datePublished\":\"2021-06-16T09:10:54+00:00\",\"dateModified\":\"2026-04-14T06:03:08+00:00\",\"description\":\"D\u00e9couvrez les vertus et les avantages de ce safran filament 5g ainsi que les d\u00e9tails de son utilisation et le proc\u00e9d\u00e9 de fabrication...\",\"breadcrumb\":{\"@id\":\"https:\/\/www.maison-masse.com\/produit\/safran-filament-5g\/#breadcrumb\"},\"inLanguage\":\"en-US\",\"potentialAction\":[{\"@type\":\"ReadAction\",\"target\":[\"https:\/\/www.maison-masse.com\/produit\/safran-filament-5g\/\"]}]},{\"@type\":\"ImageObject\",\"inLanguage\":\"en-US\",\"@id\":\"https:\/\/www.maison-masse.com\/produit\/safran-filament-5g\/#primaryimage\",\"url\":\"https:\/\/www.maison-masse.com\/wp-content\/uploads\/2021\/06\/AID0007.bmp\",\"contentUrl\":\"https:\/\/www.maison-masse.com\/wp-content\/uploads\/2021\/06\/AID0007.bmp\",\"width\":897,\"height\":603,\"caption\":\"SAFRAN FILAMENT 5G\"},{\"@type\":\"BreadcrumbList\",\"@id\":\"https:\/\/www.maison-masse.com\/produit\/safran-filament-5g\/#breadcrumb\",\"itemListElement\":[{\"@type\":\"ListItem\",\"position\":1,\"name\":\"Accueil\",\"item\":\"https:\/\/www.maison-masse.com\/en\/\"},{\"@type\":\"ListItem\",\"position\":2,\"name\":\"Boutique\",\"item\":\"https:\/\/www.maison-masse.com\/boutique\/\"},{\"@type\":\"ListItem\",\"position\":3,\"name\":\"SAFRAN FILAMENT 5G\"}]},{\"@type\":\"WebSite\",\"@id\":\"https:\/\/www.maison-masse.com\/en\/#website\",\"url\":\"https:\/\/www.maison-masse.com\/en\/\",\"name\":\"Maison Masse\",\"description\":\"La maison du foie gras depuis 1884\",\"publisher\":{\"@id\":\"https:\/\/www.maison-masse.com\/en\/#organization\"},\"potentialAction\":[{\"@type\":\"SearchAction\",\"target\":{\"@type\":\"EntryPoint\",\"urlTemplate\":\"https:\/\/www.maison-masse.com\/en\/?s={search_term_string}\"},\"query-input\":{\"@type\":\"PropertyValueSpecification\",\"valueRequired\":true,\"valueName\":\"search_term_string\"}}],\"inLanguage\":\"en-US\"},{\"@type\":\"Organization\",\"@id\":\"https:\/\/www.maison-masse.com\/en\/#organization\",\"name\":\"Maison Masse\",\"url\":\"https:\/\/www.maison-masse.com\/en\/\",\"logo\":{\"@type\":\"ImageObject\",\"inLanguage\":\"en-US\",\"@id\":\"https:\/\/www.maison-masse.com\/en\/#\/schema\/logo\/image\/\",\"url\":\"https:\/\/www.maison-masse.com\/wp-content\/uploads\/2021\/06\/favicon.png\",\"contentUrl\":\"https:\/\/www.maison-masse.com\/wp-content\/uploads\/2021\/06\/favicon.png\",\"width\":71,\"height\":72,\"caption\":\"Maison Masse\"},\"image\":{\"@id\":\"https:\/\/www.maison-masse.com\/en\/#\/schema\/logo\/image\/\"}}]}<\/script>\n<!-- \/ Yoast SEO Premium plugin. -->","yoast_head_json":{"title":"SAFRAN FILAMENT 5G - Maison Masse","description":"D\u00e9couvrez les vertus et les avantages de ce safran filament 5g ainsi que les d\u00e9tails de son utilisation et le proc\u00e9d\u00e9 de fabrication...","robots":{"index":"index","follow":"follow","max-snippet":"max-snippet:-1","max-image-preview":"max-image-preview:large","max-video-preview":"max-video-preview:-1"},"canonical":"https:\/\/www.maison-masse.com\/produit\/safran-filament-5g\/","og_locale":"en_US","og_type":"article","og_title":"SAFRAN FILAMENT 5G","og_description":"D\u00e9couvrez les vertus et les avantages de ce safran filament 5g ainsi que les d\u00e9tails de son utilisation et le proc\u00e9d\u00e9 de fabrication...","og_url":"https:\/\/www.maison-masse.com\/produit\/safran-filament-5g\/","og_site_name":"Maison Masse","article_modified_time":"2026-04-14T06:03:08+00:00","og_image":[{"width":246,"height":100,"url":"https:\/\/www.maison-masse.com\/wp-content\/uploads\/2021\/06\/logo-maisonmasse.png","type":"image\/png"}],"twitter_card":"summary_large_image","twitter_misc":{"Est. reading time":"2 minutes"},"schema":{"@context":"https:\/\/schema.org","@graph":[{"@type":"WebPage","@id":"https:\/\/www.maison-masse.com\/produit\/safran-filament-5g\/","url":"https:\/\/www.maison-masse.com\/produit\/safran-filament-5g\/","name":"SAFRAN FILAMENT 5G - Maison Masse","isPartOf":{"@id":"https:\/\/www.maison-masse.com\/en\/#website"},"primaryImageOfPage":{"@id":"https:\/\/www.maison-masse.com\/produit\/safran-filament-5g\/#primaryimage"},"image":{"@id":"https:\/\/www.maison-masse.com\/produit\/safran-filament-5g\/#primaryimage"},"thumbnailUrl":"https:\/\/www.maison-masse.com\/wp-content\/uploads\/2021\/06\/AID0007.bmp","datePublished":"2021-06-16T09:10:54+00:00","dateModified":"2026-04-14T06:03:08+00:00","description":"D\u00e9couvrez les vertus et les avantages de ce safran filament 5g ainsi que les d\u00e9tails de son utilisation et le proc\u00e9d\u00e9 de fabrication...","breadcrumb":{"@id":"https:\/\/www.maison-masse.com\/produit\/safran-filament-5g\/#breadcrumb"},"inLanguage":"en-US","potentialAction":[{"@type":"ReadAction","target":["https:\/\/www.maison-masse.com\/produit\/safran-filament-5g\/"]}]},{"@type":"ImageObject","inLanguage":"en-US","@id":"https:\/\/www.maison-masse.com\/produit\/safran-filament-5g\/#primaryimage","url":"https:\/\/www.maison-masse.com\/wp-content\/uploads\/2021\/06\/AID0007.bmp","contentUrl":"https:\/\/www.maison-masse.com\/wp-content\/uploads\/2021\/06\/AID0007.bmp","width":897,"height":603,"caption":"SAFRAN FILAMENT 5G"},{"@type":"BreadcrumbList","@id":"https:\/\/www.maison-masse.com\/produit\/safran-filament-5g\/#breadcrumb","itemListElement":[{"@type":"ListItem","position":1,"name":"Accueil","item":"https:\/\/www.maison-masse.com\/en\/"},{"@type":"ListItem","position":2,"name":"Boutique","item":"https:\/\/www.maison-masse.com\/boutique\/"},{"@type":"ListItem","position":3,"name":"SAFRAN FILAMENT 5G"}]},{"@type":"WebSite","@id":"https:\/\/www.maison-masse.com\/en\/#website","url":"https:\/\/www.maison-masse.com\/en\/","name":"Maison Masse","description":"La maison du foie gras depuis 1884","publisher":{"@id":"https:\/\/www.maison-masse.com\/en\/#organization"},"potentialAction":[{"@type":"SearchAction","target":{"@type":"EntryPoint","urlTemplate":"https:\/\/www.maison-masse.com\/en\/?s={search_term_string}"},"query-input":{"@type":"PropertyValueSpecification","valueRequired":true,"valueName":"search_term_string"}}],"inLanguage":"en-US"},{"@type":"Organization","@id":"https:\/\/www.maison-masse.com\/en\/#organization","name":"Maison Masse","url":"https:\/\/www.maison-masse.com\/en\/","logo":{"@type":"ImageObject","inLanguage":"en-US","@id":"https:\/\/www.maison-masse.com\/en\/#\/schema\/logo\/image\/","url":"https:\/\/www.maison-masse.com\/wp-content\/uploads\/2021\/06\/favicon.png","contentUrl":"https:\/\/www.maison-masse.com\/wp-content\/uploads\/2021\/06\/favicon.png","width":71,"height":72,"caption":"Maison Masse"},"image":{"@id":"https:\/\/www.maison-masse.com\/en\/#\/schema\/logo\/image\/"}}]}},"_links":{"self":[{"href":"https:\/\/www.maison-masse.com\/en\/wp-json\/wp\/v2\/product\/7437","targetHints":{"allow":["GET"]}}],"collection":[{"href":"https:\/\/www.maison-masse.com\/en\/wp-json\/wp\/v2\/product"}],"about":[{"href":"https:\/\/www.maison-masse.com\/en\/wp-json\/wp\/v2\/types\/product"}],"replies":[{"embeddable":true,"href":"https:\/\/www.maison-masse.com\/en\/wp-json\/wp\/v2\/comments?post=7437"}],"wp:featuredmedia":[{"embeddable":true,"href":"https:\/\/www.maison-masse.com\/en\/wp-json\/wp\/v2\/media\/7961"}],"wp:attachment":[{"href":"https:\/\/www.maison-masse.com\/en\/wp-json\/wp\/v2\/media?parent=7437"}],"wp:term":[{"taxonomy":"product_brand","embeddable":true,"href":"https:\/\/www.maison-masse.com\/en\/wp-json\/wp\/v2\/product_brand?post=7437"},{"taxonomy":"product_cat","embeddable":true,"href":"https:\/\/www.maison-masse.com\/en\/wp-json\/wp\/v2\/product_cat?post=7437"},{"taxonomy":"product_tag","embeddable":true,"href":"https:\/\/www.maison-masse.com\/en\/wp-json\/wp\/v2\/product_tag?post=7437"}],"curies":[{"name":"wp","href":"https:\/\/api.w.org\/{rel}","templated":true}]}}