{"id":29318,"date":"2025-10-07T03:37:13","date_gmt":"2025-10-07T01:37:13","guid":{"rendered":"https:\/\/www.maison-masse.com\/?post_type=product&#038;p=29318"},"modified":"2026-04-15T09:03:07","modified_gmt":"2026-04-15T07:03:07","slug":"kit-ramon-pena","status":"publish","type":"product","link":"https:\/\/www.maison-masse.com\/en\/produit\/kit-ramon-pena\/","title":{"rendered":"KIT RAMON PENA"},"content":{"rendered":"<p data-start=\"201\" data-end=\"389\">D\u00e9couvrez le <strong data-start=\"214\" data-end=\"232\">kit Ramon Pena<\/strong>, une s\u00e9lection raffin\u00e9e de conserves de la mer d\u2019exception.<br data-start=\"292\" data-end=\"295\" \/>Chaque bo\u00eete refl\u00e8te le savoir-faire artisanal galicien et la passion de la maison Ramon Pena.<\/p>\n<p data-start=\"391\" data-end=\"418\"><strong data-start=\"391\" data-end=\"416\">Ce kit Ramon Pena comprend :<\/strong><\/p>\n<ul data-start=\"419\" data-end=\"1071\">\n<li data-start=\"419\" data-end=\"571\">\n<p data-start=\"421\" data-end=\"571\"><strong data-start=\"421\" data-end=\"458\">Calamar \u00e0 l\u2019huile d\u2019olive Premium<\/strong> : p\u00each\u00e9s dans l\u2019Atlantique, ces calamars sont nettoy\u00e9s, cuits et refroidis pour pr\u00e9server toute leur tendret\u00e9.<\/p>\n<\/li>\n<li data-start=\"572\" data-end=\"704\">\n<p data-start=\"574\" data-end=\"704\"><strong data-start=\"574\" data-end=\"604\">Moules \u00e0 l\u2019escab\u00e8che 16\/20<\/strong> : charnues et savoureuses, elles sont s\u00e9lectionn\u00e9es \u00e0 la main et marin\u00e9es dans une sauce relev\u00e9e.<\/p>\n<\/li>\n<li data-start=\"705\" data-end=\"819\">\n<p data-start=\"707\" data-end=\"819\"><strong data-start=\"707\" data-end=\"742\">Calamar \u00e0 l\u2019encre de seiche 4\/6<\/strong> : une pr\u00e9paration d\u00e9licate, o\u00f9 l\u2019encre sublime la chair tendre du calamar.<\/p>\n<\/li>\n<li data-start=\"820\" data-end=\"949\">\n<p data-start=\"822\" data-end=\"949\"><strong data-start=\"822\" data-end=\"866\">Ventr\u00e8che de thon \u00e0 l\u2019huile d\u2019olive 80 g<\/strong> : la partie la plus fondante du thon blanc, confite dans une huile d\u2019olive fine.<\/p>\n<\/li>\n<li data-start=\"950\" data-end=\"1071\">\n<p data-start=\"952\" data-end=\"1071\"><strong data-start=\"952\" data-end=\"986\">Sardines \u00e0 l\u2019huile d\u2019olive 3\/5<\/strong> : \u00e9t\u00eat\u00e9es, grill\u00e9es et mises en bo\u00eete \u00e0 la main pour un go\u00fbt riche et authentique.<\/p>\n<\/li>\n<\/ul>\n<p data-start=\"1073\" data-end=\"1313\">Depuis 1920, <strong data-start=\"1086\" data-end=\"1100\">Ramon Pena<\/strong> perp\u00e9tue un savoir-faire artisanal et responsable.<br data-start=\"1151\" data-end=\"1154\" \/>Les poissons sont s\u00e9lectionn\u00e9s selon la saison, sans conservateurs ni additifs.<br data-start=\"1233\" data-end=\"1236\" \/>Chaque conserve est pr\u00e9par\u00e9e et rang\u00e9e \u00e0 la main, comme un bijou de la mer.<\/p>\n<p data-start=\"1315\" data-end=\"1576\">Les produits <strong data-start=\"1331\" data-end=\"1345\">Ramon Pena<\/strong> sont une <strong data-start=\"1355\" data-end=\"1393\">exclusivit\u00e9 Maison Masse en France<\/strong>.<br data-start=\"1394\" data-end=\"1397\" \/><a class=\"decorated-link\" href=\"https:\/\/www.maison-masse.com\/les-conserves-de-la-mer-ramon-pena\/\" target=\"_new\" rel=\"noopener\" data-start=\"1400\" data-end=\"1482\">En savoir plus<\/a><br data-start=\"1482\" data-end=\"1485\" \/>Suivez-nous sur Instagram : <a class=\"decorated-link\" href=\"https:\/\/www.instagram.com\/maisonmasse\/?hl=fr\" target=\"_new\" rel=\"noopener\" data-start=\"1516\" data-end=\"1576\">@maisonmasse<\/a><\/p>\n","protected":false},"excerpt":{"rendered":"<p>D\u00e9couvrez le <strong data-start=\"214\" data-end=\"232\">kit Ramon Pena<\/strong>, une s\u00e9lection raffin\u00e9e de conserves de la mer d\u2019exception.<br data-start=\"292\" data-end=\"295\" \/>Chaque bo\u00eete refl\u00e8te le savoir-faire artisanal galicien et la passion de la maison Ramon Pena.<\/p>\n","protected":false},"featured_media":29340,"comment_status":"open","ping_status":"closed","template":"","meta":{"_acf_changed":false,"wprm-recipe-roundup-name":"","wprm-recipe-roundup-description":""},"product_brand":[],"product_cat":[508,317,314],"product_tag":[2217,3159,2903,3158,1017],"class_list":{"0":"post-29318","1":"product","2":"type-product","3":"status-publish","4":"has-post-thumbnail","6":"product_cat-conserves-de-la-mer","7":"product_cat-les-coffrets-cadeaux","8":"product_cat-conserves-ramon-pena","9":"product_tag-conserve","10":"product_tag-conserve-de-la-mer","11":"product_tag-mer","12":"product_tag-produit-de-la-mer","13":"product_tag-ramon-pena","15":"first","16":"instock","17":"taxable","18":"shipping-taxable","19":"purchasable","20":"product-type-simple"},"acf":[],"yoast_head":"<!-- This site is optimized with the Yoast SEO Premium plugin v26.8 (Yoast SEO v26.8) - https:\/\/yoast.com\/product\/yoast-seo-premium-wordpress\/ -->\n<title>KIT RAMON PENA - Maison Masse<\/title>\n<meta name=\"description\" content=\"Kit d\u2019exception Ramon Pena : calamars, moules, thon et sardines artisanales. Exclusivit\u00e9 Maison Masse, le go\u00fbt authentique de la mer.\" \/>\n<meta name=\"robots\" content=\"index, follow, max-snippet:-1, max-image-preview:large, max-video-preview:-1\" \/>\n<link rel=\"canonical\" href=\"https:\/\/www.maison-masse.com\/produit\/kit-ramon-pena\/\" \/>\n<meta property=\"og:locale\" content=\"en_US\" \/>\n<meta property=\"og:type\" content=\"article\" \/>\n<meta property=\"og:title\" content=\"KIT RAMON PENA\" \/>\n<meta property=\"og:description\" content=\"Kit d\u2019exception Ramon Pena : calamars, moules, thon et sardines artisanales. Exclusivit\u00e9 Maison Masse, le go\u00fbt authentique de la mer.\" \/>\n<meta property=\"og:url\" content=\"https:\/\/www.maison-masse.com\/produit\/kit-ramon-pena\/\" \/>\n<meta property=\"og:site_name\" content=\"Maison Masse\" \/>\n<meta property=\"article:modified_time\" content=\"2026-04-15T07:03:07+00:00\" \/>\n<meta property=\"og:image\" content=\"https:\/\/www.maison-masse.com\/wp-content\/uploads\/2025\/10\/EPIK119-3.jpg\" \/>\n\t<meta property=\"og:image:width\" content=\"480\" \/>\n\t<meta property=\"og:image:height\" content=\"640\" \/>\n\t<meta property=\"og:image:type\" content=\"image\/jpeg\" \/>\n<meta name=\"twitter:card\" content=\"summary_large_image\" \/>\n<meta name=\"twitter:label1\" content=\"Est. reading time\" \/>\n\t<meta name=\"twitter:data1\" content=\"2 minutes\" \/>\n<script type=\"application\/ld+json\" class=\"yoast-schema-graph\">{\"@context\":\"https:\/\/schema.org\",\"@graph\":[{\"@type\":\"WebPage\",\"@id\":\"https:\/\/www.maison-masse.com\/produit\/kit-ramon-pena\/\",\"url\":\"https:\/\/www.maison-masse.com\/produit\/kit-ramon-pena\/\",\"name\":\"KIT RAMON PENA - Maison Masse\",\"isPartOf\":{\"@id\":\"https:\/\/www.maison-masse.com\/en\/#website\"},\"primaryImageOfPage\":{\"@id\":\"https:\/\/www.maison-masse.com\/produit\/kit-ramon-pena\/#primaryimage\"},\"image\":{\"@id\":\"https:\/\/www.maison-masse.com\/produit\/kit-ramon-pena\/#primaryimage\"},\"thumbnailUrl\":\"https:\/\/www.maison-masse.com\/wp-content\/uploads\/2025\/10\/EPIK119-3.jpg\",\"datePublished\":\"2025-10-07T01:37:13+00:00\",\"dateModified\":\"2026-04-15T07:03:07+00:00\",\"description\":\"Kit d\u2019exception Ramon Pena : calamars, moules, thon et sardines artisanales. Exclusivit\u00e9 Maison Masse, le go\u00fbt authentique de la mer.\",\"breadcrumb\":{\"@id\":\"https:\/\/www.maison-masse.com\/produit\/kit-ramon-pena\/#breadcrumb\"},\"inLanguage\":\"en-US\",\"potentialAction\":[{\"@type\":\"ReadAction\",\"target\":[\"https:\/\/www.maison-masse.com\/produit\/kit-ramon-pena\/\"]}]},{\"@type\":\"ImageObject\",\"inLanguage\":\"en-US\",\"@id\":\"https:\/\/www.maison-masse.com\/produit\/kit-ramon-pena\/#primaryimage\",\"url\":\"https:\/\/www.maison-masse.com\/wp-content\/uploads\/2025\/10\/EPIK119-3.jpg\",\"contentUrl\":\"https:\/\/www.maison-masse.com\/wp-content\/uploads\/2025\/10\/EPIK119-3.jpg\",\"width\":480,\"height\":640,\"caption\":\"Ramon Pena\"},{\"@type\":\"BreadcrumbList\",\"@id\":\"https:\/\/www.maison-masse.com\/produit\/kit-ramon-pena\/#breadcrumb\",\"itemListElement\":[{\"@type\":\"ListItem\",\"position\":1,\"name\":\"Accueil\",\"item\":\"https:\/\/www.maison-masse.com\/en\/\"},{\"@type\":\"ListItem\",\"position\":2,\"name\":\"Boutique\",\"item\":\"https:\/\/www.maison-masse.com\/boutique\/\"},{\"@type\":\"ListItem\",\"position\":3,\"name\":\"KIT RAMON PENA\"}]},{\"@type\":\"WebSite\",\"@id\":\"https:\/\/www.maison-masse.com\/en\/#website\",\"url\":\"https:\/\/www.maison-masse.com\/en\/\",\"name\":\"Maison Masse\",\"description\":\"La maison du foie gras depuis 1884\",\"publisher\":{\"@id\":\"https:\/\/www.maison-masse.com\/en\/#organization\"},\"potentialAction\":[{\"@type\":\"SearchAction\",\"target\":{\"@type\":\"EntryPoint\",\"urlTemplate\":\"https:\/\/www.maison-masse.com\/en\/?s={search_term_string}\"},\"query-input\":{\"@type\":\"PropertyValueSpecification\",\"valueRequired\":true,\"valueName\":\"search_term_string\"}}],\"inLanguage\":\"en-US\"},{\"@type\":\"Organization\",\"@id\":\"https:\/\/www.maison-masse.com\/en\/#organization\",\"name\":\"Maison Masse\",\"url\":\"https:\/\/www.maison-masse.com\/en\/\",\"logo\":{\"@type\":\"ImageObject\",\"inLanguage\":\"en-US\",\"@id\":\"https:\/\/www.maison-masse.com\/en\/#\/schema\/logo\/image\/\",\"url\":\"https:\/\/www.maison-masse.com\/wp-content\/uploads\/2021\/06\/favicon.png\",\"contentUrl\":\"https:\/\/www.maison-masse.com\/wp-content\/uploads\/2021\/06\/favicon.png\",\"width\":71,\"height\":72,\"caption\":\"Maison Masse\"},\"image\":{\"@id\":\"https:\/\/www.maison-masse.com\/en\/#\/schema\/logo\/image\/\"}}]}<\/script>\n<!-- \/ Yoast SEO Premium plugin. -->","yoast_head_json":{"title":"KIT RAMON PENA - Maison Masse","description":"Kit d\u2019exception Ramon Pena : calamars, moules, thon et sardines artisanales. Exclusivit\u00e9 Maison Masse, le go\u00fbt authentique de la mer.","robots":{"index":"index","follow":"follow","max-snippet":"max-snippet:-1","max-image-preview":"max-image-preview:large","max-video-preview":"max-video-preview:-1"},"canonical":"https:\/\/www.maison-masse.com\/produit\/kit-ramon-pena\/","og_locale":"en_US","og_type":"article","og_title":"KIT RAMON PENA","og_description":"Kit d\u2019exception Ramon Pena : calamars, moules, thon et sardines artisanales. Exclusivit\u00e9 Maison Masse, le go\u00fbt authentique de la mer.","og_url":"https:\/\/www.maison-masse.com\/produit\/kit-ramon-pena\/","og_site_name":"Maison Masse","article_modified_time":"2026-04-15T07:03:07+00:00","og_image":[{"width":480,"height":640,"url":"https:\/\/www.maison-masse.com\/wp-content\/uploads\/2025\/10\/EPIK119-3.jpg","type":"image\/jpeg"}],"twitter_card":"summary_large_image","twitter_misc":{"Est. reading time":"2 minutes"},"schema":{"@context":"https:\/\/schema.org","@graph":[{"@type":"WebPage","@id":"https:\/\/www.maison-masse.com\/produit\/kit-ramon-pena\/","url":"https:\/\/www.maison-masse.com\/produit\/kit-ramon-pena\/","name":"KIT RAMON PENA - Maison Masse","isPartOf":{"@id":"https:\/\/www.maison-masse.com\/en\/#website"},"primaryImageOfPage":{"@id":"https:\/\/www.maison-masse.com\/produit\/kit-ramon-pena\/#primaryimage"},"image":{"@id":"https:\/\/www.maison-masse.com\/produit\/kit-ramon-pena\/#primaryimage"},"thumbnailUrl":"https:\/\/www.maison-masse.com\/wp-content\/uploads\/2025\/10\/EPIK119-3.jpg","datePublished":"2025-10-07T01:37:13+00:00","dateModified":"2026-04-15T07:03:07+00:00","description":"Kit d\u2019exception Ramon Pena : calamars, moules, thon et sardines artisanales. Exclusivit\u00e9 Maison Masse, le go\u00fbt authentique de la mer.","breadcrumb":{"@id":"https:\/\/www.maison-masse.com\/produit\/kit-ramon-pena\/#breadcrumb"},"inLanguage":"en-US","potentialAction":[{"@type":"ReadAction","target":["https:\/\/www.maison-masse.com\/produit\/kit-ramon-pena\/"]}]},{"@type":"ImageObject","inLanguage":"en-US","@id":"https:\/\/www.maison-masse.com\/produit\/kit-ramon-pena\/#primaryimage","url":"https:\/\/www.maison-masse.com\/wp-content\/uploads\/2025\/10\/EPIK119-3.jpg","contentUrl":"https:\/\/www.maison-masse.com\/wp-content\/uploads\/2025\/10\/EPIK119-3.jpg","width":480,"height":640,"caption":"Ramon Pena"},{"@type":"BreadcrumbList","@id":"https:\/\/www.maison-masse.com\/produit\/kit-ramon-pena\/#breadcrumb","itemListElement":[{"@type":"ListItem","position":1,"name":"Accueil","item":"https:\/\/www.maison-masse.com\/en\/"},{"@type":"ListItem","position":2,"name":"Boutique","item":"https:\/\/www.maison-masse.com\/boutique\/"},{"@type":"ListItem","position":3,"name":"KIT RAMON PENA"}]},{"@type":"WebSite","@id":"https:\/\/www.maison-masse.com\/en\/#website","url":"https:\/\/www.maison-masse.com\/en\/","name":"Maison Masse","description":"La maison du foie gras depuis 1884","publisher":{"@id":"https:\/\/www.maison-masse.com\/en\/#organization"},"potentialAction":[{"@type":"SearchAction","target":{"@type":"EntryPoint","urlTemplate":"https:\/\/www.maison-masse.com\/en\/?s={search_term_string}"},"query-input":{"@type":"PropertyValueSpecification","valueRequired":true,"valueName":"search_term_string"}}],"inLanguage":"en-US"},{"@type":"Organization","@id":"https:\/\/www.maison-masse.com\/en\/#organization","name":"Maison Masse","url":"https:\/\/www.maison-masse.com\/en\/","logo":{"@type":"ImageObject","inLanguage":"en-US","@id":"https:\/\/www.maison-masse.com\/en\/#\/schema\/logo\/image\/","url":"https:\/\/www.maison-masse.com\/wp-content\/uploads\/2021\/06\/favicon.png","contentUrl":"https:\/\/www.maison-masse.com\/wp-content\/uploads\/2021\/06\/favicon.png","width":71,"height":72,"caption":"Maison Masse"},"image":{"@id":"https:\/\/www.maison-masse.com\/en\/#\/schema\/logo\/image\/"}}]}},"_links":{"self":[{"href":"https:\/\/www.maison-masse.com\/en\/wp-json\/wp\/v2\/product\/29318","targetHints":{"allow":["GET"]}}],"collection":[{"href":"https:\/\/www.maison-masse.com\/en\/wp-json\/wp\/v2\/product"}],"about":[{"href":"https:\/\/www.maison-masse.com\/en\/wp-json\/wp\/v2\/types\/product"}],"replies":[{"embeddable":true,"href":"https:\/\/www.maison-masse.com\/en\/wp-json\/wp\/v2\/comments?post=29318"}],"wp:featuredmedia":[{"embeddable":true,"href":"https:\/\/www.maison-masse.com\/en\/wp-json\/wp\/v2\/media\/29340"}],"wp:attachment":[{"href":"https:\/\/www.maison-masse.com\/en\/wp-json\/wp\/v2\/media?parent=29318"}],"wp:term":[{"taxonomy":"product_brand","embeddable":true,"href":"https:\/\/www.maison-masse.com\/en\/wp-json\/wp\/v2\/product_brand?post=29318"},{"taxonomy":"product_cat","embeddable":true,"href":"https:\/\/www.maison-masse.com\/en\/wp-json\/wp\/v2\/product_cat?post=29318"},{"taxonomy":"product_tag","embeddable":true,"href":"https:\/\/www.maison-masse.com\/en\/wp-json\/wp\/v2\/product_tag?post=29318"}],"curies":[{"name":"wp","href":"https:\/\/api.w.org\/{rel}","templated":true}]}}