{"id":27407,"date":"2025-05-15T09:43:24","date_gmt":"2025-05-15T07:43:24","guid":{"rendered":"https:\/\/www.maison-masse.com\/?post_type=product&#038;p=27407"},"modified":"2026-04-15T09:03:07","modified_gmt":"2026-04-15T07:03:07","slug":"box-perles-et-tendresse","status":"publish","type":"product","link":"https:\/\/www.maison-masse.com\/en\/produit\/box-perles-et-tendresse\/","title":{"rendered":"BOX PERLES ET TENDRESSE"},"content":{"rendered":"<p><strong>Box perles et tendresse\u00a0:<\/strong><\/p>\n<p><em>Une box pleine de d\u00e9licatesse, pens\u00e9e pour les amateurs de produits nobles\u2026 et les fines bouches curieuses.<\/em><\/p>\n<ul>\n<li>C\u0153ur de saumon \u2013 200g<\/li>\n<li>Caviar d\u2019aquitaine \u2013 30g<\/li>\n<\/ul>\n<p>Une box pr\u00e9cieuse, id\u00e9ale pour un ap\u00e9ritif raffin\u00e9 ou un t\u00eate-\u00e0-t\u00eate tout en finesse.<\/p>\n<p>C\u0153ur de saumon fum\u00e9 \u2013 200g, morceau d\u2019exception issu du muscle dorsal, le plus tendre du poisson. \u00c9pais, moelleux, fondant, peu gras mais riche en om\u00e9ga 3 et vitamines. \u00c0 couper en lamelles ou en cubes, et \u00e0 d\u00e9guster nature ou avec quelques c\u00e2pres \u00e0 queue pour relever le tout. Origine Norv\u00e8ge. DLC entre 8 et 15 jours.<\/p>\n<p>Caviar d\u2019Aquitaine \u2013 30g, originaire de la r\u00e9gion bordelaise. Perles couleur ambre, texture soyeuse, longueur en bouche. Notes d\u2019amande lorsqu\u2019il est jeune, de noisette quand il s\u2019affine. \u00c0 savourer simplement, pour en appr\u00e9cier toute la complexit\u00e9.<\/p>\n<p><a href=\"https:\/\/www.maison-masse.com\/categorie-produit\/001-kits-aperos-et-recettes\/\">D\u00e9couvrez les autres box<\/a><\/p>\n<p><a href=\"https:\/\/www.instagram.com\/maisonmasse\/\">Suivez-nous sur Instagram<\/a><\/p>\n","protected":false},"excerpt":{"rendered":"<p>Box perles et tendresse\u00a0: Une box pleine de d\u00e9licatesse, pens\u00e9e pour les amateurs de produits nobles\u2026 et les fines bouches curieuses. C\u0153ur de saumon \u2013 200g Caviar d\u2019aquitaine \u2013 30g&#8230;<\/p>\n","protected":false},"featured_media":27443,"comment_status":"open","ping_status":"closed","template":"","meta":{"_acf_changed":false,"wprm-recipe-roundup-name":"","wprm-recipe-roundup-description":""},"product_brand":[],"product_cat":[317],"product_tag":[3147,1049,3148,1031],"class_list":{"0":"post-27407","1":"product","2":"type-product","3":"status-publish","4":"has-post-thumbnail","6":"product_cat-les-coffrets-cadeaux","7":"product_tag-box","8":"product_tag-caviar","9":"product_tag-fete-des-meres","10":"product_tag-saumon","12":"first","13":"instock","14":"taxable","15":"shipping-taxable","16":"purchasable","17":"product-type-simple"},"acf":[],"yoast_head":"<!-- This site is optimized with the Yoast SEO Premium plugin v26.8 (Yoast SEO v26.8) - https:\/\/yoast.com\/product\/yoast-seo-premium-wordpress\/ -->\n<title>BOX PERLES ET TENDRESSE - Maison Masse<\/title>\n<meta name=\"description\" content=\"Une box pleine de d\u00e9licatesse, pens\u00e9e pour les amateurs de produits nobles\u2026 et les fines bouches curieuses : saumon et caviar.\" \/>\n<meta name=\"robots\" content=\"index, follow, max-snippet:-1, max-image-preview:large, max-video-preview:-1\" \/>\n<link rel=\"canonical\" href=\"https:\/\/www.maison-masse.com\/produit\/box-perles-et-tendresse\/\" \/>\n<meta property=\"og:locale\" content=\"en_US\" \/>\n<meta property=\"og:type\" content=\"article\" \/>\n<meta property=\"og:title\" content=\"BOX PERLES ET TENDRESSE\" \/>\n<meta property=\"og:description\" content=\"Une box pleine de d\u00e9licatesse, pens\u00e9e pour les amateurs de produits nobles\u2026 et les fines bouches curieuses : saumon et caviar.\" \/>\n<meta property=\"og:url\" content=\"https:\/\/www.maison-masse.com\/produit\/box-perles-et-tendresse\/\" \/>\n<meta property=\"og:site_name\" content=\"Maison Masse\" \/>\n<meta property=\"article:modified_time\" content=\"2026-04-15T07:03:07+00:00\" \/>\n<meta property=\"og:image\" content=\"https:\/\/www.maison-masse.com\/wp-content\/uploads\/2025\/05\/EPIK117-819x1024.png\" \/>\n\t<meta property=\"og:image:width\" content=\"819\" \/>\n\t<meta property=\"og:image:height\" content=\"1024\" \/>\n\t<meta property=\"og:image:type\" content=\"image\/png\" \/>\n<meta name=\"twitter:card\" content=\"summary_large_image\" \/>\n<meta name=\"twitter:label1\" content=\"Est. reading time\" \/>\n\t<meta name=\"twitter:data1\" content=\"1 minute\" \/>\n<script type=\"application\/ld+json\" class=\"yoast-schema-graph\">{\"@context\":\"https:\/\/schema.org\",\"@graph\":[{\"@type\":\"WebPage\",\"@id\":\"https:\/\/www.maison-masse.com\/produit\/box-perles-et-tendresse\/\",\"url\":\"https:\/\/www.maison-masse.com\/produit\/box-perles-et-tendresse\/\",\"name\":\"BOX PERLES ET TENDRESSE - Maison Masse\",\"isPartOf\":{\"@id\":\"https:\/\/www.maison-masse.com\/en\/#website\"},\"primaryImageOfPage\":{\"@id\":\"https:\/\/www.maison-masse.com\/produit\/box-perles-et-tendresse\/#primaryimage\"},\"image\":{\"@id\":\"https:\/\/www.maison-masse.com\/produit\/box-perles-et-tendresse\/#primaryimage\"},\"thumbnailUrl\":\"https:\/\/www.maison-masse.com\/wp-content\/uploads\/2025\/05\/EPIK117.png\",\"datePublished\":\"2025-05-15T07:43:24+00:00\",\"dateModified\":\"2026-04-15T07:03:07+00:00\",\"description\":\"Une box pleine de d\u00e9licatesse, pens\u00e9e pour les amateurs de produits nobles\u2026 et les fines bouches curieuses : saumon et caviar.\",\"breadcrumb\":{\"@id\":\"https:\/\/www.maison-masse.com\/produit\/box-perles-et-tendresse\/#breadcrumb\"},\"inLanguage\":\"en-US\",\"potentialAction\":[{\"@type\":\"ReadAction\",\"target\":[\"https:\/\/www.maison-masse.com\/produit\/box-perles-et-tendresse\/\"]}]},{\"@type\":\"ImageObject\",\"inLanguage\":\"en-US\",\"@id\":\"https:\/\/www.maison-masse.com\/produit\/box-perles-et-tendresse\/#primaryimage\",\"url\":\"https:\/\/www.maison-masse.com\/wp-content\/uploads\/2025\/05\/EPIK117.png\",\"contentUrl\":\"https:\/\/www.maison-masse.com\/wp-content\/uploads\/2025\/05\/EPIK117.png\",\"width\":1080,\"height\":1350,\"caption\":\"Box Saumon et caviar\"},{\"@type\":\"BreadcrumbList\",\"@id\":\"https:\/\/www.maison-masse.com\/produit\/box-perles-et-tendresse\/#breadcrumb\",\"itemListElement\":[{\"@type\":\"ListItem\",\"position\":1,\"name\":\"Accueil\",\"item\":\"https:\/\/www.maison-masse.com\/en\/\"},{\"@type\":\"ListItem\",\"position\":2,\"name\":\"Boutique\",\"item\":\"https:\/\/www.maison-masse.com\/boutique\/\"},{\"@type\":\"ListItem\",\"position\":3,\"name\":\"BOX PERLES ET TENDRESSE\"}]},{\"@type\":\"WebSite\",\"@id\":\"https:\/\/www.maison-masse.com\/en\/#website\",\"url\":\"https:\/\/www.maison-masse.com\/en\/\",\"name\":\"Maison Masse\",\"description\":\"La maison du foie gras depuis 1884\",\"publisher\":{\"@id\":\"https:\/\/www.maison-masse.com\/en\/#organization\"},\"potentialAction\":[{\"@type\":\"SearchAction\",\"target\":{\"@type\":\"EntryPoint\",\"urlTemplate\":\"https:\/\/www.maison-masse.com\/en\/?s={search_term_string}\"},\"query-input\":{\"@type\":\"PropertyValueSpecification\",\"valueRequired\":true,\"valueName\":\"search_term_string\"}}],\"inLanguage\":\"en-US\"},{\"@type\":\"Organization\",\"@id\":\"https:\/\/www.maison-masse.com\/en\/#organization\",\"name\":\"Maison Masse\",\"url\":\"https:\/\/www.maison-masse.com\/en\/\",\"logo\":{\"@type\":\"ImageObject\",\"inLanguage\":\"en-US\",\"@id\":\"https:\/\/www.maison-masse.com\/en\/#\/schema\/logo\/image\/\",\"url\":\"https:\/\/www.maison-masse.com\/wp-content\/uploads\/2021\/06\/favicon.png\",\"contentUrl\":\"https:\/\/www.maison-masse.com\/wp-content\/uploads\/2021\/06\/favicon.png\",\"width\":71,\"height\":72,\"caption\":\"Maison Masse\"},\"image\":{\"@id\":\"https:\/\/www.maison-masse.com\/en\/#\/schema\/logo\/image\/\"}}]}<\/script>\n<!-- \/ Yoast SEO Premium plugin. -->","yoast_head_json":{"title":"BOX PERLES ET TENDRESSE - Maison Masse","description":"Une box pleine de d\u00e9licatesse, pens\u00e9e pour les amateurs de produits nobles\u2026 et les fines bouches curieuses : saumon et caviar.","robots":{"index":"index","follow":"follow","max-snippet":"max-snippet:-1","max-image-preview":"max-image-preview:large","max-video-preview":"max-video-preview:-1"},"canonical":"https:\/\/www.maison-masse.com\/produit\/box-perles-et-tendresse\/","og_locale":"en_US","og_type":"article","og_title":"BOX PERLES ET TENDRESSE","og_description":"Une box pleine de d\u00e9licatesse, pens\u00e9e pour les amateurs de produits nobles\u2026 et les fines bouches curieuses : saumon et caviar.","og_url":"https:\/\/www.maison-masse.com\/produit\/box-perles-et-tendresse\/","og_site_name":"Maison Masse","article_modified_time":"2026-04-15T07:03:07+00:00","og_image":[{"width":819,"height":1024,"url":"https:\/\/www.maison-masse.com\/wp-content\/uploads\/2025\/05\/EPIK117-819x1024.png","type":"image\/png"}],"twitter_card":"summary_large_image","twitter_misc":{"Est. reading time":"1 minute"},"schema":{"@context":"https:\/\/schema.org","@graph":[{"@type":"WebPage","@id":"https:\/\/www.maison-masse.com\/produit\/box-perles-et-tendresse\/","url":"https:\/\/www.maison-masse.com\/produit\/box-perles-et-tendresse\/","name":"BOX PERLES ET TENDRESSE - Maison Masse","isPartOf":{"@id":"https:\/\/www.maison-masse.com\/en\/#website"},"primaryImageOfPage":{"@id":"https:\/\/www.maison-masse.com\/produit\/box-perles-et-tendresse\/#primaryimage"},"image":{"@id":"https:\/\/www.maison-masse.com\/produit\/box-perles-et-tendresse\/#primaryimage"},"thumbnailUrl":"https:\/\/www.maison-masse.com\/wp-content\/uploads\/2025\/05\/EPIK117.png","datePublished":"2025-05-15T07:43:24+00:00","dateModified":"2026-04-15T07:03:07+00:00","description":"Une box pleine de d\u00e9licatesse, pens\u00e9e pour les amateurs de produits nobles\u2026 et les fines bouches curieuses : saumon et caviar.","breadcrumb":{"@id":"https:\/\/www.maison-masse.com\/produit\/box-perles-et-tendresse\/#breadcrumb"},"inLanguage":"en-US","potentialAction":[{"@type":"ReadAction","target":["https:\/\/www.maison-masse.com\/produit\/box-perles-et-tendresse\/"]}]},{"@type":"ImageObject","inLanguage":"en-US","@id":"https:\/\/www.maison-masse.com\/produit\/box-perles-et-tendresse\/#primaryimage","url":"https:\/\/www.maison-masse.com\/wp-content\/uploads\/2025\/05\/EPIK117.png","contentUrl":"https:\/\/www.maison-masse.com\/wp-content\/uploads\/2025\/05\/EPIK117.png","width":1080,"height":1350,"caption":"Box Saumon et caviar"},{"@type":"BreadcrumbList","@id":"https:\/\/www.maison-masse.com\/produit\/box-perles-et-tendresse\/#breadcrumb","itemListElement":[{"@type":"ListItem","position":1,"name":"Accueil","item":"https:\/\/www.maison-masse.com\/en\/"},{"@type":"ListItem","position":2,"name":"Boutique","item":"https:\/\/www.maison-masse.com\/boutique\/"},{"@type":"ListItem","position":3,"name":"BOX PERLES ET TENDRESSE"}]},{"@type":"WebSite","@id":"https:\/\/www.maison-masse.com\/en\/#website","url":"https:\/\/www.maison-masse.com\/en\/","name":"Maison Masse","description":"La maison du foie gras depuis 1884","publisher":{"@id":"https:\/\/www.maison-masse.com\/en\/#organization"},"potentialAction":[{"@type":"SearchAction","target":{"@type":"EntryPoint","urlTemplate":"https:\/\/www.maison-masse.com\/en\/?s={search_term_string}"},"query-input":{"@type":"PropertyValueSpecification","valueRequired":true,"valueName":"search_term_string"}}],"inLanguage":"en-US"},{"@type":"Organization","@id":"https:\/\/www.maison-masse.com\/en\/#organization","name":"Maison Masse","url":"https:\/\/www.maison-masse.com\/en\/","logo":{"@type":"ImageObject","inLanguage":"en-US","@id":"https:\/\/www.maison-masse.com\/en\/#\/schema\/logo\/image\/","url":"https:\/\/www.maison-masse.com\/wp-content\/uploads\/2021\/06\/favicon.png","contentUrl":"https:\/\/www.maison-masse.com\/wp-content\/uploads\/2021\/06\/favicon.png","width":71,"height":72,"caption":"Maison Masse"},"image":{"@id":"https:\/\/www.maison-masse.com\/en\/#\/schema\/logo\/image\/"}}]}},"_links":{"self":[{"href":"https:\/\/www.maison-masse.com\/en\/wp-json\/wp\/v2\/product\/27407","targetHints":{"allow":["GET"]}}],"collection":[{"href":"https:\/\/www.maison-masse.com\/en\/wp-json\/wp\/v2\/product"}],"about":[{"href":"https:\/\/www.maison-masse.com\/en\/wp-json\/wp\/v2\/types\/product"}],"replies":[{"embeddable":true,"href":"https:\/\/www.maison-masse.com\/en\/wp-json\/wp\/v2\/comments?post=27407"}],"wp:featuredmedia":[{"embeddable":true,"href":"https:\/\/www.maison-masse.com\/en\/wp-json\/wp\/v2\/media\/27443"}],"wp:attachment":[{"href":"https:\/\/www.maison-masse.com\/en\/wp-json\/wp\/v2\/media?parent=27407"}],"wp:term":[{"taxonomy":"product_brand","embeddable":true,"href":"https:\/\/www.maison-masse.com\/en\/wp-json\/wp\/v2\/product_brand?post=27407"},{"taxonomy":"product_cat","embeddable":true,"href":"https:\/\/www.maison-masse.com\/en\/wp-json\/wp\/v2\/product_cat?post=27407"},{"taxonomy":"product_tag","embeddable":true,"href":"https:\/\/www.maison-masse.com\/en\/wp-json\/wp\/v2\/product_tag?post=27407"}],"curies":[{"name":"wp","href":"https:\/\/api.w.org\/{rel}","templated":true}]}}