{"id":27406,"date":"2025-05-15T09:43:23","date_gmt":"2025-05-15T07:43:23","guid":{"rendered":"https:\/\/www.maison-masse.com\/?post_type=product&#038;p=27406"},"modified":"2026-04-15T09:03:07","modified_gmt":"2026-04-15T07:03:07","slug":"box-voyage-gustatif","status":"publish","type":"product","link":"https:\/\/www.maison-masse.com\/en\/produit\/box-voyage-gustatif\/","title":{"rendered":"BOX VOYAGE GUSTATIF"},"content":{"rendered":"<p>La Box voyage gustatif.<\/p>\n<p><em>Envie de saveurs venues d\u2019ailleurs ? Cette box est une invitation \u00e0 l\u2019\u00e9vasion, pour les palais curieux et les gourmets aventuriers.<\/em><\/p>\n<ul>\n<li>Gousses d\u2019ail noir \u2013 50g<\/li>\n<li>Cecina pr\u00e9-tranch\u00e9e \u2013 80g<\/li>\n<li>Vanille bourbon \u2013 5 gousses<\/li>\n<li>Huile \u00e0 la truffe Melanosporum \u2013 25cl<\/li>\n<\/ul>\n<p>Gousses d\u2019ail noir Maison Boutarin\u00a0\u2013 50g, produit pel\u00e9 contenant environ 15 gousses. Un concentr\u00e9 de nutriments \u00e0 la saveur Umami, aux ar\u00f4mes de r\u00e9glisse, fruits confits, sous-bois et vinaigre balsamique. Texture fondante et go\u00fbt subtil : l\u2019ail noir sublime aussi bien les plats sal\u00e9s que sucr\u00e9s.<\/p>\n<p>Cecina pr\u00e9-tranch\u00e9e Nieto \u2013 80g, salaison de b\u0153uf embl\u00e9matique de la r\u00e9gion de Le\u00f3n, issue des meilleures cuisses. Sal\u00e9e, fum\u00e9e, s\u00e9ch\u00e9e et affin\u00e9e 18 mois selon un processus naturel sans additifs. Fondante et parfum\u00e9e, elle est aussi riche en prot\u00e9ines que faible en mati\u00e8re grasse.<\/p>\n<p>Vanille Bourbon Prova \u2013 5 gousses, charnues et aromatiques, pour parfumer cr\u00e8mes, p\u00e2tisseries et boissons. Parfaites aussi pour r\u00e9aliser votre propre sucre vanill\u00e9.<\/p>\n<p>Huile \u00e0 la truffe noire Melanosporum Routes de Terre \u2013 25cl, un condiment haut de gamme \u00e0 base d\u2019huile d\u2019olive et d\u2019ar\u00f4me naturel de truffe noire. Sa fragrance intense ajoute une touche luxueuse \u00e0 tous vos plats : p\u00e2tes, risottos, viandes ou poissons.<\/p>\n<p><em>*Photo non contractuelle\u00a0<\/em><\/p>\n<p><a href=\"https:\/\/www.maison-masse.com\/categorie-produit\/001-kits-aperos-et-recettes\/\">D\u00e9couvrez les autres box<\/a><\/p>\n<p><a href=\"https:\/\/www.instagram.com\/maisonmasse\/\">Suivez-nous sur Instagram<\/a><\/p>\n","protected":false},"excerpt":{"rendered":"<p>La Box voyage gustatif.<\/p>\n<p><em>Envie de saveurs venues d\u2019ailleurs ? Cette box est une invitation \u00e0 l\u2019\u00e9vasion, pour les palais curieux et les gourmets aventuriers.<\/em><\/p>\n","protected":false},"featured_media":27439,"comment_status":"open","ping_status":"closed","template":"","meta":{"_acf_changed":false,"wprm-recipe-roundup-name":"","wprm-recipe-roundup-description":""},"product_brand":[],"product_cat":[317],"product_tag":[3147,2916,3148],"class_list":{"0":"post-27406","1":"product","2":"type-product","3":"status-publish","4":"has-post-thumbnail","6":"product_cat-les-coffrets-cadeaux","7":"product_tag-box","8":"product_tag-coffret","9":"product_tag-fete-des-meres","11":"first","12":"instock","13":"taxable","14":"shipping-taxable","15":"purchasable","16":"product-type-simple"},"acf":[],"yoast_head":"<!-- This site is optimized with the Yoast SEO Premium plugin v26.8 (Yoast SEO v26.8) - https:\/\/yoast.com\/product\/yoast-seo-premium-wordpress\/ -->\n<title>BOX VOYAGE GUSTATIF - Maison Masse<\/title>\n<meta name=\"description\" content=\"Envie de saveurs venues d\u2019ailleurs ? Cette box est une invitation \u00e0 l\u2019\u00e9vasion, pour les palais curieux et les gourmets aventuriers\" \/>\n<meta name=\"robots\" content=\"index, follow, max-snippet:-1, max-image-preview:large, max-video-preview:-1\" \/>\n<link rel=\"canonical\" href=\"https:\/\/www.maison-masse.com\/produit\/box-voyage-gustatif\/\" \/>\n<meta property=\"og:locale\" content=\"en_US\" \/>\n<meta property=\"og:type\" content=\"article\" \/>\n<meta property=\"og:title\" content=\"BOX VOYAGE GUSTATIF\" \/>\n<meta property=\"og:description\" content=\"Envie de saveurs venues d\u2019ailleurs ? Cette box est une invitation \u00e0 l\u2019\u00e9vasion, pour les palais curieux et les gourmets aventuriers\" \/>\n<meta property=\"og:url\" content=\"https:\/\/www.maison-masse.com\/produit\/box-voyage-gustatif\/\" \/>\n<meta property=\"og:site_name\" content=\"Maison Masse\" \/>\n<meta property=\"article:modified_time\" content=\"2026-04-15T07:03:07+00:00\" \/>\n<meta property=\"og:image\" content=\"https:\/\/www.maison-masse.com\/wp-content\/uploads\/2025\/05\/IMG_7105.png\" \/>\n\t<meta property=\"og:image:width\" content=\"1080\" \/>\n\t<meta property=\"og:image:height\" content=\"1350\" \/>\n\t<meta property=\"og:image:type\" content=\"image\/png\" \/>\n<meta name=\"twitter:card\" content=\"summary_large_image\" \/>\n<meta name=\"twitter:label1\" content=\"Est. reading time\" \/>\n\t<meta name=\"twitter:data1\" content=\"2 minutes\" \/>\n<script type=\"application\/ld+json\" class=\"yoast-schema-graph\">{\"@context\":\"https:\/\/schema.org\",\"@graph\":[{\"@type\":\"WebPage\",\"@id\":\"https:\/\/www.maison-masse.com\/produit\/box-voyage-gustatif\/\",\"url\":\"https:\/\/www.maison-masse.com\/produit\/box-voyage-gustatif\/\",\"name\":\"BOX VOYAGE GUSTATIF - Maison Masse\",\"isPartOf\":{\"@id\":\"https:\/\/www.maison-masse.com\/en\/#website\"},\"primaryImageOfPage\":{\"@id\":\"https:\/\/www.maison-masse.com\/produit\/box-voyage-gustatif\/#primaryimage\"},\"image\":{\"@id\":\"https:\/\/www.maison-masse.com\/produit\/box-voyage-gustatif\/#primaryimage\"},\"thumbnailUrl\":\"https:\/\/www.maison-masse.com\/wp-content\/uploads\/2025\/05\/IMG_7105.png\",\"datePublished\":\"2025-05-15T07:43:23+00:00\",\"dateModified\":\"2026-04-15T07:03:07+00:00\",\"description\":\"Envie de saveurs venues d\u2019ailleurs ? Cette box est une invitation \u00e0 l\u2019\u00e9vasion, pour les palais curieux et les gourmets aventuriers\",\"breadcrumb\":{\"@id\":\"https:\/\/www.maison-masse.com\/produit\/box-voyage-gustatif\/#breadcrumb\"},\"inLanguage\":\"en-US\",\"potentialAction\":[{\"@type\":\"ReadAction\",\"target\":[\"https:\/\/www.maison-masse.com\/produit\/box-voyage-gustatif\/\"]}]},{\"@type\":\"ImageObject\",\"inLanguage\":\"en-US\",\"@id\":\"https:\/\/www.maison-masse.com\/produit\/box-voyage-gustatif\/#primaryimage\",\"url\":\"https:\/\/www.maison-masse.com\/wp-content\/uploads\/2025\/05\/IMG_7105.png\",\"contentUrl\":\"https:\/\/www.maison-masse.com\/wp-content\/uploads\/2025\/05\/IMG_7105.png\",\"width\":1080,\"height\":1350,\"caption\":\"Box voyage gustatif :\"},{\"@type\":\"BreadcrumbList\",\"@id\":\"https:\/\/www.maison-masse.com\/produit\/box-voyage-gustatif\/#breadcrumb\",\"itemListElement\":[{\"@type\":\"ListItem\",\"position\":1,\"name\":\"Accueil\",\"item\":\"https:\/\/www.maison-masse.com\/en\/\"},{\"@type\":\"ListItem\",\"position\":2,\"name\":\"Boutique\",\"item\":\"https:\/\/www.maison-masse.com\/boutique\/\"},{\"@type\":\"ListItem\",\"position\":3,\"name\":\"BOX VOYAGE GUSTATIF\"}]},{\"@type\":\"WebSite\",\"@id\":\"https:\/\/www.maison-masse.com\/en\/#website\",\"url\":\"https:\/\/www.maison-masse.com\/en\/\",\"name\":\"Maison Masse\",\"description\":\"La maison du foie gras depuis 1884\",\"publisher\":{\"@id\":\"https:\/\/www.maison-masse.com\/en\/#organization\"},\"potentialAction\":[{\"@type\":\"SearchAction\",\"target\":{\"@type\":\"EntryPoint\",\"urlTemplate\":\"https:\/\/www.maison-masse.com\/en\/?s={search_term_string}\"},\"query-input\":{\"@type\":\"PropertyValueSpecification\",\"valueRequired\":true,\"valueName\":\"search_term_string\"}}],\"inLanguage\":\"en-US\"},{\"@type\":\"Organization\",\"@id\":\"https:\/\/www.maison-masse.com\/en\/#organization\",\"name\":\"Maison Masse\",\"url\":\"https:\/\/www.maison-masse.com\/en\/\",\"logo\":{\"@type\":\"ImageObject\",\"inLanguage\":\"en-US\",\"@id\":\"https:\/\/www.maison-masse.com\/en\/#\/schema\/logo\/image\/\",\"url\":\"https:\/\/www.maison-masse.com\/wp-content\/uploads\/2021\/06\/favicon.png\",\"contentUrl\":\"https:\/\/www.maison-masse.com\/wp-content\/uploads\/2021\/06\/favicon.png\",\"width\":71,\"height\":72,\"caption\":\"Maison Masse\"},\"image\":{\"@id\":\"https:\/\/www.maison-masse.com\/en\/#\/schema\/logo\/image\/\"}}]}<\/script>\n<!-- \/ Yoast SEO Premium plugin. -->","yoast_head_json":{"title":"BOX VOYAGE GUSTATIF - Maison Masse","description":"Envie de saveurs venues d\u2019ailleurs ? Cette box est une invitation \u00e0 l\u2019\u00e9vasion, pour les palais curieux et les gourmets aventuriers","robots":{"index":"index","follow":"follow","max-snippet":"max-snippet:-1","max-image-preview":"max-image-preview:large","max-video-preview":"max-video-preview:-1"},"canonical":"https:\/\/www.maison-masse.com\/produit\/box-voyage-gustatif\/","og_locale":"en_US","og_type":"article","og_title":"BOX VOYAGE GUSTATIF","og_description":"Envie de saveurs venues d\u2019ailleurs ? Cette box est une invitation \u00e0 l\u2019\u00e9vasion, pour les palais curieux et les gourmets aventuriers","og_url":"https:\/\/www.maison-masse.com\/produit\/box-voyage-gustatif\/","og_site_name":"Maison Masse","article_modified_time":"2026-04-15T07:03:07+00:00","og_image":[{"width":1080,"height":1350,"url":"https:\/\/www.maison-masse.com\/wp-content\/uploads\/2025\/05\/IMG_7105.png","type":"image\/png"}],"twitter_card":"summary_large_image","twitter_misc":{"Est. reading time":"2 minutes"},"schema":{"@context":"https:\/\/schema.org","@graph":[{"@type":"WebPage","@id":"https:\/\/www.maison-masse.com\/produit\/box-voyage-gustatif\/","url":"https:\/\/www.maison-masse.com\/produit\/box-voyage-gustatif\/","name":"BOX VOYAGE GUSTATIF - Maison Masse","isPartOf":{"@id":"https:\/\/www.maison-masse.com\/en\/#website"},"primaryImageOfPage":{"@id":"https:\/\/www.maison-masse.com\/produit\/box-voyage-gustatif\/#primaryimage"},"image":{"@id":"https:\/\/www.maison-masse.com\/produit\/box-voyage-gustatif\/#primaryimage"},"thumbnailUrl":"https:\/\/www.maison-masse.com\/wp-content\/uploads\/2025\/05\/IMG_7105.png","datePublished":"2025-05-15T07:43:23+00:00","dateModified":"2026-04-15T07:03:07+00:00","description":"Envie de saveurs venues d\u2019ailleurs ? Cette box est une invitation \u00e0 l\u2019\u00e9vasion, pour les palais curieux et les gourmets aventuriers","breadcrumb":{"@id":"https:\/\/www.maison-masse.com\/produit\/box-voyage-gustatif\/#breadcrumb"},"inLanguage":"en-US","potentialAction":[{"@type":"ReadAction","target":["https:\/\/www.maison-masse.com\/produit\/box-voyage-gustatif\/"]}]},{"@type":"ImageObject","inLanguage":"en-US","@id":"https:\/\/www.maison-masse.com\/produit\/box-voyage-gustatif\/#primaryimage","url":"https:\/\/www.maison-masse.com\/wp-content\/uploads\/2025\/05\/IMG_7105.png","contentUrl":"https:\/\/www.maison-masse.com\/wp-content\/uploads\/2025\/05\/IMG_7105.png","width":1080,"height":1350,"caption":"Box voyage gustatif :"},{"@type":"BreadcrumbList","@id":"https:\/\/www.maison-masse.com\/produit\/box-voyage-gustatif\/#breadcrumb","itemListElement":[{"@type":"ListItem","position":1,"name":"Accueil","item":"https:\/\/www.maison-masse.com\/en\/"},{"@type":"ListItem","position":2,"name":"Boutique","item":"https:\/\/www.maison-masse.com\/boutique\/"},{"@type":"ListItem","position":3,"name":"BOX VOYAGE GUSTATIF"}]},{"@type":"WebSite","@id":"https:\/\/www.maison-masse.com\/en\/#website","url":"https:\/\/www.maison-masse.com\/en\/","name":"Maison Masse","description":"La maison du foie gras depuis 1884","publisher":{"@id":"https:\/\/www.maison-masse.com\/en\/#organization"},"potentialAction":[{"@type":"SearchAction","target":{"@type":"EntryPoint","urlTemplate":"https:\/\/www.maison-masse.com\/en\/?s={search_term_string}"},"query-input":{"@type":"PropertyValueSpecification","valueRequired":true,"valueName":"search_term_string"}}],"inLanguage":"en-US"},{"@type":"Organization","@id":"https:\/\/www.maison-masse.com\/en\/#organization","name":"Maison Masse","url":"https:\/\/www.maison-masse.com\/en\/","logo":{"@type":"ImageObject","inLanguage":"en-US","@id":"https:\/\/www.maison-masse.com\/en\/#\/schema\/logo\/image\/","url":"https:\/\/www.maison-masse.com\/wp-content\/uploads\/2021\/06\/favicon.png","contentUrl":"https:\/\/www.maison-masse.com\/wp-content\/uploads\/2021\/06\/favicon.png","width":71,"height":72,"caption":"Maison Masse"},"image":{"@id":"https:\/\/www.maison-masse.com\/en\/#\/schema\/logo\/image\/"}}]}},"_links":{"self":[{"href":"https:\/\/www.maison-masse.com\/en\/wp-json\/wp\/v2\/product\/27406","targetHints":{"allow":["GET"]}}],"collection":[{"href":"https:\/\/www.maison-masse.com\/en\/wp-json\/wp\/v2\/product"}],"about":[{"href":"https:\/\/www.maison-masse.com\/en\/wp-json\/wp\/v2\/types\/product"}],"replies":[{"embeddable":true,"href":"https:\/\/www.maison-masse.com\/en\/wp-json\/wp\/v2\/comments?post=27406"}],"wp:featuredmedia":[{"embeddable":true,"href":"https:\/\/www.maison-masse.com\/en\/wp-json\/wp\/v2\/media\/27439"}],"wp:attachment":[{"href":"https:\/\/www.maison-masse.com\/en\/wp-json\/wp\/v2\/media?parent=27406"}],"wp:term":[{"taxonomy":"product_brand","embeddable":true,"href":"https:\/\/www.maison-masse.com\/en\/wp-json\/wp\/v2\/product_brand?post=27406"},{"taxonomy":"product_cat","embeddable":true,"href":"https:\/\/www.maison-masse.com\/en\/wp-json\/wp\/v2\/product_cat?post=27406"},{"taxonomy":"product_tag","embeddable":true,"href":"https:\/\/www.maison-masse.com\/en\/wp-json\/wp\/v2\/product_tag?post=27406"}],"curies":[{"name":"wp","href":"https:\/\/api.w.org\/{rel}","templated":true}]}}