{"id":17214,"date":"2023-12-04T07:20:47","date_gmt":"2023-12-04T06:20:47","guid":{"rendered":"https:\/\/www.maison-masse.com\/?post_type=product&#038;p=17214"},"modified":"2026-04-30T08:53:57","modified_gmt":"2026-04-30T06:53:57","slug":"sauce-champ-truffe-melano-190g","status":"publish","type":"product","link":"https:\/\/www.maison-masse.com\/en\/produit\/sauce-champ-truffe-melano-190g\/","title":{"rendered":"SAUCE AUX CHAMPIGNONS ET A LA TRUFFE MELANOSPORUM 190G"},"content":{"rendered":"<p>Sauce \u00e0 la truffe noire<\/p>\n<p>Dur\u00e9e de vie : 3 ans. Une fois ouvert, il est conseill\u00e9 de conserver la sauce au r\u00e9frig\u00e9rateur et de consommer de pr\u00e9f\u00e9rence dans les 7 jours.<\/p>\n<p>Ingr\u00e9dients : champignons, huile d&#8217;olive extra vierge, pistaches, Tuber melanosporum, Tuber brumale, sel, c\u00e8pes s\u00e9ch\u00e9s, ar\u00f4me, extrait aqueux de Tuber melanosporum.<\/p>\n<p>Origine : Europe<\/p>\n<p><span class=\"s1\">Route de Terre est une entreprise espagnole sp\u00e9cialis\u00e9e dans le commerce de truffes depuis 40 ans. Les truffes sont r\u00e9colt\u00e9es dans les for\u00eats d\u2019Espagne avant d\u2019\u00eatre envoy\u00e9es dans les centres de Tarrega et Valladolid.<\/span><\/p>\n<p>D\u00e9couvrez les autres produits \u00e0 la truffe : <a href=\"https:\/\/www.maison-masse.com\/categorie-produit\/024-conserves-de-truffes\/\">https:\/\/www.maison-masse.com\/categorie-produit\/024-conserves-de-truffes\/<\/a><\/p>\n<div class=\"woocommerce-tabs wc-tabs-wrapper full-width-tabs\" data-tab-style=\"fullwidth\">\n<div id=\"tab-description\" class=\"woocommerce-Tabs-panel woocommerce-Tabs-panel--description panel entry-content wc-tab\" role=\"tabpanel\" aria-labelledby=\"tab-title-description\">\n<p>Suivez-nous sur notre Instagram :\u00a0<a href=\"https:\/\/www.instagram.com\/maisonmasse\/\">https:\/\/www.instagram.com\/maisonmasse\/<\/a><\/p>\n<\/div>\n<\/div>\n","protected":false},"excerpt":{"rendered":"<p>Sauce \u00e0 la truffe noire Dur\u00e9e de vie : 3 ans. Une fois ouvert, il est conseill\u00e9 de conserver la sauce au r\u00e9frig\u00e9rateur et de consommer de pr\u00e9f\u00e9rence dans les&#8230;<\/p>\n","protected":false},"featured_media":23532,"comment_status":"open","ping_status":"closed","template":"","meta":{"_acf_changed":false,"wprm-recipe-roundup-name":"","wprm-recipe-roundup-description":""},"product_brand":[],"product_cat":[312,559],"product_tag":[1088,1040],"class_list":{"0":"post-17214","1":"product","2":"type-product","3":"status-publish","4":"has-post-thumbnail","6":"product_cat-024-conserves-de-truffes","7":"product_cat-preparation-024-conserves-de-truffes","8":"product_tag-sauce","9":"product_tag-truffe","11":"first","12":"instock","13":"taxable","14":"shipping-taxable","15":"purchasable","16":"product-type-simple"},"acf":[],"yoast_head":"<!-- This site is optimized with the Yoast SEO Premium plugin v26.8 (Yoast SEO v26.8) - https:\/\/yoast.com\/product\/yoast-seo-premium-wordpress\/ -->\n<title>SAUCE AUX CHAMPIGNONS ET A LA TRUFFE MELANOSPORUM 190G - Maison Masse<\/title>\n<meta name=\"description\" content=\"D\u00e9couvrez la sauce \u00e0 la truffe noire en 190G. Id\u00e9al pour vos entr\u00e9es ou encore vos plats pour les parfumer \u00e0 la truffe noire.\" \/>\n<meta name=\"robots\" content=\"index, follow, max-snippet:-1, max-image-preview:large, max-video-preview:-1\" \/>\n<link rel=\"canonical\" href=\"https:\/\/www.maison-masse.com\/produit\/sauce-champ-truffe-melano-190g\/\" \/>\n<meta property=\"og:locale\" content=\"en_US\" \/>\n<meta property=\"og:type\" content=\"article\" \/>\n<meta property=\"og:title\" content=\"SAUCE AUX CHAMPIGNONS ET A LA TRUFFE MELANOSPORUM 190G\" \/>\n<meta property=\"og:description\" content=\"D\u00e9couvrez la sauce \u00e0 la truffe noire en 190G. Id\u00e9al pour vos entr\u00e9es ou encore vos plats pour les parfumer \u00e0 la truffe noire.\" \/>\n<meta property=\"og:url\" content=\"https:\/\/www.maison-masse.com\/produit\/sauce-champ-truffe-melano-190g\/\" \/>\n<meta property=\"og:site_name\" content=\"Maison Masse\" \/>\n<meta property=\"article:modified_time\" content=\"2026-04-30T06:53:57+00:00\" \/>\n<meta property=\"og:image\" content=\"https:\/\/www.maison-masse.com\/wp-content\/uploads\/2023\/11\/TRUP048-scaled.jpg\" \/>\n\t<meta property=\"og:image:width\" content=\"1920\" \/>\n\t<meta property=\"og:image:height\" content=\"2560\" \/>\n\t<meta property=\"og:image:type\" content=\"image\/jpeg\" \/>\n<meta name=\"twitter:card\" content=\"summary_large_image\" \/>\n<meta name=\"twitter:label1\" content=\"Est. reading time\" \/>\n\t<meta name=\"twitter:data1\" content=\"1 minute\" \/>\n<script type=\"application\/ld+json\" class=\"yoast-schema-graph\">{\"@context\":\"https:\/\/schema.org\",\"@graph\":[{\"@type\":\"WebPage\",\"@id\":\"https:\/\/www.maison-masse.com\/produit\/sauce-champ-truffe-melano-190g\/\",\"url\":\"https:\/\/www.maison-masse.com\/produit\/sauce-champ-truffe-melano-190g\/\",\"name\":\"SAUCE AUX CHAMPIGNONS ET A LA TRUFFE MELANOSPORUM 190G - Maison Masse\",\"isPartOf\":{\"@id\":\"https:\/\/www.maison-masse.com\/en\/#website\"},\"primaryImageOfPage\":{\"@id\":\"https:\/\/www.maison-masse.com\/produit\/sauce-champ-truffe-melano-190g\/#primaryimage\"},\"image\":{\"@id\":\"https:\/\/www.maison-masse.com\/produit\/sauce-champ-truffe-melano-190g\/#primaryimage\"},\"thumbnailUrl\":\"https:\/\/www.maison-masse.com\/wp-content\/uploads\/2023\/11\/TRUP048-scaled.jpg\",\"datePublished\":\"2023-12-04T06:20:47+00:00\",\"dateModified\":\"2026-04-30T06:53:57+00:00\",\"description\":\"D\u00e9couvrez la sauce \u00e0 la truffe noire en 190G. Id\u00e9al pour vos entr\u00e9es ou encore vos plats pour les parfumer \u00e0 la truffe noire.\",\"breadcrumb\":{\"@id\":\"https:\/\/www.maison-masse.com\/produit\/sauce-champ-truffe-melano-190g\/#breadcrumb\"},\"inLanguage\":\"en-US\",\"potentialAction\":[{\"@type\":\"ReadAction\",\"target\":[\"https:\/\/www.maison-masse.com\/produit\/sauce-champ-truffe-melano-190g\/\"]}]},{\"@type\":\"ImageObject\",\"inLanguage\":\"en-US\",\"@id\":\"https:\/\/www.maison-masse.com\/produit\/sauce-champ-truffe-melano-190g\/#primaryimage\",\"url\":\"https:\/\/www.maison-masse.com\/wp-content\/uploads\/2023\/11\/TRUP048-scaled.jpg\",\"contentUrl\":\"https:\/\/www.maison-masse.com\/wp-content\/uploads\/2023\/11\/TRUP048-scaled.jpg\",\"width\":1920,\"height\":2560,\"caption\":\"sauce\"},{\"@type\":\"BreadcrumbList\",\"@id\":\"https:\/\/www.maison-masse.com\/produit\/sauce-champ-truffe-melano-190g\/#breadcrumb\",\"itemListElement\":[{\"@type\":\"ListItem\",\"position\":1,\"name\":\"Accueil\",\"item\":\"https:\/\/www.maison-masse.com\/en\/\"},{\"@type\":\"ListItem\",\"position\":2,\"name\":\"Boutique\",\"item\":\"https:\/\/www.maison-masse.com\/boutique\/\"},{\"@type\":\"ListItem\",\"position\":3,\"name\":\"SAUCE CHAMP\/TRUFFE MELANO 190G\"}]},{\"@type\":\"WebSite\",\"@id\":\"https:\/\/www.maison-masse.com\/en\/#website\",\"url\":\"https:\/\/www.maison-masse.com\/en\/\",\"name\":\"Maison Masse\",\"description\":\"La maison du foie gras depuis 1884\",\"publisher\":{\"@id\":\"https:\/\/www.maison-masse.com\/en\/#organization\"},\"potentialAction\":[{\"@type\":\"SearchAction\",\"target\":{\"@type\":\"EntryPoint\",\"urlTemplate\":\"https:\/\/www.maison-masse.com\/en\/?s={search_term_string}\"},\"query-input\":{\"@type\":\"PropertyValueSpecification\",\"valueRequired\":true,\"valueName\":\"search_term_string\"}}],\"inLanguage\":\"en-US\"},{\"@type\":\"Organization\",\"@id\":\"https:\/\/www.maison-masse.com\/en\/#organization\",\"name\":\"Maison Masse\",\"url\":\"https:\/\/www.maison-masse.com\/en\/\",\"logo\":{\"@type\":\"ImageObject\",\"inLanguage\":\"en-US\",\"@id\":\"https:\/\/www.maison-masse.com\/en\/#\/schema\/logo\/image\/\",\"url\":\"https:\/\/www.maison-masse.com\/wp-content\/uploads\/2021\/06\/favicon.png\",\"contentUrl\":\"https:\/\/www.maison-masse.com\/wp-content\/uploads\/2021\/06\/favicon.png\",\"width\":71,\"height\":72,\"caption\":\"Maison Masse\"},\"image\":{\"@id\":\"https:\/\/www.maison-masse.com\/en\/#\/schema\/logo\/image\/\"}}]}<\/script>\n<!-- \/ Yoast SEO Premium plugin. -->","yoast_head_json":{"title":"SAUCE AUX CHAMPIGNONS ET A LA TRUFFE MELANOSPORUM 190G - Maison Masse","description":"D\u00e9couvrez la sauce \u00e0 la truffe noire en 190G. Id\u00e9al pour vos entr\u00e9es ou encore vos plats pour les parfumer \u00e0 la truffe noire.","robots":{"index":"index","follow":"follow","max-snippet":"max-snippet:-1","max-image-preview":"max-image-preview:large","max-video-preview":"max-video-preview:-1"},"canonical":"https:\/\/www.maison-masse.com\/produit\/sauce-champ-truffe-melano-190g\/","og_locale":"en_US","og_type":"article","og_title":"SAUCE AUX CHAMPIGNONS ET A LA TRUFFE MELANOSPORUM 190G","og_description":"D\u00e9couvrez la sauce \u00e0 la truffe noire en 190G. Id\u00e9al pour vos entr\u00e9es ou encore vos plats pour les parfumer \u00e0 la truffe noire.","og_url":"https:\/\/www.maison-masse.com\/produit\/sauce-champ-truffe-melano-190g\/","og_site_name":"Maison Masse","article_modified_time":"2026-04-30T06:53:57+00:00","og_image":[{"width":1920,"height":2560,"url":"https:\/\/www.maison-masse.com\/wp-content\/uploads\/2023\/11\/TRUP048-scaled.jpg","type":"image\/jpeg"}],"twitter_card":"summary_large_image","twitter_misc":{"Est. reading time":"1 minute"},"schema":{"@context":"https:\/\/schema.org","@graph":[{"@type":"WebPage","@id":"https:\/\/www.maison-masse.com\/produit\/sauce-champ-truffe-melano-190g\/","url":"https:\/\/www.maison-masse.com\/produit\/sauce-champ-truffe-melano-190g\/","name":"SAUCE AUX CHAMPIGNONS ET A LA TRUFFE MELANOSPORUM 190G - Maison Masse","isPartOf":{"@id":"https:\/\/www.maison-masse.com\/en\/#website"},"primaryImageOfPage":{"@id":"https:\/\/www.maison-masse.com\/produit\/sauce-champ-truffe-melano-190g\/#primaryimage"},"image":{"@id":"https:\/\/www.maison-masse.com\/produit\/sauce-champ-truffe-melano-190g\/#primaryimage"},"thumbnailUrl":"https:\/\/www.maison-masse.com\/wp-content\/uploads\/2023\/11\/TRUP048-scaled.jpg","datePublished":"2023-12-04T06:20:47+00:00","dateModified":"2026-04-30T06:53:57+00:00","description":"D\u00e9couvrez la sauce \u00e0 la truffe noire en 190G. Id\u00e9al pour vos entr\u00e9es ou encore vos plats pour les parfumer \u00e0 la truffe noire.","breadcrumb":{"@id":"https:\/\/www.maison-masse.com\/produit\/sauce-champ-truffe-melano-190g\/#breadcrumb"},"inLanguage":"en-US","potentialAction":[{"@type":"ReadAction","target":["https:\/\/www.maison-masse.com\/produit\/sauce-champ-truffe-melano-190g\/"]}]},{"@type":"ImageObject","inLanguage":"en-US","@id":"https:\/\/www.maison-masse.com\/produit\/sauce-champ-truffe-melano-190g\/#primaryimage","url":"https:\/\/www.maison-masse.com\/wp-content\/uploads\/2023\/11\/TRUP048-scaled.jpg","contentUrl":"https:\/\/www.maison-masse.com\/wp-content\/uploads\/2023\/11\/TRUP048-scaled.jpg","width":1920,"height":2560,"caption":"sauce"},{"@type":"BreadcrumbList","@id":"https:\/\/www.maison-masse.com\/produit\/sauce-champ-truffe-melano-190g\/#breadcrumb","itemListElement":[{"@type":"ListItem","position":1,"name":"Accueil","item":"https:\/\/www.maison-masse.com\/en\/"},{"@type":"ListItem","position":2,"name":"Boutique","item":"https:\/\/www.maison-masse.com\/boutique\/"},{"@type":"ListItem","position":3,"name":"SAUCE CHAMP\/TRUFFE MELANO 190G"}]},{"@type":"WebSite","@id":"https:\/\/www.maison-masse.com\/en\/#website","url":"https:\/\/www.maison-masse.com\/en\/","name":"Maison Masse","description":"La maison du foie gras depuis 1884","publisher":{"@id":"https:\/\/www.maison-masse.com\/en\/#organization"},"potentialAction":[{"@type":"SearchAction","target":{"@type":"EntryPoint","urlTemplate":"https:\/\/www.maison-masse.com\/en\/?s={search_term_string}"},"query-input":{"@type":"PropertyValueSpecification","valueRequired":true,"valueName":"search_term_string"}}],"inLanguage":"en-US"},{"@type":"Organization","@id":"https:\/\/www.maison-masse.com\/en\/#organization","name":"Maison Masse","url":"https:\/\/www.maison-masse.com\/en\/","logo":{"@type":"ImageObject","inLanguage":"en-US","@id":"https:\/\/www.maison-masse.com\/en\/#\/schema\/logo\/image\/","url":"https:\/\/www.maison-masse.com\/wp-content\/uploads\/2021\/06\/favicon.png","contentUrl":"https:\/\/www.maison-masse.com\/wp-content\/uploads\/2021\/06\/favicon.png","width":71,"height":72,"caption":"Maison Masse"},"image":{"@id":"https:\/\/www.maison-masse.com\/en\/#\/schema\/logo\/image\/"}}]}},"_links":{"self":[{"href":"https:\/\/www.maison-masse.com\/en\/wp-json\/wp\/v2\/product\/17214","targetHints":{"allow":["GET"]}}],"collection":[{"href":"https:\/\/www.maison-masse.com\/en\/wp-json\/wp\/v2\/product"}],"about":[{"href":"https:\/\/www.maison-masse.com\/en\/wp-json\/wp\/v2\/types\/product"}],"replies":[{"embeddable":true,"href":"https:\/\/www.maison-masse.com\/en\/wp-json\/wp\/v2\/comments?post=17214"}],"wp:featuredmedia":[{"embeddable":true,"href":"https:\/\/www.maison-masse.com\/en\/wp-json\/wp\/v2\/media\/23532"}],"wp:attachment":[{"href":"https:\/\/www.maison-masse.com\/en\/wp-json\/wp\/v2\/media?parent=17214"}],"wp:term":[{"taxonomy":"product_brand","embeddable":true,"href":"https:\/\/www.maison-masse.com\/en\/wp-json\/wp\/v2\/product_brand?post=17214"},{"taxonomy":"product_cat","embeddable":true,"href":"https:\/\/www.maison-masse.com\/en\/wp-json\/wp\/v2\/product_cat?post=17214"},{"taxonomy":"product_tag","embeddable":true,"href":"https:\/\/www.maison-masse.com\/en\/wp-json\/wp\/v2\/product_tag?post=17214"}],"curies":[{"name":"wp","href":"https:\/\/api.w.org\/{rel}","templated":true}]}}