{"id":13639,"date":"2026-01-28T10:08:00","date_gmt":"2026-01-28T09:08:00","guid":{"rendered":"https:\/\/www.maison-masse.com\/?post_type=product&#038;p=13639"},"modified":"2026-04-30T08:41:21","modified_gmt":"2026-04-30T06:41:21","slug":"rape-a-truffes-inox","status":"publish","type":"product","link":"https:\/\/www.maison-masse.com\/en\/produit\/rape-a-truffes-inox\/","title":{"rendered":"RAPE A TRUFFES EN INOX"},"content":{"rendered":"<p data-start=\"213\" data-end=\"411\">Pens\u00e9e pour les exigences des cuisines professionnelles, cette <strong data-start=\"276\" data-end=\"320\">rape \u00e0 truffe en acier inoxydable (inox)<\/strong> garantit une coupe nette, r\u00e9guli\u00e8re et pr\u00e9cise, id\u00e9ale pour sublimer les truffes fra\u00eeches.<\/p>\n<p data-start=\"413\" data-end=\"727\">Sa lame finement aff\u00fbt\u00e9e permet d\u2019obtenir des <strong data-start=\"459\" data-end=\"488\">copeaux fins et homog\u00e8nes<\/strong>, sans \u00e9craser le produit, afin de pr\u00e9server toute l\u2019intensit\u00e9 aromatique de la truffe. Robuste et durable, l\u2019inox assure une <strong data-start=\"614\" data-end=\"654\">excellente r\u00e9sistance \u00e0 la corrosion<\/strong> et un entretien facile, conforme aux standards d\u2019hygi\u00e8ne professionnels.<\/p>\n<p data-start=\"729\" data-end=\"899\">Ergonomique et maniable, cette r\u00e2pe offre une <strong data-start=\"775\" data-end=\"804\">prise en main confortable<\/strong> pour un geste s\u00fbr et pr\u00e9cis, aussi bien en finition \u00e0 l\u2019assiette qu\u2019en pr\u00e9paration en cuisine.<\/p>\n<p data-start=\"901\" data-end=\"920\"><strong data-start=\"901\" data-end=\"920\">Les + produit :<\/strong><\/p>\n<ul data-start=\"921\" data-end=\"1148\">\n<li data-start=\"921\" data-end=\"968\">\n<p data-start=\"923\" data-end=\"968\">Acier inoxydable de qualit\u00e9 professionnelle<\/p>\n<\/li>\n<li data-start=\"969\" data-end=\"1017\">\n<p data-start=\"971\" data-end=\"1017\">Coupe pr\u00e9cise pour copeaux fins et r\u00e9guliers<\/p>\n<\/li>\n<li data-start=\"1018\" data-end=\"1057\">\n<p data-start=\"1020\" data-end=\"1057\">Respect du produit et de ses ar\u00f4mes<\/p>\n<\/li>\n<li data-start=\"1058\" data-end=\"1102\">\n<p data-start=\"1060\" data-end=\"1102\">Facile \u00e0 nettoyer, hygi\u00e9nique et durable<\/p>\n<\/li>\n<li data-start=\"1103\" data-end=\"1148\">\n<p data-start=\"1105\" data-end=\"1148\">Adapt\u00e9e \u00e0 un usage intensif en restauration<\/p>\n<\/li>\n<\/ul>\n<p data-start=\"1150\" data-end=\"1228\">Un <strong data-start=\"1153\" data-end=\"1176\">outil indispensable<\/strong> pour valoriser la truffe avec justesse et \u00e9l\u00e9gance.<\/p>\n<p data-start=\"1150\" data-end=\"1228\"><a href=\"https:\/\/www.maison-masse.com\/categorie-produit\/023-truffes-fraiches-et-surgelees\/\">Je d\u00e9couvre la truffe fra\u00eeche\u00a0<\/a><\/p>\n<p data-start=\"1150\" data-end=\"1228\"><a href=\"https:\/\/www.instagram.com\/maisonmasse\/\">En savoir plus sur nos r\u00e9seaux sociaux\u00a0<\/a><\/p>\n","protected":false},"excerpt":{"rendered":"<p data-start=\"133\" data-end=\"374\"><strong data-start=\"133\" data-end=\"374\">R\u00e2pe \u00e0 truffe professionnelle en acier inoxydable, con\u00e7ue pour une coupe nette et r\u00e9guli\u00e8re. Id\u00e9ale pour r\u00e9aliser des copeaux fins tout en pr\u00e9servant les ar\u00f4mes de la truffe.\u00a0<\/strong><\/p>\n<p data-start=\"376\" data-end=\"488\" data-is-last-node=\"\" data-is-only-node=\"\">\n","protected":false},"featured_media":30515,"comment_status":"open","ping_status":"closed","template":"","meta":{"_acf_changed":false,"wprm-recipe-roundup-name":"","wprm-recipe-roundup-description":""},"product_brand":[],"product_cat":[312,317,561,331],"product_tag":[3170,2037,3169,1040],"class_list":{"0":"post-13639","1":"product","2":"type-product","3":"status-publish","4":"has-post-thumbnail","6":"product_cat-024-conserves-de-truffes","7":"product_cat-les-coffrets-cadeaux","8":"product_cat-melanosporum","9":"product_cat-023-truffes-fraiches-et-surgelees","10":"product_tag-inox","11":"product_tag-melanosporum","12":"product_tag-rape","13":"product_tag-truffe","15":"first","16":"instock","17":"taxable","18":"shipping-taxable","19":"purchasable","20":"product-type-simple"},"acf":[],"yoast_head":"<!-- This site is optimized with the Yoast SEO Premium plugin v26.8 (Yoast SEO v26.8) - https:\/\/yoast.com\/product\/yoast-seo-premium-wordpress\/ -->\n<title>RAPE A TRUFFES EN INOX - Maison Masse<\/title>\n<meta name=\"description\" content=\"R\u00e2pe \u00e0 truffe professionnelle en acier inoxydable. Coupe pr\u00e9cise pour copeaux fins, hygi\u00e9nique, durable et id\u00e9ale pour les cuisines professionnelles.\" \/>\n<meta name=\"robots\" content=\"index, follow, max-snippet:-1, max-image-preview:large, max-video-preview:-1\" \/>\n<link rel=\"canonical\" href=\"https:\/\/www.maison-masse.com\/produit\/rape-a-truffes-inox\/\" \/>\n<meta property=\"og:locale\" content=\"en_US\" \/>\n<meta property=\"og:type\" content=\"article\" \/>\n<meta property=\"og:title\" content=\"RAPE A TRUFFES EN INOX\" \/>\n<meta property=\"og:description\" content=\"R\u00e2pe \u00e0 truffe professionnelle en acier inoxydable. Coupe pr\u00e9cise pour copeaux fins, hygi\u00e9nique, durable et id\u00e9ale pour les cuisines professionnelles.\" \/>\n<meta property=\"og:url\" content=\"https:\/\/www.maison-masse.com\/produit\/rape-a-truffes-inox\/\" \/>\n<meta property=\"og:site_name\" content=\"Maison Masse\" \/>\n<meta property=\"article:modified_time\" content=\"2026-04-30T06:41:21+00:00\" \/>\n<meta property=\"og:image\" content=\"https:\/\/www.maison-masse.com\/wp-content\/uploads\/2025\/06\/Kit-truffe-scaled.jpg\" \/>\n\t<meta property=\"og:image:width\" content=\"1920\" \/>\n\t<meta property=\"og:image:height\" content=\"2560\" \/>\n\t<meta property=\"og:image:type\" content=\"image\/jpeg\" \/>\n<meta name=\"twitter:card\" content=\"summary_large_image\" \/>\n<meta name=\"twitter:label1\" content=\"Est. reading time\" \/>\n\t<meta name=\"twitter:data1\" content=\"2 minutes\" \/>\n<script type=\"application\/ld+json\" class=\"yoast-schema-graph\">{\"@context\":\"https:\/\/schema.org\",\"@graph\":[{\"@type\":\"WebPage\",\"@id\":\"https:\/\/www.maison-masse.com\/produit\/rape-a-truffes-inox\/\",\"url\":\"https:\/\/www.maison-masse.com\/produit\/rape-a-truffes-inox\/\",\"name\":\"RAPE A TRUFFES EN INOX - Maison Masse\",\"isPartOf\":{\"@id\":\"https:\/\/www.maison-masse.com\/en\/#website\"},\"primaryImageOfPage\":{\"@id\":\"https:\/\/www.maison-masse.com\/produit\/rape-a-truffes-inox\/#primaryimage\"},\"image\":{\"@id\":\"https:\/\/www.maison-masse.com\/produit\/rape-a-truffes-inox\/#primaryimage\"},\"thumbnailUrl\":\"https:\/\/www.maison-masse.com\/wp-content\/uploads\/2025\/06\/Kit-truffe-scaled.jpg\",\"datePublished\":\"2026-01-28T09:08:00+00:00\",\"dateModified\":\"2026-04-30T06:41:21+00:00\",\"description\":\"R\u00e2pe \u00e0 truffe professionnelle en acier inoxydable. Coupe pr\u00e9cise pour copeaux fins, hygi\u00e9nique, durable et id\u00e9ale pour les cuisines professionnelles.\",\"breadcrumb\":{\"@id\":\"https:\/\/www.maison-masse.com\/produit\/rape-a-truffes-inox\/#breadcrumb\"},\"inLanguage\":\"en-US\",\"potentialAction\":[{\"@type\":\"ReadAction\",\"target\":[\"https:\/\/www.maison-masse.com\/produit\/rape-a-truffes-inox\/\"]}]},{\"@type\":\"ImageObject\",\"inLanguage\":\"en-US\",\"@id\":\"https:\/\/www.maison-masse.com\/produit\/rape-a-truffes-inox\/#primaryimage\",\"url\":\"https:\/\/www.maison-masse.com\/wp-content\/uploads\/2025\/06\/Kit-truffe-scaled.jpg\",\"contentUrl\":\"https:\/\/www.maison-masse.com\/wp-content\/uploads\/2025\/06\/Kit-truffe-scaled.jpg\",\"width\":1920,\"height\":2560,\"caption\":\"Rape \u00e0 truffes - Maison Masse\"},{\"@type\":\"BreadcrumbList\",\"@id\":\"https:\/\/www.maison-masse.com\/produit\/rape-a-truffes-inox\/#breadcrumb\",\"itemListElement\":[{\"@type\":\"ListItem\",\"position\":1,\"name\":\"Accueil\",\"item\":\"https:\/\/www.maison-masse.com\/en\/\"},{\"@type\":\"ListItem\",\"position\":2,\"name\":\"Boutique\",\"item\":\"https:\/\/www.maison-masse.com\/boutique\/\"},{\"@type\":\"ListItem\",\"position\":3,\"name\":\"RAPE A TRUFFES EN INOX\"}]},{\"@type\":\"WebSite\",\"@id\":\"https:\/\/www.maison-masse.com\/en\/#website\",\"url\":\"https:\/\/www.maison-masse.com\/en\/\",\"name\":\"Maison Masse\",\"description\":\"La maison du foie gras depuis 1884\",\"publisher\":{\"@id\":\"https:\/\/www.maison-masse.com\/en\/#organization\"},\"potentialAction\":[{\"@type\":\"SearchAction\",\"target\":{\"@type\":\"EntryPoint\",\"urlTemplate\":\"https:\/\/www.maison-masse.com\/en\/?s={search_term_string}\"},\"query-input\":{\"@type\":\"PropertyValueSpecification\",\"valueRequired\":true,\"valueName\":\"search_term_string\"}}],\"inLanguage\":\"en-US\"},{\"@type\":\"Organization\",\"@id\":\"https:\/\/www.maison-masse.com\/en\/#organization\",\"name\":\"Maison Masse\",\"url\":\"https:\/\/www.maison-masse.com\/en\/\",\"logo\":{\"@type\":\"ImageObject\",\"inLanguage\":\"en-US\",\"@id\":\"https:\/\/www.maison-masse.com\/en\/#\/schema\/logo\/image\/\",\"url\":\"https:\/\/www.maison-masse.com\/wp-content\/uploads\/2021\/06\/favicon.png\",\"contentUrl\":\"https:\/\/www.maison-masse.com\/wp-content\/uploads\/2021\/06\/favicon.png\",\"width\":71,\"height\":72,\"caption\":\"Maison Masse\"},\"image\":{\"@id\":\"https:\/\/www.maison-masse.com\/en\/#\/schema\/logo\/image\/\"}}]}<\/script>\n<!-- \/ Yoast SEO Premium plugin. -->","yoast_head_json":{"title":"RAPE A TRUFFES EN INOX - Maison Masse","description":"R\u00e2pe \u00e0 truffe professionnelle en acier inoxydable. Coupe pr\u00e9cise pour copeaux fins, hygi\u00e9nique, durable et id\u00e9ale pour les cuisines professionnelles.","robots":{"index":"index","follow":"follow","max-snippet":"max-snippet:-1","max-image-preview":"max-image-preview:large","max-video-preview":"max-video-preview:-1"},"canonical":"https:\/\/www.maison-masse.com\/produit\/rape-a-truffes-inox\/","og_locale":"en_US","og_type":"article","og_title":"RAPE A TRUFFES EN INOX","og_description":"R\u00e2pe \u00e0 truffe professionnelle en acier inoxydable. Coupe pr\u00e9cise pour copeaux fins, hygi\u00e9nique, durable et id\u00e9ale pour les cuisines professionnelles.","og_url":"https:\/\/www.maison-masse.com\/produit\/rape-a-truffes-inox\/","og_site_name":"Maison Masse","article_modified_time":"2026-04-30T06:41:21+00:00","og_image":[{"width":1920,"height":2560,"url":"https:\/\/www.maison-masse.com\/wp-content\/uploads\/2025\/06\/Kit-truffe-scaled.jpg","type":"image\/jpeg"}],"twitter_card":"summary_large_image","twitter_misc":{"Est. reading time":"2 minutes"},"schema":{"@context":"https:\/\/schema.org","@graph":[{"@type":"WebPage","@id":"https:\/\/www.maison-masse.com\/produit\/rape-a-truffes-inox\/","url":"https:\/\/www.maison-masse.com\/produit\/rape-a-truffes-inox\/","name":"RAPE A TRUFFES EN INOX - Maison Masse","isPartOf":{"@id":"https:\/\/www.maison-masse.com\/en\/#website"},"primaryImageOfPage":{"@id":"https:\/\/www.maison-masse.com\/produit\/rape-a-truffes-inox\/#primaryimage"},"image":{"@id":"https:\/\/www.maison-masse.com\/produit\/rape-a-truffes-inox\/#primaryimage"},"thumbnailUrl":"https:\/\/www.maison-masse.com\/wp-content\/uploads\/2025\/06\/Kit-truffe-scaled.jpg","datePublished":"2026-01-28T09:08:00+00:00","dateModified":"2026-04-30T06:41:21+00:00","description":"R\u00e2pe \u00e0 truffe professionnelle en acier inoxydable. Coupe pr\u00e9cise pour copeaux fins, hygi\u00e9nique, durable et id\u00e9ale pour les cuisines professionnelles.","breadcrumb":{"@id":"https:\/\/www.maison-masse.com\/produit\/rape-a-truffes-inox\/#breadcrumb"},"inLanguage":"en-US","potentialAction":[{"@type":"ReadAction","target":["https:\/\/www.maison-masse.com\/produit\/rape-a-truffes-inox\/"]}]},{"@type":"ImageObject","inLanguage":"en-US","@id":"https:\/\/www.maison-masse.com\/produit\/rape-a-truffes-inox\/#primaryimage","url":"https:\/\/www.maison-masse.com\/wp-content\/uploads\/2025\/06\/Kit-truffe-scaled.jpg","contentUrl":"https:\/\/www.maison-masse.com\/wp-content\/uploads\/2025\/06\/Kit-truffe-scaled.jpg","width":1920,"height":2560,"caption":"Rape \u00e0 truffes - Maison Masse"},{"@type":"BreadcrumbList","@id":"https:\/\/www.maison-masse.com\/produit\/rape-a-truffes-inox\/#breadcrumb","itemListElement":[{"@type":"ListItem","position":1,"name":"Accueil","item":"https:\/\/www.maison-masse.com\/en\/"},{"@type":"ListItem","position":2,"name":"Boutique","item":"https:\/\/www.maison-masse.com\/boutique\/"},{"@type":"ListItem","position":3,"name":"RAPE A TRUFFES EN INOX"}]},{"@type":"WebSite","@id":"https:\/\/www.maison-masse.com\/en\/#website","url":"https:\/\/www.maison-masse.com\/en\/","name":"Maison Masse","description":"La maison du foie gras depuis 1884","publisher":{"@id":"https:\/\/www.maison-masse.com\/en\/#organization"},"potentialAction":[{"@type":"SearchAction","target":{"@type":"EntryPoint","urlTemplate":"https:\/\/www.maison-masse.com\/en\/?s={search_term_string}"},"query-input":{"@type":"PropertyValueSpecification","valueRequired":true,"valueName":"search_term_string"}}],"inLanguage":"en-US"},{"@type":"Organization","@id":"https:\/\/www.maison-masse.com\/en\/#organization","name":"Maison Masse","url":"https:\/\/www.maison-masse.com\/en\/","logo":{"@type":"ImageObject","inLanguage":"en-US","@id":"https:\/\/www.maison-masse.com\/en\/#\/schema\/logo\/image\/","url":"https:\/\/www.maison-masse.com\/wp-content\/uploads\/2021\/06\/favicon.png","contentUrl":"https:\/\/www.maison-masse.com\/wp-content\/uploads\/2021\/06\/favicon.png","width":71,"height":72,"caption":"Maison Masse"},"image":{"@id":"https:\/\/www.maison-masse.com\/en\/#\/schema\/logo\/image\/"}}]}},"_links":{"self":[{"href":"https:\/\/www.maison-masse.com\/en\/wp-json\/wp\/v2\/product\/13639","targetHints":{"allow":["GET"]}}],"collection":[{"href":"https:\/\/www.maison-masse.com\/en\/wp-json\/wp\/v2\/product"}],"about":[{"href":"https:\/\/www.maison-masse.com\/en\/wp-json\/wp\/v2\/types\/product"}],"replies":[{"embeddable":true,"href":"https:\/\/www.maison-masse.com\/en\/wp-json\/wp\/v2\/comments?post=13639"}],"wp:featuredmedia":[{"embeddable":true,"href":"https:\/\/www.maison-masse.com\/en\/wp-json\/wp\/v2\/media\/30515"}],"wp:attachment":[{"href":"https:\/\/www.maison-masse.com\/en\/wp-json\/wp\/v2\/media?parent=13639"}],"wp:term":[{"taxonomy":"product_brand","embeddable":true,"href":"https:\/\/www.maison-masse.com\/en\/wp-json\/wp\/v2\/product_brand?post=13639"},{"taxonomy":"product_cat","embeddable":true,"href":"https:\/\/www.maison-masse.com\/en\/wp-json\/wp\/v2\/product_cat?post=13639"},{"taxonomy":"product_tag","embeddable":true,"href":"https:\/\/www.maison-masse.com\/en\/wp-json\/wp\/v2\/product_tag?post=13639"}],"curies":[{"name":"wp","href":"https:\/\/api.w.org\/{rel}","templated":true}]}}