{"id":13064,"date":"2021-12-09T19:33:44","date_gmt":"2021-12-09T18:33:44","guid":{"rendered":"https:\/\/www.maison-masse.com\/?post_type=product&#038;p=13064"},"modified":"2026-04-15T09:11:17","modified_gmt":"2026-04-15T07:11:17","slug":"caviar-oscietre-250g-france","status":"publish","type":"product","link":"https:\/\/www.maison-masse.com\/en\/produit\/caviar-oscietre-250g-france\/","title":{"rendered":"CAVIAR OSCIETRE FRANCE BOITE DE 250G"},"content":{"rendered":"<p>Notre caviar Osci\u00e8tre fran\u00e7ais provient de la seule ferme d&#8217;\u00e9levage pour laquelle les esturgeons sont n\u00e9s et \u00e9lev\u00e9s en France.<br \/>\nLes grains sont brillants allant d&#8217;une couleur ambr\u00e9e \u00e0 mordor\u00e9e. Ses saveurs sont subtiles et marines avec un d\u00e9but en bouche cr\u00e9meux et des notes finales iod\u00e9es. Vous appr\u00e9cierez sa belle longueur en bouche avec des notes de noisettes et de noix de cajou d&#8217;une grande finesse.<\/p>\n<p>Origine : France.<\/p>\n<p>DLC : minimum 2 mois.<\/p>\n<p>Masse s\u00e9lectionne avec exigence les fermes d&#8217;\u00e9levage d&#8217;esturgeon, afin de proposer le meilleur de chaque r\u00e9gion. Nous sommes particuli\u00e8rement vigilants aux diff\u00e9rents crit\u00e8res qui donneront toutes ses sp\u00e9cificit\u00e9s \u00e0 un caviar, le go\u00fbt en d\u00e9pendra : l\u2019esp\u00e8ce d\u2019esturgeon, le niveau et le type de salage, la dur\u00e9e d\u2019affinage, le savoir-faire du pisciculteur et du producteur, la qualit\u00e9 de l\u2019environnement\u2026<\/p>\n<p>Le processus de production de caviar dure au moins sept ans : les femelles ne deviennent matures qu&#8217;\u00e0 l\u2019\u00e2ge de 7-8 ans, puis la reproduction est r\u00e9alis\u00e9e in vitro. La maturation des oeufs est suivie r\u00e9guli\u00e8rement par \u00e9chographie afin de d\u00e9terminer le moment optimal pour les pr\u00e9lever. Une fois pr\u00e9lev\u00e9s en laboratoire, les oeufs sont tamis\u00e9s, afin de les s\u00e9parer des membranes. Ils sont ensuite rinc\u00e9s et tri\u00e9s en fonction de la fermet\u00e9 de leur membrane, de leur couleur, taille, odeur et saveur, afin d\u2019assurer l\u2019homog\u00e9n\u00e9it\u00e9 des bo\u00eetes. Les \u00e9leveurs les salent finement, afin que le m\u00e9lange avec les oeufs r\u00e9v\u00e8le le go\u00fbt unique de chaque caviar.<\/p>\n<p>La ferme du caviar Osci\u00e8tre provient de la seule ferme d\u2019\u00e9levage pour laquelle les esturgeons (esturgeons russes,\u00a0<em>acipenser gueldenstaedtii<\/em>) sont n\u00e9s et \u00e9lev\u00e9s en France.<\/p>\n<p>Pour en savoir plus : <a href=\"https:\/\/www.maison-masse.com\/les-caviar-francais\/\">https:\/\/www.maison-masse.com\/les-caviar-francais\/<\/a><\/p>\n<p>Suivez-nous sur Instagram ! <a href=\"https:\/\/www.instagram.com\/maisonmasse\/\">https:\/\/www.instagram.com\/maisonmasse\/<\/a><\/p>\n","protected":false},"excerpt":{"rendered":"<p>Notre caviar Osci\u00e8tre fran\u00e7ais provient de la seule ferme d&#8217;\u00e9levage pour laquelle les esturgeons sont n\u00e9s et \u00e9lev\u00e9s en France.<br \/>\nLes grains sont brillants allant d&#8217;une couleur ambr\u00e9e \u00e0 mordor\u00e9e. Ses saveurs sont subtiles et marines avec un d\u00e9but en bouche cr\u00e9meux et des notes finales iod\u00e9es. Vous appr\u00e9cierez sa belle longueur en bouche avec des notes de noisettes et de noix de cajou d&#8217;une grande finesse.<\/p>\n","protected":false},"featured_media":8971,"comment_status":"open","ping_status":"closed","template":"","meta":{"_acf_changed":false,"wprm-recipe-roundup-name":"","wprm-recipe-roundup-description":""},"product_brand":[],"product_cat":[573,325],"product_tag":[1049,2035],"class_list":{"0":"post-13064","1":"product","2":"type-product","3":"status-publish","4":"has-post-thumbnail","6":"product_cat-caviar","7":"product_cat-les-produits-de-la-mer","8":"product_tag-caviar","9":"product_tag-oscietre","11":"first","12":"instock","13":"taxable","14":"shipping-taxable","15":"purchasable","16":"product-type-simple"},"acf":[],"yoast_head":"<!-- This site is optimized with the Yoast SEO Premium plugin v26.8 (Yoast SEO v26.8) - https:\/\/yoast.com\/product\/yoast-seo-premium-wordpress\/ -->\n<title>CAVIAR OSCIETRE FRANCE BOITE DE 250G - Maison Masse<\/title>\n<meta name=\"description\" content=\"D\u00e9couvrez le caviar oscietre France de la Maison Masse. Vous appr\u00e9cierez sa belle longueur en bouche avec des notes de noisettes et de noix de cajou.\" \/>\n<meta name=\"robots\" content=\"index, follow, max-snippet:-1, max-image-preview:large, max-video-preview:-1\" \/>\n<link rel=\"canonical\" href=\"https:\/\/www.maison-masse.com\/produit\/caviar-oscietre-250g-france\/\" \/>\n<meta property=\"og:locale\" content=\"en_US\" \/>\n<meta property=\"og:type\" content=\"article\" \/>\n<meta property=\"og:title\" content=\"CAVIAR OSCIETRE FRANCE BOITE DE 250G\" \/>\n<meta property=\"og:description\" content=\"D\u00e9couvrez le caviar oscietre France de la Maison Masse. Vous appr\u00e9cierez sa belle longueur en bouche avec des notes de noisettes et de noix de cajou.\" \/>\n<meta property=\"og:url\" content=\"https:\/\/www.maison-masse.com\/produit\/caviar-oscietre-250g-france\/\" \/>\n<meta property=\"og:site_name\" content=\"Maison Masse\" \/>\n<meta property=\"article:modified_time\" content=\"2026-04-15T07:11:17+00:00\" \/>\n<meta property=\"og:image\" content=\"https:\/\/www.maison-masse.com\/wp-content\/uploads\/2021\/06\/logo-maisonmasse.png\" \/>\n\t<meta property=\"og:image:width\" content=\"246\" \/>\n\t<meta property=\"og:image:height\" content=\"100\" \/>\n\t<meta property=\"og:image:type\" content=\"image\/png\" \/>\n<meta name=\"twitter:card\" content=\"summary_large_image\" \/>\n<meta name=\"twitter:label1\" content=\"Est. reading time\" \/>\n\t<meta name=\"twitter:data1\" content=\"2 minutes\" \/>\n<script type=\"application\/ld+json\" class=\"yoast-schema-graph\">{\"@context\":\"https:\/\/schema.org\",\"@graph\":[{\"@type\":\"WebPage\",\"@id\":\"https:\/\/www.maison-masse.com\/produit\/caviar-oscietre-250g-france\/\",\"url\":\"https:\/\/www.maison-masse.com\/produit\/caviar-oscietre-250g-france\/\",\"name\":\"CAVIAR OSCIETRE FRANCE BOITE DE 250G - Maison Masse\",\"isPartOf\":{\"@id\":\"https:\/\/www.maison-masse.com\/en\/#website\"},\"primaryImageOfPage\":{\"@id\":\"https:\/\/www.maison-masse.com\/produit\/caviar-oscietre-250g-france\/#primaryimage\"},\"image\":{\"@id\":\"https:\/\/www.maison-masse.com\/produit\/caviar-oscietre-250g-france\/#primaryimage\"},\"thumbnailUrl\":\"https:\/\/www.maison-masse.com\/wp-content\/uploads\/2021\/06\/PDM0165-1-rotated-e1626858134525.bmp\",\"datePublished\":\"2021-12-09T18:33:44+00:00\",\"dateModified\":\"2026-04-15T07:11:17+00:00\",\"description\":\"D\u00e9couvrez le caviar oscietre France de la Maison Masse. Vous appr\u00e9cierez sa belle longueur en bouche avec des notes de noisettes et de noix de cajou.\",\"breadcrumb\":{\"@id\":\"https:\/\/www.maison-masse.com\/produit\/caviar-oscietre-250g-france\/#breadcrumb\"},\"inLanguage\":\"en-US\",\"potentialAction\":[{\"@type\":\"ReadAction\",\"target\":[\"https:\/\/www.maison-masse.com\/produit\/caviar-oscietre-250g-france\/\"]}]},{\"@type\":\"ImageObject\",\"inLanguage\":\"en-US\",\"@id\":\"https:\/\/www.maison-masse.com\/produit\/caviar-oscietre-250g-france\/#primaryimage\",\"url\":\"https:\/\/www.maison-masse.com\/wp-content\/uploads\/2021\/06\/PDM0165-1-rotated-e1626858134525.bmp\",\"contentUrl\":\"https:\/\/www.maison-masse.com\/wp-content\/uploads\/2021\/06\/PDM0165-1-rotated-e1626858134525.bmp\",\"width\":1632,\"height\":1224,\"caption\":\"CAVIAR OSCIETRE 250G FRANCE\"},{\"@type\":\"BreadcrumbList\",\"@id\":\"https:\/\/www.maison-masse.com\/produit\/caviar-oscietre-250g-france\/#breadcrumb\",\"itemListElement\":[{\"@type\":\"ListItem\",\"position\":1,\"name\":\"Accueil\",\"item\":\"https:\/\/www.maison-masse.com\/en\/\"},{\"@type\":\"ListItem\",\"position\":2,\"name\":\"Boutique\",\"item\":\"https:\/\/www.maison-masse.com\/boutique\/\"},{\"@type\":\"ListItem\",\"position\":3,\"name\":\"CAVIAR OSCIETRE 250G FRANCE\"}]},{\"@type\":\"WebSite\",\"@id\":\"https:\/\/www.maison-masse.com\/en\/#website\",\"url\":\"https:\/\/www.maison-masse.com\/en\/\",\"name\":\"Maison Masse\",\"description\":\"La maison du foie gras depuis 1884\",\"publisher\":{\"@id\":\"https:\/\/www.maison-masse.com\/en\/#organization\"},\"potentialAction\":[{\"@type\":\"SearchAction\",\"target\":{\"@type\":\"EntryPoint\",\"urlTemplate\":\"https:\/\/www.maison-masse.com\/en\/?s={search_term_string}\"},\"query-input\":{\"@type\":\"PropertyValueSpecification\",\"valueRequired\":true,\"valueName\":\"search_term_string\"}}],\"inLanguage\":\"en-US\"},{\"@type\":\"Organization\",\"@id\":\"https:\/\/www.maison-masse.com\/en\/#organization\",\"name\":\"Maison Masse\",\"url\":\"https:\/\/www.maison-masse.com\/en\/\",\"logo\":{\"@type\":\"ImageObject\",\"inLanguage\":\"en-US\",\"@id\":\"https:\/\/www.maison-masse.com\/en\/#\/schema\/logo\/image\/\",\"url\":\"https:\/\/www.maison-masse.com\/wp-content\/uploads\/2021\/06\/favicon.png\",\"contentUrl\":\"https:\/\/www.maison-masse.com\/wp-content\/uploads\/2021\/06\/favicon.png\",\"width\":71,\"height\":72,\"caption\":\"Maison Masse\"},\"image\":{\"@id\":\"https:\/\/www.maison-masse.com\/en\/#\/schema\/logo\/image\/\"}}]}<\/script>\n<!-- \/ Yoast SEO Premium plugin. -->","yoast_head_json":{"title":"CAVIAR OSCIETRE FRANCE BOITE DE 250G - Maison Masse","description":"D\u00e9couvrez le caviar oscietre France de la Maison Masse. Vous appr\u00e9cierez sa belle longueur en bouche avec des notes de noisettes et de noix de cajou.","robots":{"index":"index","follow":"follow","max-snippet":"max-snippet:-1","max-image-preview":"max-image-preview:large","max-video-preview":"max-video-preview:-1"},"canonical":"https:\/\/www.maison-masse.com\/produit\/caviar-oscietre-250g-france\/","og_locale":"en_US","og_type":"article","og_title":"CAVIAR OSCIETRE FRANCE BOITE DE 250G","og_description":"D\u00e9couvrez le caviar oscietre France de la Maison Masse. Vous appr\u00e9cierez sa belle longueur en bouche avec des notes de noisettes et de noix de cajou.","og_url":"https:\/\/www.maison-masse.com\/produit\/caviar-oscietre-250g-france\/","og_site_name":"Maison Masse","article_modified_time":"2026-04-15T07:11:17+00:00","og_image":[{"width":246,"height":100,"url":"https:\/\/www.maison-masse.com\/wp-content\/uploads\/2021\/06\/logo-maisonmasse.png","type":"image\/png"}],"twitter_card":"summary_large_image","twitter_misc":{"Est. reading time":"2 minutes"},"schema":{"@context":"https:\/\/schema.org","@graph":[{"@type":"WebPage","@id":"https:\/\/www.maison-masse.com\/produit\/caviar-oscietre-250g-france\/","url":"https:\/\/www.maison-masse.com\/produit\/caviar-oscietre-250g-france\/","name":"CAVIAR OSCIETRE FRANCE BOITE DE 250G - Maison Masse","isPartOf":{"@id":"https:\/\/www.maison-masse.com\/en\/#website"},"primaryImageOfPage":{"@id":"https:\/\/www.maison-masse.com\/produit\/caviar-oscietre-250g-france\/#primaryimage"},"image":{"@id":"https:\/\/www.maison-masse.com\/produit\/caviar-oscietre-250g-france\/#primaryimage"},"thumbnailUrl":"https:\/\/www.maison-masse.com\/wp-content\/uploads\/2021\/06\/PDM0165-1-rotated-e1626858134525.bmp","datePublished":"2021-12-09T18:33:44+00:00","dateModified":"2026-04-15T07:11:17+00:00","description":"D\u00e9couvrez le caviar oscietre France de la Maison Masse. Vous appr\u00e9cierez sa belle longueur en bouche avec des notes de noisettes et de noix de cajou.","breadcrumb":{"@id":"https:\/\/www.maison-masse.com\/produit\/caviar-oscietre-250g-france\/#breadcrumb"},"inLanguage":"en-US","potentialAction":[{"@type":"ReadAction","target":["https:\/\/www.maison-masse.com\/produit\/caviar-oscietre-250g-france\/"]}]},{"@type":"ImageObject","inLanguage":"en-US","@id":"https:\/\/www.maison-masse.com\/produit\/caviar-oscietre-250g-france\/#primaryimage","url":"https:\/\/www.maison-masse.com\/wp-content\/uploads\/2021\/06\/PDM0165-1-rotated-e1626858134525.bmp","contentUrl":"https:\/\/www.maison-masse.com\/wp-content\/uploads\/2021\/06\/PDM0165-1-rotated-e1626858134525.bmp","width":1632,"height":1224,"caption":"CAVIAR OSCIETRE 250G FRANCE"},{"@type":"BreadcrumbList","@id":"https:\/\/www.maison-masse.com\/produit\/caviar-oscietre-250g-france\/#breadcrumb","itemListElement":[{"@type":"ListItem","position":1,"name":"Accueil","item":"https:\/\/www.maison-masse.com\/en\/"},{"@type":"ListItem","position":2,"name":"Boutique","item":"https:\/\/www.maison-masse.com\/boutique\/"},{"@type":"ListItem","position":3,"name":"CAVIAR OSCIETRE 250G FRANCE"}]},{"@type":"WebSite","@id":"https:\/\/www.maison-masse.com\/en\/#website","url":"https:\/\/www.maison-masse.com\/en\/","name":"Maison Masse","description":"La maison du foie gras depuis 1884","publisher":{"@id":"https:\/\/www.maison-masse.com\/en\/#organization"},"potentialAction":[{"@type":"SearchAction","target":{"@type":"EntryPoint","urlTemplate":"https:\/\/www.maison-masse.com\/en\/?s={search_term_string}"},"query-input":{"@type":"PropertyValueSpecification","valueRequired":true,"valueName":"search_term_string"}}],"inLanguage":"en-US"},{"@type":"Organization","@id":"https:\/\/www.maison-masse.com\/en\/#organization","name":"Maison Masse","url":"https:\/\/www.maison-masse.com\/en\/","logo":{"@type":"ImageObject","inLanguage":"en-US","@id":"https:\/\/www.maison-masse.com\/en\/#\/schema\/logo\/image\/","url":"https:\/\/www.maison-masse.com\/wp-content\/uploads\/2021\/06\/favicon.png","contentUrl":"https:\/\/www.maison-masse.com\/wp-content\/uploads\/2021\/06\/favicon.png","width":71,"height":72,"caption":"Maison Masse"},"image":{"@id":"https:\/\/www.maison-masse.com\/en\/#\/schema\/logo\/image\/"}}]}},"_links":{"self":[{"href":"https:\/\/www.maison-masse.com\/en\/wp-json\/wp\/v2\/product\/13064","targetHints":{"allow":["GET"]}}],"collection":[{"href":"https:\/\/www.maison-masse.com\/en\/wp-json\/wp\/v2\/product"}],"about":[{"href":"https:\/\/www.maison-masse.com\/en\/wp-json\/wp\/v2\/types\/product"}],"replies":[{"embeddable":true,"href":"https:\/\/www.maison-masse.com\/en\/wp-json\/wp\/v2\/comments?post=13064"}],"wp:featuredmedia":[{"embeddable":true,"href":"https:\/\/www.maison-masse.com\/en\/wp-json\/wp\/v2\/media\/8971"}],"wp:attachment":[{"href":"https:\/\/www.maison-masse.com\/en\/wp-json\/wp\/v2\/media?parent=13064"}],"wp:term":[{"taxonomy":"product_brand","embeddable":true,"href":"https:\/\/www.maison-masse.com\/en\/wp-json\/wp\/v2\/product_brand?post=13064"},{"taxonomy":"product_cat","embeddable":true,"href":"https:\/\/www.maison-masse.com\/en\/wp-json\/wp\/v2\/product_cat?post=13064"},{"taxonomy":"product_tag","embeddable":true,"href":"https:\/\/www.maison-masse.com\/en\/wp-json\/wp\/v2\/product_tag?post=13064"}],"curies":[{"name":"wp","href":"https:\/\/api.w.org\/{rel}","templated":true}]}}