{"id":12793,"date":"2023-03-31T08:41:14","date_gmt":"2023-03-31T06:41:14","guid":{"rendered":"https:\/\/www.maison-masse.com\/?post_type=product&#038;p=12793"},"modified":"2026-04-29T08:06:37","modified_gmt":"2026-04-29T06:06:37","slug":"vanille-bourbon-madagascar-5-gousses","status":"publish","type":"product","link":"https:\/\/www.maison-masse.com\/en\/produit\/vanille-bourbon-madagascar-5-gousses\/","title":{"rendered":"VANILLE BOURBON 5 GOUSSES"},"content":{"rendered":"<p>La vanille Bourbon 5 gousses de Madagascar :<\/p>\n<p>Afin de r\u00e9aliser des desserts au parfum de vanille, choisissez ces gousses. Comme l&#8217;indique son nom, la vanille Bourbon 5 gousses provient de l&#8217;\u00cele de Madagascar. Elles se pr\u00e9sentent sous une forme noires et brillantes, souples et collantes, cylindriques &lt;20cm. Elle r\u00e9v\u00e8leront une saveur intense et bois\u00e9e.<\/p>\n<p>Utilisez-les pour aromatiser vos cr\u00e8mes, p\u00e2tisseries et boissons, ou encore pour r\u00e9aliser vous-m\u00eame votre sucre vanill\u00e9.<\/p>\n<p>Planifolia : appel\u00e9e vanille Bourbon, elle contient un taux de vanilline plus important.<br \/>\nAppellation vanille Bourbon : label cr\u00e9e en 1964 pour diff\u00e9rencier la vanille Planifolia de l\u2019Oc\u00e9an Indien<br \/>\nCette vanille poss\u00e8de deux IGP : \u00ab vanille de Madagascar \u00bb et\u00ab vanille de l\u2019\u00eele de la R\u00e9union&#8221;<\/p>\n<p>Origine : Madagascar<br \/>\nElle contient 5 gousses par tube<\/p>\n<p>Comment choisir sa vanille ?<a href=\"https:\/\/www.maison-masse.com\/comment-choisir-sa-vanille\/\"> https:\/\/www.maison-masse.com\/comment-choisir-sa-vanille\/<\/a><\/p>\n<div class=\"woocommerce-tabs wc-tabs-wrapper full-width-tabs\" data-tab-style=\"fullwidth\">\n<div id=\"tab-description\" class=\"woocommerce-Tabs-panel woocommerce-Tabs-panel--description panel entry-content wc-tab\" role=\"tabpanel\" aria-labelledby=\"tab-title-description\">\n<p>Suivez-nous sur notre Instagram :\u00a0<a href=\"https:\/\/www.instagram.com\/maisonmasse\/\">https:\/\/www.instagram.com\/maisonmasse\/<\/a><\/p>\n<\/div>\n<\/div>\n","protected":false},"excerpt":{"rendered":"<p>La vanille Bourbon ( planifolia) contient un taux de vanilline plus important;<\/p>\n<p>Gousses noires et brillantes, souples et collantes, cylindriques &lt;20cm<br \/>\nSaveurs intense et bois\u00e9e, la vanille est source d&#8217;antioxydants.<\/p>\n","protected":false},"featured_media":20761,"comment_status":"open","ping_status":"closed","template":"","meta":{"_acf_changed":false,"wprm-recipe-roundup-name":"","wprm-recipe-roundup-description":""},"product_brand":[],"product_cat":[310,497],"product_tag":[2003,2002,2001,2004,2000],"class_list":{"0":"post-12793","1":"product","2":"type-product","3":"status-publish","4":"has-post-thumbnail","6":"product_cat-les-produits-qui-ont-du-peps","7":"product_cat-safran-vanille","8":"product_tag-bourbon","9":"product_tag-dessert","10":"product_tag-epices","11":"product_tag-madagascar","12":"product_tag-vanille","14":"first","15":"instock","16":"taxable","17":"shipping-taxable","18":"purchasable","19":"product-type-simple"},"acf":[],"yoast_head":"<!-- This site is optimized with the Yoast SEO Premium plugin v26.8 (Yoast SEO v26.8) - https:\/\/yoast.com\/product\/yoast-seo-premium-wordpress\/ -->\n<title>VANILLE BOURBON 5 GOUSSES - Maison Masse<\/title>\n<meta name=\"description\" content=\"La vanille bourbon 5 gousses de Madagascar est notre secret pour des desserts d\u00e9licieux. Savourez la diff\u00e9rence avec nos produits de qualit\u00e9 sup\u00e9rieure\" \/>\n<meta name=\"robots\" content=\"index, follow, max-snippet:-1, max-image-preview:large, max-video-preview:-1\" \/>\n<link rel=\"canonical\" href=\"https:\/\/www.maison-masse.com\/produit\/vanille-bourbon-madagascar-5-gousses\/\" \/>\n<meta property=\"og:locale\" content=\"en_US\" \/>\n<meta property=\"og:type\" content=\"article\" \/>\n<meta property=\"og:title\" content=\"VANILLE BOURBON 5 GOUSSES\" \/>\n<meta property=\"og:description\" content=\"La vanille bourbon 5 gousses de Madagascar est notre secret pour des desserts d\u00e9licieux. Savourez la diff\u00e9rence avec nos produits de qualit\u00e9 sup\u00e9rieure\" \/>\n<meta property=\"og:url\" content=\"https:\/\/www.maison-masse.com\/produit\/vanille-bourbon-madagascar-5-gousses\/\" \/>\n<meta property=\"og:site_name\" content=\"Maison Masse\" \/>\n<meta property=\"article:modified_time\" content=\"2026-04-29T06:06:37+00:00\" \/>\n<meta property=\"og:image\" content=\"https:\/\/www.maison-masse.com\/wp-content\/uploads\/2023\/03\/AID0686-5-gousse-vanille-madagascar.png\" \/>\n\t<meta property=\"og:image:width\" content=\"896\" \/>\n\t<meta property=\"og:image:height\" content=\"930\" \/>\n\t<meta property=\"og:image:type\" content=\"image\/png\" \/>\n<meta name=\"twitter:card\" content=\"summary_large_image\" \/>\n<meta name=\"twitter:label1\" content=\"Est. reading time\" \/>\n\t<meta name=\"twitter:data1\" content=\"1 minute\" \/>\n<script type=\"application\/ld+json\" class=\"yoast-schema-graph\">{\"@context\":\"https:\/\/schema.org\",\"@graph\":[{\"@type\":\"WebPage\",\"@id\":\"https:\/\/www.maison-masse.com\/produit\/vanille-bourbon-madagascar-5-gousses\/\",\"url\":\"https:\/\/www.maison-masse.com\/produit\/vanille-bourbon-madagascar-5-gousses\/\",\"name\":\"VANILLE BOURBON 5 GOUSSES - Maison Masse\",\"isPartOf\":{\"@id\":\"https:\/\/www.maison-masse.com\/en\/#website\"},\"primaryImageOfPage\":{\"@id\":\"https:\/\/www.maison-masse.com\/produit\/vanille-bourbon-madagascar-5-gousses\/#primaryimage\"},\"image\":{\"@id\":\"https:\/\/www.maison-masse.com\/produit\/vanille-bourbon-madagascar-5-gousses\/#primaryimage\"},\"thumbnailUrl\":\"https:\/\/www.maison-masse.com\/wp-content\/uploads\/2023\/03\/AID0686-5-gousse-vanille-madagascar.png\",\"datePublished\":\"2023-03-31T06:41:14+00:00\",\"dateModified\":\"2026-04-29T06:06:37+00:00\",\"description\":\"La vanille bourbon 5 gousses de Madagascar est notre secret pour des desserts d\u00e9licieux. Savourez la diff\u00e9rence avec nos produits de qualit\u00e9 sup\u00e9rieure\",\"breadcrumb\":{\"@id\":\"https:\/\/www.maison-masse.com\/produit\/vanille-bourbon-madagascar-5-gousses\/#breadcrumb\"},\"inLanguage\":\"en-US\",\"potentialAction\":[{\"@type\":\"ReadAction\",\"target\":[\"https:\/\/www.maison-masse.com\/produit\/vanille-bourbon-madagascar-5-gousses\/\"]}]},{\"@type\":\"ImageObject\",\"inLanguage\":\"en-US\",\"@id\":\"https:\/\/www.maison-masse.com\/produit\/vanille-bourbon-madagascar-5-gousses\/#primaryimage\",\"url\":\"https:\/\/www.maison-masse.com\/wp-content\/uploads\/2023\/03\/AID0686-5-gousse-vanille-madagascar.png\",\"contentUrl\":\"https:\/\/www.maison-masse.com\/wp-content\/uploads\/2023\/03\/AID0686-5-gousse-vanille-madagascar.png\",\"width\":896,\"height\":930,\"caption\":\"\\\"5 gousses de vanille Bourbon de Madagascar dans un tube en verre\\\"\"},{\"@type\":\"BreadcrumbList\",\"@id\":\"https:\/\/www.maison-masse.com\/produit\/vanille-bourbon-madagascar-5-gousses\/#breadcrumb\",\"itemListElement\":[{\"@type\":\"ListItem\",\"position\":1,\"name\":\"Accueil\",\"item\":\"https:\/\/www.maison-masse.com\/en\/\"},{\"@type\":\"ListItem\",\"position\":2,\"name\":\"Boutique\",\"item\":\"https:\/\/www.maison-masse.com\/boutique\/\"},{\"@type\":\"ListItem\",\"position\":3,\"name\":\"VANILLE BOURBON 5 GOUSSES\"}]},{\"@type\":\"WebSite\",\"@id\":\"https:\/\/www.maison-masse.com\/en\/#website\",\"url\":\"https:\/\/www.maison-masse.com\/en\/\",\"name\":\"Maison Masse\",\"description\":\"La maison du foie gras depuis 1884\",\"publisher\":{\"@id\":\"https:\/\/www.maison-masse.com\/en\/#organization\"},\"potentialAction\":[{\"@type\":\"SearchAction\",\"target\":{\"@type\":\"EntryPoint\",\"urlTemplate\":\"https:\/\/www.maison-masse.com\/en\/?s={search_term_string}\"},\"query-input\":{\"@type\":\"PropertyValueSpecification\",\"valueRequired\":true,\"valueName\":\"search_term_string\"}}],\"inLanguage\":\"en-US\"},{\"@type\":\"Organization\",\"@id\":\"https:\/\/www.maison-masse.com\/en\/#organization\",\"name\":\"Maison Masse\",\"url\":\"https:\/\/www.maison-masse.com\/en\/\",\"logo\":{\"@type\":\"ImageObject\",\"inLanguage\":\"en-US\",\"@id\":\"https:\/\/www.maison-masse.com\/en\/#\/schema\/logo\/image\/\",\"url\":\"https:\/\/www.maison-masse.com\/wp-content\/uploads\/2021\/06\/favicon.png\",\"contentUrl\":\"https:\/\/www.maison-masse.com\/wp-content\/uploads\/2021\/06\/favicon.png\",\"width\":71,\"height\":72,\"caption\":\"Maison Masse\"},\"image\":{\"@id\":\"https:\/\/www.maison-masse.com\/en\/#\/schema\/logo\/image\/\"}}]}<\/script>\n<!-- \/ Yoast SEO Premium plugin. -->","yoast_head_json":{"title":"VANILLE BOURBON 5 GOUSSES - Maison Masse","description":"La vanille bourbon 5 gousses de Madagascar est notre secret pour des desserts d\u00e9licieux. Savourez la diff\u00e9rence avec nos produits de qualit\u00e9 sup\u00e9rieure","robots":{"index":"index","follow":"follow","max-snippet":"max-snippet:-1","max-image-preview":"max-image-preview:large","max-video-preview":"max-video-preview:-1"},"canonical":"https:\/\/www.maison-masse.com\/produit\/vanille-bourbon-madagascar-5-gousses\/","og_locale":"en_US","og_type":"article","og_title":"VANILLE BOURBON 5 GOUSSES","og_description":"La vanille bourbon 5 gousses de Madagascar est notre secret pour des desserts d\u00e9licieux. Savourez la diff\u00e9rence avec nos produits de qualit\u00e9 sup\u00e9rieure","og_url":"https:\/\/www.maison-masse.com\/produit\/vanille-bourbon-madagascar-5-gousses\/","og_site_name":"Maison Masse","article_modified_time":"2026-04-29T06:06:37+00:00","og_image":[{"width":896,"height":930,"url":"https:\/\/www.maison-masse.com\/wp-content\/uploads\/2023\/03\/AID0686-5-gousse-vanille-madagascar.png","type":"image\/png"}],"twitter_card":"summary_large_image","twitter_misc":{"Est. reading time":"1 minute"},"schema":{"@context":"https:\/\/schema.org","@graph":[{"@type":"WebPage","@id":"https:\/\/www.maison-masse.com\/produit\/vanille-bourbon-madagascar-5-gousses\/","url":"https:\/\/www.maison-masse.com\/produit\/vanille-bourbon-madagascar-5-gousses\/","name":"VANILLE BOURBON 5 GOUSSES - Maison Masse","isPartOf":{"@id":"https:\/\/www.maison-masse.com\/en\/#website"},"primaryImageOfPage":{"@id":"https:\/\/www.maison-masse.com\/produit\/vanille-bourbon-madagascar-5-gousses\/#primaryimage"},"image":{"@id":"https:\/\/www.maison-masse.com\/produit\/vanille-bourbon-madagascar-5-gousses\/#primaryimage"},"thumbnailUrl":"https:\/\/www.maison-masse.com\/wp-content\/uploads\/2023\/03\/AID0686-5-gousse-vanille-madagascar.png","datePublished":"2023-03-31T06:41:14+00:00","dateModified":"2026-04-29T06:06:37+00:00","description":"La vanille bourbon 5 gousses de Madagascar est notre secret pour des desserts d\u00e9licieux. Savourez la diff\u00e9rence avec nos produits de qualit\u00e9 sup\u00e9rieure","breadcrumb":{"@id":"https:\/\/www.maison-masse.com\/produit\/vanille-bourbon-madagascar-5-gousses\/#breadcrumb"},"inLanguage":"en-US","potentialAction":[{"@type":"ReadAction","target":["https:\/\/www.maison-masse.com\/produit\/vanille-bourbon-madagascar-5-gousses\/"]}]},{"@type":"ImageObject","inLanguage":"en-US","@id":"https:\/\/www.maison-masse.com\/produit\/vanille-bourbon-madagascar-5-gousses\/#primaryimage","url":"https:\/\/www.maison-masse.com\/wp-content\/uploads\/2023\/03\/AID0686-5-gousse-vanille-madagascar.png","contentUrl":"https:\/\/www.maison-masse.com\/wp-content\/uploads\/2023\/03\/AID0686-5-gousse-vanille-madagascar.png","width":896,"height":930,"caption":"\"5 gousses de vanille Bourbon de Madagascar dans un tube en verre\""},{"@type":"BreadcrumbList","@id":"https:\/\/www.maison-masse.com\/produit\/vanille-bourbon-madagascar-5-gousses\/#breadcrumb","itemListElement":[{"@type":"ListItem","position":1,"name":"Accueil","item":"https:\/\/www.maison-masse.com\/en\/"},{"@type":"ListItem","position":2,"name":"Boutique","item":"https:\/\/www.maison-masse.com\/boutique\/"},{"@type":"ListItem","position":3,"name":"VANILLE BOURBON 5 GOUSSES"}]},{"@type":"WebSite","@id":"https:\/\/www.maison-masse.com\/en\/#website","url":"https:\/\/www.maison-masse.com\/en\/","name":"Maison Masse","description":"La maison du foie gras depuis 1884","publisher":{"@id":"https:\/\/www.maison-masse.com\/en\/#organization"},"potentialAction":[{"@type":"SearchAction","target":{"@type":"EntryPoint","urlTemplate":"https:\/\/www.maison-masse.com\/en\/?s={search_term_string}"},"query-input":{"@type":"PropertyValueSpecification","valueRequired":true,"valueName":"search_term_string"}}],"inLanguage":"en-US"},{"@type":"Organization","@id":"https:\/\/www.maison-masse.com\/en\/#organization","name":"Maison Masse","url":"https:\/\/www.maison-masse.com\/en\/","logo":{"@type":"ImageObject","inLanguage":"en-US","@id":"https:\/\/www.maison-masse.com\/en\/#\/schema\/logo\/image\/","url":"https:\/\/www.maison-masse.com\/wp-content\/uploads\/2021\/06\/favicon.png","contentUrl":"https:\/\/www.maison-masse.com\/wp-content\/uploads\/2021\/06\/favicon.png","width":71,"height":72,"caption":"Maison Masse"},"image":{"@id":"https:\/\/www.maison-masse.com\/en\/#\/schema\/logo\/image\/"}}]}},"_links":{"self":[{"href":"https:\/\/www.maison-masse.com\/en\/wp-json\/wp\/v2\/product\/12793","targetHints":{"allow":["GET"]}}],"collection":[{"href":"https:\/\/www.maison-masse.com\/en\/wp-json\/wp\/v2\/product"}],"about":[{"href":"https:\/\/www.maison-masse.com\/en\/wp-json\/wp\/v2\/types\/product"}],"replies":[{"embeddable":true,"href":"https:\/\/www.maison-masse.com\/en\/wp-json\/wp\/v2\/comments?post=12793"}],"wp:featuredmedia":[{"embeddable":true,"href":"https:\/\/www.maison-masse.com\/en\/wp-json\/wp\/v2\/media\/20761"}],"wp:attachment":[{"href":"https:\/\/www.maison-masse.com\/en\/wp-json\/wp\/v2\/media?parent=12793"}],"wp:term":[{"taxonomy":"product_brand","embeddable":true,"href":"https:\/\/www.maison-masse.com\/en\/wp-json\/wp\/v2\/product_brand?post=12793"},{"taxonomy":"product_cat","embeddable":true,"href":"https:\/\/www.maison-masse.com\/en\/wp-json\/wp\/v2\/product_cat?post=12793"},{"taxonomy":"product_tag","embeddable":true,"href":"https:\/\/www.maison-masse.com\/en\/wp-json\/wp\/v2\/product_tag?post=12793"}],"curies":[{"name":"wp","href":"https:\/\/api.w.org\/{rel}","templated":true}]}}