{"id":12439,"date":"2025-08-05T09:01:50","date_gmt":"2025-08-05T07:01:50","guid":{"rendered":"https:\/\/www.maison-masse.com\/?post_type=product&#038;p=12439"},"modified":"2026-04-15T09:10:51","modified_gmt":"2026-04-15T07:10:51","slug":"tarama-tobiko-wasabi-verri-90g","status":"publish","type":"product","link":"https:\/\/www.maison-masse.com\/en\/produit\/tarama-tobiko-wasabi-verri-90g\/","title":{"rendered":"TARAMA TOBIKO AU WASABI VERRINE DE 90G"},"content":{"rendered":"<div class=\"col-md-7 cont-left\">\n<section id=\"content\" class=\"page-content--product\">\n<div class=\"product-additional-info js-product-additional-info\">Tarama Tobiko au wasabi<\/div>\n<\/section>\n<\/div>\n<p>Conseils de d\u00e9gustation : D\u00e9posez le tarama tobiko wasabi sur un toast de pain, un blini chaud ou un pain pita et accompagnez, selon votre gout d&#8217;un peu de citron, de cr\u00e8me fraiche ou de ciboulette hach\u00e9e.<\/p>\n<section class=\"product-accessories\"><\/section>\n<div class=\"row product-footer\">\n<div class=\"elementor elementor-10020101\" data-elementor-type=\"content\" data-elementor-id=\"10020101\">\n<div class=\"elementor-section-wrap\">\n<section class=\"elementor-element elementor-element-ztwfhod product-block degustation block-flip-flop elementor-section-boxed elementor-section-height-default elementor-section-height-default elementor-section elementor-top-section\" data-id=\"ztwfhod\" data-element_type=\"section\">\n<div class=\"elementor-container elementor-column-gap-default\">\n<div class=\"elementor-row\">\n<div class=\"elementor-element elementor-element-hvnuddq elementor-column elementor-col-100 elementor-top-column\" data-id=\"hvnuddq\" data-element_type=\"column\">\n<div class=\"elementor-column-wrap elementor-element-populated\">\n<div class=\"elementor-widget-wrap\">\n<div class=\"elementor-element elementor-element-ccavpjm elementor-widget elementor-widget-text-editor active\" data-id=\"ccavpjm\" data-element_type=\"widget\" data-widget_type=\"text-editor.default\">\n<div class=\"elementor-widget-container\">\n<div class=\"elementor-text-editor elementor-clearfix\">\n<p>Ingr\u00e9dients : Huile de colza, oeufs de cabillaud fum\u00e9s et sal\u00e9s 27% (<strong>\u0153ufs de cabillaud<\/strong>\u00a025%, sel), eau, pr\u00e9paration \u00e0 base d&#8217;oeufs de poisson volant 9% [<strong>\u0153uf de poisson volant<\/strong>\u00a07,2%, sucre, sel, ar\u00f4me wasabi 0,13%, extrait de\u00a0<strong>bonite<\/strong>\u00a0fum\u00e9e, mirin (sirop de glucose, eau, vinaigre d\u2019alcool, alcool de riz ferment\u00e9 (eau, alcool de riz, sel, malt de riz), sucre, acidifiant : acide citrique, m\u00e9lasse de canne \u00e0 sucre), vinaigre de riz japonais (vinaigre de riz, sel), ar\u00f4me \u00e9rable, colorant E141], chapelure (farine de\u00a0<strong>bl\u00e9<\/strong>, eau, sel, levure), ar\u00f4me wasabi 1%, jus de citron concentr\u00e9, conservateur : E211.<\/p>\n<\/div>\n<\/div>\n<\/div>\n<\/div>\n<\/div>\n<\/div>\n<\/div>\n<\/div>\n<\/section>\n<\/div>\n<\/div>\n<\/div>\n<div class=\"elementor-section elementor-element elementor-element-ivouqjq elementor-top-section elementor-section-boxed elementor-section-height-default elementor-section-height-default product-block degustation block-flip-flop\" data-element_type=\"section\">\n<div class=\"elementor-container elementor-column-gap-default\">\n<div class=\"elementor-row\">\n<div class=\"elementor-column elementor-element elementor-element-cnyctef elementor-col-100 elementor-top-column\" data-element_type=\"column\">\n<div class=\"elementor-column-wrap elementor-element-populated\">\n<div class=\"elementor-widget-wrap\">\n<div class=\"elementor-widget elementor-element elementor-element-grlzfmc elementor-widget-text-editor active\" data-element_type=\"text-editor.default\">\n<div class=\"elementor-widget-container\">\n<div class=\"elementor-text-editor elementor-clearfix rte-content\">\n<p>Conservation : entre 0\u00b0C et +4\u00b0C, \u00e0 consommer 48 h apr\u00e8s ouverture.<\/p>\n<p>DLC : environ 20 jours.<\/p>\n<\/div>\n<\/div>\n<\/div>\n<\/div>\n<\/div>\n<\/div>\n<\/div>\n<\/div>\n<\/div>\n<div class=\"elementor-section elementor-element elementor-element-da74gbq elementor-top-section elementor-section-boxed elementor-section-height-default elementor-section-height-default product-block degustation block-flip-flop\" data-element_type=\"section\">\n<div class=\"elementor-container elementor-column-gap-default\">\n<div class=\"elementor-row\">\n<div class=\"elementor-column elementor-element elementor-element-dikq9eq elementor-col-100 elementor-top-column\" data-element_type=\"column\">\n<div class=\"elementor-column-wrap elementor-element-populated\">\n<div class=\"elementor-widget-wrap\">\n<div class=\"elementor-widget elementor-element elementor-element-ducf47l elementor-widget-heading\" data-element_type=\"heading.default\">\n<div class=\"elementor-widget-container\">\n<div class=\"elementor-section elementor-element elementor-element-ncrhprq elementor-top-section elementor-section-boxed elementor-section-height-default elementor-section-height-default product-block degustation block-flip-flop\" data-element_type=\"section\">\n<div class=\"elementor-container elementor-column-gap-default\">\n<div class=\"elementor-row\">\n<div class=\"elementor-column elementor-element elementor-element-codnoca elementor-col-100 elementor-top-column\" data-element_type=\"column\">\n<div class=\"elementor-column-wrap elementor-element-populated\">\n<div class=\"elementor-widget-wrap\">\n<div class=\"elementor-widget elementor-element elementor-element-mvxpihw elementor-widget-heading\" data-element_type=\"heading.default\">\n<div class=\"elementor-widget-container\">\n<p>Allerg\u00e8nes : poisson, gluten. Ce produit peut contenir des traces de crustac\u00e9s.<\/p>\n<\/div>\n<p>La gamme Le Comptoir du Caviar :<\/p>\n<p>Le Comptoir du Caviar s\u00e9lectionne depuis plus de 30 ans son caviar dans les meilleures fermes du monde. Il fabrique son tarama pour les professionnels de la restauration. Suivant une philosophie engag\u00e9e, la marque est soucieuse de l&#8217;environnement, du respect et de la p\u00e9rennit\u00e9 des diff\u00e9rentes esp\u00e8ces d\u2019esturgeons. Son savoir-faire, son expertise et son exp\u00e9rience permettent de garantir le meilleur traitement apport\u00e9 aux \u0153ufs de poissons lors de leur conditionnement en s\u00e9lectionnant les grains et \u00e9vitant toute oxydation et alt\u00e9ration du produit.<\/p>\n<p><a href=\"https:\/\/www.maison-masse.com\/categorie-produit\/015-saumon-caviar-oeufs-de-poisson\/autres-produits-de-la-mer-015-saumon-caviar-oeufs-de-poisson\/\">D\u00e9couvrez les autres taramas de la Maison Masse\u00a0<\/a><\/p>\n<p>Suivez-nous sur notre Instagram :\u00a0<a href=\"https:\/\/www.instagram.com\/maisonmasse\/\">https:\/\/www.instagram.com\/maisonmasse\/<\/a><\/p>\n<\/div>\n<\/div>\n<\/div>\n<\/div>\n<\/div>\n<\/div>\n<\/div>\n<\/div>\n<\/div>\n<\/div>\n<\/div>\n<\/div>\n<\/div>\n<\/div>\n<\/div>\n","protected":false},"excerpt":{"rendered":"<p>D\u00e9couvrez un tarama fondant au cabillaud fum\u00e9 relev\u00e9 de perles de tobiko au wasabi. Une touche japonaise d\u00e9licate et raffin\u00e9e \u00e0 l\u2019ap\u00e9ritif.<\/p>\n","protected":false},"featured_media":28896,"comment_status":"open","ping_status":"closed","template":"","meta":{"_acf_changed":false,"wprm-recipe-roundup-name":"","wprm-recipe-roundup-description":""},"product_brand":[],"product_cat":[535,325],"product_tag":[1079,1078,3157],"class_list":{"0":"post-12439","1":"product","2":"type-product","3":"status-publish","4":"has-post-thumbnail","6":"product_cat-autres-produits-de-la-mer-015-saumon-caviar-oeufs-de-poisson","7":"product_cat-les-produits-de-la-mer","8":"product_tag-le-comptoir-du-caviar","9":"product_tag-tarama","10":"product_tag-tarama-wasabi","12":"first","13":"instock","14":"taxable","15":"shipping-taxable","16":"purchasable","17":"product-type-simple"},"acf":[],"yoast_head":"<!-- This site is optimized with the Yoast SEO Premium plugin v26.8 (Yoast SEO v26.8) - https:\/\/yoast.com\/product\/yoast-seo-premium-wordpress\/ -->\n<title>TARAMA TOBIKO AU WASABI VERRINE DE 90G - Maison Masse<\/title>\n<meta name=\"description\" content=\"D\u00e9couvrez un tarama fondant au cabillaud fum\u00e9 relev\u00e9 de perles de tobiko au wasabi. Une touche japonaise d\u00e9licate et raffin\u00e9e \u00e0 l\u2019ap\u00e9ritif.\" \/>\n<meta name=\"robots\" content=\"index, follow, max-snippet:-1, max-image-preview:large, max-video-preview:-1\" \/>\n<link rel=\"canonical\" href=\"https:\/\/www.maison-masse.com\/produit\/tarama-tobiko-wasabi-verri-90g\/\" \/>\n<meta property=\"og:locale\" content=\"en_US\" \/>\n<meta property=\"og:type\" content=\"article\" \/>\n<meta property=\"og:title\" content=\"TARAMA TOBIKO AU WASABI VERRINE DE 90G\" \/>\n<meta property=\"og:description\" content=\"D\u00e9couvrez un tarama fondant au cabillaud fum\u00e9 relev\u00e9 de perles de tobiko au wasabi. Une touche japonaise d\u00e9licate et raffin\u00e9e \u00e0 l\u2019ap\u00e9ritif.\" \/>\n<meta property=\"og:url\" content=\"https:\/\/www.maison-masse.com\/produit\/tarama-tobiko-wasabi-verri-90g\/\" \/>\n<meta property=\"og:site_name\" content=\"Maison Masse\" \/>\n<meta property=\"article:modified_time\" content=\"2026-04-15T07:10:51+00:00\" \/>\n<meta property=\"og:image\" content=\"https:\/\/www.maison-masse.com\/wp-content\/uploads\/2025\/08\/3.png\" \/>\n\t<meta property=\"og:image:width\" content=\"500\" \/>\n\t<meta property=\"og:image:height\" content=\"500\" \/>\n\t<meta property=\"og:image:type\" content=\"image\/png\" \/>\n<meta name=\"twitter:card\" content=\"summary_large_image\" \/>\n<meta name=\"twitter:label1\" content=\"Est. reading time\" \/>\n\t<meta name=\"twitter:data1\" content=\"2 minutes\" \/>\n<script type=\"application\/ld+json\" class=\"yoast-schema-graph\">{\"@context\":\"https:\/\/schema.org\",\"@graph\":[{\"@type\":\"WebPage\",\"@id\":\"https:\/\/www.maison-masse.com\/produit\/tarama-tobiko-wasabi-verri-90g\/\",\"url\":\"https:\/\/www.maison-masse.com\/produit\/tarama-tobiko-wasabi-verri-90g\/\",\"name\":\"TARAMA TOBIKO AU WASABI VERRINE DE 90G - Maison Masse\",\"isPartOf\":{\"@id\":\"https:\/\/www.maison-masse.com\/en\/#website\"},\"primaryImageOfPage\":{\"@id\":\"https:\/\/www.maison-masse.com\/produit\/tarama-tobiko-wasabi-verri-90g\/#primaryimage\"},\"image\":{\"@id\":\"https:\/\/www.maison-masse.com\/produit\/tarama-tobiko-wasabi-verri-90g\/#primaryimage\"},\"thumbnailUrl\":\"https:\/\/www.maison-masse.com\/wp-content\/uploads\/2025\/08\/3.png\",\"datePublished\":\"2025-08-05T07:01:50+00:00\",\"dateModified\":\"2026-04-15T07:10:51+00:00\",\"description\":\"D\u00e9couvrez un tarama fondant au cabillaud fum\u00e9 relev\u00e9 de perles de tobiko au wasabi. Une touche japonaise d\u00e9licate et raffin\u00e9e \u00e0 l\u2019ap\u00e9ritif.\",\"breadcrumb\":{\"@id\":\"https:\/\/www.maison-masse.com\/produit\/tarama-tobiko-wasabi-verri-90g\/#breadcrumb\"},\"inLanguage\":\"en-US\",\"potentialAction\":[{\"@type\":\"ReadAction\",\"target\":[\"https:\/\/www.maison-masse.com\/produit\/tarama-tobiko-wasabi-verri-90g\/\"]}]},{\"@type\":\"ImageObject\",\"inLanguage\":\"en-US\",\"@id\":\"https:\/\/www.maison-masse.com\/produit\/tarama-tobiko-wasabi-verri-90g\/#primaryimage\",\"url\":\"https:\/\/www.maison-masse.com\/wp-content\/uploads\/2025\/08\/3.png\",\"contentUrl\":\"https:\/\/www.maison-masse.com\/wp-content\/uploads\/2025\/08\/3.png\",\"width\":500,\"height\":500,\"caption\":\"Tarama\"},{\"@type\":\"BreadcrumbList\",\"@id\":\"https:\/\/www.maison-masse.com\/produit\/tarama-tobiko-wasabi-verri-90g\/#breadcrumb\",\"itemListElement\":[{\"@type\":\"ListItem\",\"position\":1,\"name\":\"Accueil\",\"item\":\"https:\/\/www.maison-masse.com\/en\/\"},{\"@type\":\"ListItem\",\"position\":2,\"name\":\"Boutique\",\"item\":\"https:\/\/www.maison-masse.com\/boutique\/\"},{\"@type\":\"ListItem\",\"position\":3,\"name\":\"TARAMA TOBIKO AU WASABI VERRINE DE 90G\"}]},{\"@type\":\"WebSite\",\"@id\":\"https:\/\/www.maison-masse.com\/en\/#website\",\"url\":\"https:\/\/www.maison-masse.com\/en\/\",\"name\":\"Maison Masse\",\"description\":\"La maison du foie gras depuis 1884\",\"publisher\":{\"@id\":\"https:\/\/www.maison-masse.com\/en\/#organization\"},\"potentialAction\":[{\"@type\":\"SearchAction\",\"target\":{\"@type\":\"EntryPoint\",\"urlTemplate\":\"https:\/\/www.maison-masse.com\/en\/?s={search_term_string}\"},\"query-input\":{\"@type\":\"PropertyValueSpecification\",\"valueRequired\":true,\"valueName\":\"search_term_string\"}}],\"inLanguage\":\"en-US\"},{\"@type\":\"Organization\",\"@id\":\"https:\/\/www.maison-masse.com\/en\/#organization\",\"name\":\"Maison Masse\",\"url\":\"https:\/\/www.maison-masse.com\/en\/\",\"logo\":{\"@type\":\"ImageObject\",\"inLanguage\":\"en-US\",\"@id\":\"https:\/\/www.maison-masse.com\/en\/#\/schema\/logo\/image\/\",\"url\":\"https:\/\/www.maison-masse.com\/wp-content\/uploads\/2021\/06\/favicon.png\",\"contentUrl\":\"https:\/\/www.maison-masse.com\/wp-content\/uploads\/2021\/06\/favicon.png\",\"width\":71,\"height\":72,\"caption\":\"Maison Masse\"},\"image\":{\"@id\":\"https:\/\/www.maison-masse.com\/en\/#\/schema\/logo\/image\/\"}}]}<\/script>\n<!-- \/ Yoast SEO Premium plugin. -->","yoast_head_json":{"title":"TARAMA TOBIKO AU WASABI VERRINE DE 90G - Maison Masse","description":"D\u00e9couvrez un tarama fondant au cabillaud fum\u00e9 relev\u00e9 de perles de tobiko au wasabi. Une touche japonaise d\u00e9licate et raffin\u00e9e \u00e0 l\u2019ap\u00e9ritif.","robots":{"index":"index","follow":"follow","max-snippet":"max-snippet:-1","max-image-preview":"max-image-preview:large","max-video-preview":"max-video-preview:-1"},"canonical":"https:\/\/www.maison-masse.com\/produit\/tarama-tobiko-wasabi-verri-90g\/","og_locale":"en_US","og_type":"article","og_title":"TARAMA TOBIKO AU WASABI VERRINE DE 90G","og_description":"D\u00e9couvrez un tarama fondant au cabillaud fum\u00e9 relev\u00e9 de perles de tobiko au wasabi. Une touche japonaise d\u00e9licate et raffin\u00e9e \u00e0 l\u2019ap\u00e9ritif.","og_url":"https:\/\/www.maison-masse.com\/produit\/tarama-tobiko-wasabi-verri-90g\/","og_site_name":"Maison Masse","article_modified_time":"2026-04-15T07:10:51+00:00","og_image":[{"width":500,"height":500,"url":"https:\/\/www.maison-masse.com\/wp-content\/uploads\/2025\/08\/3.png","type":"image\/png"}],"twitter_card":"summary_large_image","twitter_misc":{"Est. reading time":"2 minutes"},"schema":{"@context":"https:\/\/schema.org","@graph":[{"@type":"WebPage","@id":"https:\/\/www.maison-masse.com\/produit\/tarama-tobiko-wasabi-verri-90g\/","url":"https:\/\/www.maison-masse.com\/produit\/tarama-tobiko-wasabi-verri-90g\/","name":"TARAMA TOBIKO AU WASABI VERRINE DE 90G - Maison Masse","isPartOf":{"@id":"https:\/\/www.maison-masse.com\/en\/#website"},"primaryImageOfPage":{"@id":"https:\/\/www.maison-masse.com\/produit\/tarama-tobiko-wasabi-verri-90g\/#primaryimage"},"image":{"@id":"https:\/\/www.maison-masse.com\/produit\/tarama-tobiko-wasabi-verri-90g\/#primaryimage"},"thumbnailUrl":"https:\/\/www.maison-masse.com\/wp-content\/uploads\/2025\/08\/3.png","datePublished":"2025-08-05T07:01:50+00:00","dateModified":"2026-04-15T07:10:51+00:00","description":"D\u00e9couvrez un tarama fondant au cabillaud fum\u00e9 relev\u00e9 de perles de tobiko au wasabi. Une touche japonaise d\u00e9licate et raffin\u00e9e \u00e0 l\u2019ap\u00e9ritif.","breadcrumb":{"@id":"https:\/\/www.maison-masse.com\/produit\/tarama-tobiko-wasabi-verri-90g\/#breadcrumb"},"inLanguage":"en-US","potentialAction":[{"@type":"ReadAction","target":["https:\/\/www.maison-masse.com\/produit\/tarama-tobiko-wasabi-verri-90g\/"]}]},{"@type":"ImageObject","inLanguage":"en-US","@id":"https:\/\/www.maison-masse.com\/produit\/tarama-tobiko-wasabi-verri-90g\/#primaryimage","url":"https:\/\/www.maison-masse.com\/wp-content\/uploads\/2025\/08\/3.png","contentUrl":"https:\/\/www.maison-masse.com\/wp-content\/uploads\/2025\/08\/3.png","width":500,"height":500,"caption":"Tarama"},{"@type":"BreadcrumbList","@id":"https:\/\/www.maison-masse.com\/produit\/tarama-tobiko-wasabi-verri-90g\/#breadcrumb","itemListElement":[{"@type":"ListItem","position":1,"name":"Accueil","item":"https:\/\/www.maison-masse.com\/en\/"},{"@type":"ListItem","position":2,"name":"Boutique","item":"https:\/\/www.maison-masse.com\/boutique\/"},{"@type":"ListItem","position":3,"name":"TARAMA TOBIKO AU WASABI VERRINE DE 90G"}]},{"@type":"WebSite","@id":"https:\/\/www.maison-masse.com\/en\/#website","url":"https:\/\/www.maison-masse.com\/en\/","name":"Maison Masse","description":"La maison du foie gras depuis 1884","publisher":{"@id":"https:\/\/www.maison-masse.com\/en\/#organization"},"potentialAction":[{"@type":"SearchAction","target":{"@type":"EntryPoint","urlTemplate":"https:\/\/www.maison-masse.com\/en\/?s={search_term_string}"},"query-input":{"@type":"PropertyValueSpecification","valueRequired":true,"valueName":"search_term_string"}}],"inLanguage":"en-US"},{"@type":"Organization","@id":"https:\/\/www.maison-masse.com\/en\/#organization","name":"Maison Masse","url":"https:\/\/www.maison-masse.com\/en\/","logo":{"@type":"ImageObject","inLanguage":"en-US","@id":"https:\/\/www.maison-masse.com\/en\/#\/schema\/logo\/image\/","url":"https:\/\/www.maison-masse.com\/wp-content\/uploads\/2021\/06\/favicon.png","contentUrl":"https:\/\/www.maison-masse.com\/wp-content\/uploads\/2021\/06\/favicon.png","width":71,"height":72,"caption":"Maison Masse"},"image":{"@id":"https:\/\/www.maison-masse.com\/en\/#\/schema\/logo\/image\/"}}]}},"_links":{"self":[{"href":"https:\/\/www.maison-masse.com\/en\/wp-json\/wp\/v2\/product\/12439","targetHints":{"allow":["GET"]}}],"collection":[{"href":"https:\/\/www.maison-masse.com\/en\/wp-json\/wp\/v2\/product"}],"about":[{"href":"https:\/\/www.maison-masse.com\/en\/wp-json\/wp\/v2\/types\/product"}],"replies":[{"embeddable":true,"href":"https:\/\/www.maison-masse.com\/en\/wp-json\/wp\/v2\/comments?post=12439"}],"wp:featuredmedia":[{"embeddable":true,"href":"https:\/\/www.maison-masse.com\/en\/wp-json\/wp\/v2\/media\/28896"}],"wp:attachment":[{"href":"https:\/\/www.maison-masse.com\/en\/wp-json\/wp\/v2\/media?parent=12439"}],"wp:term":[{"taxonomy":"product_brand","embeddable":true,"href":"https:\/\/www.maison-masse.com\/en\/wp-json\/wp\/v2\/product_brand?post=12439"},{"taxonomy":"product_cat","embeddable":true,"href":"https:\/\/www.maison-masse.com\/en\/wp-json\/wp\/v2\/product_cat?post=12439"},{"taxonomy":"product_tag","embeddable":true,"href":"https:\/\/www.maison-masse.com\/en\/wp-json\/wp\/v2\/product_tag?post=12439"}],"curies":[{"name":"wp","href":"https:\/\/api.w.org\/{rel}","templated":true}]}}